{"id":9626,"date":"2024-09-15T19:23:34","date_gmt":"2024-09-15T17:23:34","guid":{"rendered":"https:\/\/amitt2.top-me.eu\/?page_id=9626"},"modified":"2024-09-15T19:24:46","modified_gmt":"2024-09-15T17:24:46","slug":"mvb-converters","status":"publish","type":"page","link":"https:\/\/amit-transportation.com\/en\/mvb-converters\/","title":{"rendered":"MVB converters"},"content":{"rendered":"\t\t<div data-elementor-type=\"wp-page\" data-elementor-id=\"9626\" class=\"elementor elementor-9626\" data-elementor-post-type=\"page\">\n\t\t\t\t<div class=\"elementor-element elementor-element-9ab73e2 e-flex e-con-boxed e-con e-parent\" data-id=\"9ab73e2\" data-element_type=\"container\">\n\t\t\t\t\t<div class=\"e-con-inner\">\n\t\t<div class=\"elementor-element elementor-element-ee08723 e-con-full e-flex e-con e-child\" data-id=\"ee08723\" data-element_type=\"container\">\n\t\t\t\t<div class=\"elementor-element elementor-element-e5578d3 elementor-widget elementor-widget-text-editor\" data-id=\"e5578d3\" data-element_type=\"widget\" data-widget_type=\"text-editor.default\">\n\t\t\t\t<div class=\"elementor-widget-container\">\n\t\t\t\t\t\t\t\t\t<p>MVB converters facilitate the conversion of various communication lines to the MVB line. Converters can be used to connect units with communication lines such as Ethernet or CAN to the MVB line. The conversion of communication is handled in both directions.<\/p>\t\t\t\t\t\t\t\t<\/div>\n\t\t\t\t<\/div>\n\t\t\t\t<div class=\"elementor-element elementor-element-6f6423a elementor-widget elementor-widget-text-editor\" data-id=\"6f6423a\" data-element_type=\"widget\" data-widget_type=\"text-editor.default\">\n\t\t\t\t<div class=\"elementor-widget-container\">\n\t\t\t\t\t\t\t\t\t<ul class=\"custombulletlist\"><li>MVB according to IEC 61375-3-1<\/li><li>Extended operating temperature range -40 \u00b0C to 70 \u00b0C<\/li><li>Construction according to EN 50155<\/li><\/ul>\t\t\t\t\t\t\t\t<\/div>\n\t\t\t\t<\/div>\n\t\t\t\t<div class=\"elementor-element elementor-element-75707f6 elementor-widget elementor-widget-wpzoom-elementor-addons-carousel\" data-id=\"75707f6\" data-element_type=\"widget\" data-settings=\"{&quot;slides_to_show&quot;:&quot;1&quot;,&quot;animation_speed&quot;:300,&quot;autoplay&quot;:&quot;yes&quot;,&quot;autoplay_speed&quot;:3000,&quot;loop&quot;:&quot;yes&quot;,&quot;navigation&quot;:&quot;arrow&quot;,&quot;slides_to_show_tablet&quot;:3,&quot;slides_to_show_mobile&quot;:2}\" data-widget_type=\"wpzoom-elementor-addons-carousel.default\">\n\t\t\t\t<div class=\"elementor-widget-container\">\n\t\t\t\t\t<div class=\"wpzjs-slick wpz-slick wpz-slick--carousel\">\n\n\t\t\t\n\t\t\t\t<div class=\"wpz-slick-slide\">\n\t\t\t\t\t<div class=\"wpz-slick-item\">\n\t\t\t\t\t\t\t\t\t\t\t\t\t<img decoding=\"async\" class=\"wpz-slick-img\" src=\"https:\/\/amit-transportation.com\/wp-content\/uploads\/2024\/09\/rb-rtm1a1.jpg\" alt=\"\">\n\t\t\t\t\t\t\n\t\t\t\t\t\t\t\t\t\t\t<\/div>\n\t\t\t\t<\/div>\n\n\t\t\t\n\t\t\t\t<div class=\"wpz-slick-slide\">\n\t\t\t\t\t<div class=\"wpz-slick-item\">\n\t\t\t\t\t\t\t\t\t\t\t\t\t<img decoding=\"async\" class=\"wpz-slick-img\" src=\"https:\/\/amit-transportation.com\/wp-content\/uploads\/2024\/09\/rb-rtm1a2.jpg\" alt=\"\">\n\t\t\t\t\t\t\n\t\t\t\t\t\t\t\t\t\t\t<\/div>\n\t\t\t\t<\/div>\n\n\t\t\t\n\t\t\t\t<div class=\"wpz-slick-slide\">\n\t\t\t\t\t<div class=\"wpz-slick-item\">\n\t\t\t\t\t\t\t\t\t\t\t\t\t<img decoding=\"async\" class=\"wpz-slick-img\" src=\"https:\/\/amit-transportation.com\/wp-content\/uploads\/2024\/09\/rb-rtm1a3.jpg\" alt=\"\">\n\t\t\t\t\t\t\n\t\t\t\t\t\t\t\t\t\t\t<\/div>\n\t\t\t\t<\/div>\n\n\t\t\t\n\t\t\t\t<div class=\"wpz-slick-slide\">\n\t\t\t\t\t<div class=\"wpz-slick-item\">\n\t\t\t\t\t\t\t\t\t\t\t\t\t<img decoding=\"async\" class=\"wpz-slick-img\" src=\"https:\/\/amit-transportation.com\/wp-content\/uploads\/2024\/09\/rb-rtm1a4.jpg\" alt=\"\">\n\t\t\t\t\t\t\n\t\t\t\t\t\t\t\t\t\t\t<\/div>\n\t\t\t\t<\/div>\n\n\t\t\t\n\t\t\t\t<div class=\"wpz-slick-slide\">\n\t\t\t\t\t<div class=\"wpz-slick-item\">\n\t\t\t\t\t\t\t\t\t\t\t\t\t<img decoding=\"async\" class=\"wpz-slick-img\" src=\"https:\/\/amit-transportation.com\/wp-content\/uploads\/2024\/09\/rb-rtm1b1.jpg\" alt=\"\">\n\t\t\t\t\t\t\n\t\t\t\t\t\t\t\t\t\t\t<\/div>\n\t\t\t\t<\/div>\n\n\t\t\t\n\t\t\t\t<div class=\"wpz-slick-slide\">\n\t\t\t\t\t<div class=\"wpz-slick-item\">\n\t\t\t\t\t\t\t\t\t\t\t\t\t<img decoding=\"async\" class=\"wpz-slick-img\" src=\"https:\/\/amit-transportation.com\/wp-content\/uploads\/2024\/09\/rb-rtm1b2.jpg\" alt=\"\">\n\t\t\t\t\t\t\n\t\t\t\t\t\t\t\t\t\t\t<\/div>\n\t\t\t\t<\/div>\n\n\t\t\t\n\t\t\t\t<div class=\"wpz-slick-slide\">\n\t\t\t\t\t<div class=\"wpz-slick-item\">\n\t\t\t\t\t\t\t\t\t\t\t\t\t<img decoding=\"async\" class=\"wpz-slick-img\" src=\"https:\/\/amit-transportation.com\/wp-content\/uploads\/2024\/09\/rb-rtm1b3.jpg\" alt=\"\">\n\t\t\t\t\t\t\n\t\t\t\t\t\t\t\t\t\t\t<\/div>\n\t\t\t\t<\/div>\n\n\t\t\t\n\t\t<\/div>\n\n\t\t\t\t\t<button type=\"button\" class=\"slick-prev\"><svg aria-hidden=\"true\" class=\"e-font-icon-svg e-fas-chevron-left\" viewBox=\"0 0 320 512\" xmlns=\"http:\/\/www.w3.org\/2000\/svg\"><path d=\"M34.52 239.03L228.87 44.69c9.37-9.37 24.57-9.37 33.94 0l22.67 22.67c9.36 9.36 9.37 24.52.04 33.9L131.49 256l154.02 154.75c9.34 9.38 9.32 24.54-.04 33.9l-22.67 22.67c-9.37 9.37-24.57 9.37-33.94 0L34.52 272.97c-9.37-9.37-9.37-24.57 0-33.94z\"><\/path><\/svg><\/button>\n\t\t\n\t\t\t\t\t<button type=\"button\" class=\"slick-next\"><svg aria-hidden=\"true\" class=\"e-font-icon-svg e-fas-chevron-right\" viewBox=\"0 0 320 512\" xmlns=\"http:\/\/www.w3.org\/2000\/svg\"><path d=\"M285.476 272.971L91.132 467.314c-9.373 9.373-24.569 9.373-33.941 0l-22.667-22.667c-9.357-9.357-9.375-24.522-.04-33.901L188.505 256 34.484 101.255c-9.335-9.379-9.317-24.544.04-33.901l22.667-22.667c9.373-9.373 24.569-9.373 33.941 0L285.475 239.03c9.373 9.372 9.373 24.568.001 33.941z\"><\/path><\/svg><\/button>\n\t\t\n\t\t\t\t\t\t<\/div>\n\t\t\t\t<\/div>\n\t\t\t\t<div class=\"elementor-element elementor-element-7a2dd87 elementor-widget elementor-widget-text-editor\" data-id=\"7a2dd87\" data-element_type=\"widget\" data-widget_type=\"text-editor.default\">\n\t\t\t\t<div class=\"elementor-widget-container\">\n\t\t\t\t\t\t\t\t\t<table style=\"width: 100%;\" width=\"100%\"><tbody><tr><td style=\"width: 41.7112%;\"><p><strong>\u00a0 \u00a0MVB rozhran\u00ed<\/strong><\/p><\/td><td style=\"width: 56.1497%;\"><p>1 \u00d7 (zdvojen\u00e1 linka)<\/p><\/td><\/tr><tr><td style=\"width: 41.7112%;\"><p><strong>\u00a0 \u00a0T\u0159\u00edda MVB<\/strong><\/p><\/td><td style=\"width: 56.1497%;\"><p>t\u0159\u00edda 1 \/ 2 \/ 4 bez MD \/ 4<\/p><\/td><\/tr><tr><td style=\"width: 41.7112%;\"><p><strong>\u00a0 \u00a0Typ rozhran\u00ed<\/strong><\/p><\/td><td style=\"width: 56.1497%;\"><p>EMD \/ ESD<\/p><\/td><\/tr><tr><td style=\"width: 41.7112%;\"><p><strong>\u00a0 \u00a0Konektory<\/strong><\/p><\/td><td style=\"width: 56.1497%;\"><p>2\u00d7 D-sub DE-9 (z\u0159et\u011bzen\u00ed)<\/p><\/td><\/tr><tr><td style=\"width: 41.7112%;\"><p><strong>\u00a0 \u00a0Komunika\u010dn\u00ed rychlost<\/strong><\/p><\/td><td style=\"width: 56.1497%;\"><p>1,5 Mb\/s \u00b1 0,01 %<\/p><\/td><\/tr><tr><td style=\"width: 41.7112%;\"><p><strong>\u00a0 \u00a0Komunika\u010dn\u00ed rozhran\u00ed 2<\/strong><\/p><\/td><td style=\"width: 56.1497%;\"><p><strong>ethernet \/ CAN<\/strong><\/p><\/td><\/tr><tr><td style=\"width: 41.7112%;\"><p>\u00a0 \u00a0Nap\u00e1jen\u00ed<\/p><\/td><td style=\"width: 56.1497%;\"><p>24 V ss. (-30 % a\u017e +25 %)<\/p><\/td><\/tr><tr><td style=\"width: 41.7112%;\"><p>\u00a0 \u00a0Hmotnost<\/p><\/td><td style=\"width: 56.1497%;\"><p>0,86 kg<\/p><\/td><\/tr><tr><td style=\"width: 41.7112%;\"><p>\u00a0 \u00a0Kryt\u00ed<\/p><\/td><td style=\"width: 56.1497%;\"><p>IP20<\/p><\/td><\/tr><tr><td style=\"width: 41.7112%;\"><p>\u00a0 \u00a0Mont\u00e1\u017e<\/p><\/td><td style=\"width: 56.1497%;\"><p>na z\u00e1kladovou desku, 2\u00d7 otvor \u00f8 6 mm<\/p><\/td><\/tr><tr><td style=\"width: 41.7112%;\"><p>\u00a0 \u00a0Pracovn\u00ed teplota<\/p><\/td><td style=\"width: 56.1497%;\"><p>-40 \u00b0C a\u017e 70 \u00b0C<\/p><\/td><\/tr><tr><td style=\"width: 41.7112%;\"><p><strong>\u00a0 \u00a0Normy<\/strong><\/p><\/td><td style=\"width: 56.1497%;\"><p><strong>EN 50155, EN 50121-3-2, EN 61373, EN 60068-2-1, EN 60068-2-2, IEC 61375-3-1<\/strong><\/p><\/td><\/tr><\/tbody><\/table><p>\u00a0<\/p><h3><strong>Dostupn\u00e9 typy:<\/strong><\/h3><table><tbody><tr><td width=\"149\"><p><strong>\u00a0 \u00a0RB-RTM\/2B011<\/strong><\/p><\/td><td width=\"465\"><p>MVB \/ Ethernet gateway; MVB EMD physical interface<\/p><\/td><\/tr><tr><td width=\"149\"><p><strong>\u00a0 \u00a0RB-RTM\/2E011<\/strong><\/p><\/td><td width=\"465\"><p>MVB \/ Ethernet gateway; MVB OGF physical interface<\/p><\/td><\/tr><tr><td><strong>\u00a0 \u00a0RB-RTM\/2G011<\/strong><\/td><td><p>MVB \/ Ethernet gateway; MVB ESD physical interface<\/p><\/td><\/tr><tr><td><strong>\u00a0 \u00a0RB-RTM\/2A011<\/strong><\/td><td><p>MVB \/ CAN gateway; optionally MVB EMD\/ESD\/OGF physical interface<\/p><\/td><\/tr><tr><td width=\"344\"><p><strong>\u00a0 \u00a0RB-RTM\/4B011<\/strong><\/p><\/td><td width=\"997\"><p>MVB EMD (Class 4) \/ Ethernet<\/p><\/td><\/tr><\/tbody><\/table>\t\t\t\t\t\t\t\t<\/div>\n\t\t\t\t<\/div>\n\t\t\t\t<\/div>\n\t\t<div class=\"elementor-element elementor-element-a1032d4 e-con-full e-flex e-con e-child\" data-id=\"a1032d4\" data-element_type=\"container\">\n\t\t\t\t<div class=\"elementor-element elementor-element-82ac696 sublist-products elementor-widget elementor-widget-nav-menu\" data-id=\"82ac696\" data-element_type=\"widget\" data-settings=\"{&quot;layout&quot;:&quot;dropdown&quot;,&quot;submenu_icon&quot;:{&quot;value&quot;:&quot;&lt;svg aria-hidden=\\&quot;true\\&quot; class=\\&quot;fa-svg-chevron-down e-font-icon-svg e-fas-chevron-down\\&quot; viewBox=\\&quot;0 0 448 512\\&quot; xmlns=\\&quot;http:\\\/\\\/www.w3.org\\\/2000\\\/svg\\&quot;&gt;&lt;path d=\\&quot;M207.029 381.476L12.686 187.132c-9.373-9.373-9.373-24.569 0-33.941l22.667-22.667c9.357-9.357 24.522-9.375 33.901-.04L224 284.505l154.745-154.021c9.379-9.335 24.544-9.317 33.901.04l22.667 22.667c9.373 9.373 9.373 24.569 0 33.941L240.971 381.476c-9.373 9.372-24.569 9.372-33.942 0z\\&quot;&gt;&lt;\\\/path&gt;&lt;\\\/svg&gt;&quot;,&quot;library&quot;:&quot;fa-solid&quot;}}\" data-widget_type=\"nav-menu.default\">\n\t\t\t\t<div class=\"elementor-widget-container\">\n\t\t\t\t\t\t\t\t<nav class=\"elementor-nav-menu--dropdown elementor-nav-menu__container\" aria-hidden=\"true\">\n\t\t\t\t<ul id=\"menu-2-82ac696\" class=\"elementor-nav-menu\"><li class=\"menu-item menu-item-type-post_type menu-item-object-page menu-item-has-children menu-item-10585\"><a href=\"https:\/\/amit-transportation.com\/en\/tcms-system-components\/\" class=\"elementor-item\" tabindex=\"-1\">TCMS system components<\/a>\n<ul class=\"sub-menu elementor-nav-menu--dropdown\">\n\t<li class=\"menu-item menu-item-type-post_type menu-item-object-page menu-item-10586\"><a href=\"https:\/\/amit-transportation.com\/en\/vehicle-control-units-remote-i-o-units-power-supply-unit-and-substrack\/\" class=\"elementor-sub-item\" tabindex=\"-1\">Vehicle control units, remote I\/O units, power supply unit and substrack<\/a><\/li>\n\t<li class=\"menu-item menu-item-type-post_type menu-item-object-page menu-item-10587\"><a href=\"https:\/\/amit-transportation.com\/en\/vehicle-control-units-vcu-and-remote-i-o-units\/\" class=\"elementor-sub-item\" tabindex=\"-1\">Vehicle control units (VCU) and remote I\/O units<\/a><\/li>\n\t<li class=\"menu-item menu-item-type-post_type menu-item-object-page menu-item-10588\"><a href=\"https:\/\/amit-transportation.com\/en\/fuse-modules-with-canopen-2\/\" class=\"elementor-sub-item\" tabindex=\"-1\">Fuse modules with canopen<\/a><\/li>\n\t<li class=\"menu-item menu-item-type-post_type menu-item-object-page menu-item-12773\"><a href=\"https:\/\/amit-transportation.com\/en\/plc-units-for-railway\/\" class=\"elementor-sub-item\" tabindex=\"-1\">PLC units for railway<\/a><\/li>\n<\/ul>\n<\/li>\n<li class=\"menu-item menu-item-type-post_type menu-item-object-page menu-item-has-children menu-item-10595\"><a href=\"https:\/\/amit-transportation.com\/en\/panel-computers-and-vehicle-computers-hmi\/\" class=\"elementor-item\" tabindex=\"-1\">Panel computers and vehicle computers HMI<\/a>\n<ul class=\"sub-menu elementor-nav-menu--dropdown\">\n\t<li class=\"menu-item menu-item-type-post_type menu-item-object-page menu-item-12768\"><a href=\"https:\/\/amit-transportation.com\/en\/hmi-panel-computers\/\" class=\"elementor-sub-item\" tabindex=\"-1\">HMI Panel Computers<\/a><\/li>\n\t<li class=\"menu-item menu-item-type-post_type menu-item-object-page menu-item-10597\"><a href=\"https:\/\/amit-transportation.com\/en\/vehicle-computers\/\" class=\"elementor-sub-item\" tabindex=\"-1\">Vehicle Computers<\/a><\/li>\n<\/ul>\n<\/li>\n<li class=\"menu-item menu-item-type-post_type menu-item-object-page menu-item-has-children menu-item-10584\"><a href=\"https:\/\/amit-transportation.com\/en\/tcn-units\/\" class=\"elementor-item\" tabindex=\"-1\">TCN units<\/a>\n<ul class=\"sub-menu elementor-nav-menu--dropdown\">\n\t<li class=\"menu-item menu-item-type-post_type menu-item-object-page menu-item-10583\"><a href=\"https:\/\/amit-transportation.com\/en\/wtb-gateways\/\" class=\"elementor-sub-item\" tabindex=\"-1\">WTB gateways<\/a><\/li>\n\t<li class=\"menu-item menu-item-type-post_type menu-item-object-page menu-item-10582\"><a href=\"https:\/\/amit-transportation.com\/en\/wtb-mvb-analysers\/\" class=\"elementor-sub-item\" tabindex=\"-1\">WTB \/ MVB analysers<\/a><\/li>\n\t<li class=\"menu-item menu-item-type-post_type menu-item-object-page menu-item-10581\"><a href=\"https:\/\/amit-transportation.com\/en\/mvb-gateways-mvb-modules-and-trdp-modules\/\" class=\"elementor-sub-item\" tabindex=\"-1\">MVB gateways, MVB modules and TRDP modules<\/a><\/li>\n<\/ul>\n<\/li>\n<li class=\"menu-item menu-item-type-post_type menu-item-object-page menu-item-has-children menu-item-10580\"><a href=\"https:\/\/amit-transportation.com\/en\/ethernet-units\/\" class=\"elementor-item\" tabindex=\"-1\">Ethernet units<\/a>\n<ul class=\"sub-menu elementor-nav-menu--dropdown\">\n\t<li class=\"menu-item menu-item-type-post_type menu-item-object-page menu-item-12769\"><a href=\"https:\/\/amit-transportation.com\/en\/managed-ethernet-switches\/\" class=\"elementor-sub-item\" tabindex=\"-1\">Managed ethernet switches<\/a><\/li>\n\t<li class=\"menu-item menu-item-type-post_type menu-item-object-page menu-item-12770\"><a href=\"https:\/\/amit-transportation.com\/en\/unmanaged-switches\/\" class=\"elementor-sub-item\" tabindex=\"-1\">Unmanaged ethernet switches<\/a><\/li>\n\t<li class=\"menu-item menu-item-type-post_type menu-item-object-page menu-item-12772\"><a href=\"https:\/\/amit-transportation.com\/en\/converters\/\" class=\"elementor-sub-item\" tabindex=\"-1\">Converters<\/a><\/li>\n\t<li class=\"menu-item menu-item-type-post_type menu-item-object-page menu-item-12771\"><a href=\"https:\/\/amit-transportation.com\/en\/routers\/\" class=\"elementor-sub-item\" tabindex=\"-1\">Routers<\/a><\/li>\n<\/ul>\n<\/li>\n<li class=\"menu-item menu-item-type-post_type menu-item-object-page menu-item-10594\"><a href=\"https:\/\/amit-transportation.com\/en\/wi-fi-devices\/\" class=\"elementor-item\" tabindex=\"-1\">Wi-Fi devices<\/a><\/li>\n<li class=\"menu-item menu-item-type-post_type menu-item-object-page menu-item-10593\"><a href=\"https:\/\/amit-transportation.com\/en\/audio-devices-2\/\" class=\"elementor-item\" tabindex=\"-1\">Audio devices<\/a><\/li>\n<li class=\"menu-item menu-item-type-post_type menu-item-object-page menu-item-10592\"><a href=\"https:\/\/amit-transportation.com\/en\/tft-information-panels\/\" class=\"elementor-item\" tabindex=\"-1\">TFT information panels<\/a><\/li>\n<li class=\"menu-item menu-item-type-post_type menu-item-object-page menu-item-10591\"><a href=\"https:\/\/amit-transportation.com\/en\/led-information-panels\/\" class=\"elementor-item\" tabindex=\"-1\">LED information panels<\/a><\/li>\n<li class=\"menu-item menu-item-type-post_type menu-item-object-page menu-item-10590\"><a href=\"https:\/\/amit-transportation.com\/en\/seat-reservation-displays\/\" class=\"elementor-item\" tabindex=\"-1\">Seat reservation displays<\/a><\/li>\n<li class=\"menu-item menu-item-type-post_type menu-item-object-page menu-item-10589\"><a href=\"https:\/\/amit-transportation.com\/en\/camera-covers\/\" class=\"elementor-item\" tabindex=\"-1\">Camera covers<\/a><\/li>\n<\/ul>\t\t\t<\/nav>\n\t\t\t\t\t\t<\/div>\n\t\t\t\t<\/div>\n\t\t\t\t<\/div>\n\t\t\t\t\t<\/div>\n\t\t\t\t<\/div>\n\t\t<div class=\"elementor-element elementor-element-a0c2807 e-flex e-con-boxed e-con e-parent\" data-id=\"a0c2807\" data-element_type=\"container\">\n\t\t\t\t\t<div class=\"e-con-inner\">\n\t\t\t\t<div class=\"elementor-element elementor-element-2c6cb29 elementor-align-center elementor-widget elementor-widget-button\" data-id=\"2c6cb29\" data-element_type=\"widget\" data-widget_type=\"button.default\">\n\t\t\t\t<div class=\"elementor-widget-container\">\n\t\t\t\t\t\t\t\t\t<div class=\"elementor-button-wrapper\">\n\t\t\t\t\t<a class=\"elementor-button elementor-button-link elementor-size-sm\" href=\"\/en\/contacts\/\">\n\t\t\t\t\t\t<span class=\"elementor-button-content-wrapper\">\n\t\t\t\t\t\t\t\t\t<span class=\"elementor-button-text\">CONTACT US<\/span>\n\t\t\t\t\t<\/span>\n\t\t\t\t\t<\/a>\n\t\t\t\t<\/div>\n\t\t\t\t\t\t\t\t<\/div>\n\t\t\t\t<\/div>\n\t\t\t\t\t<\/div>\n\t\t\t\t<\/div>\n\t\t\t\t<\/div>\n\t\t","protected":false},"excerpt":{"rendered":"<p>MVB converters facilitate the conversion of various communication lines to the MVB line. Converters can be used to connect units with communication lines such as Ethernet or CAN to the MVB line. The conversion of communication is handled in both directions. MVB according to IEC 61375-3-1 Extended operating temperature range [&hellip;]<\/p>\n","protected":false},"author":80,"featured_media":8541,"parent":0,"menu_order":0,"comment_status":"closed","ping_status":"closed","template":"","meta":{"footnotes":""},"class_list":["post-9626","page","type-page","status-publish","has-post-thumbnail","hentry"],"yoast_head":"<!-- This site is optimized with the Yoast SEO plugin v26.8-RC7 - https:\/\/yoast.com\/product\/yoast-seo-wordpress\/ -->\n<title>MVB converters - AMiT Transportation<\/title>\n<meta name=\"robots\" content=\"index, follow, max-snippet:-1, max-image-preview:large, max-video-preview:-1\" \/>\n<link rel=\"canonical\" href=\"https:\/\/amit-transportation.com\/en\/mvb-converters\/\" \/>\n<meta property=\"og:locale\" content=\"en_US\" \/>\n<meta property=\"og:type\" content=\"article\" \/>\n<meta property=\"og:title\" content=\"MVB converters - AMiT Transportation\" \/>\n<meta property=\"og:description\" content=\"MVB converters facilitate the conversion of various communication lines to the MVB line. Converters can be used to connect units with communication lines such as Ethernet or CAN to the MVB line. The conversion of communication is handled in both directions. MVB according to IEC 61375-3-1 Extended operating temperature range [&hellip;]\" \/>\n<meta property=\"og:url\" content=\"https:\/\/amit-transportation.com\/en\/mvb-converters\/\" \/>\n<meta property=\"og:site_name\" content=\"AMiT Transportation\" \/>\n<meta property=\"article:modified_time\" content=\"2024-09-15T17:24:46+00:00\" \/>\n<meta property=\"og:image\" content=\"https:\/\/amit-transportation.com\/wp-content\/uploads\/2024\/09\/Untitled-7-14.png\" \/>\n\t<meta property=\"og:image:width\" content=\"305\" \/>\n\t<meta property=\"og:image:height\" content=\"205\" \/>\n\t<meta property=\"og:image:type\" content=\"image\/png\" \/>\n<meta name=\"twitter:card\" content=\"summary_large_image\" \/>\n<meta name=\"twitter:label1\" content=\"Est. reading time\" \/>\n\t<meta name=\"twitter:data1\" content=\"7 minutes\" \/>\n<script type=\"application\/ld+json\" class=\"yoast-schema-graph\">{\"@context\":\"https:\/\/schema.org\",\"@graph\":[{\"@type\":\"WebPage\",\"@id\":\"https:\/\/amit-transportation.com\/en\/mvb-converters\/\",\"url\":\"https:\/\/amit-transportation.com\/en\/mvb-converters\/\",\"name\":\"MVB converters - AMiT Transportation\",\"isPartOf\":{\"@id\":\"https:\/\/amit-transportation.com\/#website\"},\"primaryImageOfPage\":{\"@id\":\"https:\/\/amit-transportation.com\/en\/mvb-converters\/#primaryimage\"},\"image\":{\"@id\":\"https:\/\/amit-transportation.com\/en\/mvb-converters\/#primaryimage\"},\"thumbnailUrl\":\"https:\/\/amit-transportation.com\/wp-content\/uploads\/2024\/09\/Untitled-7-14.png\",\"datePublished\":\"2024-09-15T17:23:34+00:00\",\"dateModified\":\"2024-09-15T17:24:46+00:00\",\"breadcrumb\":{\"@id\":\"https:\/\/amit-transportation.com\/en\/mvb-converters\/#breadcrumb\"},\"inLanguage\":\"en-US\",\"potentialAction\":[{\"@type\":\"ReadAction\",\"target\":[\"https:\/\/amit-transportation.com\/en\/mvb-converters\/\"]}]},{\"@type\":\"ImageObject\",\"inLanguage\":\"en-US\",\"@id\":\"https:\/\/amit-transportation.com\/en\/mvb-converters\/#primaryimage\",\"url\":\"https:\/\/amit-transportation.com\/wp-content\/uploads\/2024\/09\/Untitled-7-14.png\",\"contentUrl\":\"https:\/\/amit-transportation.com\/wp-content\/uploads\/2024\/09\/Untitled-7-14.png\",\"width\":305,\"height\":205},{\"@type\":\"BreadcrumbList\",\"@id\":\"https:\/\/amit-transportation.com\/en\/mvb-converters\/#breadcrumb\",\"itemListElement\":[{\"@type\":\"ListItem\",\"position\":1,\"name\":\"Home\",\"item\":\"https:\/\/amit-transportation.com\/\"},{\"@type\":\"ListItem\",\"position\":2,\"name\":\"MVB converters\"}]},{\"@type\":\"WebSite\",\"@id\":\"https:\/\/amit-transportation.com\/#website\",\"url\":\"https:\/\/amit-transportation.com\/\",\"name\":\"AMiT Transportation\",\"description\":\"Elektronika pro kolejov\u00e1 vozidla a ve\u0159ejnou dopravu\",\"publisher\":{\"@id\":\"https:\/\/amit-transportation.com\/#organization\"},\"potentialAction\":[{\"@type\":\"SearchAction\",\"target\":{\"@type\":\"EntryPoint\",\"urlTemplate\":\"https:\/\/amit-transportation.com\/?s={search_term_string}\"},\"query-input\":{\"@type\":\"PropertyValueSpecification\",\"valueRequired\":true,\"valueName\":\"search_term_string\"}}],\"inLanguage\":\"en-US\"},{\"@type\":\"Organization\",\"@id\":\"https:\/\/amit-transportation.com\/#organization\",\"name\":\"AMiT Transportation\",\"url\":\"https:\/\/amit-transportation.com\/\",\"logo\":{\"@type\":\"ImageObject\",\"inLanguage\":\"en-US\",\"@id\":\"https:\/\/amit-transportation.com\/#\/schema\/logo\/image\/\",\"url\":\"https:\/\/amit-transportation.com\/wp-content\/uploads\/2024\/07\/amit_logo_white.svg\",\"contentUrl\":\"https:\/\/amit-transportation.com\/wp-content\/uploads\/2024\/07\/amit_logo_white.svg\",\"caption\":\"AMiT Transportation\"},\"image\":{\"@id\":\"https:\/\/amit-transportation.com\/#\/schema\/logo\/image\/\"}}]}<\/script>\n<!-- \/ Yoast SEO plugin. -->","yoast_head_json":{"title":"MVB converters - AMiT Transportation","robots":{"index":"index","follow":"follow","max-snippet":"max-snippet:-1","max-image-preview":"max-image-preview:large","max-video-preview":"max-video-preview:-1"},"canonical":"https:\/\/amit-transportation.com\/en\/mvb-converters\/","og_locale":"en_US","og_type":"article","og_title":"MVB converters - AMiT Transportation","og_description":"MVB converters facilitate the conversion of various communication lines to the MVB line. Converters can be used to connect units with communication lines such as Ethernet or CAN to the MVB line. The conversion of communication is handled in both directions. MVB according to IEC 61375-3-1 Extended operating temperature range [&hellip;]","og_url":"https:\/\/amit-transportation.com\/en\/mvb-converters\/","og_site_name":"AMiT Transportation","article_modified_time":"2024-09-15T17:24:46+00:00","og_image":[{"width":305,"height":205,"url":"https:\/\/amit-transportation.com\/wp-content\/uploads\/2024\/09\/Untitled-7-14.png","type":"image\/png"}],"twitter_card":"summary_large_image","twitter_misc":{"Est. reading time":"7 minutes"},"schema":{"@context":"https:\/\/schema.org","@graph":[{"@type":"WebPage","@id":"https:\/\/amit-transportation.com\/en\/mvb-converters\/","url":"https:\/\/amit-transportation.com\/en\/mvb-converters\/","name":"MVB converters - AMiT Transportation","isPartOf":{"@id":"https:\/\/amit-transportation.com\/#website"},"primaryImageOfPage":{"@id":"https:\/\/amit-transportation.com\/en\/mvb-converters\/#primaryimage"},"image":{"@id":"https:\/\/amit-transportation.com\/en\/mvb-converters\/#primaryimage"},"thumbnailUrl":"https:\/\/amit-transportation.com\/wp-content\/uploads\/2024\/09\/Untitled-7-14.png","datePublished":"2024-09-15T17:23:34+00:00","dateModified":"2024-09-15T17:24:46+00:00","breadcrumb":{"@id":"https:\/\/amit-transportation.com\/en\/mvb-converters\/#breadcrumb"},"inLanguage":"en-US","potentialAction":[{"@type":"ReadAction","target":["https:\/\/amit-transportation.com\/en\/mvb-converters\/"]}]},{"@type":"ImageObject","inLanguage":"en-US","@id":"https:\/\/amit-transportation.com\/en\/mvb-converters\/#primaryimage","url":"https:\/\/amit-transportation.com\/wp-content\/uploads\/2024\/09\/Untitled-7-14.png","contentUrl":"https:\/\/amit-transportation.com\/wp-content\/uploads\/2024\/09\/Untitled-7-14.png","width":305,"height":205},{"@type":"BreadcrumbList","@id":"https:\/\/amit-transportation.com\/en\/mvb-converters\/#breadcrumb","itemListElement":[{"@type":"ListItem","position":1,"name":"Home","item":"https:\/\/amit-transportation.com\/"},{"@type":"ListItem","position":2,"name":"MVB converters"}]},{"@type":"WebSite","@id":"https:\/\/amit-transportation.com\/#website","url":"https:\/\/amit-transportation.com\/","name":"AMiT Transportation","description":"Elektronika pro kolejov\u00e1 vozidla a ve\u0159ejnou dopravu","publisher":{"@id":"https:\/\/amit-transportation.com\/#organization"},"potentialAction":[{"@type":"SearchAction","target":{"@type":"EntryPoint","urlTemplate":"https:\/\/amit-transportation.com\/?s={search_term_string}"},"query-input":{"@type":"PropertyValueSpecification","valueRequired":true,"valueName":"search_term_string"}}],"inLanguage":"en-US"},{"@type":"Organization","@id":"https:\/\/amit-transportation.com\/#organization","name":"AMiT Transportation","url":"https:\/\/amit-transportation.com\/","logo":{"@type":"ImageObject","inLanguage":"en-US","@id":"https:\/\/amit-transportation.com\/#\/schema\/logo\/image\/","url":"https:\/\/amit-transportation.com\/wp-content\/uploads\/2024\/07\/amit_logo_white.svg","contentUrl":"https:\/\/amit-transportation.com\/wp-content\/uploads\/2024\/07\/amit_logo_white.svg","caption":"AMiT Transportation"},"image":{"@id":"https:\/\/amit-transportation.com\/#\/schema\/logo\/image\/"}}]}},"_links":{"self":[{"href":"https:\/\/amit-transportation.com\/en\/wp-json\/wp\/v2\/pages\/9626","targetHints":{"allow":["GET"]}}],"collection":[{"href":"https:\/\/amit-transportation.com\/en\/wp-json\/wp\/v2\/pages"}],"about":[{"href":"https:\/\/amit-transportation.com\/en\/wp-json\/wp\/v2\/types\/page"}],"author":[{"embeddable":true,"href":"https:\/\/amit-transportation.com\/en\/wp-json\/wp\/v2\/users\/80"}],"replies":[{"embeddable":true,"href":"https:\/\/amit-transportation.com\/en\/wp-json\/wp\/v2\/comments?post=9626"}],"version-history":[{"count":4,"href":"https:\/\/amit-transportation.com\/en\/wp-json\/wp\/v2\/pages\/9626\/revisions"}],"predecessor-version":[{"id":9631,"href":"https:\/\/amit-transportation.com\/en\/wp-json\/wp\/v2\/pages\/9626\/revisions\/9631"}],"wp:featuredmedia":[{"embeddable":true,"href":"https:\/\/amit-transportation.com\/en\/wp-json\/wp\/v2\/media\/8541"}],"wp:attachment":[{"href":"https:\/\/amit-transportation.com\/en\/wp-json\/wp\/v2\/media?parent=9626"}],"curies":[{"name":"wp","href":"https:\/\/api.w.org\/{rel}","templated":true}]}}