{"id":9471,"date":"2024-09-15T18:00:05","date_gmt":"2024-09-15T16:00:05","guid":{"rendered":"https:\/\/amitt2.top-me.eu\/?page_id=9471"},"modified":"2024-09-15T18:03:35","modified_gmt":"2024-09-15T16:03:35","slug":"recording-units","status":"publish","type":"page","link":"https:\/\/amit-transportation.com\/en\/recording-units\/","title":{"rendered":"Recording units"},"content":{"rendered":"\t\t<div data-elementor-type=\"wp-page\" data-elementor-id=\"9471\" class=\"elementor elementor-9471\" data-elementor-post-type=\"page\">\n\t\t\t\t<div class=\"elementor-element elementor-element-1d234d77 e-flex e-con-boxed e-con e-parent\" data-id=\"1d234d77\" data-element_type=\"container\">\n\t\t\t\t\t<div class=\"e-con-inner\">\n\t\t\t\t<div class=\"elementor-element elementor-element-4c3a7e05 elementor-widget elementor-widget-text-editor\" data-id=\"4c3a7e05\" data-element_type=\"widget\" data-widget_type=\"text-editor.default\">\n\t\t\t\t<div class=\"elementor-widget-container\">\n\t\t\t\t\t\t\t\t\t<p><strong>PPMBxxx recording units<\/strong> are based on an industrial computer running a Linux operating system. These units are designed for recording onto storage drives and for viewing data from IP cameras. To connect to the ethernet communication infrastructure, RJ45 or M12 connector interfaces can be used.<\/p>\t\t\t\t\t\t\t\t<\/div>\n\t\t\t\t<\/div>\n\t\t\t\t<div class=\"elementor-element elementor-element-8b6cc2c elementor-widget elementor-widget-heading\" data-id=\"8b6cc2c\" data-element_type=\"widget\" data-widget_type=\"heading.default\">\n\t\t\t\t<div class=\"elementor-widget-container\">\n\t\t\t\t\t<h2 class=\"elementor-heading-title elementor-size-default\">Possibility of transferring recorded video data:<\/h2>\t\t\t\t<\/div>\n\t\t\t\t<\/div>\n\t\t\t\t<div class=\"elementor-element elementor-element-8e64930 elementor-widget elementor-widget-text-editor\" data-id=\"8e64930\" data-element_type=\"widget\" data-widget_type=\"text-editor.default\">\n\t\t\t\t<div class=\"elementor-widget-container\">\n\t\t\t\t\t\t\t\t\t<ul><li>By removing the plug-in module with disks and reading them using the ACASYS Studio 2 unit<\/li><li>Via Ethernet to a service PC<\/li><\/ul>\t\t\t\t\t\t\t\t<\/div>\n\t\t\t\t<\/div>\n\t\t\t\t<div class=\"elementor-element elementor-element-c5815a3 elementor-widget elementor-widget-heading\" data-id=\"c5815a3\" data-element_type=\"widget\" data-widget_type=\"heading.default\">\n\t\t\t\t<div class=\"elementor-widget-container\">\n\t\t\t\t\t<h2 class=\"elementor-heading-title elementor-size-default\">Available models:<\/h2>\t\t\t\t<\/div>\n\t\t\t\t<\/div>\n\t\t\t\t<div class=\"elementor-element elementor-element-0d61b48 elementor-widget elementor-widget-text-editor\" data-id=\"0d61b48\" data-element_type=\"widget\" data-widget_type=\"text-editor.default\">\n\t\t\t\t<div class=\"elementor-widget-container\">\n\t\t\t\t\t\t\t\t\t<table style=\"width: 100%; border-color: #6b6b6b; background-color: #d6d6d6;\" width=\"100%\"><tbody><tr><td style=\"width: 26.489%;\"><p><strong>\u00a0 CPU<\/strong><\/p><\/td><td style=\"width: 72.0466%;\" colspan=\"2\" width=\"77%\"><p>Intel BayTrail E3815, Single Core, 1,46 GHz 2GB RAM, 4GB SATA SLC Flash<br \/>Intel BayTrail E3845, Quad Core, 1,91 GHz 4GB RAM<\/p><\/td><\/tr><tr><td style=\"width: 26.489%;\"><p><strong>\u00a0 Pomocn\u00e9 CPU<\/strong><\/p><\/td><td style=\"width: 72.0466%;\" colspan=\"2\" width=\"77%\"><p>m\u011b\u0159en\u00ed &#8211; teploty<br \/>funkce &#8211; tepeln\u00e1 ochrana, korektn\u00ed vypnut\u00ed syst\u00e9mu<\/p><\/td><\/tr><tr><td style=\"width: 26.489%;\"><p><strong>\u00a0 Intern\u00ed disk<\/strong><\/p><\/td><td style=\"width: 18.3028%;\"><p>CPU<\/p><\/td><td style=\"width: 53.7438%;\"><p>Intel BayTrail E3815, Single Core, 1,46 GHz 2GB RAM, 4GB SATA SLC Flash<\/p><\/td><\/tr><tr><td style=\"width: 26.489%;\"><p><strong>\u00a0 USB<\/strong><\/p><\/td><td style=\"width: 18.3028%;\"><p>Komunikace<\/p><\/td><td style=\"width: 53.7438%;\"><p>1\u00d7 ethernet 10 Mb\/s \/ 100 Mb\/s \/ 1 Gb\/s<\/p><\/td><\/tr><tr><td style=\"width: 26.489%;\"><p><strong>\u00a0 Audio<\/strong><\/p><\/td><td style=\"width: 18.3028%;\"><p>P\u0159\u00edpojn\u00e9 m\u00edsto<\/p><\/td><td style=\"width: 53.7438%;\"><p>M12, RJ45<\/p><\/td><\/tr><tr><td style=\"width: 26.489%;\" rowspan=\"2\"><p><strong>\u00a0 Ethernet<\/strong><\/p><\/td><td style=\"width: 18.3028%;\"><p>Typ z\u00e1znamov\u00e9ho m\u00e9dia<\/p><\/td><td style=\"width: 53.7438%;\"><p>2,5\u201c SATA SSD\/HDD\u00a0<strong>(dod\u00e1vaj\u00ed se zvl\u00e1\u0161\u0165)<\/strong><\/p><\/td><\/tr><tr><td style=\"width: 18.3028%;\"><p>Po\u010det disk\u016f<\/p><\/td><td style=\"width: 53.7438%;\"><p>1x \/ 2x<\/p><\/td><\/tr><tr><td style=\"width: 26.489%;\"><p><strong>\u00a0 Komunikace<\/strong><\/p><\/td><td style=\"width: 18.3028%;\"><p>Kryt\u00ed<\/p><\/td><td style=\"width: 53.7438%;\"><p>IP20<\/p><\/td><\/tr><tr><td style=\"width: 26.489%;\"><p><strong>\u00a0 MVB<\/strong><\/p><\/td><td style=\"width: 18.3028%;\"><p>Nap\u00e1jen\u00ed<\/p><\/td><td style=\"width: 53.7438%;\"><p>24 V \/ 36 V \/ 110 V ss. (-30 % a\u017e +25 %)<\/p><\/td><\/tr><tr><td style=\"width: 26.489%;\"><p><strong>\u00a0 Bezdr\u00e1tov\u00e9 komunikace<\/strong><\/p><\/td><td style=\"width: 18.3028%;\"><p>Pracovn\u00ed teplota<\/p><\/td><td style=\"width: 53.7438%;\"><p>-40 \u00b0C a\u017e 70 \u00b0C<\/p><\/td><\/tr><tr><td style=\"width: 26.489%;\"><p><strong>\u00a0 Kryt\u00ed<\/strong><\/p><\/td><td style=\"width: 18.3028%;\"><p>Mechanick\u00e9 proveden\u00ed<\/p><\/td><td style=\"width: 53.7438%;\"><p>plechov\u00fd kryt<\/p><\/td><\/tr><tr><td style=\"width: 26.489%;\"><p><strong>\u00a0 Opera\u010dn\u00ed syst\u00e9m<\/strong><\/p><\/td><td style=\"width: 18.3028%;\"><p>Mont\u00e1\u017e<\/p><\/td><td style=\"width: 53.7438%;\"><p>na z\u00e1kladovou desku<\/p><\/td><\/tr><tr><td style=\"width: 26.489%;\"><p><strong>\u00a0 Nap\u00e1jen\u00ed<\/strong><\/p><\/td><td style=\"width: 18.3028%;\"><p>Rozm\u011bry (\u0161 x v x h)<\/p><\/td><td style=\"width: 53.7438%;\"><p>(230 x 88 x 142) mm<\/p><\/td><\/tr><tr><td style=\"width: 26.489%;\"><p><strong>\u00a0 Pracovn\u00ed teplota<\/strong><\/p><\/td><td style=\"width: 18.3028%;\"><p>Opera\u010dn\u00ed syst\u00e9m<\/p><\/td><td style=\"width: 53.7438%;\"><p>Linux<\/p><\/td><\/tr><tr><td style=\"width: 26.489%;\"><p><strong>\u00a0 Mont\u00e1\u017e<\/strong><\/p><\/td><td style=\"width: 18.3028%;\"><p><strong>Normy<\/strong><\/p><\/td><td style=\"width: 53.7438%;\"><p><strong>EN 50155, EN 50121-3-2, EN 61373, EN 60068-2-1, EN 60068-2-2<\/strong><\/p><\/td><\/tr><tr><td style=\"width: 26.489%;\"><p><strong>\u00a0 Rozm\u011bry (\u0161 \u00d7 v \u00d7 h)<\/strong><\/p><\/td><td style=\"width: 72.0466%;\" colspan=\"2\" width=\"77%\"><p>standardn\u00ed typ (343 \u00d7 210 \u00d7 108) mm<\/p><\/td><\/tr><tr><td style=\"width: 26.489%;\"><p><strong>\u00a0 Normy<\/strong><\/p><\/td><td style=\"width: 72.0466%;\" colspan=\"2\" width=\"77%\"><p><strong>EN 50155, EN 50121-3-2, EN 61373, EN 60068-2-1, EN 60068-2-2<\/strong><\/p><\/td><\/tr><\/tbody><\/table><p>\u00a0<\/p>\t\t\t\t\t\t\t\t<\/div>\n\t\t\t\t<\/div>\n\t\t\t\t<div class=\"elementor-element elementor-element-28e12e5 elementor-widget elementor-widget-heading\" data-id=\"28e12e5\" data-element_type=\"widget\" data-widget_type=\"heading.default\">\n\t\t\t\t<div class=\"elementor-widget-container\">\n\t\t\t\t\t<h2 class=\"elementor-heading-title elementor-size-default\">Available types:\n<\/h2>\t\t\t\t<\/div>\n\t\t\t\t<\/div>\n\t\t\t\t<div class=\"elementor-element elementor-element-e5aeef0 elementor-widget elementor-widget-text-editor\" data-id=\"e5aeef0\" data-element_type=\"widget\" data-widget_type=\"text-editor.default\">\n\t\t\t\t<div class=\"elementor-widget-container\">\n\t\t\t\t\t\t\t\t\t<table style=\"color: #444444; font-size: 16px;\"><tbody><tr><td width=\"148\"><p><strong>PPMB1001\/xx<\/strong><\/p><\/td><td width=\"457\"><p>max. 2\u00d7 2,5\u201c disk, RJ45, ethernet 10 \/ 10 \/ 1000\u00a0Mb\/s<\/p><\/td><\/tr><tr><td width=\"148\"><p><strong>PPMB1011\/xx<\/strong><\/p><\/td><td width=\"457\"><p>max. 2\u00d7 2,5\u201c disk, ethernet 10 \/ 100 Mb\/s, M12, D-k\u00f3dov\u00e1n\u00ed<\/p><\/td><\/tr><tr><td width=\"148\"><p><strong>PPMB1021\/xx<\/strong><\/p><\/td><td width=\"457\"><p>max. 2\u00d7 2,5\u201c disk, ethernet 10 \/ 100 \/ 1000 Mb\/s, M12, X-k\u00f3dov\u00e1n\u00ed<\/p><\/td><\/tr><\/tbody><\/table>\t\t\t\t\t\t\t\t<\/div>\n\t\t\t\t<\/div>\n\t\t\t\t<div class=\"elementor-element elementor-element-fe6e9fa elementor-widget elementor-widget-text-editor\" data-id=\"fe6e9fa\" data-element_type=\"widget\" data-widget_type=\"text-editor.default\">\n\t\t\t\t<div class=\"elementor-widget-container\">\n\t\t\t\t\t\t\t\t\t<ul><li>part of the IP camera system for rail vehicles<\/li><li>video stream archiving from IP cameras<\/li><li>Linux OS platform<\/li><li>optional recording resolution<\/li><li>optional frame rate (fps)<\/li><li>without storage media (disks)<\/li><li>circular buffer recording (old data is automatically overwritten when the disk<\/li><li>is full)<\/li><li>control via commands over ethernet from the onboard computer<\/li><li>SOS mode \u2013 real-time video data transfer to the dispatch center<\/li><li>web server for online video monitoring<\/li><li>designed according to EN 50155<\/li><\/ul>\t\t\t\t\t\t\t\t<\/div>\n\t\t\t\t<\/div>\n\t\t\t\t<div class=\"elementor-element elementor-element-6e7adfb elementor-widget elementor-widget-wpzoom-elementor-addons-carousel\" data-id=\"6e7adfb\" data-element_type=\"widget\" data-settings=\"{&quot;slides_to_show&quot;:&quot;1&quot;,&quot;animation_speed&quot;:300,&quot;autoplay&quot;:&quot;yes&quot;,&quot;autoplay_speed&quot;:3000,&quot;loop&quot;:&quot;yes&quot;,&quot;navigation&quot;:&quot;arrow&quot;,&quot;slides_to_show_tablet&quot;:3,&quot;slides_to_show_mobile&quot;:2}\" data-widget_type=\"wpzoom-elementor-addons-carousel.default\">\n\t\t\t\t<div class=\"elementor-widget-container\">\n\t\t\t\t\t<div class=\"wpzjs-slick wpz-slick wpz-slick--carousel\">\n\n\t\t\t\n\t\t\t\t<div class=\"wpz-slick-slide\">\n\t\t\t\t\t<div class=\"wpz-slick-item\">\n\t\t\t\t\t\t\t\t\t\t\t\t\t<img decoding=\"async\" class=\"wpz-slick-img\" src=\"https:\/\/amit-transportation.com\/wp-content\/uploads\/2024\/08\/img_1621.jpg\" alt=\"\">\n\t\t\t\t\t\t\n\t\t\t\t\t\t\t\t\t\t\t<\/div>\n\t\t\t\t<\/div>\n\n\t\t\t\n\t\t\t\t<div class=\"wpz-slick-slide\">\n\t\t\t\t\t<div class=\"wpz-slick-item\">\n\t\t\t\t\t\t\t\t\t\t\t\t\t<img decoding=\"async\" class=\"wpz-slick-img\" src=\"https:\/\/amit-transportation.com\/wp-content\/uploads\/2024\/08\/img_1624.jpg\" alt=\"\">\n\t\t\t\t\t\t\n\t\t\t\t\t\t\t\t\t\t\t<\/div>\n\t\t\t\t<\/div>\n\n\t\t\t\n\t\t\t\t<div class=\"wpz-slick-slide\">\n\t\t\t\t\t<div class=\"wpz-slick-item\">\n\t\t\t\t\t\t\t\t\t\t\t\t\t<img decoding=\"async\" class=\"wpz-slick-img\" src=\"https:\/\/amit-transportation.com\/wp-content\/uploads\/2024\/08\/img_1626.jpg\" alt=\"\">\n\t\t\t\t\t\t\n\t\t\t\t\t\t\t\t\t\t\t<\/div>\n\t\t\t\t<\/div>\n\n\t\t\t\n\t\t\t\t<div class=\"wpz-slick-slide\">\n\t\t\t\t\t<div class=\"wpz-slick-item\">\n\t\t\t\t\t\t\t\t\t\t\t\t\t<img decoding=\"async\" class=\"wpz-slick-img\" src=\"https:\/\/amit-transportation.com\/wp-content\/uploads\/2024\/08\/img_1627.jpg\" alt=\"\">\n\t\t\t\t\t\t\n\t\t\t\t\t\t\t\t\t\t\t<\/div>\n\t\t\t\t<\/div>\n\n\t\t\t\n\t\t\t\t<div class=\"wpz-slick-slide\">\n\t\t\t\t\t<div class=\"wpz-slick-item\">\n\t\t\t\t\t\t\t\t\t\t\t\t\t<img decoding=\"async\" class=\"wpz-slick-img\" src=\"https:\/\/amit-transportation.com\/wp-content\/uploads\/2024\/08\/img_1618.jpg\" alt=\"\">\n\t\t\t\t\t\t\n\t\t\t\t\t\t\t\t\t\t\t<\/div>\n\t\t\t\t<\/div>\n\n\t\t\t\n\t\t<\/div>\n\n\t\t\t\t\t<button type=\"button\" class=\"slick-prev\"><svg aria-hidden=\"true\" class=\"e-font-icon-svg e-fas-chevron-left\" viewBox=\"0 0 320 512\" xmlns=\"http:\/\/www.w3.org\/2000\/svg\"><path d=\"M34.52 239.03L228.87 44.69c9.37-9.37 24.57-9.37 33.94 0l22.67 22.67c9.36 9.36 9.37 24.52.04 33.9L131.49 256l154.02 154.75c9.34 9.38 9.32 24.54-.04 33.9l-22.67 22.67c-9.37 9.37-24.57 9.37-33.94 0L34.52 272.97c-9.37-9.37-9.37-24.57 0-33.94z\"><\/path><\/svg><\/button>\n\t\t\n\t\t\t\t\t<button type=\"button\" class=\"slick-next\"><svg aria-hidden=\"true\" class=\"e-font-icon-svg e-fas-chevron-right\" viewBox=\"0 0 320 512\" xmlns=\"http:\/\/www.w3.org\/2000\/svg\"><path d=\"M285.476 272.971L91.132 467.314c-9.373 9.373-24.569 9.373-33.941 0l-22.667-22.667c-9.357-9.357-9.375-24.522-.04-33.901L188.505 256 34.484 101.255c-9.335-9.379-9.317-24.544.04-33.901l22.667-22.667c9.373-9.373 24.569-9.373 33.941 0L285.475 239.03c9.373 9.372 9.373 24.568.001 33.941z\"><\/path><\/svg><\/button>\n\t\t\n\t\t\t\t\t\t<\/div>\n\t\t\t\t<\/div>\n\t\t\t\t<div class=\"elementor-element elementor-element-2c6cb29 elementor-align-center elementor-widget elementor-widget-button\" data-id=\"2c6cb29\" data-element_type=\"widget\" data-widget_type=\"button.default\">\n\t\t\t\t<div class=\"elementor-widget-container\">\n\t\t\t\t\t\t\t\t\t<div class=\"elementor-button-wrapper\">\n\t\t\t\t\t<a class=\"elementor-button elementor-button-link elementor-size-sm\" href=\"\/en\/contacts\/\">\n\t\t\t\t\t\t<span class=\"elementor-button-content-wrapper\">\n\t\t\t\t\t\t\t\t\t<span class=\"elementor-button-text\">CONTACT US<\/span>\n\t\t\t\t\t<\/span>\n\t\t\t\t\t<\/a>\n\t\t\t\t<\/div>\n\t\t\t\t\t\t\t\t<\/div>\n\t\t\t\t<\/div>\n\t\t\t\t\t<\/div>\n\t\t\t\t<\/div>\n\t\t\t\t<\/div>\n\t\t","protected":false},"excerpt":{"rendered":"<p>PPMBxxx recording units are based on an industrial computer running a Linux operating system. These units are designed for recording onto storage drives and for viewing data from IP cameras. To connect to the ethernet communication infrastructure, RJ45 or M12 connector interfaces can be used. Possibility of transferring recorded video [&hellip;]<\/p>\n","protected":false},"author":80,"featured_media":2410,"parent":0,"menu_order":0,"comment_status":"closed","ping_status":"closed","template":"","meta":{"footnotes":""},"class_list":["post-9471","page","type-page","status-publish","has-post-thumbnail","hentry"],"yoast_head":"<!-- This site is optimized with the Yoast SEO plugin v26.8-RC7 - https:\/\/yoast.com\/product\/yoast-seo-wordpress\/ -->\n<title>Recording units - AMiT Transportation<\/title>\n<meta name=\"robots\" content=\"index, follow, max-snippet:-1, max-image-preview:large, max-video-preview:-1\" \/>\n<link rel=\"canonical\" href=\"https:\/\/amit-transportation.com\/en\/recording-units\/\" \/>\n<meta property=\"og:locale\" content=\"en_US\" \/>\n<meta property=\"og:type\" content=\"article\" \/>\n<meta property=\"og:title\" content=\"Recording units - AMiT Transportation\" \/>\n<meta property=\"og:description\" content=\"PPMBxxx recording units are based on an industrial computer running a Linux operating system. These units are designed for recording onto storage drives and for viewing data from IP cameras. To connect to the ethernet communication infrastructure, RJ45 or M12 connector interfaces can be used. Possibility of transferring recorded video [&hellip;]\" \/>\n<meta property=\"og:url\" content=\"https:\/\/amit-transportation.com\/en\/recording-units\/\" \/>\n<meta property=\"og:site_name\" content=\"AMiT Transportation\" \/>\n<meta property=\"article:modified_time\" content=\"2024-09-15T16:03:35+00:00\" \/>\n<meta property=\"og:image\" content=\"https:\/\/amit-transportation.com\/wp-content\/uploads\/2016\/05\/inf_gr.jpg\" \/>\n\t<meta property=\"og:image:width\" content=\"1920\" \/>\n\t<meta property=\"og:image:height\" content=\"228\" \/>\n\t<meta property=\"og:image:type\" content=\"image\/jpeg\" \/>\n<meta name=\"twitter:card\" content=\"summary_large_image\" \/>\n<meta name=\"twitter:label1\" content=\"Est. reading time\" \/>\n\t<meta name=\"twitter:data1\" content=\"5 minutes\" \/>\n<script type=\"application\/ld+json\" class=\"yoast-schema-graph\">{\"@context\":\"https:\/\/schema.org\",\"@graph\":[{\"@type\":\"WebPage\",\"@id\":\"https:\/\/amit-transportation.com\/en\/recording-units\/\",\"url\":\"https:\/\/amit-transportation.com\/en\/recording-units\/\",\"name\":\"Recording units - AMiT Transportation\",\"isPartOf\":{\"@id\":\"https:\/\/amit-transportation.com\/#website\"},\"primaryImageOfPage\":{\"@id\":\"https:\/\/amit-transportation.com\/en\/recording-units\/#primaryimage\"},\"image\":{\"@id\":\"https:\/\/amit-transportation.com\/en\/recording-units\/#primaryimage\"},\"thumbnailUrl\":\"https:\/\/amit-transportation.com\/wp-content\/uploads\/2016\/05\/inf_gr.jpg\",\"datePublished\":\"2024-09-15T16:00:05+00:00\",\"dateModified\":\"2024-09-15T16:03:35+00:00\",\"breadcrumb\":{\"@id\":\"https:\/\/amit-transportation.com\/en\/recording-units\/#breadcrumb\"},\"inLanguage\":\"en-US\",\"potentialAction\":[{\"@type\":\"ReadAction\",\"target\":[\"https:\/\/amit-transportation.com\/en\/recording-units\/\"]}]},{\"@type\":\"ImageObject\",\"inLanguage\":\"en-US\",\"@id\":\"https:\/\/amit-transportation.com\/en\/recording-units\/#primaryimage\",\"url\":\"https:\/\/amit-transportation.com\/wp-content\/uploads\/2016\/05\/inf_gr.jpg\",\"contentUrl\":\"https:\/\/amit-transportation.com\/wp-content\/uploads\/2016\/05\/inf_gr.jpg\",\"width\":1920,\"height\":228},{\"@type\":\"BreadcrumbList\",\"@id\":\"https:\/\/amit-transportation.com\/en\/recording-units\/#breadcrumb\",\"itemListElement\":[{\"@type\":\"ListItem\",\"position\":1,\"name\":\"Home\",\"item\":\"https:\/\/amit-transportation.com\/\"},{\"@type\":\"ListItem\",\"position\":2,\"name\":\"Recording units\"}]},{\"@type\":\"WebSite\",\"@id\":\"https:\/\/amit-transportation.com\/#website\",\"url\":\"https:\/\/amit-transportation.com\/\",\"name\":\"AMiT Transportation\",\"description\":\"Elektronika pro kolejov\u00e1 vozidla a ve\u0159ejnou dopravu\",\"publisher\":{\"@id\":\"https:\/\/amit-transportation.com\/#organization\"},\"potentialAction\":[{\"@type\":\"SearchAction\",\"target\":{\"@type\":\"EntryPoint\",\"urlTemplate\":\"https:\/\/amit-transportation.com\/?s={search_term_string}\"},\"query-input\":{\"@type\":\"PropertyValueSpecification\",\"valueRequired\":true,\"valueName\":\"search_term_string\"}}],\"inLanguage\":\"en-US\"},{\"@type\":\"Organization\",\"@id\":\"https:\/\/amit-transportation.com\/#organization\",\"name\":\"AMiT Transportation\",\"url\":\"https:\/\/amit-transportation.com\/\",\"logo\":{\"@type\":\"ImageObject\",\"inLanguage\":\"en-US\",\"@id\":\"https:\/\/amit-transportation.com\/#\/schema\/logo\/image\/\",\"url\":\"https:\/\/amit-transportation.com\/wp-content\/uploads\/2024\/07\/amit_logo_white.svg\",\"contentUrl\":\"https:\/\/amit-transportation.com\/wp-content\/uploads\/2024\/07\/amit_logo_white.svg\",\"caption\":\"AMiT Transportation\"},\"image\":{\"@id\":\"https:\/\/amit-transportation.com\/#\/schema\/logo\/image\/\"}}]}<\/script>\n<!-- \/ Yoast SEO plugin. -->","yoast_head_json":{"title":"Recording units - AMiT Transportation","robots":{"index":"index","follow":"follow","max-snippet":"max-snippet:-1","max-image-preview":"max-image-preview:large","max-video-preview":"max-video-preview:-1"},"canonical":"https:\/\/amit-transportation.com\/en\/recording-units\/","og_locale":"en_US","og_type":"article","og_title":"Recording units - AMiT Transportation","og_description":"PPMBxxx recording units are based on an industrial computer running a Linux operating system. These units are designed for recording onto storage drives and for viewing data from IP cameras. To connect to the ethernet communication infrastructure, RJ45 or M12 connector interfaces can be used. Possibility of transferring recorded video [&hellip;]","og_url":"https:\/\/amit-transportation.com\/en\/recording-units\/","og_site_name":"AMiT Transportation","article_modified_time":"2024-09-15T16:03:35+00:00","og_image":[{"width":1920,"height":228,"url":"https:\/\/amit-transportation.com\/wp-content\/uploads\/2016\/05\/inf_gr.jpg","type":"image\/jpeg"}],"twitter_card":"summary_large_image","twitter_misc":{"Est. reading time":"5 minutes"},"schema":{"@context":"https:\/\/schema.org","@graph":[{"@type":"WebPage","@id":"https:\/\/amit-transportation.com\/en\/recording-units\/","url":"https:\/\/amit-transportation.com\/en\/recording-units\/","name":"Recording units - AMiT Transportation","isPartOf":{"@id":"https:\/\/amit-transportation.com\/#website"},"primaryImageOfPage":{"@id":"https:\/\/amit-transportation.com\/en\/recording-units\/#primaryimage"},"image":{"@id":"https:\/\/amit-transportation.com\/en\/recording-units\/#primaryimage"},"thumbnailUrl":"https:\/\/amit-transportation.com\/wp-content\/uploads\/2016\/05\/inf_gr.jpg","datePublished":"2024-09-15T16:00:05+00:00","dateModified":"2024-09-15T16:03:35+00:00","breadcrumb":{"@id":"https:\/\/amit-transportation.com\/en\/recording-units\/#breadcrumb"},"inLanguage":"en-US","potentialAction":[{"@type":"ReadAction","target":["https:\/\/amit-transportation.com\/en\/recording-units\/"]}]},{"@type":"ImageObject","inLanguage":"en-US","@id":"https:\/\/amit-transportation.com\/en\/recording-units\/#primaryimage","url":"https:\/\/amit-transportation.com\/wp-content\/uploads\/2016\/05\/inf_gr.jpg","contentUrl":"https:\/\/amit-transportation.com\/wp-content\/uploads\/2016\/05\/inf_gr.jpg","width":1920,"height":228},{"@type":"BreadcrumbList","@id":"https:\/\/amit-transportation.com\/en\/recording-units\/#breadcrumb","itemListElement":[{"@type":"ListItem","position":1,"name":"Home","item":"https:\/\/amit-transportation.com\/"},{"@type":"ListItem","position":2,"name":"Recording units"}]},{"@type":"WebSite","@id":"https:\/\/amit-transportation.com\/#website","url":"https:\/\/amit-transportation.com\/","name":"AMiT Transportation","description":"Elektronika pro kolejov\u00e1 vozidla a ve\u0159ejnou dopravu","publisher":{"@id":"https:\/\/amit-transportation.com\/#organization"},"potentialAction":[{"@type":"SearchAction","target":{"@type":"EntryPoint","urlTemplate":"https:\/\/amit-transportation.com\/?s={search_term_string}"},"query-input":{"@type":"PropertyValueSpecification","valueRequired":true,"valueName":"search_term_string"}}],"inLanguage":"en-US"},{"@type":"Organization","@id":"https:\/\/amit-transportation.com\/#organization","name":"AMiT Transportation","url":"https:\/\/amit-transportation.com\/","logo":{"@type":"ImageObject","inLanguage":"en-US","@id":"https:\/\/amit-transportation.com\/#\/schema\/logo\/image\/","url":"https:\/\/amit-transportation.com\/wp-content\/uploads\/2024\/07\/amit_logo_white.svg","contentUrl":"https:\/\/amit-transportation.com\/wp-content\/uploads\/2024\/07\/amit_logo_white.svg","caption":"AMiT Transportation"},"image":{"@id":"https:\/\/amit-transportation.com\/#\/schema\/logo\/image\/"}}]}},"_links":{"self":[{"href":"https:\/\/amit-transportation.com\/en\/wp-json\/wp\/v2\/pages\/9471","targetHints":{"allow":["GET"]}}],"collection":[{"href":"https:\/\/amit-transportation.com\/en\/wp-json\/wp\/v2\/pages"}],"about":[{"href":"https:\/\/amit-transportation.com\/en\/wp-json\/wp\/v2\/types\/page"}],"author":[{"embeddable":true,"href":"https:\/\/amit-transportation.com\/en\/wp-json\/wp\/v2\/users\/80"}],"replies":[{"embeddable":true,"href":"https:\/\/amit-transportation.com\/en\/wp-json\/wp\/v2\/comments?post=9471"}],"version-history":[{"count":4,"href":"https:\/\/amit-transportation.com\/en\/wp-json\/wp\/v2\/pages\/9471\/revisions"}],"predecessor-version":[{"id":9476,"href":"https:\/\/amit-transportation.com\/en\/wp-json\/wp\/v2\/pages\/9471\/revisions\/9476"}],"wp:featuredmedia":[{"embeddable":true,"href":"https:\/\/amit-transportation.com\/en\/wp-json\/wp\/v2\/media\/2410"}],"wp:attachment":[{"href":"https:\/\/amit-transportation.com\/en\/wp-json\/wp\/v2\/media?parent=9471"}],"curies":[{"name":"wp","href":"https:\/\/api.w.org\/{rel}","templated":true}]}}