{"id":9134,"date":"2024-09-11T15:52:30","date_gmt":"2024-09-11T13:52:30","guid":{"rendered":"https:\/\/amitt2.top-me.eu\/?page_id=9134"},"modified":"2024-09-11T15:53:27","modified_gmt":"2024-09-11T13:53:27","slug":"broad-band-loudspeakers","status":"publish","type":"page","link":"https:\/\/amit-transportation.com\/en\/broad-band-loudspeakers\/","title":{"rendered":"Broad-band Loudspeakers"},"content":{"rendered":"\t\t<div data-elementor-type=\"wp-page\" data-elementor-id=\"9134\" class=\"elementor elementor-9134\" data-elementor-post-type=\"page\">\n\t\t\t\t<div class=\"elementor-element elementor-element-8ea9a7f e-flex e-con-boxed e-con e-parent\" data-id=\"8ea9a7f\" data-element_type=\"container\">\n\t\t\t\t\t<div class=\"e-con-inner\">\n\t\t\t\t<div class=\"elementor-element elementor-element-cbe30c9 elementor-widget elementor-widget-text-editor\" data-id=\"cbe30c9\" data-element_type=\"widget\" data-widget_type=\"text-editor.default\">\n\t\t\t\t<div class=\"elementor-widget-container\">\n\t\t\t\t\t\t\t\t\t<p>Adequate sound reproduction in the driver\u2019s cabin, passenger area, or in front of the vehicle is ensured by appropriately placed speakers. Available are robust speakers with increased moisture resistance, suitable for both indoor and outdoor use. The speakers can be connected in series or parallel to meet the performance and impedance requirements of the power amplifier.<\/p>\t\t\t\t\t\t\t\t<\/div>\n\t\t\t\t<\/div>\n\t\t\t\t<div class=\"elementor-element elementor-element-d615691 elementor-widget elementor-widget-heading\" data-id=\"d615691\" data-element_type=\"widget\" data-widget_type=\"heading.default\">\n\t\t\t\t<div class=\"elementor-widget-container\">\n\t\t\t\t\t<h2 class=\"elementor-heading-title elementor-size-default\">Technical specifications<\/h2>\t\t\t\t<\/div>\n\t\t\t\t<\/div>\n\t\t\t\t<div class=\"elementor-element elementor-element-9755b56 elementor-widget elementor-widget-text-editor\" data-id=\"9755b56\" data-element_type=\"widget\" data-widget_type=\"text-editor.default\">\n\t\t\t\t<div class=\"elementor-widget-container\">\n\t\t\t\t\t\t\t\t\t<table style=\"background-color: #d6d6d6; width: 100%;\" width=\"100%\"><tbody><tr><td><p>\u00a0 Impedance<\/p><\/td><td><p>8 \u03a9 nebo 4 \u03a9<\/p><\/td><\/tr><tr><td><p>\u00a0 V\u00fdkon jmenovit\u00fd<\/p><\/td><td><p>15 W<\/p><\/td><\/tr><tr><td><p>\u00a0 Frekven\u010dn\u00ed rozsah<\/p><\/td><td><p>100 Hz a\u017e 20 000 Hz<\/p><\/td><\/tr><tr><td><p>\u00a0 Barva<\/p><\/td><td><p>\u010dern\u00e1 \/ b\u00edl\u00e1<\/p><\/td><\/tr><tr><td><p>\u00a0 Kryt\u00ed zep\u0159edu<\/p><\/td><td><p>IP65<\/p><\/td><\/tr><tr><td><p>\u00a0 Pracovn\u00ed teplota<\/p><\/td><td><p>-40 \u00b0C a\u017e 80 \u00b0C<\/p><\/td><\/tr><tr><td><p>\u00a0 Mont\u00e1\u017e<\/p><\/td><td><p>do st\u011bny, otvor \u00f8 75 mm, 4 \u0161rouby M3<\/p><\/td><\/tr><tr><td><p>\u00a0 Hmotnost<\/p><\/td><td><p>0,22 kg<\/p><\/td><\/tr><tr><td><p>\u00a0 Rozm\u011bry (d \u00d7 v)<\/p><\/td><td><p>(90 \u00d7 49) mm<\/p><\/td><\/tr><\/tbody><\/table><p><strong>\u00a0<\/strong><\/p><h3><strong>Dostupn\u00e9 typy:<\/strong><\/h3><table><tbody><tr><td width=\"148\"><p><strong>FR8WP4OHM\/B<\/strong><\/p><\/td><td width=\"457\"><p>reproduktor, 4 \u2126, barva \u010dern\u00e1, 15W<\/p><\/td><\/tr><tr><td width=\"148\"><p><strong>FR8WP4OHM\/W<\/strong><\/p><\/td><td width=\"457\"><p>reproduktor, 4 \u2126, barva b\u00edl\u00e1, 15W<\/p><\/td><\/tr><tr><td width=\"148\"><p><strong>FR8WP8OHM\/B<\/strong><\/p><\/td><td width=\"457\"><p>reproduktor, 8 \u2126, barva \u010dern\u00e1, 15W<\/p><\/td><\/tr><tr><td width=\"148\"><p><strong>FR8WP8OHM\/W<\/strong><\/p><\/td><td width=\"457\"><p>reproduktor, 8 \u2126, barva b\u00edl\u00e1, 15W<\/p><\/td><\/tr><\/tbody><\/table>\t\t\t\t\t\t\t\t<\/div>\n\t\t\t\t<\/div>\n\t\t\t\t<div class=\"elementor-element elementor-element-762ae53 elementor-widget elementor-widget-text-editor\" data-id=\"762ae53\" data-element_type=\"widget\" data-widget_type=\"text-editor.default\">\n\t\t\t\t<div class=\"elementor-widget-container\">\n\t\t\t\t\t\t\t\t\t<ul><li>Speakers designed for use in rolling stock vehicles<\/li><li>Audio component of the vehicle information system<\/li><li>Wideband speaker<\/li><li>Outdoor design<\/li><li>Panel mounting<\/li><li>Available in black or white<\/li><li>Extended operating temperature range from -40 \u00b0C to 80 \u00b0C<\/li><\/ul>\t\t\t\t\t\t\t\t<\/div>\n\t\t\t\t<\/div>\n\t\t\t\t\t<\/div>\n\t\t\t\t<\/div>\n\t\t<div class=\"elementor-element elementor-element-89c3a0d e-flex e-con-boxed e-con e-parent\" data-id=\"89c3a0d\" data-element_type=\"container\">\n\t\t\t\t\t<div class=\"e-con-inner\">\n\t\t\t\t<div class=\"elementor-element elementor-element-224debb elementor-widget elementor-widget-wpzoom-elementor-addons-carousel\" data-id=\"224debb\" data-element_type=\"widget\" data-settings=\"{&quot;slides_to_show&quot;:&quot;1&quot;,&quot;animation_speed&quot;:300,&quot;autoplay&quot;:&quot;yes&quot;,&quot;autoplay_speed&quot;:3000,&quot;loop&quot;:&quot;yes&quot;,&quot;navigation&quot;:&quot;arrow&quot;,&quot;slides_to_show_tablet&quot;:3,&quot;slides_to_show_mobile&quot;:2}\" data-widget_type=\"wpzoom-elementor-addons-carousel.default\">\n\t\t\t\t<div class=\"elementor-widget-container\">\n\t\t\t\t\t<div class=\"wpzjs-slick wpz-slick wpz-slick--carousel\">\n\n\t\t\t\n\t\t\t\t<div class=\"wpz-slick-slide\">\n\t\t\t\t\t<div class=\"wpz-slick-item\">\n\t\t\t\t\t\t\t\t\t\t\t\t\t<img decoding=\"async\" class=\"wpz-slick-img\" src=\"https:\/\/amit-transportation.com\/wp-content\/uploads\/2024\/07\/fr8wp1.jpg\" alt=\"\">\n\t\t\t\t\t\t\n\t\t\t\t\t\t\t\t\t\t\t<\/div>\n\t\t\t\t<\/div>\n\n\t\t\t\n\t\t\t\t<div class=\"wpz-slick-slide\">\n\t\t\t\t\t<div class=\"wpz-slick-item\">\n\t\t\t\t\t\t\t\t\t\t\t\t\t<img decoding=\"async\" class=\"wpz-slick-img\" src=\"https:\/\/amit-transportation.com\/wp-content\/uploads\/2024\/07\/fr8wp2.jpg\" alt=\"\">\n\t\t\t\t\t\t\n\t\t\t\t\t\t\t\t\t\t\t<\/div>\n\t\t\t\t<\/div>\n\n\t\t\t\n\t\t\t\t<div class=\"wpz-slick-slide\">\n\t\t\t\t\t<div class=\"wpz-slick-item\">\n\t\t\t\t\t\t\t\t\t\t\t\t\t<img decoding=\"async\" class=\"wpz-slick-img\" src=\"https:\/\/amit-transportation.com\/wp-content\/uploads\/2024\/07\/fr8wp3.jpg\" alt=\"\">\n\t\t\t\t\t\t\n\t\t\t\t\t\t\t\t\t\t\t<\/div>\n\t\t\t\t<\/div>\n\n\t\t\t\n\t\t\t\t<div class=\"wpz-slick-slide\">\n\t\t\t\t\t<div class=\"wpz-slick-item\">\n\t\t\t\t\t\t\t\t\t\t\t\t\t<img decoding=\"async\" class=\"wpz-slick-img\" src=\"https:\/\/amit-transportation.com\/wp-content\/uploads\/2024\/07\/fr8wp4.jpg\" alt=\"\">\n\t\t\t\t\t\t\n\t\t\t\t\t\t\t\t\t\t\t<\/div>\n\t\t\t\t<\/div>\n\n\t\t\t\n\t\t\t\t<div class=\"wpz-slick-slide\">\n\t\t\t\t\t<div class=\"wpz-slick-item\">\n\t\t\t\t\t\t\t\t\t\t\t\t\t<img decoding=\"async\" class=\"wpz-slick-img\" src=\"https:\/\/amit-transportation.com\/wp-content\/uploads\/2024\/07\/fr8wp5.jpg\" alt=\"\">\n\t\t\t\t\t\t\n\t\t\t\t\t\t\t\t\t\t\t<\/div>\n\t\t\t\t<\/div>\n\n\t\t\t\n\t\t<\/div>\n\n\t\t\t\t\t<button type=\"button\" class=\"slick-prev\"><svg aria-hidden=\"true\" class=\"e-font-icon-svg e-fas-chevron-left\" viewBox=\"0 0 320 512\" xmlns=\"http:\/\/www.w3.org\/2000\/svg\"><path d=\"M34.52 239.03L228.87 44.69c9.37-9.37 24.57-9.37 33.94 0l22.67 22.67c9.36 9.36 9.37 24.52.04 33.9L131.49 256l154.02 154.75c9.34 9.38 9.32 24.54-.04 33.9l-22.67 22.67c-9.37 9.37-24.57 9.37-33.94 0L34.52 272.97c-9.37-9.37-9.37-24.57 0-33.94z\"><\/path><\/svg><\/button>\n\t\t\n\t\t\t\t\t<button type=\"button\" class=\"slick-next\"><svg aria-hidden=\"true\" class=\"e-font-icon-svg e-fas-chevron-right\" viewBox=\"0 0 320 512\" xmlns=\"http:\/\/www.w3.org\/2000\/svg\"><path d=\"M285.476 272.971L91.132 467.314c-9.373 9.373-24.569 9.373-33.941 0l-22.667-22.667c-9.357-9.357-9.375-24.522-.04-33.901L188.505 256 34.484 101.255c-9.335-9.379-9.317-24.544.04-33.901l22.667-22.667c9.373-9.373 24.569-9.373 33.941 0L285.475 239.03c9.373 9.372 9.373 24.568.001 33.941z\"><\/path><\/svg><\/button>\n\t\t\n\t\t\t\t\t\t<\/div>\n\t\t\t\t<\/div>\n\t\t\t\t\t<\/div>\n\t\t\t\t<\/div>\n\t\t<div class=\"elementor-element elementor-element-20fed4e e-flex e-con-boxed e-con e-parent\" data-id=\"20fed4e\" data-element_type=\"container\">\n\t\t\t\t\t<div class=\"e-con-inner\">\n\t\t\t\t<div class=\"elementor-element elementor-element-d2d214c elementor-align-center elementor-widget elementor-widget-button\" data-id=\"d2d214c\" data-element_type=\"widget\" data-widget_type=\"button.default\">\n\t\t\t\t<div class=\"elementor-widget-container\">\n\t\t\t\t\t\t\t\t\t<div class=\"elementor-button-wrapper\">\n\t\t\t\t\t<a class=\"elementor-button elementor-button-link elementor-size-sm\" href=\"https:\/\/amit-transportation.com\/kontakt\/\">\n\t\t\t\t\t\t<span class=\"elementor-button-content-wrapper\">\n\t\t\t\t\t\t\t\t\t<span class=\"elementor-button-text\">KONTAKTUJTE N\u00c1S<\/span>\n\t\t\t\t\t<\/span>\n\t\t\t\t\t<\/a>\n\t\t\t\t<\/div>\n\t\t\t\t\t\t\t\t<\/div>\n\t\t\t\t<\/div>\n\t\t\t\t\t<\/div>\n\t\t\t\t<\/div>\n\t\t\t\t<\/div>\n\t\t","protected":false},"excerpt":{"rendered":"<p>Adequate sound reproduction in the driver\u2019s cabin, passenger area, or in front of the vehicle is ensured by appropriately placed speakers. Available are robust speakers with increased moisture resistance, suitable for both indoor and outdoor use. The speakers can be connected in series or parallel to meet the performance and [&hellip;]<\/p>\n","protected":false},"author":80,"featured_media":6880,"parent":0,"menu_order":0,"comment_status":"closed","ping_status":"closed","template":"","meta":{"footnotes":""},"class_list":["post-9134","page","type-page","status-publish","has-post-thumbnail","hentry"],"yoast_head":"<!-- This site is optimized with the Yoast SEO plugin v26.8-RC7 - https:\/\/yoast.com\/product\/yoast-seo-wordpress\/ -->\n<title>Broad-band Loudspeakers - AMiT Transportation<\/title>\n<meta name=\"robots\" content=\"index, follow, max-snippet:-1, max-image-preview:large, max-video-preview:-1\" \/>\n<link rel=\"canonical\" href=\"https:\/\/amit-transportation.com\/en\/broad-band-loudspeakers\/\" \/>\n<meta property=\"og:locale\" content=\"en_US\" \/>\n<meta property=\"og:type\" content=\"article\" \/>\n<meta property=\"og:title\" content=\"Broad-band Loudspeakers - AMiT Transportation\" \/>\n<meta property=\"og:description\" content=\"Adequate sound reproduction in the driver\u2019s cabin, passenger area, or in front of the vehicle is ensured by appropriately placed speakers. Available are robust speakers with increased moisture resistance, suitable for both indoor and outdoor use. The speakers can be connected in series or parallel to meet the performance and [&hellip;]\" \/>\n<meta property=\"og:url\" content=\"https:\/\/amit-transportation.com\/en\/broad-band-loudspeakers\/\" \/>\n<meta property=\"og:site_name\" content=\"AMiT Transportation\" \/>\n<meta property=\"article:modified_time\" content=\"2024-09-11T13:53:27+00:00\" \/>\n<meta property=\"og:image\" content=\"https:\/\/amit-transportation.com\/wp-content\/uploads\/2024\/07\/ISC.jpg\" \/>\n\t<meta property=\"og:image:width\" content=\"1920\" \/>\n\t<meta property=\"og:image:height\" content=\"228\" \/>\n\t<meta property=\"og:image:type\" content=\"image\/jpeg\" \/>\n<meta name=\"twitter:card\" content=\"summary_large_image\" \/>\n<meta name=\"twitter:label1\" content=\"Est. reading time\" \/>\n\t<meta name=\"twitter:data1\" content=\"4 minutes\" \/>\n<script type=\"application\/ld+json\" class=\"yoast-schema-graph\">{\"@context\":\"https:\/\/schema.org\",\"@graph\":[{\"@type\":\"WebPage\",\"@id\":\"https:\/\/amit-transportation.com\/en\/broad-band-loudspeakers\/\",\"url\":\"https:\/\/amit-transportation.com\/en\/broad-band-loudspeakers\/\",\"name\":\"Broad-band Loudspeakers - AMiT Transportation\",\"isPartOf\":{\"@id\":\"https:\/\/amit-transportation.com\/#website\"},\"primaryImageOfPage\":{\"@id\":\"https:\/\/amit-transportation.com\/en\/broad-band-loudspeakers\/#primaryimage\"},\"image\":{\"@id\":\"https:\/\/amit-transportation.com\/en\/broad-band-loudspeakers\/#primaryimage\"},\"thumbnailUrl\":\"https:\/\/amit-transportation.com\/wp-content\/uploads\/2024\/07\/ISC.jpg\",\"datePublished\":\"2024-09-11T13:52:30+00:00\",\"dateModified\":\"2024-09-11T13:53:27+00:00\",\"breadcrumb\":{\"@id\":\"https:\/\/amit-transportation.com\/en\/broad-band-loudspeakers\/#breadcrumb\"},\"inLanguage\":\"en-US\",\"potentialAction\":[{\"@type\":\"ReadAction\",\"target\":[\"https:\/\/amit-transportation.com\/en\/broad-band-loudspeakers\/\"]}]},{\"@type\":\"ImageObject\",\"inLanguage\":\"en-US\",\"@id\":\"https:\/\/amit-transportation.com\/en\/broad-band-loudspeakers\/#primaryimage\",\"url\":\"https:\/\/amit-transportation.com\/wp-content\/uploads\/2024\/07\/ISC.jpg\",\"contentUrl\":\"https:\/\/amit-transportation.com\/wp-content\/uploads\/2024\/07\/ISC.jpg\",\"width\":1920,\"height\":228},{\"@type\":\"BreadcrumbList\",\"@id\":\"https:\/\/amit-transportation.com\/en\/broad-band-loudspeakers\/#breadcrumb\",\"itemListElement\":[{\"@type\":\"ListItem\",\"position\":1,\"name\":\"Home\",\"item\":\"https:\/\/amit-transportation.com\/\"},{\"@type\":\"ListItem\",\"position\":2,\"name\":\"Broad-band Loudspeakers\"}]},{\"@type\":\"WebSite\",\"@id\":\"https:\/\/amit-transportation.com\/#website\",\"url\":\"https:\/\/amit-transportation.com\/\",\"name\":\"AMiT Transportation\",\"description\":\"Elektronika pro kolejov\u00e1 vozidla a ve\u0159ejnou dopravu\",\"publisher\":{\"@id\":\"https:\/\/amit-transportation.com\/#organization\"},\"potentialAction\":[{\"@type\":\"SearchAction\",\"target\":{\"@type\":\"EntryPoint\",\"urlTemplate\":\"https:\/\/amit-transportation.com\/?s={search_term_string}\"},\"query-input\":{\"@type\":\"PropertyValueSpecification\",\"valueRequired\":true,\"valueName\":\"search_term_string\"}}],\"inLanguage\":\"en-US\"},{\"@type\":\"Organization\",\"@id\":\"https:\/\/amit-transportation.com\/#organization\",\"name\":\"AMiT Transportation\",\"url\":\"https:\/\/amit-transportation.com\/\",\"logo\":{\"@type\":\"ImageObject\",\"inLanguage\":\"en-US\",\"@id\":\"https:\/\/amit-transportation.com\/#\/schema\/logo\/image\/\",\"url\":\"https:\/\/amit-transportation.com\/wp-content\/uploads\/2024\/07\/amit_logo_white.svg\",\"contentUrl\":\"https:\/\/amit-transportation.com\/wp-content\/uploads\/2024\/07\/amit_logo_white.svg\",\"caption\":\"AMiT Transportation\"},\"image\":{\"@id\":\"https:\/\/amit-transportation.com\/#\/schema\/logo\/image\/\"}}]}<\/script>\n<!-- \/ Yoast SEO plugin. -->","yoast_head_json":{"title":"Broad-band Loudspeakers - AMiT Transportation","robots":{"index":"index","follow":"follow","max-snippet":"max-snippet:-1","max-image-preview":"max-image-preview:large","max-video-preview":"max-video-preview:-1"},"canonical":"https:\/\/amit-transportation.com\/en\/broad-band-loudspeakers\/","og_locale":"en_US","og_type":"article","og_title":"Broad-band Loudspeakers - AMiT Transportation","og_description":"Adequate sound reproduction in the driver\u2019s cabin, passenger area, or in front of the vehicle is ensured by appropriately placed speakers. Available are robust speakers with increased moisture resistance, suitable for both indoor and outdoor use. The speakers can be connected in series or parallel to meet the performance and [&hellip;]","og_url":"https:\/\/amit-transportation.com\/en\/broad-band-loudspeakers\/","og_site_name":"AMiT Transportation","article_modified_time":"2024-09-11T13:53:27+00:00","og_image":[{"width":1920,"height":228,"url":"https:\/\/amit-transportation.com\/wp-content\/uploads\/2024\/07\/ISC.jpg","type":"image\/jpeg"}],"twitter_card":"summary_large_image","twitter_misc":{"Est. reading time":"4 minutes"},"schema":{"@context":"https:\/\/schema.org","@graph":[{"@type":"WebPage","@id":"https:\/\/amit-transportation.com\/en\/broad-band-loudspeakers\/","url":"https:\/\/amit-transportation.com\/en\/broad-band-loudspeakers\/","name":"Broad-band Loudspeakers - AMiT Transportation","isPartOf":{"@id":"https:\/\/amit-transportation.com\/#website"},"primaryImageOfPage":{"@id":"https:\/\/amit-transportation.com\/en\/broad-band-loudspeakers\/#primaryimage"},"image":{"@id":"https:\/\/amit-transportation.com\/en\/broad-band-loudspeakers\/#primaryimage"},"thumbnailUrl":"https:\/\/amit-transportation.com\/wp-content\/uploads\/2024\/07\/ISC.jpg","datePublished":"2024-09-11T13:52:30+00:00","dateModified":"2024-09-11T13:53:27+00:00","breadcrumb":{"@id":"https:\/\/amit-transportation.com\/en\/broad-band-loudspeakers\/#breadcrumb"},"inLanguage":"en-US","potentialAction":[{"@type":"ReadAction","target":["https:\/\/amit-transportation.com\/en\/broad-band-loudspeakers\/"]}]},{"@type":"ImageObject","inLanguage":"en-US","@id":"https:\/\/amit-transportation.com\/en\/broad-band-loudspeakers\/#primaryimage","url":"https:\/\/amit-transportation.com\/wp-content\/uploads\/2024\/07\/ISC.jpg","contentUrl":"https:\/\/amit-transportation.com\/wp-content\/uploads\/2024\/07\/ISC.jpg","width":1920,"height":228},{"@type":"BreadcrumbList","@id":"https:\/\/amit-transportation.com\/en\/broad-band-loudspeakers\/#breadcrumb","itemListElement":[{"@type":"ListItem","position":1,"name":"Home","item":"https:\/\/amit-transportation.com\/"},{"@type":"ListItem","position":2,"name":"Broad-band Loudspeakers"}]},{"@type":"WebSite","@id":"https:\/\/amit-transportation.com\/#website","url":"https:\/\/amit-transportation.com\/","name":"AMiT Transportation","description":"Elektronika pro kolejov\u00e1 vozidla a ve\u0159ejnou dopravu","publisher":{"@id":"https:\/\/amit-transportation.com\/#organization"},"potentialAction":[{"@type":"SearchAction","target":{"@type":"EntryPoint","urlTemplate":"https:\/\/amit-transportation.com\/?s={search_term_string}"},"query-input":{"@type":"PropertyValueSpecification","valueRequired":true,"valueName":"search_term_string"}}],"inLanguage":"en-US"},{"@type":"Organization","@id":"https:\/\/amit-transportation.com\/#organization","name":"AMiT Transportation","url":"https:\/\/amit-transportation.com\/","logo":{"@type":"ImageObject","inLanguage":"en-US","@id":"https:\/\/amit-transportation.com\/#\/schema\/logo\/image\/","url":"https:\/\/amit-transportation.com\/wp-content\/uploads\/2024\/07\/amit_logo_white.svg","contentUrl":"https:\/\/amit-transportation.com\/wp-content\/uploads\/2024\/07\/amit_logo_white.svg","caption":"AMiT Transportation"},"image":{"@id":"https:\/\/amit-transportation.com\/#\/schema\/logo\/image\/"}}]}},"_links":{"self":[{"href":"https:\/\/amit-transportation.com\/en\/wp-json\/wp\/v2\/pages\/9134","targetHints":{"allow":["GET"]}}],"collection":[{"href":"https:\/\/amit-transportation.com\/en\/wp-json\/wp\/v2\/pages"}],"about":[{"href":"https:\/\/amit-transportation.com\/en\/wp-json\/wp\/v2\/types\/page"}],"author":[{"embeddable":true,"href":"https:\/\/amit-transportation.com\/en\/wp-json\/wp\/v2\/users\/80"}],"replies":[{"embeddable":true,"href":"https:\/\/amit-transportation.com\/en\/wp-json\/wp\/v2\/comments?post=9134"}],"version-history":[{"count":4,"href":"https:\/\/amit-transportation.com\/en\/wp-json\/wp\/v2\/pages\/9134\/revisions"}],"predecessor-version":[{"id":9139,"href":"https:\/\/amit-transportation.com\/en\/wp-json\/wp\/v2\/pages\/9134\/revisions\/9139"}],"wp:featuredmedia":[{"embeddable":true,"href":"https:\/\/amit-transportation.com\/en\/wp-json\/wp\/v2\/media\/6880"}],"wp:attachment":[{"href":"https:\/\/amit-transportation.com\/en\/wp-json\/wp\/v2\/media?parent=9134"}],"curies":[{"name":"wp","href":"https:\/\/api.w.org\/{rel}","templated":true}]}}