{"id":10691,"date":"2024-12-06T08:40:11","date_gmt":"2024-12-06T06:40:11","guid":{"rendered":"https:\/\/amit-transportation.com\/?page_id=10691"},"modified":"2025-11-26T18:16:05","modified_gmt":"2025-11-26T16:16:05","slug":"business-team","status":"publish","type":"page","link":"https:\/\/amit-transportation.com\/en\/business-team\/","title":{"rendered":"Business team"},"content":{"rendered":"\t\t<div data-elementor-type=\"wp-page\" data-elementor-id=\"10691\" class=\"elementor elementor-10691\" data-elementor-post-type=\"page\">\n\t\t\t\t<div class=\"elementor-element elementor-element-7515032 e-grid e-con-full e-con e-parent\" data-id=\"7515032\" data-element_type=\"container\">\n\t\t<div class=\"elementor-element elementor-element-27c55e9 e-con-full e-flex e-con e-child\" data-id=\"27c55e9\" data-element_type=\"container\">\n\t\t\t\t<div class=\"elementor-element elementor-element-c204ab2 elementor-widget elementor-widget-image\" data-id=\"c204ab2\" data-element_type=\"widget\" data-widget_type=\"image.default\">\n\t\t\t\t<div class=\"elementor-widget-container\">\n\t\t\t\t\t\t\t\t\t\t\t\t\t\t\t<img decoding=\"async\" src=\"https:\/\/amit-transportation.com\/wp-content\/uploads\/elementor\/thumbs\/thumbnail_Hajsman_web-1-rfwpnwn0ytza191tndvu8qttuw2qp3e54fpipeyjm8.jpg\" title=\"thumbnail_Hajsman_web\" alt=\"thumbnail_Hajsman_web\" loading=\"lazy\" \/>\t\t\t\t\t\t\t\t\t\t\t\t\t\t\t<\/div>\n\t\t\t\t<\/div>\n\t\t\t\t<div class=\"elementor-element elementor-element-2cfb3d9 elementor-widget__width-initial elementor-widget elementor-widget-text-editor\" data-id=\"2cfb3d9\" data-element_type=\"widget\" data-widget_type=\"text-editor.default\">\n\t\t\t\t<div class=\"elementor-widget-container\">\n\t\t\t\t\t\t\t\t\t<p><strong>Tom\u00e1\u0161 Haj\u0161man<\/strong><br \/>Group Chief Sales Officer<br \/><a href=\"tel:+420731022369\">+420\u202f731 022 369<\/a><\/p><p><a href=\"mailto:hajsman@amit.cz\">hajsman@amit.cz<\/a><\/p>\t\t\t\t\t\t\t\t<\/div>\n\t\t\t\t<\/div>\n\t\t\t\t<\/div>\n\t\t<div class=\"elementor-element elementor-element-b08052b e-con-full e-flex e-con e-child\" data-id=\"b08052b\" data-element_type=\"container\">\n\t\t\t\t<div class=\"elementor-element elementor-element-0fddad2 elementor-widget elementor-widget-image\" data-id=\"0fddad2\" data-element_type=\"widget\" data-widget_type=\"image.default\">\n\t\t\t\t<div class=\"elementor-widget-container\">\n\t\t\t\t\t\t\t\t\t\t\t\t\t\t\t<img decoding=\"async\" src=\"https:\/\/amit-transportation.com\/wp-content\/uploads\/elementor\/thumbs\/foto_Eugen_web-rfwpm6lofrmcqzjxpn2go6hengkil2juvwnh15ij0w.jpg\" title=\"foto_Eugen_web\" alt=\"foto_Eugen_web\" loading=\"lazy\" \/>\t\t\t\t\t\t\t\t\t\t\t\t\t\t\t<\/div>\n\t\t\t\t<\/div>\n\t\t\t\t<div class=\"elementor-element elementor-element-150f275 elementor-widget__width-initial elementor-widget elementor-widget-text-editor\" data-id=\"150f275\" data-element_type=\"widget\" data-widget_type=\"text-editor.default\">\n\t\t\t\t<div class=\"elementor-widget-container\">\n\t\t\t\t\t\t\t\t\t<p><b>Ing. et Mgr. Eugen \u0160ablij<\/b><br \/>Area Sales Manager<br \/><a href=\"tel:+420770188999\">+420 770 188 999<\/a><br \/><a href=\"tel:+420222780100\">+420 222 780 100<\/a><br \/><a href=\"mailto:sablij@amit.cz\">sablij@amit.cz<\/a><br \/>North Europe, South-Eastern Europe, CIS, Middle East, India, Africa, Asia &amp; Pacific<\/p>\t\t\t\t\t\t\t\t<\/div>\n\t\t\t\t<\/div>\n\t\t\t\t<\/div>\n\t\t<div class=\"elementor-element elementor-element-a0452f7 e-con-full e-flex e-con e-child\" data-id=\"a0452f7\" data-element_type=\"container\">\n\t\t\t\t<div class=\"elementor-element elementor-element-0672736 elementor-widget elementor-widget-image\" data-id=\"0672736\" data-element_type=\"widget\" data-widget_type=\"image.default\">\n\t\t\t\t<div class=\"elementor-widget-container\">\n\t\t\t\t\t\t\t\t\t\t\t\t\t\t\t<img decoding=\"async\" src=\"https:\/\/amit-transportation.com\/wp-content\/uploads\/elementor\/thumbs\/foto_Radek_web-rfwpm4q023js3rmo0m97j6yhgots5oce7nci2llbdc.jpg\" title=\"foto_Radek_web\" alt=\"foto_Radek_web\" loading=\"lazy\" \/>\t\t\t\t\t\t\t\t\t\t\t\t\t\t\t<\/div>\n\t\t\t\t<\/div>\n\t\t\t\t<div class=\"elementor-element elementor-element-ec71ca9 elementor-widget__width-initial elementor-widget elementor-widget-text-editor\" data-id=\"ec71ca9\" data-element_type=\"widget\" data-widget_type=\"text-editor.default\">\n\t\t\t\t<div class=\"elementor-widget-container\">\n\t\t\t\t\t\t\t\t\t<p><b>Radek Navr\u00e1til<\/b><br \/>Business Development Manager<\/p><p><a href=\"tel:+420778460849\">+420 778 46 08 49<\/a><br \/><a href=\"mailto:navratil@amit.cz\">navratil@amit.cz<\/a><br \/>Switzerland, Germany, Poland, Austria<\/p>\t\t\t\t\t\t\t\t<\/div>\n\t\t\t\t<\/div>\n\t\t\t\t<\/div>\n\t\t<div class=\"elementor-element elementor-element-0015897 e-con-full e-flex e-con e-child\" data-id=\"0015897\" data-element_type=\"container\">\n\t\t\t\t<div class=\"elementor-element elementor-element-0f07532 elementor-widget elementor-widget-image\" data-id=\"0f07532\" data-element_type=\"widget\" data-widget_type=\"image.default\">\n\t\t\t\t<div class=\"elementor-widget-container\">\n\t\t\t\t\t\t\t\t\t\t\t\t\t\t\t<img decoding=\"async\" src=\"https:\/\/amit-transportation.com\/wp-content\/uploads\/elementor\/thumbs\/Holinek-rfwpnqzzttrk3la0kbg2ts92akujewrr3nsltr6wnk.jpg\" title=\"Holinek\" alt=\"Holinek\" loading=\"lazy\" \/>\t\t\t\t\t\t\t\t\t\t\t\t\t\t\t<\/div>\n\t\t\t\t<\/div>\n\t\t\t\t<div class=\"elementor-element elementor-element-0607301 elementor-widget__width-initial elementor-widget elementor-widget-text-editor\" data-id=\"0607301\" data-element_type=\"widget\" data-widget_type=\"text-editor.default\">\n\t\t\t\t<div class=\"elementor-widget-container\">\n\t\t\t\t\t\t\t\t\t<p><b>Bc. Bo\u0159ivoj Hol\u00ednek<\/b><br \/>Area Sales Manager<\/p><p><a href=\"tel:+420222781516\">+420 222 781 516<\/a><br \/><a href=\"http:\/\/+420778455050\" data-wplink-url-error=\"true\">+420 778 455 050<\/a><br \/><a href=\"mailto:holinek@amit.cz\">holinek@amit.cz<\/a><br \/>Czech Republic, Slovak Republic<\/p>\t\t\t\t\t\t\t\t<\/div>\n\t\t\t\t<\/div>\n\t\t\t\t<\/div>\n\t\t\t\t<\/div>\n\t\t\t\t<\/div>\n\t\t","protected":false},"excerpt":{"rendered":"<p>Tom\u00e1\u0161 Haj\u0161manGroup Chief Sales Officer+420\u202f731 022 369 hajsman@amit.cz Ing. et Mgr. Eugen \u0160ablijArea Sales Manager+420 770 188 999+420 222 780 100sablij@amit.czNorth Europe, South-Eastern Europe, CIS, Middle East, India, Africa, Asia &amp; Pacific Radek Navr\u00e1tilBusiness Development Manager +420 778 46 08 49navratil@amit.czSwitzerland, Germany, Poland, Austria Bc. Bo\u0159ivoj Hol\u00ednekArea Sales Manager +420 [&hellip;]<\/p>\n","protected":false},"author":80,"featured_media":0,"parent":0,"menu_order":4,"comment_status":"closed","ping_status":"closed","template":"","meta":{"footnotes":""},"class_list":["post-10691","page","type-page","status-publish","hentry"],"yoast_head":"<!-- This site is optimized with the Yoast SEO plugin v26.8-RC7 - https:\/\/yoast.com\/product\/yoast-seo-wordpress\/ -->\n<title>Business team - AMiT Transportation<\/title>\n<meta name=\"robots\" content=\"index, follow, max-snippet:-1, max-image-preview:large, max-video-preview:-1\" \/>\n<link rel=\"canonical\" href=\"https:\/\/amit-transportation.com\/obchodni-tym\/\" \/>\n<meta property=\"og:locale\" content=\"en_US\" \/>\n<meta property=\"og:type\" content=\"article\" \/>\n<meta property=\"og:title\" content=\"Business team - AMiT Transportation\" \/>\n<meta property=\"og:description\" content=\"Tom\u00e1\u0161 Haj\u0161manGroup Chief Sales Officer+420\u202f731 022 369 hajsman@amit.cz Ing. et Mgr. Eugen \u0160ablijArea Sales Manager+420 770 188 999+420 222 780 100sablij@amit.czNorth Europe, South-Eastern Europe, CIS, Middle East, India, Africa, Asia &amp; Pacific Radek Navr\u00e1tilBusiness Development Manager +420 778 46 08 49navratil@amit.czSwitzerland, Germany, Poland, Austria Bc. Bo\u0159ivoj Hol\u00ednekArea Sales Manager +420 [&hellip;]\" \/>\n<meta property=\"og:url\" content=\"https:\/\/amit-transportation.com\/obchodni-tym\/\" \/>\n<meta property=\"og:site_name\" content=\"AMiT Transportation\" \/>\n<meta property=\"article:modified_time\" content=\"2025-11-26T16:16:05+00:00\" \/>\n<meta property=\"og:image\" content=\"https:\/\/amit-transportation.com\/wp-content\/uploads\/elementor\/thumbs\/thumbnail_Hajsman_web-1-rfa5rbaxzk8n5z7n3nyqsz8i8a37cowm8c1jfneqdc.jpg\" \/>\n<meta name=\"twitter:card\" content=\"summary_large_image\" \/>\n<meta name=\"twitter:label1\" content=\"Est. reading time\" \/>\n\t<meta name=\"twitter:data1\" content=\"2 minutes\" \/>\n<script type=\"application\/ld+json\" class=\"yoast-schema-graph\">{\"@context\":\"https:\/\/schema.org\",\"@graph\":[{\"@type\":\"WebPage\",\"@id\":\"https:\/\/amit-transportation.com\/obchodni-tym\/\",\"url\":\"https:\/\/amit-transportation.com\/obchodni-tym\/\",\"name\":\"Business team - AMiT Transportation\",\"isPartOf\":{\"@id\":\"https:\/\/amit-transportation.com\/#website\"},\"primaryImageOfPage\":{\"@id\":\"https:\/\/amit-transportation.com\/obchodni-tym\/#primaryimage\"},\"image\":{\"@id\":\"https:\/\/amit-transportation.com\/obchodni-tym\/#primaryimage\"},\"thumbnailUrl\":\"https:\/\/amit-transportation.com\/wp-content\/uploads\/elementor\/thumbs\/thumbnail_Hajsman_web-1-rfa5rbaxzk8n5z7n3nyqsz8i8a37cowm8c1jfneqdc.jpg\",\"datePublished\":\"2024-12-06T06:40:11+00:00\",\"dateModified\":\"2025-11-26T16:16:05+00:00\",\"breadcrumb\":{\"@id\":\"https:\/\/amit-transportation.com\/obchodni-tym\/#breadcrumb\"},\"inLanguage\":\"en-US\",\"potentialAction\":[{\"@type\":\"ReadAction\",\"target\":[\"https:\/\/amit-transportation.com\/obchodni-tym\/\"]}]},{\"@type\":\"ImageObject\",\"inLanguage\":\"en-US\",\"@id\":\"https:\/\/amit-transportation.com\/obchodni-tym\/#primaryimage\",\"url\":\"https:\/\/amit-transportation.com\/wp-content\/uploads\/elementor\/thumbs\/thumbnail_Hajsman_web-1-rfa5rbaxzk8n5z7n3nyqsz8i8a37cowm8c1jfneqdc.jpg\",\"contentUrl\":\"https:\/\/amit-transportation.com\/wp-content\/uploads\/elementor\/thumbs\/thumbnail_Hajsman_web-1-rfa5rbaxzk8n5z7n3nyqsz8i8a37cowm8c1jfneqdc.jpg\"},{\"@type\":\"BreadcrumbList\",\"@id\":\"https:\/\/amit-transportation.com\/obchodni-tym\/#breadcrumb\",\"itemListElement\":[{\"@type\":\"ListItem\",\"position\":1,\"name\":\"Home\",\"item\":\"https:\/\/amit-transportation.com\/\"},{\"@type\":\"ListItem\",\"position\":2,\"name\":\"Business team\"}]},{\"@type\":\"WebSite\",\"@id\":\"https:\/\/amit-transportation.com\/#website\",\"url\":\"https:\/\/amit-transportation.com\/\",\"name\":\"AMiT Transportation\",\"description\":\"Elektronika pro kolejov\u00e1 vozidla a ve\u0159ejnou dopravu\",\"publisher\":{\"@id\":\"https:\/\/amit-transportation.com\/#organization\"},\"potentialAction\":[{\"@type\":\"SearchAction\",\"target\":{\"@type\":\"EntryPoint\",\"urlTemplate\":\"https:\/\/amit-transportation.com\/?s={search_term_string}\"},\"query-input\":{\"@type\":\"PropertyValueSpecification\",\"valueRequired\":true,\"valueName\":\"search_term_string\"}}],\"inLanguage\":\"en-US\"},{\"@type\":\"Organization\",\"@id\":\"https:\/\/amit-transportation.com\/#organization\",\"name\":\"AMiT Transportation\",\"url\":\"https:\/\/amit-transportation.com\/\",\"logo\":{\"@type\":\"ImageObject\",\"inLanguage\":\"en-US\",\"@id\":\"https:\/\/amit-transportation.com\/#\/schema\/logo\/image\/\",\"url\":\"https:\/\/amit-transportation.com\/wp-content\/uploads\/2024\/07\/amit_logo_white.svg\",\"contentUrl\":\"https:\/\/amit-transportation.com\/wp-content\/uploads\/2024\/07\/amit_logo_white.svg\",\"caption\":\"AMiT Transportation\"},\"image\":{\"@id\":\"https:\/\/amit-transportation.com\/#\/schema\/logo\/image\/\"}}]}<\/script>\n<!-- \/ Yoast SEO plugin. -->","yoast_head_json":{"title":"Business team - AMiT Transportation","robots":{"index":"index","follow":"follow","max-snippet":"max-snippet:-1","max-image-preview":"max-image-preview:large","max-video-preview":"max-video-preview:-1"},"canonical":"https:\/\/amit-transportation.com\/obchodni-tym\/","og_locale":"en_US","og_type":"article","og_title":"Business team - AMiT Transportation","og_description":"Tom\u00e1\u0161 Haj\u0161manGroup Chief Sales Officer+420\u202f731 022 369 hajsman@amit.cz Ing. et Mgr. Eugen \u0160ablijArea Sales Manager+420 770 188 999+420 222 780 100sablij@amit.czNorth Europe, South-Eastern Europe, CIS, Middle East, India, Africa, Asia &amp; Pacific Radek Navr\u00e1tilBusiness Development Manager +420 778 46 08 49navratil@amit.czSwitzerland, Germany, Poland, Austria Bc. Bo\u0159ivoj Hol\u00ednekArea Sales Manager +420 [&hellip;]","og_url":"https:\/\/amit-transportation.com\/obchodni-tym\/","og_site_name":"AMiT Transportation","article_modified_time":"2025-11-26T16:16:05+00:00","og_image":[{"url":"https:\/\/amit-transportation.com\/wp-content\/uploads\/elementor\/thumbs\/thumbnail_Hajsman_web-1-rfa5rbaxzk8n5z7n3nyqsz8i8a37cowm8c1jfneqdc.jpg","type":"","width":"","height":""}],"twitter_card":"summary_large_image","twitter_misc":{"Est. reading time":"2 minutes"},"schema":{"@context":"https:\/\/schema.org","@graph":[{"@type":"WebPage","@id":"https:\/\/amit-transportation.com\/obchodni-tym\/","url":"https:\/\/amit-transportation.com\/obchodni-tym\/","name":"Business team - AMiT Transportation","isPartOf":{"@id":"https:\/\/amit-transportation.com\/#website"},"primaryImageOfPage":{"@id":"https:\/\/amit-transportation.com\/obchodni-tym\/#primaryimage"},"image":{"@id":"https:\/\/amit-transportation.com\/obchodni-tym\/#primaryimage"},"thumbnailUrl":"https:\/\/amit-transportation.com\/wp-content\/uploads\/elementor\/thumbs\/thumbnail_Hajsman_web-1-rfa5rbaxzk8n5z7n3nyqsz8i8a37cowm8c1jfneqdc.jpg","datePublished":"2024-12-06T06:40:11+00:00","dateModified":"2025-11-26T16:16:05+00:00","breadcrumb":{"@id":"https:\/\/amit-transportation.com\/obchodni-tym\/#breadcrumb"},"inLanguage":"en-US","potentialAction":[{"@type":"ReadAction","target":["https:\/\/amit-transportation.com\/obchodni-tym\/"]}]},{"@type":"ImageObject","inLanguage":"en-US","@id":"https:\/\/amit-transportation.com\/obchodni-tym\/#primaryimage","url":"https:\/\/amit-transportation.com\/wp-content\/uploads\/elementor\/thumbs\/thumbnail_Hajsman_web-1-rfa5rbaxzk8n5z7n3nyqsz8i8a37cowm8c1jfneqdc.jpg","contentUrl":"https:\/\/amit-transportation.com\/wp-content\/uploads\/elementor\/thumbs\/thumbnail_Hajsman_web-1-rfa5rbaxzk8n5z7n3nyqsz8i8a37cowm8c1jfneqdc.jpg"},{"@type":"BreadcrumbList","@id":"https:\/\/amit-transportation.com\/obchodni-tym\/#breadcrumb","itemListElement":[{"@type":"ListItem","position":1,"name":"Home","item":"https:\/\/amit-transportation.com\/"},{"@type":"ListItem","position":2,"name":"Business team"}]},{"@type":"WebSite","@id":"https:\/\/amit-transportation.com\/#website","url":"https:\/\/amit-transportation.com\/","name":"AMiT Transportation","description":"Elektronika pro kolejov\u00e1 vozidla a ve\u0159ejnou dopravu","publisher":{"@id":"https:\/\/amit-transportation.com\/#organization"},"potentialAction":[{"@type":"SearchAction","target":{"@type":"EntryPoint","urlTemplate":"https:\/\/amit-transportation.com\/?s={search_term_string}"},"query-input":{"@type":"PropertyValueSpecification","valueRequired":true,"valueName":"search_term_string"}}],"inLanguage":"en-US"},{"@type":"Organization","@id":"https:\/\/amit-transportation.com\/#organization","name":"AMiT Transportation","url":"https:\/\/amit-transportation.com\/","logo":{"@type":"ImageObject","inLanguage":"en-US","@id":"https:\/\/amit-transportation.com\/#\/schema\/logo\/image\/","url":"https:\/\/amit-transportation.com\/wp-content\/uploads\/2024\/07\/amit_logo_white.svg","contentUrl":"https:\/\/amit-transportation.com\/wp-content\/uploads\/2024\/07\/amit_logo_white.svg","caption":"AMiT Transportation"},"image":{"@id":"https:\/\/amit-transportation.com\/#\/schema\/logo\/image\/"}}]}},"_links":{"self":[{"href":"https:\/\/amit-transportation.com\/en\/wp-json\/wp\/v2\/pages\/10691","targetHints":{"allow":["GET"]}}],"collection":[{"href":"https:\/\/amit-transportation.com\/en\/wp-json\/wp\/v2\/pages"}],"about":[{"href":"https:\/\/amit-transportation.com\/en\/wp-json\/wp\/v2\/types\/page"}],"author":[{"embeddable":true,"href":"https:\/\/amit-transportation.com\/en\/wp-json\/wp\/v2\/users\/80"}],"replies":[{"embeddable":true,"href":"https:\/\/amit-transportation.com\/en\/wp-json\/wp\/v2\/comments?post=10691"}],"version-history":[{"count":28,"href":"https:\/\/amit-transportation.com\/en\/wp-json\/wp\/v2\/pages\/10691\/revisions"}],"predecessor-version":[{"id":13242,"href":"https:\/\/amit-transportation.com\/en\/wp-json\/wp\/v2\/pages\/10691\/revisions\/13242"}],"wp:attachment":[{"href":"https:\/\/amit-transportation.com\/en\/wp-json\/wp\/v2\/media?parent=10691"}],"curies":[{"name":"wp","href":"https:\/\/api.w.org\/{rel}","templated":true}]}}