{"id":13159,"date":"2025-09-09T10:53:40","date_gmt":"2025-09-09T08:53:40","guid":{"rendered":"https:\/\/amit-transportation.com\/?page_id=13159"},"modified":"2025-09-09T10:58:25","modified_gmt":"2025-09-09T08:58:25","slug":"technischer-support","status":"publish","type":"page","link":"https:\/\/amit-transportation.com\/de\/technischer-support\/","title":{"rendered":"Technischer Support"},"content":{"rendered":"\t\t<div data-elementor-type=\"wp-page\" data-elementor-id=\"13159\" class=\"elementor elementor-13159 elementor-9229\" data-elementor-post-type=\"page\">\n\t\t\t\t<div class=\"elementor-element elementor-element-8ea9a7f e-flex e-con-boxed e-con e-parent\" data-id=\"8ea9a7f\" data-element_type=\"container\">\n\t\t\t\t\t<div class=\"e-con-inner\">\n\t\t\t\t<div class=\"elementor-element elementor-element-9a3c2e2 elementor-widget elementor-widget-heading\" data-id=\"9a3c2e2\" data-element_type=\"widget\" data-widget_type=\"heading.default\">\n\t\t\t\t<div class=\"elementor-widget-container\">\n\t\t\t\t\t<h1 class=\"elementor-heading-title elementor-size-default\">AMiT \u2013 Technischer Support<\/h1>\t\t\t\t<\/div>\n\t\t\t\t<\/div>\n\t\t\t\t<div class=\"elementor-element elementor-element-7d8578d elementor-widget elementor-widget-heading\" data-id=\"7d8578d\" data-element_type=\"widget\" data-widget_type=\"heading.default\">\n\t\t\t\t<div class=\"elementor-widget-container\">\n\t\t\t\t\t<h2 class=\"elementor-heading-title elementor-size-default\">Wir stehen Ihnen auch nach der Lieferung unserer Systeme zuverl\u00e4ssig zur Seite<\/h2>\t\t\t\t<\/div>\n\t\t\t\t<\/div>\n\t\t\t\t<div class=\"elementor-element elementor-element-1e68412 elementor-widget elementor-widget-image\" data-id=\"1e68412\" data-element_type=\"widget\" data-widget_type=\"image.default\">\n\t\t\t\t<div class=\"elementor-widget-container\">\n\t\t\t\t\t\t\t\t\t\t\t\t\t\t\t<img fetchpriority=\"high\" decoding=\"async\" width=\"2560\" height=\"1440\" src=\"https:\/\/amit-transportation.com\/wp-content\/uploads\/2025\/05\/A740902-scaled.jpg\" class=\"attachment-full size-full wp-image-13160\" alt=\"\" srcset=\"https:\/\/amit-transportation.com\/wp-content\/uploads\/2025\/05\/A740902-scaled.jpg 2560w, https:\/\/amit-transportation.com\/wp-content\/uploads\/2025\/05\/A740902-300x169.jpg 300w, https:\/\/amit-transportation.com\/wp-content\/uploads\/2025\/05\/A740902-1024x576.jpg 1024w, https:\/\/amit-transportation.com\/wp-content\/uploads\/2025\/05\/A740902-768x432.jpg 768w, https:\/\/amit-transportation.com\/wp-content\/uploads\/2025\/05\/A740902-1536x864.jpg 1536w, https:\/\/amit-transportation.com\/wp-content\/uploads\/2025\/05\/A740902-2048x1152.jpg 2048w, https:\/\/amit-transportation.com\/wp-content\/uploads\/2025\/05\/A740902-2000x1125.jpg 2000w, https:\/\/amit-transportation.com\/wp-content\/uploads\/2025\/05\/A740902-1000x563.jpg 1000w, https:\/\/amit-transportation.com\/wp-content\/uploads\/2025\/05\/A740902-1800x1013.jpg 1800w, https:\/\/amit-transportation.com\/wp-content\/uploads\/2025\/05\/A740902-996x560.jpg 996w, https:\/\/amit-transportation.com\/wp-content\/uploads\/2025\/05\/A740902-600x338.jpg 600w, https:\/\/amit-transportation.com\/wp-content\/uploads\/2025\/05\/A740902-24x14.jpg 24w, https:\/\/amit-transportation.com\/wp-content\/uploads\/2025\/05\/A740902-36x20.jpg 36w, https:\/\/amit-transportation.com\/wp-content\/uploads\/2025\/05\/A740902-48x27.jpg 48w\" sizes=\"(max-width: 2560px) 100vw, 2560px\" \/>\t\t\t\t\t\t\t\t\t\t\t\t\t\t\t<\/div>\n\t\t\t\t<\/div>\n\t\t\t\t<div class=\"elementor-element elementor-element-510a468 elementor-widget elementor-widget-text-editor\" data-id=\"510a468\" data-element_type=\"widget\" data-widget_type=\"text-editor.default\">\n\t\t\t\t<div class=\"elementor-widget-container\">\n\t\t\t\t\t\t\t\t\t<p>Wir sind auch nach der Installation f\u00fcr Sie da \u2013 sei es mit Beratung, Unterst\u00fctzung bei der Konfiguration oder einem Einsatz direkt vor Ort. Wir helfen bei der Inbetriebnahme, Software-Uploads, Diagnose und der L\u00f6sung technischer Probleme.<\/p><p>\ud83d\udee0 <b>\u00a0Schnelle Reaktion, pers\u00f6nlicher Ansat<\/b><br \/>Wir wissen: In der Verkehrstechnik z\u00e4hlt jede Minute. Deshalb handeln wir schnell, mit h\u00f6chster Sorgfalt und Verantwortung \u2013 von Testfahrten bis zur regelm\u00e4\u00dfigen Wartung.<\/p><p>\ud83c\udf93 <b>\u00a0Individuelle Schulungen<\/b><br \/>Wir schulen sowohl Techniker als auch Bedienpersonal \u2013 damit jeder genau wei\u00df, wie unsere Systeme korrekt eingerichtet, bedient und in allt\u00e4glichen Situationen sicher gehandhabt werden.<\/p><p>\ud83e\udd1d <b>\u00a0Wir stehen gemeinsam an Ihrer Seite<\/b><br \/>Unsere Spezialisten kennen Ihre Anforderungen ebenso gut wie unsere Produkte \u2013 bis ins kleinste Detail. Gemeinsam finden wir die beste L\u00f6sung.<\/p><p><b>Der technische Support ist ein integraler Bestandteil der Dienstleistungen von AMiT Transportation. <\/b><\/p>\t\t\t\t\t\t\t\t<\/div>\n\t\t\t\t<\/div>\n\t\t\t\t<div class=\"elementor-element elementor-element-7b7fe33 elementor-widget elementor-widget-image\" data-id=\"7b7fe33\" data-element_type=\"widget\" data-widget_type=\"image.default\">\n\t\t\t\t<div class=\"elementor-widget-container\">\n\t\t\t\t\t\t\t\t\t\t\t\t\t\t\t<img decoding=\"async\" width=\"2560\" height=\"1440\" src=\"https:\/\/amit-transportation.com\/wp-content\/uploads\/2025\/05\/A740921-scaled.jpg\" class=\"attachment-full size-full wp-image-13161\" alt=\"\" srcset=\"https:\/\/amit-transportation.com\/wp-content\/uploads\/2025\/05\/A740921-scaled.jpg 2560w, https:\/\/amit-transportation.com\/wp-content\/uploads\/2025\/05\/A740921-300x169.jpg 300w, https:\/\/amit-transportation.com\/wp-content\/uploads\/2025\/05\/A740921-1024x576.jpg 1024w, https:\/\/amit-transportation.com\/wp-content\/uploads\/2025\/05\/A740921-768x432.jpg 768w, https:\/\/amit-transportation.com\/wp-content\/uploads\/2025\/05\/A740921-1536x864.jpg 1536w, https:\/\/amit-transportation.com\/wp-content\/uploads\/2025\/05\/A740921-2048x1152.jpg 2048w, https:\/\/amit-transportation.com\/wp-content\/uploads\/2025\/05\/A740921-2000x1125.jpg 2000w, https:\/\/amit-transportation.com\/wp-content\/uploads\/2025\/05\/A740921-1000x563.jpg 1000w, https:\/\/amit-transportation.com\/wp-content\/uploads\/2025\/05\/A740921-1800x1013.jpg 1800w, https:\/\/amit-transportation.com\/wp-content\/uploads\/2025\/05\/A740921-996x560.jpg 996w, https:\/\/amit-transportation.com\/wp-content\/uploads\/2025\/05\/A740921-600x338.jpg 600w, https:\/\/amit-transportation.com\/wp-content\/uploads\/2025\/05\/A740921-24x14.jpg 24w, https:\/\/amit-transportation.com\/wp-content\/uploads\/2025\/05\/A740921-36x20.jpg 36w, https:\/\/amit-transportation.com\/wp-content\/uploads\/2025\/05\/A740921-48x27.jpg 48w\" sizes=\"(max-width: 2560px) 100vw, 2560px\" \/>\t\t\t\t\t\t\t\t\t\t\t\t\t\t\t<\/div>\n\t\t\t\t<\/div>\n\t\t\t\t<div class=\"elementor-element elementor-element-423fc12 elementor-widget elementor-widget-text-editor\" data-id=\"423fc12\" data-element_type=\"widget\" data-widget_type=\"text-editor.default\">\n\t\t\t\t<div class=\"elementor-widget-container\">\n\t\t\t\t\t\t\t\t\t<p>Vor Ort unterst\u00fctzen wir Sie bei der Inbetriebnahme von Ger\u00e4ten, dem Aufspielen neuer Software, der Diagnose sowie der L\u00f6sung jeglicher Probleme.<\/p><p>Wir wissen, dass bei Schienenfahrzeugen vor allem Zeit und Zuverl\u00e4ssigkeit z\u00e4hlen. Deshalb gehen wir jeden Einsatz mit h\u00f6chster Sorgfalt und Verantwortung an \u2013 sei es w\u00e4hrend der Installation, bei Testfahrten oder im Rahmen der regelm\u00e4\u00dfigen Wartung. Unser Ziel ist es, dass alle Ger\u00e4te exakt so funktionieren, wie sie sollen \u2013 damit Fahrg\u00e4ste jederzeit auf eine stabile Verbindung und korrekte Informationen vertrauen k\u00f6nnen.<\/p><p>Unsere Kunden sind mit ihrer Technologie niemals allein. Wir sind \u00fcberzeugt: Support endet nicht mit der \u00dcbergabe des Ger\u00e4ts \u2013 im Gegenteil, er ist der Beginn einer echten Zusammenarbeit.<\/p><p>F\u00fcr jeden Kunden bieten wir ma\u00dfgeschneiderte Schulungen an \u2013 sowohl f\u00fcr Servicetechniker, die sich um die Inbetriebnahme der Ger\u00e4te k\u00fcmmern, als auch f\u00fcr das Bedienpersonal, das t\u00e4glich mit ihnen arbeitet.<\/p>\t\t\t\t\t\t\t\t<\/div>\n\t\t\t\t<\/div>\n\t\t\t\t<div class=\"elementor-element elementor-element-dc4d8e9 elementor-widget elementor-widget-image\" data-id=\"dc4d8e9\" data-element_type=\"widget\" data-widget_type=\"image.default\">\n\t\t\t\t<div class=\"elementor-widget-container\">\n\t\t\t\t\t\t\t\t\t\t\t\t\t\t\t<img decoding=\"async\" width=\"2560\" height=\"1440\" src=\"https:\/\/amit-transportation.com\/wp-content\/uploads\/2025\/05\/A740896-scaled.jpg\" class=\"attachment-full size-full wp-image-13162\" alt=\"\" srcset=\"https:\/\/amit-transportation.com\/wp-content\/uploads\/2025\/05\/A740896-scaled.jpg 2560w, https:\/\/amit-transportation.com\/wp-content\/uploads\/2025\/05\/A740896-300x169.jpg 300w, https:\/\/amit-transportation.com\/wp-content\/uploads\/2025\/05\/A740896-1024x576.jpg 1024w, https:\/\/amit-transportation.com\/wp-content\/uploads\/2025\/05\/A740896-768x432.jpg 768w, https:\/\/amit-transportation.com\/wp-content\/uploads\/2025\/05\/A740896-1536x864.jpg 1536w, https:\/\/amit-transportation.com\/wp-content\/uploads\/2025\/05\/A740896-2048x1152.jpg 2048w, https:\/\/amit-transportation.com\/wp-content\/uploads\/2025\/05\/A740896-2000x1125.jpg 2000w, https:\/\/amit-transportation.com\/wp-content\/uploads\/2025\/05\/A740896-1000x563.jpg 1000w, https:\/\/amit-transportation.com\/wp-content\/uploads\/2025\/05\/A740896-1800x1013.jpg 1800w, https:\/\/amit-transportation.com\/wp-content\/uploads\/2025\/05\/A740896-996x560.jpg 996w, https:\/\/amit-transportation.com\/wp-content\/uploads\/2025\/05\/A740896-600x338.jpg 600w, https:\/\/amit-transportation.com\/wp-content\/uploads\/2025\/05\/A740896-24x14.jpg 24w, https:\/\/amit-transportation.com\/wp-content\/uploads\/2025\/05\/A740896-36x20.jpg 36w, https:\/\/amit-transportation.com\/wp-content\/uploads\/2025\/05\/A740896-48x27.jpg 48w\" sizes=\"(max-width: 2560px) 100vw, 2560px\" \/>\t\t\t\t\t\t\t\t\t\t\t\t\t\t\t<\/div>\n\t\t\t\t<\/div>\n\t\t\t\t<div class=\"elementor-element elementor-element-75b8ed2 elementor-widget elementor-widget-text-editor\" data-id=\"75b8ed2\" data-element_type=\"widget\" data-widget_type=\"text-editor.default\">\n\t\t\t\t<div class=\"elementor-widget-container\">\n\t\t\t\t\t\t\t\t\t<p>Bei unseren Schulungen legen wir gro\u00dfen Wert darauf, dass jeder genau wei\u00df, wie die Systeme korrekt eingerichtet, bedient und in allt\u00e4glichen Situationen sicher gehandhabt werden.<br \/>So haben unsere Partner die Gewissheit, dass sie sich jederzeit auf unsere Systeme verlassen k\u00f6nnen.<\/p><p>Unser Support basiert auf pers\u00f6nlichem Engagement und schneller Reaktion. In unserem Team arbeiten Spezialisten, die unsere Produkte bis ins kleinste Detail kennen und Ihre Anforderungen genau verstehen.<br \/>Gemeinsam mit Ihnen finden wir die besten L\u00f6sungen.<\/p>\t\t\t\t\t\t\t\t<\/div>\n\t\t\t\t<\/div>\n\t\t\t\t<div class=\"elementor-element elementor-element-0c16be3 elementor-widget elementor-widget-html\" data-id=\"0c16be3\" data-element_type=\"widget\" data-widget_type=\"html.default\">\n\t\t\t\t<div class=\"elementor-widget-container\">\n\t\t\t\t\t<style>\r\n.amit-contact {\r\n    font-family: inherit;\r\n    width: 100%;\r\n    max-width: 1140px;\r\n    margin: 0 auto;\r\n}\r\n.amit-contact-table {\r\n    width: 100%;\r\n    border-collapse: separate;\r\n    border-spacing: 0;\r\n    margin-bottom: 30px;\r\n}\r\n.amit-contact-table th {\r\n    text-align: left;\r\n    padding: 15px;\r\n    border-bottom: 2px solid #ddd;\r\n    font-weight: 600;\r\n}\r\n.amit-contact-table td {\r\n    padding: 15px;\r\n    border-bottom: 1px solid #ddd;\r\n    vertical-align: top;\r\n}\r\n\/* Mobile view *\/\r\n@media screen and (max-width: 768px) {\r\n    .amit-contact-table, \r\n    .amit-contact-table thead, \r\n    .amit-contact-table tbody, \r\n    .amit-contact-table tr, \r\n    .amit-contact-table th, \r\n    .amit-contact-table td {\r\n        display: block;\r\n        width: 100%;\r\n    }\r\n    \r\n    .amit-contact-table thead {\r\n        display: none;\r\n    }\r\n    \r\n    .amit-contact-table td {\r\n        position: relative;\r\n        margin-bottom: 15px;\r\n    }\r\n    \r\n    .amit-contact-table td:before {\r\n        content: attr(data-label);\r\n        display: block;\r\n        font-weight: 600;\r\n        margin-bottom: 10px;\r\n        color: #666;\r\n    }\r\n}\r\n.line {\r\n    line-height: 1.5;\r\n    min-height: 24px;\r\n}\r\n.empty-line {\r\n    min-height: 24px;\r\n}\r\n.contact-email {\r\n    margin-bottom: 5px;\r\n}\r\n.contact-email a {\r\n    color: #00A0E3;\r\n    text-decoration: none;\r\n    white-space: nowrap;\r\n}\r\n.contact-email a:hover {\r\n    text-decoration: underline;\r\n}\r\n.contact-phone {\r\n    color: #333;\r\n    white-space: nowrap;\r\n}\r\n.contact-phone a {\r\n    color: #00A0E3;\r\n    text-decoration: none;\r\n    white-space: nowrap;\r\n}\r\n.contact-phone a:hover {\r\n    text-decoration: underline;\r\n    color: #0080b3;\r\n}\r\n.contact-hours {\r\n    color: #666;\r\n    font-size: 0.95em;\r\n}\r\n.support-type {\r\n    font-weight: 600;\r\n    color: #333;\r\n}\r\n<\/style>\r\n<div class=\"amit-contact\">\r\n    <table class=\"amit-contact-table\">\r\n<thead>\r\n    <tr>\r\n        <th>Kundenservice \/ Bestellungen<\/th>\r\n        <th>Technischer Support<\/th>\r\n    <\/tr>\r\n<\/thead>\r\n<tbody>\r\n    <tr>\r\n        <td data-label=\"Kundenservice \/ Bestellungen\">\r\n            <div class=\"contact-content\">\r\n                <div class=\"contact-info\">\r\n                    <div class=\"email-section\">\r\n                        <a href=\"mailto:obchod@amit.cz\">obchod@amit.cz<\/a>\r\n                    <\/div>\r\n                    <div class=\"phone-section\">\r\n                        <div class=\"phone-item contact-phone\">\r\n                            <a href=\"tel:+420277004566\">277 004 566<\/a>\r\n                        <\/div>\r\n                        <div class=\"phone-item\">&nbsp;<\/div>\r\n                    <\/div>\r\n                    <div class=\"contact-hours\">\r\n                        Werktage von 8:00 bis 16:00 Uhr\r\n                    <\/div>\r\n                <\/div>\r\n            <\/div>\r\n        <\/td>\r\n        <td data-label=\"Technischer Support\">\r\n            <div class=\"contact-content\">\r\n                <div class=\"contact-info\">\r\n                    <div class=\"email-section\">\r\n                        <a href=\"mailto:support@amit.cz\">support@amit.cz<\/a>\r\n                    <\/div>\r\n                    <div class=\"phone-section\">\r\n                        <div class=\"phone-item contact-phone\">\r\n                            <a href=\"tel:+420549210276\">549 210 276<\/a>\r\n                        <\/div>\r\n                        <div class=\"phone-item\">&nbsp;<\/div>\r\n                    <\/div>\r\n                    <div class=\"contact-hours\">\r\n                        Werktage von 8:00 bis 16:00 Uhr\r\n                    <\/div>\r\n                <\/div>\r\n            <\/div>\r\n        <\/td>\r\n    <\/tr>\r\n<\/tbody>\r\n    <\/table>\r\n<\/div>\t\t\t\t<\/div>\n\t\t\t\t<\/div>\n\t\t\t\t\t<\/div>\n\t\t\t\t<\/div>\n\t\t\t\t<\/div>\n\t\t","protected":false},"excerpt":{"rendered":"","protected":false},"author":80,"featured_media":12892,"parent":0,"menu_order":0,"comment_status":"closed","ping_status":"closed","template":"","meta":{"footnotes":""},"class_list":["post-13159","page","type-page","status-publish","has-post-thumbnail","hentry"],"yoast_head":"<!-- This site is optimized with the Yoast SEO plugin v26.8-RC7 - https:\/\/yoast.com\/product\/yoast-seo-wordpress\/ -->\n<title>Technischer Support - AMiT Transportation<\/title>\n<meta name=\"robots\" content=\"index, follow, max-snippet:-1, max-image-preview:large, max-video-preview:-1\" \/>\n<link rel=\"canonical\" href=\"https:\/\/amit-transportation.com\/technicka-podpora\/\" \/>\n<meta property=\"og:locale\" content=\"de_DE\" \/>\n<meta property=\"og:type\" content=\"article\" \/>\n<meta property=\"og:title\" content=\"Technischer Support - AMiT Transportation\" \/>\n<meta property=\"og:url\" content=\"https:\/\/amit-transportation.com\/technicka-podpora\/\" \/>\n<meta property=\"og:site_name\" content=\"AMiT Transportation\" \/>\n<meta property=\"article:modified_time\" content=\"2025-09-09T08:58:25+00:00\" \/>\n<meta property=\"og:image\" content=\"https:\/\/amit-transportation.com\/wp-content\/uploads\/2024\/09\/technicka-podpora.jpg\" \/>\n\t<meta property=\"og:image:width\" content=\"1280\" \/>\n\t<meta property=\"og:image:height\" content=\"800\" \/>\n\t<meta property=\"og:image:type\" content=\"image\/jpeg\" \/>\n<meta name=\"twitter:card\" content=\"summary_large_image\" \/>\n<meta name=\"twitter:label1\" content=\"Gesch\u00e4tzte Lesezeit\" \/>\n\t<meta name=\"twitter:data1\" content=\"3\u00a0Minuten\" \/>\n<script type=\"application\/ld+json\" class=\"yoast-schema-graph\">{\"@context\":\"https:\/\/schema.org\",\"@graph\":[{\"@type\":\"WebPage\",\"@id\":\"https:\/\/amit-transportation.com\/technicka-podpora\/\",\"url\":\"https:\/\/amit-transportation.com\/technicka-podpora\/\",\"name\":\"Technischer Support - AMiT Transportation\",\"isPartOf\":{\"@id\":\"https:\/\/amit-transportation.com\/#website\"},\"primaryImageOfPage\":{\"@id\":\"https:\/\/amit-transportation.com\/technicka-podpora\/#primaryimage\"},\"image\":{\"@id\":\"https:\/\/amit-transportation.com\/technicka-podpora\/#primaryimage\"},\"thumbnailUrl\":\"https:\/\/amit-transportation.com\/wp-content\/uploads\/2024\/09\/technicka-podpora.jpg\",\"datePublished\":\"2025-09-09T08:53:40+00:00\",\"dateModified\":\"2025-09-09T08:58:25+00:00\",\"breadcrumb\":{\"@id\":\"https:\/\/amit-transportation.com\/technicka-podpora\/#breadcrumb\"},\"inLanguage\":\"de\",\"potentialAction\":[{\"@type\":\"ReadAction\",\"target\":[\"https:\/\/amit-transportation.com\/technicka-podpora\/\"]}]},{\"@type\":\"ImageObject\",\"inLanguage\":\"de\",\"@id\":\"https:\/\/amit-transportation.com\/technicka-podpora\/#primaryimage\",\"url\":\"https:\/\/amit-transportation.com\/wp-content\/uploads\/2024\/09\/technicka-podpora.jpg\",\"contentUrl\":\"https:\/\/amit-transportation.com\/wp-content\/uploads\/2024\/09\/technicka-podpora.jpg\",\"width\":1280,\"height\":800},{\"@type\":\"BreadcrumbList\",\"@id\":\"https:\/\/amit-transportation.com\/technicka-podpora\/#breadcrumb\",\"itemListElement\":[{\"@type\":\"ListItem\",\"position\":1,\"name\":\"Home\",\"item\":\"https:\/\/amit-transportation.com\/\"},{\"@type\":\"ListItem\",\"position\":2,\"name\":\"Technischer Support\"}]},{\"@type\":\"WebSite\",\"@id\":\"https:\/\/amit-transportation.com\/#website\",\"url\":\"https:\/\/amit-transportation.com\/\",\"name\":\"AMiT Transportation\",\"description\":\"Elektronika pro kolejov\u00e1 vozidla a ve\u0159ejnou dopravu\",\"potentialAction\":[{\"@type\":\"SearchAction\",\"target\":{\"@type\":\"EntryPoint\",\"urlTemplate\":\"https:\/\/amit-transportation.com\/?s={search_term_string}\"},\"query-input\":{\"@type\":\"PropertyValueSpecification\",\"valueRequired\":true,\"valueName\":\"search_term_string\"}}],\"inLanguage\":\"de\"}]}<\/script>\n<!-- \/ Yoast SEO plugin. -->","yoast_head_json":{"title":"Technischer Support - AMiT Transportation","robots":{"index":"index","follow":"follow","max-snippet":"max-snippet:-1","max-image-preview":"max-image-preview:large","max-video-preview":"max-video-preview:-1"},"canonical":"https:\/\/amit-transportation.com\/technicka-podpora\/","og_locale":"de_DE","og_type":"article","og_title":"Technischer Support - AMiT Transportation","og_url":"https:\/\/amit-transportation.com\/technicka-podpora\/","og_site_name":"AMiT Transportation","article_modified_time":"2025-09-09T08:58:25+00:00","og_image":[{"width":1280,"height":800,"url":"https:\/\/amit-transportation.com\/wp-content\/uploads\/2024\/09\/technicka-podpora.jpg","type":"image\/jpeg"}],"twitter_card":"summary_large_image","twitter_misc":{"Gesch\u00e4tzte Lesezeit":"3\u00a0Minuten"},"schema":{"@context":"https:\/\/schema.org","@graph":[{"@type":"WebPage","@id":"https:\/\/amit-transportation.com\/technicka-podpora\/","url":"https:\/\/amit-transportation.com\/technicka-podpora\/","name":"Technischer Support - AMiT Transportation","isPartOf":{"@id":"https:\/\/amit-transportation.com\/#website"},"primaryImageOfPage":{"@id":"https:\/\/amit-transportation.com\/technicka-podpora\/#primaryimage"},"image":{"@id":"https:\/\/amit-transportation.com\/technicka-podpora\/#primaryimage"},"thumbnailUrl":"https:\/\/amit-transportation.com\/wp-content\/uploads\/2024\/09\/technicka-podpora.jpg","datePublished":"2025-09-09T08:53:40+00:00","dateModified":"2025-09-09T08:58:25+00:00","breadcrumb":{"@id":"https:\/\/amit-transportation.com\/technicka-podpora\/#breadcrumb"},"inLanguage":"de","potentialAction":[{"@type":"ReadAction","target":["https:\/\/amit-transportation.com\/technicka-podpora\/"]}]},{"@type":"ImageObject","inLanguage":"de","@id":"https:\/\/amit-transportation.com\/technicka-podpora\/#primaryimage","url":"https:\/\/amit-transportation.com\/wp-content\/uploads\/2024\/09\/technicka-podpora.jpg","contentUrl":"https:\/\/amit-transportation.com\/wp-content\/uploads\/2024\/09\/technicka-podpora.jpg","width":1280,"height":800},{"@type":"BreadcrumbList","@id":"https:\/\/amit-transportation.com\/technicka-podpora\/#breadcrumb","itemListElement":[{"@type":"ListItem","position":1,"name":"Home","item":"https:\/\/amit-transportation.com\/"},{"@type":"ListItem","position":2,"name":"Technischer Support"}]},{"@type":"WebSite","@id":"https:\/\/amit-transportation.com\/#website","url":"https:\/\/amit-transportation.com\/","name":"AMiT Transportation","description":"Elektronika pro kolejov\u00e1 vozidla a ve\u0159ejnou dopravu","potentialAction":[{"@type":"SearchAction","target":{"@type":"EntryPoint","urlTemplate":"https:\/\/amit-transportation.com\/?s={search_term_string}"},"query-input":{"@type":"PropertyValueSpecification","valueRequired":true,"valueName":"search_term_string"}}],"inLanguage":"de"}]}},"_links":{"self":[{"href":"https:\/\/amit-transportation.com\/de\/wp-json\/wp\/v2\/pages\/13159","targetHints":{"allow":["GET"]}}],"collection":[{"href":"https:\/\/amit-transportation.com\/de\/wp-json\/wp\/v2\/pages"}],"about":[{"href":"https:\/\/amit-transportation.com\/de\/wp-json\/wp\/v2\/types\/page"}],"author":[{"embeddable":true,"href":"https:\/\/amit-transportation.com\/de\/wp-json\/wp\/v2\/users\/80"}],"replies":[{"embeddable":true,"href":"https:\/\/amit-transportation.com\/de\/wp-json\/wp\/v2\/comments?post=13159"}],"version-history":[{"count":3,"href":"https:\/\/amit-transportation.com\/de\/wp-json\/wp\/v2\/pages\/13159\/revisions"}],"predecessor-version":[{"id":13166,"href":"https:\/\/amit-transportation.com\/de\/wp-json\/wp\/v2\/pages\/13159\/revisions\/13166"}],"wp:featuredmedia":[{"embeddable":true,"href":"https:\/\/amit-transportation.com\/de\/wp-json\/wp\/v2\/media\/12892"}],"wp:attachment":[{"href":"https:\/\/amit-transportation.com\/de\/wp-json\/wp\/v2\/media?parent=13159"}],"curies":[{"name":"wp","href":"https:\/\/api.w.org\/{rel}","templated":true}]}}