{"id":13153,"date":"2025-09-09T10:16:53","date_gmt":"2025-09-09T08:16:53","guid":{"rendered":"https:\/\/amit-transportation.com\/?page_id=13153"},"modified":"2025-09-09T10:18:59","modified_gmt":"2025-09-09T08:18:59","slug":"tcn-kommunikation","status":"publish","type":"page","link":"https:\/\/amit-transportation.com\/de\/tcn-kommunikation\/","title":{"rendered":"TCN-Kommunikation"},"content":{"rendered":"\t\t<div data-elementor-type=\"wp-page\" data-elementor-id=\"13153\" class=\"elementor elementor-13153 elementor-8976\" data-elementor-post-type=\"page\">\n\t\t\t\t<div class=\"elementor-element elementor-element-8ea9a7f e-flex e-con-boxed e-con e-parent\" data-id=\"8ea9a7f\" data-element_type=\"container\">\n\t\t\t\t\t<div class=\"e-con-inner\">\n\t\t\t\t<div class=\"elementor-element elementor-element-e471f93 elementor-widget elementor-widget-heading\" data-id=\"e471f93\" data-element_type=\"widget\" data-widget_type=\"heading.default\">\n\t\t\t\t<div class=\"elementor-widget-container\">\n\t\t\t\t\t<h2 class=\"elementor-heading-title elementor-size-default\">TCN-Kommunikation<\/h2>\t\t\t\t<\/div>\n\t\t\t\t<\/div>\n\t\t\t\t<div class=\"elementor-element elementor-element-cbe30c9 elementor-widget elementor-widget-text-editor\" data-id=\"cbe30c9\" data-element_type=\"widget\" data-widget_type=\"text-editor.default\">\n\t\t\t\t<div class=\"elementor-widget-container\">\n\t\t\t\t\t\t\t\t\t<p>Die grundlegenden Bestandteile des Kommunikationsnetzwerks in Schienenfahrzeugen (<strong>TCN<\/strong> \u2013 Train Communication Network) sind der Wire Train Bus (<strong>WTB<\/strong>), der die Datenkommunikation innerhalb des gesamten Zugverbands erm\u00f6glicht, und der Multifunction Vehicle Bus (<strong>MVB<\/strong>), der f\u00fcr den Datenaustausch innerhalb eines einzelnen Fahrzeugs oder einer Gruppe fest gekoppelter Fahrzeuge (Consist) zust\u00e4ndig ist. Jeder Consist, der an den WTB angeschlossen ist, muss mit einem WTB-Kommunikationsknoten (sogenannte WTB-Gateway) ausgestattet sein. \u00dcber diesen Knoten kann auch ein MVB-Kommunikationsnetz angebunden werden \u2013 in diesem Fall spricht man von einer TCN WTB\/MVB-Gateway<\/p><p>Das Unternehmen AMiT bietet eine umfassende L\u00f6sung f\u00fcr die TCN-Kommunikation, um die Interoperabilit\u00e4t zwischen verschiedenen Fahrzeugen gem\u00e4\u00df IEC 61375 sicherzustellen. WTB-Knoten k\u00f6nnen eine beliebige Kombination aus drei lokalen Kommunikationstypen innerhalb eines Consists integrieren \u2013 MVB, CAN und Ethernet (inklusive Unterst\u00fctzung des TRDP-Protokolls).<\/p><p>Es stehen zwei Hardware-Konzepte zur Verf\u00fcgung \u2013 <strong>modular<\/strong> (Einschubrahmen) und <strong>kompakt<\/strong>. Das modulare Einschubkonzept unterst\u00fctzt Redundanz auf Ebene des Kommunikationsknotens (Gateway) und der Stromversorgung, wodurch eine hohe Zuverl\u00e4ssigkeit und Verf\u00fcgbarkeit der Zugkommunikation gew\u00e4hrleistet wird. Alle Kommunikationsbusse sind gem\u00e4\u00df <strong>UIC 556<\/strong> zertifiziert, die eigene Konstruktion entspricht der Norm <strong>EN 50155<\/strong>. F\u00fcr die Entwicklung und Diagnose der TCN-Kommunikation liefert AMiT auch WTB- und MVB-Busanalyseger\u00e4te<\/p>\t\t\t\t\t\t\t\t<\/div>\n\t\t\t\t<\/div>\n\t\t\t\t<div class=\"elementor-element elementor-element-e11cf1b elementor-widget elementor-widget-video\" data-id=\"e11cf1b\" data-element_type=\"widget\" data-settings=\"{&quot;youtube_url&quot;:&quot;https:\\\/\\\/www.youtube.com\\\/watch?v=a11bZXzZ6Ns&quot;,&quot;autoplay&quot;:&quot;yes&quot;,&quot;play_on_mobile&quot;:&quot;yes&quot;,&quot;mute&quot;:&quot;yes&quot;,&quot;loop&quot;:&quot;yes&quot;,&quot;video_type&quot;:&quot;youtube&quot;,&quot;controls&quot;:&quot;yes&quot;}\" data-widget_type=\"video.default\">\n\t\t\t\t<div class=\"elementor-widget-container\">\n\t\t\t\t\t\t\t<div class=\"elementor-wrapper elementor-open-inline\">\n\t\t\t<div class=\"elementor-video\"><\/div>\t\t<\/div>\n\t\t\t\t\t\t<\/div>\n\t\t\t\t<\/div>\n\t\t\t\t<div class=\"elementor-element elementor-element-c49e4d7 elementor-widget elementor-widget-image\" data-id=\"c49e4d7\" data-element_type=\"widget\" data-widget_type=\"image.default\">\n\t\t\t\t<div class=\"elementor-widget-container\">\n\t\t\t\t\t\t\t\t\t\t\t\t\t\t\t<img fetchpriority=\"high\" decoding=\"async\" width=\"930\" height=\"713\" src=\"https:\/\/amit-transportation.com\/wp-content\/uploads\/2024\/09\/2_TCN-komunikace-1.svg\" class=\"attachment-large size-large wp-image-13143\" alt=\"\" \/>\t\t\t\t\t\t\t\t\t\t\t\t\t\t\t<\/div>\n\t\t\t\t<\/div>\n\t\t\t\t<div class=\"elementor-element elementor-element-21478f9 elementor-widget elementor-widget-image\" data-id=\"21478f9\" data-element_type=\"widget\" data-widget_type=\"image.default\">\n\t\t\t\t<div class=\"elementor-widget-container\">\n\t\t\t\t\t\t\t\t\t\t\t\t\t\t\t<img decoding=\"async\" width=\"930\" height=\"602\" src=\"https:\/\/amit-transportation.com\/wp-content\/uploads\/2024\/09\/2_TCN-komunikace-2.svg\" class=\"attachment-large size-large wp-image-13144\" alt=\"\" \/>\t\t\t\t\t\t\t\t\t\t\t\t\t\t\t<\/div>\n\t\t\t\t<\/div>\n\t\t\t\t\t<\/div>\n\t\t\t\t<\/div>\n\t\t<div class=\"elementor-element elementor-element-20fed4e e-flex e-con-boxed e-con e-parent\" data-id=\"20fed4e\" data-element_type=\"container\">\n\t\t\t\t\t<div class=\"e-con-inner\">\n\t\t\t\t<div class=\"elementor-element elementor-element-d2d214c elementor-align-center elementor-widget elementor-widget-button\" data-id=\"d2d214c\" data-element_type=\"widget\" data-widget_type=\"button.default\">\n\t\t\t\t<div class=\"elementor-widget-container\">\n\t\t\t\t\t\t\t\t\t<div class=\"elementor-button-wrapper\">\n\t\t\t\t\t<a class=\"elementor-button elementor-button-link elementor-size-sm\" href=\"https:\/\/amit-transportation.com\/kontakt\/\">\n\t\t\t\t\t\t<span class=\"elementor-button-content-wrapper\">\n\t\t\t\t\t\t\t\t\t<span class=\"elementor-button-text\">KONTAKTIEREN SIE UNS<\/span>\n\t\t\t\t\t<\/span>\n\t\t\t\t\t<\/a>\n\t\t\t\t<\/div>\n\t\t\t\t\t\t\t\t<\/div>\n\t\t\t\t<\/div>\n\t\t\t\t\t<\/div>\n\t\t\t\t<\/div>\n\t\t<div class=\"elementor-element elementor-element-89c3a0d e-flex e-con-boxed e-con e-parent\" data-id=\"89c3a0d\" data-element_type=\"container\">\n\t\t\t\t\t<div class=\"e-con-inner\">\n\t\t\t\t\t<\/div>\n\t\t\t\t<\/div>\n\t\t\t\t<\/div>\n\t\t","protected":false},"excerpt":{"rendered":"<p>TCN-Kommunikation Die grundlegenden Bestandteile des Kommunikationsnetzwerks in Schienenfahrzeugen (TCN \u2013 Train Communication Network) sind der Wire Train Bus (WTB), der die Datenkommunikation innerhalb des gesamten Zugverbands erm\u00f6glicht, und der Multifunction Vehicle Bus (MVB), der f\u00fcr den Datenaustausch innerhalb eines einzelnen Fahrzeugs oder einer Gruppe fest gekoppelter Fahrzeuge (Consist) zust\u00e4ndig ist. [&hellip;]<\/p>\n","protected":false},"author":80,"featured_media":13154,"parent":0,"menu_order":0,"comment_status":"closed","ping_status":"closed","template":"","meta":{"footnotes":""},"class_list":["post-13153","page","type-page","status-publish","has-post-thumbnail","hentry"],"yoast_head":"<!-- This site is optimized with the Yoast SEO plugin v26.8-RC7 - https:\/\/yoast.com\/product\/yoast-seo-wordpress\/ -->\n<title>TCN-Kommunikation - AMiT Transportation<\/title>\n<meta name=\"robots\" content=\"index, follow, max-snippet:-1, max-image-preview:large, max-video-preview:-1\" \/>\n<link rel=\"canonical\" href=\"https:\/\/amit-transportation.com\/tcn-komunikace-2\/\" \/>\n<meta property=\"og:locale\" content=\"de_DE\" \/>\n<meta property=\"og:type\" content=\"article\" \/>\n<meta property=\"og:title\" content=\"TCN-Kommunikation - AMiT Transportation\" \/>\n<meta property=\"og:description\" content=\"TCN-Kommunikation Die grundlegenden Bestandteile des Kommunikationsnetzwerks in Schienenfahrzeugen (TCN \u2013 Train Communication Network) sind der Wire Train Bus (WTB), der die Datenkommunikation innerhalb des gesamten Zugverbands erm\u00f6glicht, und der Multifunction Vehicle Bus (MVB), der f\u00fcr den Datenaustausch innerhalb eines einzelnen Fahrzeugs oder einer Gruppe fest gekoppelter Fahrzeuge (Consist) zust\u00e4ndig ist. [&hellip;]\" \/>\n<meta property=\"og:url\" content=\"https:\/\/amit-transportation.com\/tcn-komunikace-2\/\" \/>\n<meta property=\"og:site_name\" content=\"AMiT Transportation\" \/>\n<meta property=\"article:modified_time\" content=\"2025-09-09T08:18:59+00:00\" \/>\n<meta property=\"og:image\" content=\"https:\/\/amit-transportation.com\/wp-content\/uploads\/2024\/09\/TCN-komunikace-.jpg\" \/>\n\t<meta property=\"og:image:width\" content=\"1830\" \/>\n\t<meta property=\"og:image:height\" content=\"450\" \/>\n\t<meta property=\"og:image:type\" content=\"image\/jpeg\" \/>\n<meta name=\"twitter:card\" content=\"summary_large_image\" \/>\n<meta name=\"twitter:label1\" content=\"Gesch\u00e4tzte Lesezeit\" \/>\n\t<meta name=\"twitter:data1\" content=\"2\u00a0Minuten\" \/>\n<script type=\"application\/ld+json\" class=\"yoast-schema-graph\">{\"@context\":\"https:\/\/schema.org\",\"@graph\":[{\"@type\":\"WebPage\",\"@id\":\"https:\/\/amit-transportation.com\/tcn-komunikace-2\/\",\"url\":\"https:\/\/amit-transportation.com\/tcn-komunikace-2\/\",\"name\":\"TCN-Kommunikation - AMiT Transportation\",\"isPartOf\":{\"@id\":\"https:\/\/amit-transportation.com\/#website\"},\"primaryImageOfPage\":{\"@id\":\"https:\/\/amit-transportation.com\/tcn-komunikace-2\/#primaryimage\"},\"image\":{\"@id\":\"https:\/\/amit-transportation.com\/tcn-komunikace-2\/#primaryimage\"},\"thumbnailUrl\":\"https:\/\/amit-transportation.com\/wp-content\/uploads\/2024\/09\/TCN-komunikace-.jpg\",\"datePublished\":\"2025-09-09T08:16:53+00:00\",\"dateModified\":\"2025-09-09T08:18:59+00:00\",\"breadcrumb\":{\"@id\":\"https:\/\/amit-transportation.com\/tcn-komunikace-2\/#breadcrumb\"},\"inLanguage\":\"de\",\"potentialAction\":[{\"@type\":\"ReadAction\",\"target\":[\"https:\/\/amit-transportation.com\/tcn-komunikace-2\/\"]}]},{\"@type\":\"ImageObject\",\"inLanguage\":\"de\",\"@id\":\"https:\/\/amit-transportation.com\/tcn-komunikace-2\/#primaryimage\",\"url\":\"https:\/\/amit-transportation.com\/wp-content\/uploads\/2024\/09\/TCN-komunikace-.jpg\",\"contentUrl\":\"https:\/\/amit-transportation.com\/wp-content\/uploads\/2024\/09\/TCN-komunikace-.jpg\",\"width\":1830,\"height\":450},{\"@type\":\"BreadcrumbList\",\"@id\":\"https:\/\/amit-transportation.com\/tcn-komunikace-2\/#breadcrumb\",\"itemListElement\":[{\"@type\":\"ListItem\",\"position\":1,\"name\":\"Home\",\"item\":\"https:\/\/amit-transportation.com\/\"},{\"@type\":\"ListItem\",\"position\":2,\"name\":\"TCN-Kommunikation\"}]},{\"@type\":\"WebSite\",\"@id\":\"https:\/\/amit-transportation.com\/#website\",\"url\":\"https:\/\/amit-transportation.com\/\",\"name\":\"AMiT Transportation\",\"description\":\"Elektronika pro kolejov\u00e1 vozidla a ve\u0159ejnou dopravu\",\"potentialAction\":[{\"@type\":\"SearchAction\",\"target\":{\"@type\":\"EntryPoint\",\"urlTemplate\":\"https:\/\/amit-transportation.com\/?s={search_term_string}\"},\"query-input\":{\"@type\":\"PropertyValueSpecification\",\"valueRequired\":true,\"valueName\":\"search_term_string\"}}],\"inLanguage\":\"de\"}]}<\/script>\n<!-- \/ Yoast SEO plugin. -->","yoast_head_json":{"title":"TCN-Kommunikation - AMiT Transportation","robots":{"index":"index","follow":"follow","max-snippet":"max-snippet:-1","max-image-preview":"max-image-preview:large","max-video-preview":"max-video-preview:-1"},"canonical":"https:\/\/amit-transportation.com\/tcn-komunikace-2\/","og_locale":"de_DE","og_type":"article","og_title":"TCN-Kommunikation - AMiT Transportation","og_description":"TCN-Kommunikation Die grundlegenden Bestandteile des Kommunikationsnetzwerks in Schienenfahrzeugen (TCN \u2013 Train Communication Network) sind der Wire Train Bus (WTB), der die Datenkommunikation innerhalb des gesamten Zugverbands erm\u00f6glicht, und der Multifunction Vehicle Bus (MVB), der f\u00fcr den Datenaustausch innerhalb eines einzelnen Fahrzeugs oder einer Gruppe fest gekoppelter Fahrzeuge (Consist) zust\u00e4ndig ist. [&hellip;]","og_url":"https:\/\/amit-transportation.com\/tcn-komunikace-2\/","og_site_name":"AMiT Transportation","article_modified_time":"2025-09-09T08:18:59+00:00","og_image":[{"width":1830,"height":450,"url":"https:\/\/amit-transportation.com\/wp-content\/uploads\/2024\/09\/TCN-komunikace-.jpg","type":"image\/jpeg"}],"twitter_card":"summary_large_image","twitter_misc":{"Gesch\u00e4tzte Lesezeit":"2\u00a0Minuten"},"schema":{"@context":"https:\/\/schema.org","@graph":[{"@type":"WebPage","@id":"https:\/\/amit-transportation.com\/tcn-komunikace-2\/","url":"https:\/\/amit-transportation.com\/tcn-komunikace-2\/","name":"TCN-Kommunikation - AMiT Transportation","isPartOf":{"@id":"https:\/\/amit-transportation.com\/#website"},"primaryImageOfPage":{"@id":"https:\/\/amit-transportation.com\/tcn-komunikace-2\/#primaryimage"},"image":{"@id":"https:\/\/amit-transportation.com\/tcn-komunikace-2\/#primaryimage"},"thumbnailUrl":"https:\/\/amit-transportation.com\/wp-content\/uploads\/2024\/09\/TCN-komunikace-.jpg","datePublished":"2025-09-09T08:16:53+00:00","dateModified":"2025-09-09T08:18:59+00:00","breadcrumb":{"@id":"https:\/\/amit-transportation.com\/tcn-komunikace-2\/#breadcrumb"},"inLanguage":"de","potentialAction":[{"@type":"ReadAction","target":["https:\/\/amit-transportation.com\/tcn-komunikace-2\/"]}]},{"@type":"ImageObject","inLanguage":"de","@id":"https:\/\/amit-transportation.com\/tcn-komunikace-2\/#primaryimage","url":"https:\/\/amit-transportation.com\/wp-content\/uploads\/2024\/09\/TCN-komunikace-.jpg","contentUrl":"https:\/\/amit-transportation.com\/wp-content\/uploads\/2024\/09\/TCN-komunikace-.jpg","width":1830,"height":450},{"@type":"BreadcrumbList","@id":"https:\/\/amit-transportation.com\/tcn-komunikace-2\/#breadcrumb","itemListElement":[{"@type":"ListItem","position":1,"name":"Home","item":"https:\/\/amit-transportation.com\/"},{"@type":"ListItem","position":2,"name":"TCN-Kommunikation"}]},{"@type":"WebSite","@id":"https:\/\/amit-transportation.com\/#website","url":"https:\/\/amit-transportation.com\/","name":"AMiT Transportation","description":"Elektronika pro kolejov\u00e1 vozidla a ve\u0159ejnou dopravu","potentialAction":[{"@type":"SearchAction","target":{"@type":"EntryPoint","urlTemplate":"https:\/\/amit-transportation.com\/?s={search_term_string}"},"query-input":{"@type":"PropertyValueSpecification","valueRequired":true,"valueName":"search_term_string"}}],"inLanguage":"de"}]}},"_links":{"self":[{"href":"https:\/\/amit-transportation.com\/de\/wp-json\/wp\/v2\/pages\/13153","targetHints":{"allow":["GET"]}}],"collection":[{"href":"https:\/\/amit-transportation.com\/de\/wp-json\/wp\/v2\/pages"}],"about":[{"href":"https:\/\/amit-transportation.com\/de\/wp-json\/wp\/v2\/types\/page"}],"author":[{"embeddable":true,"href":"https:\/\/amit-transportation.com\/de\/wp-json\/wp\/v2\/users\/80"}],"replies":[{"embeddable":true,"href":"https:\/\/amit-transportation.com\/de\/wp-json\/wp\/v2\/comments?post=13153"}],"version-history":[{"count":4,"href":"https:\/\/amit-transportation.com\/de\/wp-json\/wp\/v2\/pages\/13153\/revisions"}],"predecessor-version":[{"id":13158,"href":"https:\/\/amit-transportation.com\/de\/wp-json\/wp\/v2\/pages\/13153\/revisions\/13158"}],"wp:featuredmedia":[{"embeddable":true,"href":"https:\/\/amit-transportation.com\/de\/wp-json\/wp\/v2\/media\/13154"}],"wp:attachment":[{"href":"https:\/\/amit-transportation.com\/de\/wp-json\/wp\/v2\/media?parent=13153"}],"curies":[{"name":"wp","href":"https:\/\/api.w.org\/{rel}","templated":true}]}}