{"id":13142,"date":"2025-09-09T10:05:17","date_gmt":"2025-09-09T08:05:17","guid":{"rendered":"https:\/\/amit-transportation.com\/?page_id=13142"},"modified":"2025-09-09T10:15:43","modified_gmt":"2025-09-09T08:15:43","slug":"ubergeordnetes-steuerungssystem-tcms","status":"publish","type":"page","link":"https:\/\/amit-transportation.com\/de\/ubergeordnetes-steuerungssystem-tcms\/","title":{"rendered":"\u00dcbergeordnetes Steuerungssystem (TCMS)"},"content":{"rendered":"\t\t<div data-elementor-type=\"wp-page\" data-elementor-id=\"13142\" class=\"elementor elementor-13142 elementor-8960\" data-elementor-post-type=\"page\">\n\t\t\t\t<div class=\"elementor-element elementor-element-8ea9a7f e-flex e-con-boxed e-con e-parent\" data-id=\"8ea9a7f\" data-element_type=\"container\">\n\t\t\t\t\t<div class=\"e-con-inner\">\n\t\t\t\t<div class=\"elementor-element elementor-element-e471f93 elementor-widget elementor-widget-heading\" data-id=\"e471f93\" data-element_type=\"widget\" data-widget_type=\"heading.default\">\n\t\t\t\t<div class=\"elementor-widget-container\">\n\t\t\t\t\t<h2 class=\"elementor-heading-title elementor-size-default\">TCMS \u2013 Verteiltes \u00fcbergeordnetes Zugsteuerungssystem<\/h2>\t\t\t\t<\/div>\n\t\t\t\t<\/div>\n\t\t\t\t<div class=\"elementor-element elementor-element-cbe30c9 elementor-widget elementor-widget-text-editor\" data-id=\"cbe30c9\" data-element_type=\"widget\" data-widget_type=\"text-editor.default\">\n\t\t\t\t<div class=\"elementor-widget-container\">\n\t\t\t\t\t\t\t\t\t<p>Das leistungsstarke, verteilte Steuerungssystem von AMiT gew\u00e4hrleistet die Steuerung aller Technologien von Schienenfahrzeugen. Das robuste und temperaturbest\u00e4ndige System gem\u00e4\u00df EN 50155 erf\u00fcllt alle extremen Betriebsbedingungen im Bahn- und Schienenverkehr.<\/p><p>Grundlage f\u00fcr die Daten\u00fcbertragung zwischen CPU und Ein-\/Ausgabeeinheiten ist der CAN-Datenbus, der durch seine hohe Flexibilit\u00e4t in der Verbindung und Fehlerdiagnose besticht. Die gro\u00dfe Variabilit\u00e4t und Anpassungsf\u00e4higkeit der Ein-\/Ausgangsmodule in Bezug auf die ben\u00f6tigten Signaltypen und -mengen machen dieses System zu einer vollst\u00e4ndig universellen und komplexen Steuerungsl\u00f6sung f\u00fcr ein breites Spektrum von Bahn-Anwendungen.<\/p><p>Das einzigartige System zur geografischen Konfiguration von Ein-\/Ausgangsknoten erm\u00f6glicht einen schnellen Modulaustausch und verhindert fehlerhafte Anschl\u00fcsse. Die Steuerungsrechner werden mit dem firmeneigenen Entwicklungstool TrolStudio programmiert.<\/p>\t\t\t\t\t\t\t\t<\/div>\n\t\t\t\t<\/div>\n\t\t\t\t<div class=\"elementor-element elementor-element-d615691 elementor-widget elementor-widget-heading\" data-id=\"d615691\" data-element_type=\"widget\" data-widget_type=\"heading.default\">\n\t\t\t\t<div class=\"elementor-widget-container\">\n\t\t\t\t\t<h2 class=\"elementor-heading-title elementor-size-default\">Schl\u00fcsselmerkmale<\/h2>\t\t\t\t<\/div>\n\t\t\t\t<\/div>\n\t\t\t\t<div class=\"elementor-element elementor-element-671612d elementor-widget elementor-widget-text-editor\" data-id=\"671612d\" data-element_type=\"widget\" data-widget_type=\"text-editor.default\">\n\t\t\t\t<div class=\"elementor-widget-container\">\n\t\t\t\t\t\t\t\t\t<ul><li>Kommunikationsprotokoll CANopen DS 401<\/li><li>Kaskadierung von CAN-Bussen<\/li><li>Geografische Konfiguration der I\/O-Knoten<\/li><li>Betriebssoftware mit redundanter CAN-Kommunikation<\/li><li>Leistungsstarkes Entwicklungstool TrolStudio<\/li><li>Gro\u00dfer Betriebstemperaturbereich: \u201340\u202f\u00b0C bis +70\u202f\u00b0C<\/li><li>Stromversorgung: 24\u202fV oder 48\u202fV DC<\/li><li>Konstruktion gem\u00e4\u00df EN 50155<\/li><\/ul>\t\t\t\t\t\t\t\t<\/div>\n\t\t\t\t<\/div>\n\t\t\t\t<div class=\"elementor-element elementor-element-c49e4d7 elementor-widget elementor-widget-image\" data-id=\"c49e4d7\" data-element_type=\"widget\" data-widget_type=\"image.default\">\n\t\t\t\t<div class=\"elementor-widget-container\">\n\t\t\t\t\t\t\t\t\t\t\t\t\t\t\t<img fetchpriority=\"high\" decoding=\"async\" width=\"930\" height=\"560\" src=\"https:\/\/amit-transportation.com\/wp-content\/uploads\/2024\/09\/2_Nadrazene-rizeni-\u2013-distribuovane.svg\" class=\"attachment-large size-large wp-image-9957\" alt=\"\" \/>\t\t\t\t\t\t\t\t\t\t\t\t\t\t\t<\/div>\n\t\t\t\t<\/div>\n\t\t\t\t<div class=\"elementor-element elementor-element-e30f696 elementor-widget elementor-widget-heading\" data-id=\"e30f696\" data-element_type=\"widget\" data-widget_type=\"heading.default\">\n\t\t\t\t<div class=\"elementor-widget-container\">\n\t\t\t\t\t<h2 class=\"elementor-heading-title elementor-size-default\">TCMS \u2013 \u00dcbergeordnetes Zugsteuerungssystem \u2013 Modular<\/h2>\t\t\t\t<\/div>\n\t\t\t\t<\/div>\n\t\t\t\t<div class=\"elementor-element elementor-element-237a929 elementor-widget elementor-widget-text-editor\" data-id=\"237a929\" data-element_type=\"widget\" data-widget_type=\"text-editor.default\">\n\t\t\t\t<div class=\"elementor-widget-container\">\n\t\t\t\t\t\t\t\t\t<p>Das leistungsstarke modulare Steuerungssystem RAVA von AMiT, das in Einschubrahmen installiert wird, \u00fcbernimmt die zentrale Steuerung s\u00e4mtlicher Technologien von Schienenfahrzeugen sowie die Verwaltung ihrer Kommunikationsnetzwerke. Neben den leistungsstarken CPU-Modulen und Ein-\/Ausgabekarten kann im selben Einschubrahmen auch ein WTB-Kommunikationsknoten integriert werden. Dieser gew\u00e4hrleistet die Anbindung an das lokale Kommunikationsnetzwerk des Fahrzeugs (MVB, CAN, Ethernet) gem\u00e4\u00df der Norm IEC 61375.<\/p><p>Ein wesentliches Merkmal der Einschubbauweise ist die M\u00f6glichkeit zur Redundanz von Stromversorgungen, CPU-Einheiten sowie s\u00e4mtlichen Ein-\/Ausgabekarten, was die Zuverl\u00e4ssigkeit des Gesamtsystems deutlich erh\u00f6ht. Die CPU-Einheiten \u00fcbernehmen die Backbone-Kommunikation \u00fcber Ethernet-, MVB-, CAN- oder RS485-Leitungen, wobei sich die einzelnen Kommunikationstypen frei kombinieren lassen.<\/p><p>Hohe Zuverl\u00e4ssigkeit, Redundanz und Verf\u00fcgbarkeit des RAVA-Steuerungssystems werden durch die M\u00f6glichkeit gew\u00e4hrleistet, verschiedene Typen von CPU-, Kommunikations-, Ein-\/Ausgangs- und Stromversorgungskarten flexibel zu kombinieren. Das robuste und temperaturbest\u00e4ndige System gem\u00e4\u00df EN 50155 erf\u00fcllt s\u00e4mtliche Anforderungen f\u00fcr den Einsatz unter extremen Betriebsbedingungen im Bahn- und Schienenverkehr.<\/p><p>Die einzelnen Module und Karten des RAVA-Systems werden in Montagerahmen mit 10, 15 oder 21 Steckpl\u00e4tzen installiert und konfiguriert.<\/p><p>F\u00fcr die Entwicklung von Anwendungsprogrammen steht die Entwicklungsumgebung TrolStudio zur Verf\u00fcgung.<\/p><p>Das einzigartige System zur geografischen Konfiguration erm\u00f6glicht einen schnellen Modulaustausch und verhindert fehlerhafte Anschl\u00fcsse. Die Steuerungsrechner werden mit dem firmeneigenen Entwicklungstool TrolStudio programmiert.<\/p>\t\t\t\t\t\t\t\t<\/div>\n\t\t\t\t<\/div>\n\t\t\t\t<div class=\"elementor-element elementor-element-1142485 elementor-widget elementor-widget-heading\" data-id=\"1142485\" data-element_type=\"widget\" data-widget_type=\"heading.default\">\n\t\t\t\t<div class=\"elementor-widget-container\">\n\t\t\t\t\t<h2 class=\"elementor-heading-title elementor-size-default\">Schl\u00fcsselmerkmale<\/h2>\t\t\t\t<\/div>\n\t\t\t\t<\/div>\n\t\t\t\t<div class=\"elementor-element elementor-element-c919223 elementor-widget elementor-widget-text-editor\" data-id=\"c919223\" data-element_type=\"widget\" data-widget_type=\"text-editor.default\">\n\t\t\t\t<div class=\"elementor-widget-container\">\n\t\t\t\t\t\t\t\t\t<ul><li>Steuerung von Schienenfahrzeugen \u2013 Modulares Einschubsystem<\/li><li>MVB-Schnittstelle in Ausf\u00fchrung EMD, ESD (doppelte Leitung)<\/li><li>Ethernet-Anschluss 10\/100\u202fMb\/s \u00fcber M12-Steckverbinder<\/li><li>Unterst\u00fctzung des Kommunikationsprotokolls CANopen DS 401<\/li><li>WTB-Schnittstelle gem\u00e4\u00df UIC 556<\/li><li>Unterst\u00fctzung von Redundanz (CPU, Stromversorgung, I\/O-Karten, Gateways)<\/li><li>Gro\u00dfer Betriebstemperaturbereich: \u201340\u202f\u00b0C bis +70\u202f\u00b0C<\/li><li>V|ersorgungsspannung: 24\u202fV bis 110\u202fV DC<\/li><li>Konstruktion gem\u00e4\u00df EN 50155<\/li><\/ul>\t\t\t\t\t\t\t\t<\/div>\n\t\t\t\t<\/div>\n\t\t\t\t<div class=\"elementor-element elementor-element-23da706 elementor-widget elementor-widget-image\" data-id=\"23da706\" data-element_type=\"widget\" data-widget_type=\"image.default\">\n\t\t\t\t<div class=\"elementor-widget-container\">\n\t\t\t\t\t\t\t\t\t\t\t\t\t\t\t<img decoding=\"async\" width=\"930\" height=\"602\" src=\"https:\/\/amit-transportation.com\/wp-content\/uploads\/2024\/09\/2_TCN-komunikace-2.svg\" class=\"attachment-large size-large wp-image-13144\" alt=\"\" \/>\t\t\t\t\t\t\t\t\t\t\t\t\t\t\t<\/div>\n\t\t\t\t<\/div>\n\t\t\t\t\t<\/div>\n\t\t\t\t<\/div>\n\t\t<div class=\"elementor-element elementor-element-20fed4e e-flex e-con-boxed e-con e-parent\" data-id=\"20fed4e\" data-element_type=\"container\">\n\t\t\t\t\t<div class=\"e-con-inner\">\n\t\t\t\t<div class=\"elementor-element elementor-element-d2d214c elementor-align-center elementor-widget elementor-widget-button\" data-id=\"d2d214c\" data-element_type=\"widget\" data-widget_type=\"button.default\">\n\t\t\t\t<div class=\"elementor-widget-container\">\n\t\t\t\t\t\t\t\t\t<div class=\"elementor-button-wrapper\">\n\t\t\t\t\t<a class=\"elementor-button elementor-button-link elementor-size-sm\" href=\"https:\/\/amit-transportation.com\/kontakty\/\">\n\t\t\t\t\t\t<span class=\"elementor-button-content-wrapper\">\n\t\t\t\t\t\t\t\t\t<span class=\"elementor-button-text\">KONTAKTIEREN SIE UNS<\/span>\n\t\t\t\t\t<\/span>\n\t\t\t\t\t<\/a>\n\t\t\t\t<\/div>\n\t\t\t\t\t\t\t\t<\/div>\n\t\t\t\t<\/div>\n\t\t\t\t\t<\/div>\n\t\t\t\t<\/div>\n\t\t<div class=\"elementor-element elementor-element-89c3a0d e-flex e-con-boxed e-con e-parent\" data-id=\"89c3a0d\" data-element_type=\"container\">\n\t\t\t\t\t<div class=\"e-con-inner\">\n\t\t\t\t\t<\/div>\n\t\t\t\t<\/div>\n\t\t\t\t<\/div>\n\t\t","protected":false},"excerpt":{"rendered":"<p>TCMS \u2013 Verteiltes \u00fcbergeordnetes Zugsteuerungssystem Das leistungsstarke, verteilte Steuerungssystem von AMiT gew\u00e4hrleistet die Steuerung aller Technologien von Schienenfahrzeugen. Das robuste und temperaturbest\u00e4ndige System gem\u00e4\u00df EN 50155 erf\u00fcllt alle extremen Betriebsbedingungen im Bahn- und Schienenverkehr. Grundlage f\u00fcr die Daten\u00fcbertragung zwischen CPU und Ein-\/Ausgabeeinheiten ist der CAN-Datenbus, der durch seine hohe Flexibilit\u00e4t [&hellip;]<\/p>\n","protected":false},"author":80,"featured_media":13145,"parent":0,"menu_order":0,"comment_status":"closed","ping_status":"closed","template":"","meta":{"footnotes":""},"class_list":["post-13142","page","type-page","status-publish","has-post-thumbnail","hentry"],"yoast_head":"<!-- This site is optimized with the Yoast SEO plugin v26.8-RC7 - https:\/\/yoast.com\/product\/yoast-seo-wordpress\/ -->\n<title>\u00dcbergeordnetes Steuerungssystem (TCMS) - AMiT Transportation<\/title>\n<meta name=\"robots\" content=\"index, follow, max-snippet:-1, max-image-preview:large, max-video-preview:-1\" \/>\n<link rel=\"canonical\" href=\"https:\/\/amit-transportation.com\/nadrazene-rizeni-tcms\/\" \/>\n<meta property=\"og:locale\" content=\"de_DE\" \/>\n<meta property=\"og:type\" content=\"article\" \/>\n<meta property=\"og:title\" content=\"\u00dcbergeordnetes Steuerungssystem (TCMS) - AMiT Transportation\" \/>\n<meta property=\"og:description\" content=\"TCMS \u2013 Verteiltes \u00fcbergeordnetes Zugsteuerungssystem Das leistungsstarke, verteilte Steuerungssystem von AMiT gew\u00e4hrleistet die Steuerung aller Technologien von Schienenfahrzeugen. Das robuste und temperaturbest\u00e4ndige System gem\u00e4\u00df EN 50155 erf\u00fcllt alle extremen Betriebsbedingungen im Bahn- und Schienenverkehr. Grundlage f\u00fcr die Daten\u00fcbertragung zwischen CPU und Ein-\/Ausgabeeinheiten ist der CAN-Datenbus, der durch seine hohe Flexibilit\u00e4t [&hellip;]\" \/>\n<meta property=\"og:url\" content=\"https:\/\/amit-transportation.com\/nadrazene-rizeni-tcms\/\" \/>\n<meta property=\"og:site_name\" content=\"AMiT Transportation\" \/>\n<meta property=\"article:modified_time\" content=\"2025-09-09T08:15:43+00:00\" \/>\n<meta property=\"og:image\" content=\"https:\/\/amit-transportation.com\/wp-content\/uploads\/2024\/09\/Nadrazene-rizeni-TCMS.jpg\" \/>\n\t<meta property=\"og:image:width\" content=\"1830\" \/>\n\t<meta property=\"og:image:height\" content=\"450\" \/>\n\t<meta property=\"og:image:type\" content=\"image\/jpeg\" \/>\n<meta name=\"twitter:card\" content=\"summary_large_image\" \/>\n<meta name=\"twitter:label1\" content=\"Gesch\u00e4tzte Lesezeit\" \/>\n\t<meta name=\"twitter:data1\" content=\"3\u00a0Minuten\" \/>\n<script type=\"application\/ld+json\" class=\"yoast-schema-graph\">{\"@context\":\"https:\/\/schema.org\",\"@graph\":[{\"@type\":\"WebPage\",\"@id\":\"https:\/\/amit-transportation.com\/nadrazene-rizeni-tcms\/\",\"url\":\"https:\/\/amit-transportation.com\/nadrazene-rizeni-tcms\/\",\"name\":\"\u00dcbergeordnetes Steuerungssystem (TCMS) - AMiT Transportation\",\"isPartOf\":{\"@id\":\"https:\/\/amit-transportation.com\/#website\"},\"primaryImageOfPage\":{\"@id\":\"https:\/\/amit-transportation.com\/nadrazene-rizeni-tcms\/#primaryimage\"},\"image\":{\"@id\":\"https:\/\/amit-transportation.com\/nadrazene-rizeni-tcms\/#primaryimage\"},\"thumbnailUrl\":\"https:\/\/amit-transportation.com\/wp-content\/uploads\/2024\/09\/Nadrazene-rizeni-TCMS.jpg\",\"datePublished\":\"2025-09-09T08:05:17+00:00\",\"dateModified\":\"2025-09-09T08:15:43+00:00\",\"breadcrumb\":{\"@id\":\"https:\/\/amit-transportation.com\/nadrazene-rizeni-tcms\/#breadcrumb\"},\"inLanguage\":\"de\",\"potentialAction\":[{\"@type\":\"ReadAction\",\"target\":[\"https:\/\/amit-transportation.com\/nadrazene-rizeni-tcms\/\"]}]},{\"@type\":\"ImageObject\",\"inLanguage\":\"de\",\"@id\":\"https:\/\/amit-transportation.com\/nadrazene-rizeni-tcms\/#primaryimage\",\"url\":\"https:\/\/amit-transportation.com\/wp-content\/uploads\/2024\/09\/Nadrazene-rizeni-TCMS.jpg\",\"contentUrl\":\"https:\/\/amit-transportation.com\/wp-content\/uploads\/2024\/09\/Nadrazene-rizeni-TCMS.jpg\",\"width\":1830,\"height\":450},{\"@type\":\"BreadcrumbList\",\"@id\":\"https:\/\/amit-transportation.com\/nadrazene-rizeni-tcms\/#breadcrumb\",\"itemListElement\":[{\"@type\":\"ListItem\",\"position\":1,\"name\":\"Home\",\"item\":\"https:\/\/amit-transportation.com\/\"},{\"@type\":\"ListItem\",\"position\":2,\"name\":\"\u00dcbergeordnetes Steuerungssystem (TCMS)\"}]},{\"@type\":\"WebSite\",\"@id\":\"https:\/\/amit-transportation.com\/#website\",\"url\":\"https:\/\/amit-transportation.com\/\",\"name\":\"AMiT Transportation\",\"description\":\"Elektronika pro kolejov\u00e1 vozidla a ve\u0159ejnou dopravu\",\"potentialAction\":[{\"@type\":\"SearchAction\",\"target\":{\"@type\":\"EntryPoint\",\"urlTemplate\":\"https:\/\/amit-transportation.com\/?s={search_term_string}\"},\"query-input\":{\"@type\":\"PropertyValueSpecification\",\"valueRequired\":true,\"valueName\":\"search_term_string\"}}],\"inLanguage\":\"de\"}]}<\/script>\n<!-- \/ Yoast SEO plugin. -->","yoast_head_json":{"title":"\u00dcbergeordnetes Steuerungssystem (TCMS) - AMiT Transportation","robots":{"index":"index","follow":"follow","max-snippet":"max-snippet:-1","max-image-preview":"max-image-preview:large","max-video-preview":"max-video-preview:-1"},"canonical":"https:\/\/amit-transportation.com\/nadrazene-rizeni-tcms\/","og_locale":"de_DE","og_type":"article","og_title":"\u00dcbergeordnetes Steuerungssystem (TCMS) - AMiT Transportation","og_description":"TCMS \u2013 Verteiltes \u00fcbergeordnetes Zugsteuerungssystem Das leistungsstarke, verteilte Steuerungssystem von AMiT gew\u00e4hrleistet die Steuerung aller Technologien von Schienenfahrzeugen. Das robuste und temperaturbest\u00e4ndige System gem\u00e4\u00df EN 50155 erf\u00fcllt alle extremen Betriebsbedingungen im Bahn- und Schienenverkehr. Grundlage f\u00fcr die Daten\u00fcbertragung zwischen CPU und Ein-\/Ausgabeeinheiten ist der CAN-Datenbus, der durch seine hohe Flexibilit\u00e4t [&hellip;]","og_url":"https:\/\/amit-transportation.com\/nadrazene-rizeni-tcms\/","og_site_name":"AMiT Transportation","article_modified_time":"2025-09-09T08:15:43+00:00","og_image":[{"width":1830,"height":450,"url":"https:\/\/amit-transportation.com\/wp-content\/uploads\/2024\/09\/Nadrazene-rizeni-TCMS.jpg","type":"image\/jpeg"}],"twitter_card":"summary_large_image","twitter_misc":{"Gesch\u00e4tzte Lesezeit":"3\u00a0Minuten"},"schema":{"@context":"https:\/\/schema.org","@graph":[{"@type":"WebPage","@id":"https:\/\/amit-transportation.com\/nadrazene-rizeni-tcms\/","url":"https:\/\/amit-transportation.com\/nadrazene-rizeni-tcms\/","name":"\u00dcbergeordnetes Steuerungssystem (TCMS) - AMiT Transportation","isPartOf":{"@id":"https:\/\/amit-transportation.com\/#website"},"primaryImageOfPage":{"@id":"https:\/\/amit-transportation.com\/nadrazene-rizeni-tcms\/#primaryimage"},"image":{"@id":"https:\/\/amit-transportation.com\/nadrazene-rizeni-tcms\/#primaryimage"},"thumbnailUrl":"https:\/\/amit-transportation.com\/wp-content\/uploads\/2024\/09\/Nadrazene-rizeni-TCMS.jpg","datePublished":"2025-09-09T08:05:17+00:00","dateModified":"2025-09-09T08:15:43+00:00","breadcrumb":{"@id":"https:\/\/amit-transportation.com\/nadrazene-rizeni-tcms\/#breadcrumb"},"inLanguage":"de","potentialAction":[{"@type":"ReadAction","target":["https:\/\/amit-transportation.com\/nadrazene-rizeni-tcms\/"]}]},{"@type":"ImageObject","inLanguage":"de","@id":"https:\/\/amit-transportation.com\/nadrazene-rizeni-tcms\/#primaryimage","url":"https:\/\/amit-transportation.com\/wp-content\/uploads\/2024\/09\/Nadrazene-rizeni-TCMS.jpg","contentUrl":"https:\/\/amit-transportation.com\/wp-content\/uploads\/2024\/09\/Nadrazene-rizeni-TCMS.jpg","width":1830,"height":450},{"@type":"BreadcrumbList","@id":"https:\/\/amit-transportation.com\/nadrazene-rizeni-tcms\/#breadcrumb","itemListElement":[{"@type":"ListItem","position":1,"name":"Home","item":"https:\/\/amit-transportation.com\/"},{"@type":"ListItem","position":2,"name":"\u00dcbergeordnetes Steuerungssystem (TCMS)"}]},{"@type":"WebSite","@id":"https:\/\/amit-transportation.com\/#website","url":"https:\/\/amit-transportation.com\/","name":"AMiT Transportation","description":"Elektronika pro kolejov\u00e1 vozidla a ve\u0159ejnou dopravu","potentialAction":[{"@type":"SearchAction","target":{"@type":"EntryPoint","urlTemplate":"https:\/\/amit-transportation.com\/?s={search_term_string}"},"query-input":{"@type":"PropertyValueSpecification","valueRequired":true,"valueName":"search_term_string"}}],"inLanguage":"de"}]}},"_links":{"self":[{"href":"https:\/\/amit-transportation.com\/de\/wp-json\/wp\/v2\/pages\/13142","targetHints":{"allow":["GET"]}}],"collection":[{"href":"https:\/\/amit-transportation.com\/de\/wp-json\/wp\/v2\/pages"}],"about":[{"href":"https:\/\/amit-transportation.com\/de\/wp-json\/wp\/v2\/types\/page"}],"author":[{"embeddable":true,"href":"https:\/\/amit-transportation.com\/de\/wp-json\/wp\/v2\/users\/80"}],"replies":[{"embeddable":true,"href":"https:\/\/amit-transportation.com\/de\/wp-json\/wp\/v2\/comments?post=13142"}],"version-history":[{"count":6,"href":"https:\/\/amit-transportation.com\/de\/wp-json\/wp\/v2\/pages\/13142\/revisions"}],"predecessor-version":[{"id":13152,"href":"https:\/\/amit-transportation.com\/de\/wp-json\/wp\/v2\/pages\/13142\/revisions\/13152"}],"wp:featuredmedia":[{"embeddable":true,"href":"https:\/\/amit-transportation.com\/de\/wp-json\/wp\/v2\/media\/13145"}],"wp:attachment":[{"href":"https:\/\/amit-transportation.com\/de\/wp-json\/wp\/v2\/media?parent=13142"}],"curies":[{"name":"wp","href":"https:\/\/api.w.org\/{rel}","templated":true}]}}