{"id":13135,"date":"2025-09-09T09:59:18","date_gmt":"2025-09-09T07:59:18","guid":{"rendered":"https:\/\/amit-transportation.com\/?page_id=13135"},"modified":"2025-09-09T10:00:56","modified_gmt":"2025-09-09T08:00:56","slug":"das-sitzplatz-reservierungssystem","status":"publish","type":"page","link":"https:\/\/amit-transportation.com\/de\/das-sitzplatz-reservierungssystem\/","title":{"rendered":"Das Sitzplatz-Reservierungssystem"},"content":{"rendered":"\t\t<div data-elementor-type=\"wp-page\" data-elementor-id=\"13135\" class=\"elementor elementor-13135 elementor-11060\" data-elementor-post-type=\"page\">\n\t\t\t\t<div class=\"elementor-element elementor-element-8ea9a7f e-flex e-con-boxed e-con e-parent\" data-id=\"8ea9a7f\" data-element_type=\"container\">\n\t\t\t\t\t<div class=\"e-con-inner\">\n\t\t\t\t<div class=\"elementor-element elementor-element-510a468 elementor-widget elementor-widget-text-editor\" data-id=\"510a468\" data-element_type=\"widget\" data-widget_type=\"text-editor.default\">\n\t\t\t\t<div class=\"elementor-widget-container\">\n\t\t\t\t\t\t\t\t\tDas Sitzplatz-Reservierungssystem kann Bestandteil des Fahrgastinformationssystems in Abteil- oder Gro\u00dfraumwagen sein. Es existieren zwei Typen von Reservierungsanzeigen. Die Sitzplatzdisplays lassen sich \u00fcber einen zentralen Steuerrechner als Teil des Informationssystems ansteuern. Die Reservierungsanzeigen sind mechanisch so konzipiert, dass sie beispielsweise in das Gep\u00e4ckfach \u00fcber den Sitzen integriert werden k\u00f6nnen.\t\t\t\t\t\t\t\t<\/div>\n\t\t\t\t<\/div>\n\t\t\t\t<div class=\"elementor-element elementor-element-e471f93 elementor-widget elementor-widget-heading\" data-id=\"e471f93\" data-element_type=\"widget\" data-widget_type=\"heading.default\">\n\t\t\t\t<div class=\"elementor-widget-container\">\n\t\t\t\t\t<h2 class=\"elementor-heading-title elementor-size-default\">Bestandteile des Sitzplatz-Reservierungssystems<\/h2>\t\t\t\t<\/div>\n\t\t\t\t<\/div>\n\t\t\t\t<div class=\"elementor-element elementor-element-671612d elementor-widget elementor-widget-text-editor\" data-id=\"671612d\" data-element_type=\"widget\" data-widget_type=\"text-editor.default\">\n\t\t\t\t<div class=\"elementor-widget-container\">\n\t\t\t\t\t\t\t\t\t<ul><li>TFT-Displays<\/li><li>OLED-Displays<\/li><\/ul>\t\t\t\t\t\t\t\t<\/div>\n\t\t\t\t<\/div>\n\t\t\t\t<div class=\"elementor-element elementor-element-e92ca8d elementor-widget elementor-widget-image\" data-id=\"e92ca8d\" data-element_type=\"widget\" data-widget_type=\"image.default\">\n\t\t\t\t<div class=\"elementor-widget-container\">\n\t\t\t\t\t\t\t\t\t\t\t\t\t\t\t<img fetchpriority=\"high\" decoding=\"async\" width=\"930\" height=\"532\" src=\"https:\/\/amit-transportation.com\/wp-content\/uploads\/2025\/03\/SRS-produkt-1024x586.jpg\" class=\"attachment-large size-large wp-image-13137\" alt=\"\" srcset=\"https:\/\/amit-transportation.com\/wp-content\/uploads\/2025\/03\/SRS-produkt-1024x586.jpg 1024w, https:\/\/amit-transportation.com\/wp-content\/uploads\/2025\/03\/SRS-produkt-300x172.jpg 300w, https:\/\/amit-transportation.com\/wp-content\/uploads\/2025\/03\/SRS-produkt-768x440.jpg 768w, https:\/\/amit-transportation.com\/wp-content\/uploads\/2025\/03\/SRS-produkt-1000x573.jpg 1000w, https:\/\/amit-transportation.com\/wp-content\/uploads\/2025\/03\/SRS-produkt-978x560.jpg 978w, https:\/\/amit-transportation.com\/wp-content\/uploads\/2025\/03\/SRS-produkt-600x344.jpg 600w, https:\/\/amit-transportation.com\/wp-content\/uploads\/2025\/03\/SRS-produkt-24x14.jpg 24w, https:\/\/amit-transportation.com\/wp-content\/uploads\/2025\/03\/SRS-produkt-36x21.jpg 36w, https:\/\/amit-transportation.com\/wp-content\/uploads\/2025\/03\/SRS-produkt-48x27.jpg 48w, https:\/\/amit-transportation.com\/wp-content\/uploads\/2025\/03\/SRS-produkt.jpg 1500w\" sizes=\"(max-width: 930px) 100vw, 930px\" \/>\t\t\t\t\t\t\t\t\t\t\t\t\t\t\t<\/div>\n\t\t\t\t<\/div>\n\t\t\t\t<div class=\"elementor-element elementor-element-0ed4611 elementor-widget elementor-widget-video\" data-id=\"0ed4611\" data-element_type=\"widget\" data-settings=\"{&quot;youtube_url&quot;:&quot;https:\\\/\\\/youtu.be\\\/ZqvejhXEEmo&quot;,&quot;video_type&quot;:&quot;youtube&quot;,&quot;controls&quot;:&quot;yes&quot;}\" data-widget_type=\"video.default\">\n\t\t\t\t<div class=\"elementor-widget-container\">\n\t\t\t\t\t\t\t<div class=\"elementor-wrapper elementor-open-inline\">\n\t\t\t<div class=\"elementor-video\"><\/div>\t\t<\/div>\n\t\t\t\t\t\t<\/div>\n\t\t\t\t<\/div>\n\t\t\t\t\t<\/div>\n\t\t\t\t<\/div>\n\t\t<div class=\"elementor-element elementor-element-20fed4e e-flex e-con-boxed e-con e-parent\" data-id=\"20fed4e\" data-element_type=\"container\">\n\t\t\t\t\t<div class=\"e-con-inner\">\n\t\t\t\t<div class=\"elementor-element elementor-element-d2d214c elementor-align-center elementor-widget elementor-widget-button\" data-id=\"d2d214c\" data-element_type=\"widget\" data-widget_type=\"button.default\">\n\t\t\t\t<div class=\"elementor-widget-container\">\n\t\t\t\t\t\t\t\t\t<div class=\"elementor-button-wrapper\">\n\t\t\t\t\t<a class=\"elementor-button elementor-button-link elementor-size-sm\" href=\"https:\/\/amit-transportation.com\/kontakty\/\">\n\t\t\t\t\t\t<span class=\"elementor-button-content-wrapper\">\n\t\t\t\t\t\t\t\t\t<span class=\"elementor-button-text\">KONTAKTIEREN SIE UNS<\/span>\n\t\t\t\t\t<\/span>\n\t\t\t\t\t<\/a>\n\t\t\t\t<\/div>\n\t\t\t\t\t\t\t\t<\/div>\n\t\t\t\t<\/div>\n\t\t\t\t\t<\/div>\n\t\t\t\t<\/div>\n\t\t\t\t<\/div>\n\t\t","protected":false},"excerpt":{"rendered":"<p>Das Sitzplatz-Reservierungssystem kann Bestandteil des Fahrgastinformationssystems in Abteil- oder Gro\u00dfraumwagen sein. Es existieren zwei Typen von Reservierungsanzeigen. Die Sitzplatzdisplays lassen sich \u00fcber einen zentralen Steuerrechner als Teil des Informationssystems ansteuern. Die Reservierungsanzeigen sind mechanisch so konzipiert, dass sie beispielsweise in das Gep\u00e4ckfach \u00fcber den Sitzen integriert werden k\u00f6nnen. Bestandteile des [&hellip;]<\/p>\n","protected":false},"author":80,"featured_media":13136,"parent":0,"menu_order":0,"comment_status":"closed","ping_status":"closed","template":"","meta":{"footnotes":""},"class_list":["post-13135","page","type-page","status-publish","has-post-thumbnail","hentry"],"yoast_head":"<!-- This site is optimized with the Yoast SEO plugin v26.8-RC7 - https:\/\/yoast.com\/product\/yoast-seo-wordpress\/ -->\n<title>Das Sitzplatz-Reservierungssystem - AMiT Transportation<\/title>\n<meta name=\"robots\" content=\"index, follow, max-snippet:-1, max-image-preview:large, max-video-preview:-1\" \/>\n<link rel=\"canonical\" href=\"https:\/\/amit-transportation.com\/system-rezervace-mist\/\" \/>\n<meta property=\"og:locale\" content=\"de_DE\" \/>\n<meta property=\"og:type\" content=\"article\" \/>\n<meta property=\"og:title\" content=\"Das Sitzplatz-Reservierungssystem - AMiT Transportation\" \/>\n<meta property=\"og:description\" content=\"Das Sitzplatz-Reservierungssystem kann Bestandteil des Fahrgastinformationssystems in Abteil- oder Gro\u00dfraumwagen sein. Es existieren zwei Typen von Reservierungsanzeigen. Die Sitzplatzdisplays lassen sich \u00fcber einen zentralen Steuerrechner als Teil des Informationssystems ansteuern. Die Reservierungsanzeigen sind mechanisch so konzipiert, dass sie beispielsweise in das Gep\u00e4ckfach \u00fcber den Sitzen integriert werden k\u00f6nnen. Bestandteile des [&hellip;]\" \/>\n<meta property=\"og:url\" content=\"https:\/\/amit-transportation.com\/system-rezervace-mist\/\" \/>\n<meta property=\"og:site_name\" content=\"AMiT Transportation\" \/>\n<meta property=\"article:modified_time\" content=\"2025-09-09T08:00:56+00:00\" \/>\n<meta property=\"og:image\" content=\"https:\/\/amit-transportation.com\/wp-content\/uploads\/2025\/03\/SRS-image.jpg\" \/>\n\t<meta property=\"og:image:width\" content=\"2500\" \/>\n\t<meta property=\"og:image:height\" content=\"1406\" \/>\n\t<meta property=\"og:image:type\" content=\"image\/jpeg\" \/>\n<meta name=\"twitter:card\" content=\"summary_large_image\" \/>\n<meta name=\"twitter:label1\" content=\"Gesch\u00e4tzte Lesezeit\" \/>\n\t<meta name=\"twitter:data1\" content=\"1\u00a0Minute\" \/>\n<script type=\"application\/ld+json\" class=\"yoast-schema-graph\">{\"@context\":\"https:\/\/schema.org\",\"@graph\":[{\"@type\":\"WebPage\",\"@id\":\"https:\/\/amit-transportation.com\/system-rezervace-mist\/\",\"url\":\"https:\/\/amit-transportation.com\/system-rezervace-mist\/\",\"name\":\"Das Sitzplatz-Reservierungssystem - AMiT Transportation\",\"isPartOf\":{\"@id\":\"https:\/\/amit-transportation.com\/#website\"},\"primaryImageOfPage\":{\"@id\":\"https:\/\/amit-transportation.com\/system-rezervace-mist\/#primaryimage\"},\"image\":{\"@id\":\"https:\/\/amit-transportation.com\/system-rezervace-mist\/#primaryimage\"},\"thumbnailUrl\":\"https:\/\/amit-transportation.com\/wp-content\/uploads\/2025\/03\/SRS-image.jpg\",\"datePublished\":\"2025-09-09T07:59:18+00:00\",\"dateModified\":\"2025-09-09T08:00:56+00:00\",\"breadcrumb\":{\"@id\":\"https:\/\/amit-transportation.com\/system-rezervace-mist\/#breadcrumb\"},\"inLanguage\":\"de\",\"potentialAction\":[{\"@type\":\"ReadAction\",\"target\":[\"https:\/\/amit-transportation.com\/system-rezervace-mist\/\"]}]},{\"@type\":\"ImageObject\",\"inLanguage\":\"de\",\"@id\":\"https:\/\/amit-transportation.com\/system-rezervace-mist\/#primaryimage\",\"url\":\"https:\/\/amit-transportation.com\/wp-content\/uploads\/2025\/03\/SRS-image.jpg\",\"contentUrl\":\"https:\/\/amit-transportation.com\/wp-content\/uploads\/2025\/03\/SRS-image.jpg\",\"width\":2500,\"height\":1406},{\"@type\":\"BreadcrumbList\",\"@id\":\"https:\/\/amit-transportation.com\/system-rezervace-mist\/#breadcrumb\",\"itemListElement\":[{\"@type\":\"ListItem\",\"position\":1,\"name\":\"Home\",\"item\":\"https:\/\/amit-transportation.com\/\"},{\"@type\":\"ListItem\",\"position\":2,\"name\":\"Das Sitzplatz-Reservierungssystem\"}]},{\"@type\":\"WebSite\",\"@id\":\"https:\/\/amit-transportation.com\/#website\",\"url\":\"https:\/\/amit-transportation.com\/\",\"name\":\"AMiT Transportation\",\"description\":\"Elektronika pro kolejov\u00e1 vozidla a ve\u0159ejnou dopravu\",\"potentialAction\":[{\"@type\":\"SearchAction\",\"target\":{\"@type\":\"EntryPoint\",\"urlTemplate\":\"https:\/\/amit-transportation.com\/?s={search_term_string}\"},\"query-input\":{\"@type\":\"PropertyValueSpecification\",\"valueRequired\":true,\"valueName\":\"search_term_string\"}}],\"inLanguage\":\"de\"}]}<\/script>\n<!-- \/ Yoast SEO plugin. -->","yoast_head_json":{"title":"Das Sitzplatz-Reservierungssystem - AMiT Transportation","robots":{"index":"index","follow":"follow","max-snippet":"max-snippet:-1","max-image-preview":"max-image-preview:large","max-video-preview":"max-video-preview:-1"},"canonical":"https:\/\/amit-transportation.com\/system-rezervace-mist\/","og_locale":"de_DE","og_type":"article","og_title":"Das Sitzplatz-Reservierungssystem - AMiT Transportation","og_description":"Das Sitzplatz-Reservierungssystem kann Bestandteil des Fahrgastinformationssystems in Abteil- oder Gro\u00dfraumwagen sein. Es existieren zwei Typen von Reservierungsanzeigen. Die Sitzplatzdisplays lassen sich \u00fcber einen zentralen Steuerrechner als Teil des Informationssystems ansteuern. Die Reservierungsanzeigen sind mechanisch so konzipiert, dass sie beispielsweise in das Gep\u00e4ckfach \u00fcber den Sitzen integriert werden k\u00f6nnen. Bestandteile des [&hellip;]","og_url":"https:\/\/amit-transportation.com\/system-rezervace-mist\/","og_site_name":"AMiT Transportation","article_modified_time":"2025-09-09T08:00:56+00:00","og_image":[{"width":2500,"height":1406,"url":"https:\/\/amit-transportation.com\/wp-content\/uploads\/2025\/03\/SRS-image.jpg","type":"image\/jpeg"}],"twitter_card":"summary_large_image","twitter_misc":{"Gesch\u00e4tzte Lesezeit":"1\u00a0Minute"},"schema":{"@context":"https:\/\/schema.org","@graph":[{"@type":"WebPage","@id":"https:\/\/amit-transportation.com\/system-rezervace-mist\/","url":"https:\/\/amit-transportation.com\/system-rezervace-mist\/","name":"Das Sitzplatz-Reservierungssystem - AMiT Transportation","isPartOf":{"@id":"https:\/\/amit-transportation.com\/#website"},"primaryImageOfPage":{"@id":"https:\/\/amit-transportation.com\/system-rezervace-mist\/#primaryimage"},"image":{"@id":"https:\/\/amit-transportation.com\/system-rezervace-mist\/#primaryimage"},"thumbnailUrl":"https:\/\/amit-transportation.com\/wp-content\/uploads\/2025\/03\/SRS-image.jpg","datePublished":"2025-09-09T07:59:18+00:00","dateModified":"2025-09-09T08:00:56+00:00","breadcrumb":{"@id":"https:\/\/amit-transportation.com\/system-rezervace-mist\/#breadcrumb"},"inLanguage":"de","potentialAction":[{"@type":"ReadAction","target":["https:\/\/amit-transportation.com\/system-rezervace-mist\/"]}]},{"@type":"ImageObject","inLanguage":"de","@id":"https:\/\/amit-transportation.com\/system-rezervace-mist\/#primaryimage","url":"https:\/\/amit-transportation.com\/wp-content\/uploads\/2025\/03\/SRS-image.jpg","contentUrl":"https:\/\/amit-transportation.com\/wp-content\/uploads\/2025\/03\/SRS-image.jpg","width":2500,"height":1406},{"@type":"BreadcrumbList","@id":"https:\/\/amit-transportation.com\/system-rezervace-mist\/#breadcrumb","itemListElement":[{"@type":"ListItem","position":1,"name":"Home","item":"https:\/\/amit-transportation.com\/"},{"@type":"ListItem","position":2,"name":"Das Sitzplatz-Reservierungssystem"}]},{"@type":"WebSite","@id":"https:\/\/amit-transportation.com\/#website","url":"https:\/\/amit-transportation.com\/","name":"AMiT Transportation","description":"Elektronika pro kolejov\u00e1 vozidla a ve\u0159ejnou dopravu","potentialAction":[{"@type":"SearchAction","target":{"@type":"EntryPoint","urlTemplate":"https:\/\/amit-transportation.com\/?s={search_term_string}"},"query-input":{"@type":"PropertyValueSpecification","valueRequired":true,"valueName":"search_term_string"}}],"inLanguage":"de"}]}},"_links":{"self":[{"href":"https:\/\/amit-transportation.com\/de\/wp-json\/wp\/v2\/pages\/13135","targetHints":{"allow":["GET"]}}],"collection":[{"href":"https:\/\/amit-transportation.com\/de\/wp-json\/wp\/v2\/pages"}],"about":[{"href":"https:\/\/amit-transportation.com\/de\/wp-json\/wp\/v2\/types\/page"}],"author":[{"embeddable":true,"href":"https:\/\/amit-transportation.com\/de\/wp-json\/wp\/v2\/users\/80"}],"replies":[{"embeddable":true,"href":"https:\/\/amit-transportation.com\/de\/wp-json\/wp\/v2\/comments?post=13135"}],"version-history":[{"count":4,"href":"https:\/\/amit-transportation.com\/de\/wp-json\/wp\/v2\/pages\/13135\/revisions"}],"predecessor-version":[{"id":13141,"href":"https:\/\/amit-transportation.com\/de\/wp-json\/wp\/v2\/pages\/13135\/revisions\/13141"}],"wp:featuredmedia":[{"embeddable":true,"href":"https:\/\/amit-transportation.com\/de\/wp-json\/wp\/v2\/media\/13136"}],"wp:attachment":[{"href":"https:\/\/amit-transportation.com\/de\/wp-json\/wp\/v2\/media?parent=13135"}],"curies":[{"name":"wp","href":"https:\/\/api.w.org\/{rel}","templated":true}]}}