{"id":13128,"date":"2025-09-09T09:55:00","date_gmt":"2025-09-09T07:55:00","guid":{"rendered":"https:\/\/amit-transportation.com\/?page_id=13128"},"modified":"2025-09-09T09:57:06","modified_gmt":"2025-09-09T07:57:06","slug":"fahrgast-informationssystem-pvs","status":"publish","type":"page","link":"https:\/\/amit-transportation.com\/de\/fahrgast-informationssystem-pvs\/","title":{"rendered":"Fahrgast-Informationssystem (PVS)"},"content":{"rendered":"\t\t<div data-elementor-type=\"wp-page\" data-elementor-id=\"13128\" class=\"elementor elementor-13128 elementor-8953\" data-elementor-post-type=\"page\">\n\t\t\t\t<div class=\"elementor-element elementor-element-8ea9a7f e-flex e-con-boxed e-con e-parent\" data-id=\"8ea9a7f\" data-element_type=\"container\">\n\t\t\t\t\t<div class=\"e-con-inner\">\n\t\t\t\t<div class=\"elementor-element elementor-element-e471f93 elementor-widget elementor-widget-heading\" data-id=\"e471f93\" data-element_type=\"widget\" data-widget_type=\"heading.default\">\n\t\t\t\t<div class=\"elementor-widget-container\">\n\t\t\t\t\t<h2 class=\"elementor-heading-title elementor-size-default\">IP-Anzeigeeinheiten<\/h2>\t\t\t\t<\/div>\n\t\t\t\t<\/div>\n\t\t\t\t<div class=\"elementor-element elementor-element-cbe30c9 elementor-widget elementor-widget-text-editor\" data-id=\"cbe30c9\" data-element_type=\"widget\" data-widget_type=\"text-editor.default\">\n\t\t\t\t<div class=\"elementor-widget-container\">\n\t\t\t\t\t\t\t\t\t<p>Das System der IP-basierten Anzeigeeinheiten ist f\u00fcr den Einsatz in Fahrzeugen des \u00f6ffentlichen Personenverkehrs konzipiert. Es besteht aus Displays auf Basis von TFT-, LED- oder OLED-Technologie, die in folgenden Bereichen implementiert werden:<\/p><ul><li>Fahrgastinformationssysteme<\/li><li>\u00dcberwachungssysteme (CCTV)<\/li><li>Systeme zur Anzeige von Multimedia-Inhalten<\/li><li>Reservierungssysteme<\/li><\/ul><p>Das Portfolio robuster LED-Panels und TFT-Displays ist in Ausf\u00fchrungen f\u00fcr den Innen- und Au\u00dfenbereich erh\u00e4ltlich. Die Anzeigesysteme sind speziell f\u00fcr den Einsatz in Schienen- und Eisenbahnfahrzeugen konzipiert, konstruiert und getestet \u2013 mit Fokus auf h\u00f6chste Betriebssicherheit und Zuverl\u00e4ssigkeit. Sie eignen sich sowohl f\u00fcr die Nachr\u00fcstung als auch f\u00fcr die Modernisierung bestehender Fahrzeugflotten.<\/p>\t\t\t\t\t\t\t\t<\/div>\n\t\t\t\t<\/div>\n\t\t\t\t<div class=\"elementor-element elementor-element-d615691 elementor-widget elementor-widget-heading\" data-id=\"d615691\" data-element_type=\"widget\" data-widget_type=\"heading.default\">\n\t\t\t\t<div class=\"elementor-widget-container\">\n\t\t\t\t\t<h2 class=\"elementor-heading-title elementor-size-default\">Schl\u00fcsselmerkmale<\/h2>\t\t\t\t<\/div>\n\t\t\t\t<\/div>\n\t\t\t\t<div class=\"elementor-element elementor-element-671612d elementor-widget elementor-widget-text-editor\" data-id=\"671612d\" data-element_type=\"widget\" data-widget_type=\"text-editor.default\">\n\t\t\t\t<div class=\"elementor-widget-container\">\n\t\t\t\t\t\t\t\t\t<ul><li>Einfache Integration<\/li><li>Hohe Zuverl\u00e4ssigkeit<\/li><li>Hervorragende Anzeigeeigenschaften der Ger\u00e4te<\/li><li>Gro\u00dfer Betriebstemperaturbereich<\/li><li>Einheitliche Kommunikationsinfrastruktur RS485 oder Ethernet<\/li><li>L\u00f6sungen anpassbar an kundenspezifische Anforderungen<\/li><\/ul>\t\t\t\t\t\t\t\t<\/div>\n\t\t\t\t<\/div>\n\t\t\t\t<div class=\"elementor-element elementor-element-c49e4d7 elementor-widget elementor-widget-image\" data-id=\"c49e4d7\" data-element_type=\"widget\" data-widget_type=\"image.default\">\n\t\t\t\t<div class=\"elementor-widget-container\">\n\t\t\t\t\t\t\t\t\t\t\t\t\t\t\t<img fetchpriority=\"high\" decoding=\"async\" width=\"930\" height=\"597\" src=\"https:\/\/amit-transportation.com\/wp-content\/uploads\/2024\/09\/2_Zobrazovaci-system-PVS.svg\" class=\"attachment-large size-large wp-image-9893\" alt=\"\" \/>\t\t\t\t\t\t\t\t\t\t\t\t\t\t\t<\/div>\n\t\t\t\t<\/div>\n\t\t\t\t<div class=\"elementor-element elementor-element-1acc398 elementor-widget elementor-widget-video\" data-id=\"1acc398\" data-element_type=\"widget\" data-settings=\"{&quot;youtube_url&quot;:&quot;https:\\\/\\\/youtu.be\\\/Y6nHwTQVkqg&quot;,&quot;video_type&quot;:&quot;youtube&quot;,&quot;controls&quot;:&quot;yes&quot;}\" data-widget_type=\"video.default\">\n\t\t\t\t<div class=\"elementor-widget-container\">\n\t\t\t\t\t\t\t<div class=\"elementor-wrapper elementor-open-inline\">\n\t\t\t<div class=\"elementor-video\"><\/div>\t\t<\/div>\n\t\t\t\t\t\t<\/div>\n\t\t\t\t<\/div>\n\t\t\t\t\t<\/div>\n\t\t\t\t<\/div>\n\t\t<div class=\"elementor-element elementor-element-20fed4e e-flex e-con-boxed e-con e-parent\" data-id=\"20fed4e\" data-element_type=\"container\">\n\t\t\t\t\t<div class=\"e-con-inner\">\n\t\t\t\t<div class=\"elementor-element elementor-element-d2d214c elementor-align-center elementor-widget elementor-widget-button\" data-id=\"d2d214c\" data-element_type=\"widget\" data-widget_type=\"button.default\">\n\t\t\t\t<div class=\"elementor-widget-container\">\n\t\t\t\t\t\t\t\t\t<div class=\"elementor-button-wrapper\">\n\t\t\t\t\t<a class=\"elementor-button elementor-button-link elementor-size-sm\" href=\"https:\/\/amit-transportation.com\/kontakty\/\">\n\t\t\t\t\t\t<span class=\"elementor-button-content-wrapper\">\n\t\t\t\t\t\t\t\t\t<span class=\"elementor-button-text\">KONTAKTIEREN SIE UNS<\/span>\n\t\t\t\t\t<\/span>\n\t\t\t\t\t<\/a>\n\t\t\t\t<\/div>\n\t\t\t\t\t\t\t\t<\/div>\n\t\t\t\t<\/div>\n\t\t\t\t\t<\/div>\n\t\t\t\t<\/div>\n\t\t\t\t<\/div>\n\t\t","protected":false},"excerpt":{"rendered":"<p>IP-Anzeigeeinheiten Das System der IP-basierten Anzeigeeinheiten ist f\u00fcr den Einsatz in Fahrzeugen des \u00f6ffentlichen Personenverkehrs konzipiert. Es besteht aus Displays auf Basis von TFT-, LED- oder OLED-Technologie, die in folgenden Bereichen implementiert werden: Fahrgastinformationssysteme \u00dcberwachungssysteme (CCTV) Systeme zur Anzeige von Multimedia-Inhalten Reservierungssysteme Das Portfolio robuster LED-Panels und TFT-Displays ist in [&hellip;]<\/p>\n","protected":false},"author":80,"featured_media":13130,"parent":0,"menu_order":0,"comment_status":"closed","ping_status":"closed","template":"","meta":{"footnotes":""},"class_list":["post-13128","page","type-page","status-publish","has-post-thumbnail","hentry"],"yoast_head":"<!-- This site is optimized with the Yoast SEO plugin v26.8-RC7 - https:\/\/yoast.com\/product\/yoast-seo-wordpress\/ -->\n<title>Fahrgast-Informationssystem (PVS) - AMiT Transportation<\/title>\n<meta name=\"robots\" content=\"index, follow, max-snippet:-1, max-image-preview:large, max-video-preview:-1\" \/>\n<link rel=\"canonical\" href=\"https:\/\/amit-transportation.com\/zobrazovaci-system-cestujicich-pvs\/\" \/>\n<meta property=\"og:locale\" content=\"de_DE\" \/>\n<meta property=\"og:type\" content=\"article\" \/>\n<meta property=\"og:title\" content=\"Fahrgast-Informationssystem (PVS) - AMiT Transportation\" \/>\n<meta property=\"og:description\" content=\"IP-Anzeigeeinheiten Das System der IP-basierten Anzeigeeinheiten ist f\u00fcr den Einsatz in Fahrzeugen des \u00f6ffentlichen Personenverkehrs konzipiert. Es besteht aus Displays auf Basis von TFT-, LED- oder OLED-Technologie, die in folgenden Bereichen implementiert werden: Fahrgastinformationssysteme \u00dcberwachungssysteme (CCTV) Systeme zur Anzeige von Multimedia-Inhalten Reservierungssysteme Das Portfolio robuster LED-Panels und TFT-Displays ist in [&hellip;]\" \/>\n<meta property=\"og:url\" content=\"https:\/\/amit-transportation.com\/zobrazovaci-system-cestujicich-pvs\/\" \/>\n<meta property=\"og:site_name\" content=\"AMiT Transportation\" \/>\n<meta property=\"article:modified_time\" content=\"2025-09-09T07:57:06+00:00\" \/>\n<meta property=\"og:image\" content=\"https:\/\/amit-transportation.com\/wp-content\/uploads\/2024\/09\/Zobrazovaci-system-PVS.jpg\" \/>\n\t<meta property=\"og:image:width\" content=\"1830\" \/>\n\t<meta property=\"og:image:height\" content=\"450\" \/>\n\t<meta property=\"og:image:type\" content=\"image\/jpeg\" \/>\n<meta name=\"twitter:card\" content=\"summary_large_image\" \/>\n<meta name=\"twitter:label1\" content=\"Gesch\u00e4tzte Lesezeit\" \/>\n\t<meta name=\"twitter:data1\" content=\"1\u00a0Minute\" \/>\n<script type=\"application\/ld+json\" class=\"yoast-schema-graph\">{\"@context\":\"https:\/\/schema.org\",\"@graph\":[{\"@type\":\"WebPage\",\"@id\":\"https:\/\/amit-transportation.com\/zobrazovaci-system-cestujicich-pvs\/\",\"url\":\"https:\/\/amit-transportation.com\/zobrazovaci-system-cestujicich-pvs\/\",\"name\":\"Fahrgast-Informationssystem (PVS) - AMiT Transportation\",\"isPartOf\":{\"@id\":\"https:\/\/amit-transportation.com\/#website\"},\"primaryImageOfPage\":{\"@id\":\"https:\/\/amit-transportation.com\/zobrazovaci-system-cestujicich-pvs\/#primaryimage\"},\"image\":{\"@id\":\"https:\/\/amit-transportation.com\/zobrazovaci-system-cestujicich-pvs\/#primaryimage\"},\"thumbnailUrl\":\"https:\/\/amit-transportation.com\/wp-content\/uploads\/2024\/09\/Zobrazovaci-system-PVS.jpg\",\"datePublished\":\"2025-09-09T07:55:00+00:00\",\"dateModified\":\"2025-09-09T07:57:06+00:00\",\"breadcrumb\":{\"@id\":\"https:\/\/amit-transportation.com\/zobrazovaci-system-cestujicich-pvs\/#breadcrumb\"},\"inLanguage\":\"de\",\"potentialAction\":[{\"@type\":\"ReadAction\",\"target\":[\"https:\/\/amit-transportation.com\/zobrazovaci-system-cestujicich-pvs\/\"]}]},{\"@type\":\"ImageObject\",\"inLanguage\":\"de\",\"@id\":\"https:\/\/amit-transportation.com\/zobrazovaci-system-cestujicich-pvs\/#primaryimage\",\"url\":\"https:\/\/amit-transportation.com\/wp-content\/uploads\/2024\/09\/Zobrazovaci-system-PVS.jpg\",\"contentUrl\":\"https:\/\/amit-transportation.com\/wp-content\/uploads\/2024\/09\/Zobrazovaci-system-PVS.jpg\",\"width\":1830,\"height\":450},{\"@type\":\"BreadcrumbList\",\"@id\":\"https:\/\/amit-transportation.com\/zobrazovaci-system-cestujicich-pvs\/#breadcrumb\",\"itemListElement\":[{\"@type\":\"ListItem\",\"position\":1,\"name\":\"Home\",\"item\":\"https:\/\/amit-transportation.com\/\"},{\"@type\":\"ListItem\",\"position\":2,\"name\":\"Fahrgast-Informationssystem (PVS)\"}]},{\"@type\":\"WebSite\",\"@id\":\"https:\/\/amit-transportation.com\/#website\",\"url\":\"https:\/\/amit-transportation.com\/\",\"name\":\"AMiT Transportation\",\"description\":\"Elektronika pro kolejov\u00e1 vozidla a ve\u0159ejnou dopravu\",\"potentialAction\":[{\"@type\":\"SearchAction\",\"target\":{\"@type\":\"EntryPoint\",\"urlTemplate\":\"https:\/\/amit-transportation.com\/?s={search_term_string}\"},\"query-input\":{\"@type\":\"PropertyValueSpecification\",\"valueRequired\":true,\"valueName\":\"search_term_string\"}}],\"inLanguage\":\"de\"}]}<\/script>\n<!-- \/ Yoast SEO plugin. -->","yoast_head_json":{"title":"Fahrgast-Informationssystem (PVS) - AMiT Transportation","robots":{"index":"index","follow":"follow","max-snippet":"max-snippet:-1","max-image-preview":"max-image-preview:large","max-video-preview":"max-video-preview:-1"},"canonical":"https:\/\/amit-transportation.com\/zobrazovaci-system-cestujicich-pvs\/","og_locale":"de_DE","og_type":"article","og_title":"Fahrgast-Informationssystem (PVS) - AMiT Transportation","og_description":"IP-Anzeigeeinheiten Das System der IP-basierten Anzeigeeinheiten ist f\u00fcr den Einsatz in Fahrzeugen des \u00f6ffentlichen Personenverkehrs konzipiert. Es besteht aus Displays auf Basis von TFT-, LED- oder OLED-Technologie, die in folgenden Bereichen implementiert werden: Fahrgastinformationssysteme \u00dcberwachungssysteme (CCTV) Systeme zur Anzeige von Multimedia-Inhalten Reservierungssysteme Das Portfolio robuster LED-Panels und TFT-Displays ist in [&hellip;]","og_url":"https:\/\/amit-transportation.com\/zobrazovaci-system-cestujicich-pvs\/","og_site_name":"AMiT Transportation","article_modified_time":"2025-09-09T07:57:06+00:00","og_image":[{"width":1830,"height":450,"url":"https:\/\/amit-transportation.com\/wp-content\/uploads\/2024\/09\/Zobrazovaci-system-PVS.jpg","type":"image\/jpeg"}],"twitter_card":"summary_large_image","twitter_misc":{"Gesch\u00e4tzte Lesezeit":"1\u00a0Minute"},"schema":{"@context":"https:\/\/schema.org","@graph":[{"@type":"WebPage","@id":"https:\/\/amit-transportation.com\/zobrazovaci-system-cestujicich-pvs\/","url":"https:\/\/amit-transportation.com\/zobrazovaci-system-cestujicich-pvs\/","name":"Fahrgast-Informationssystem (PVS) - AMiT Transportation","isPartOf":{"@id":"https:\/\/amit-transportation.com\/#website"},"primaryImageOfPage":{"@id":"https:\/\/amit-transportation.com\/zobrazovaci-system-cestujicich-pvs\/#primaryimage"},"image":{"@id":"https:\/\/amit-transportation.com\/zobrazovaci-system-cestujicich-pvs\/#primaryimage"},"thumbnailUrl":"https:\/\/amit-transportation.com\/wp-content\/uploads\/2024\/09\/Zobrazovaci-system-PVS.jpg","datePublished":"2025-09-09T07:55:00+00:00","dateModified":"2025-09-09T07:57:06+00:00","breadcrumb":{"@id":"https:\/\/amit-transportation.com\/zobrazovaci-system-cestujicich-pvs\/#breadcrumb"},"inLanguage":"de","potentialAction":[{"@type":"ReadAction","target":["https:\/\/amit-transportation.com\/zobrazovaci-system-cestujicich-pvs\/"]}]},{"@type":"ImageObject","inLanguage":"de","@id":"https:\/\/amit-transportation.com\/zobrazovaci-system-cestujicich-pvs\/#primaryimage","url":"https:\/\/amit-transportation.com\/wp-content\/uploads\/2024\/09\/Zobrazovaci-system-PVS.jpg","contentUrl":"https:\/\/amit-transportation.com\/wp-content\/uploads\/2024\/09\/Zobrazovaci-system-PVS.jpg","width":1830,"height":450},{"@type":"BreadcrumbList","@id":"https:\/\/amit-transportation.com\/zobrazovaci-system-cestujicich-pvs\/#breadcrumb","itemListElement":[{"@type":"ListItem","position":1,"name":"Home","item":"https:\/\/amit-transportation.com\/"},{"@type":"ListItem","position":2,"name":"Fahrgast-Informationssystem (PVS)"}]},{"@type":"WebSite","@id":"https:\/\/amit-transportation.com\/#website","url":"https:\/\/amit-transportation.com\/","name":"AMiT Transportation","description":"Elektronika pro kolejov\u00e1 vozidla a ve\u0159ejnou dopravu","potentialAction":[{"@type":"SearchAction","target":{"@type":"EntryPoint","urlTemplate":"https:\/\/amit-transportation.com\/?s={search_term_string}"},"query-input":{"@type":"PropertyValueSpecification","valueRequired":true,"valueName":"search_term_string"}}],"inLanguage":"de"}]}},"_links":{"self":[{"href":"https:\/\/amit-transportation.com\/de\/wp-json\/wp\/v2\/pages\/13128","targetHints":{"allow":["GET"]}}],"collection":[{"href":"https:\/\/amit-transportation.com\/de\/wp-json\/wp\/v2\/pages"}],"about":[{"href":"https:\/\/amit-transportation.com\/de\/wp-json\/wp\/v2\/types\/page"}],"author":[{"embeddable":true,"href":"https:\/\/amit-transportation.com\/de\/wp-json\/wp\/v2\/users\/80"}],"replies":[{"embeddable":true,"href":"https:\/\/amit-transportation.com\/de\/wp-json\/wp\/v2\/comments?post=13128"}],"version-history":[{"count":4,"href":"https:\/\/amit-transportation.com\/de\/wp-json\/wp\/v2\/pages\/13128\/revisions"}],"predecessor-version":[{"id":13134,"href":"https:\/\/amit-transportation.com\/de\/wp-json\/wp\/v2\/pages\/13128\/revisions\/13134"}],"wp:featuredmedia":[{"embeddable":true,"href":"https:\/\/amit-transportation.com\/de\/wp-json\/wp\/v2\/media\/13130"}],"wp:attachment":[{"href":"https:\/\/amit-transportation.com\/de\/wp-json\/wp\/v2\/media?parent=13128"}],"curies":[{"name":"wp","href":"https:\/\/api.w.org\/{rel}","templated":true}]}}