{"id":13114,"date":"2025-09-09T09:44:50","date_gmt":"2025-09-09T07:44:50","guid":{"rendered":"https:\/\/amit-transportation.com\/?page_id=13114"},"modified":"2025-09-09T09:52:50","modified_gmt":"2025-09-09T07:52:50","slug":"bordinformationssystem-fuer-fahrgaeste-isc","status":"publish","type":"page","link":"https:\/\/amit-transportation.com\/de\/bordinformationssystem-fuer-fahrgaeste-isc\/","title":{"rendered":"Bordinformationssystem f\u00fcr Fahrg\u00e4ste (ISC)"},"content":{"rendered":"\t\t<div data-elementor-type=\"wp-page\" data-elementor-id=\"13114\" class=\"elementor elementor-13114 elementor-9011\" data-elementor-post-type=\"page\">\n\t\t\t\t<div class=\"elementor-element elementor-element-8ea9a7f e-flex e-con-boxed e-con e-parent\" data-id=\"8ea9a7f\" data-element_type=\"container\">\n\t\t\t\t\t<div class=\"e-con-inner\">\n\t\t\t\t<div class=\"elementor-element elementor-element-510a468 elementor-widget elementor-widget-text-editor\" data-id=\"510a468\" data-element_type=\"widget\" data-widget_type=\"text-editor.default\">\n\t\t\t\t<div class=\"elementor-widget-container\">\n\t\t\t\t\t\t\t\t\tDas Fahrgastinformationssystem von AMiT f\u00fcr Schienen- und Eisenbahnfahrzeuge ist als modulares Baukastensystem konzipiert. Die endg\u00fcltige Ausf\u00fchrung kann individuell angepasst werden \u2013 durch Erg\u00e4nzung oder Modifikation einzelner Komponenten bzw. funktionaler Einheiten sowie durch die Programmierung projektspezifischer Funktionen.\t\t\t\t\t\t\t\t<\/div>\n\t\t\t\t<\/div>\n\t\t\t\t<div class=\"elementor-element elementor-element-e471f93 elementor-widget elementor-widget-heading\" data-id=\"e471f93\" data-element_type=\"widget\" data-widget_type=\"heading.default\">\n\t\t\t\t<div class=\"elementor-widget-container\">\n\t\t\t\t\t<h2 class=\"elementor-heading-title elementor-size-default\">Die grundlegenden funktionalen Bausteine sind:<\/h2>\t\t\t\t<\/div>\n\t\t\t\t<\/div>\n\t\t\t\t<div class=\"elementor-element elementor-element-671612d elementor-widget elementor-widget-text-editor\" data-id=\"671612d\" data-element_type=\"widget\" data-widget_type=\"text-editor.default\">\n\t\t\t\t<div class=\"elementor-widget-container\">\n\t\t\t\t\t\t\t\t\t<ul><li>IP-Anzeigesystem<\/li><li>IP-Audiosystem<\/li><li>IP-\u00dcberwachungssystem (CCTV)<\/li><li>IP-Reservierungssystem<\/li><li>Steuerungsrechner (HMI)<\/li><li>Kommunikationsinfrastruktur (Ethernet, WTB, RS485,<\/li><li>WiFi, GPRS)<\/li><\/ul>\t\t\t\t\t\t\t\t<\/div>\n\t\t\t\t<\/div>\n\t\t\t\t<div class=\"elementor-element elementor-element-d0ab38a elementor-widget elementor-widget-text-editor\" data-id=\"d0ab38a\" data-element_type=\"widget\" data-widget_type=\"text-editor.default\">\n\t\t\t\t<div class=\"elementor-widget-container\">\n\t\t\t\t\t\t\t\t\t<p><a href=\"https:\/\/amit-transportation.com\/wp-content\/uploads\/2024\/09\/PIS.jpg\"><img fetchpriority=\"high\" decoding=\"async\" class=\"aligncenter wp-image-10129\" src=\"https:\/\/amit-transportation.com\/wp-content\/uploads\/2024\/09\/PIS-1024x818.jpg\" alt=\"\" width=\"600\" height=\"479\" srcset=\"https:\/\/amit-transportation.com\/wp-content\/uploads\/2024\/09\/PIS-1024x818.jpg 1024w, https:\/\/amit-transportation.com\/wp-content\/uploads\/2024\/09\/PIS-300x240.jpg 300w, https:\/\/amit-transportation.com\/wp-content\/uploads\/2024\/09\/PIS-768x613.jpg 768w, https:\/\/amit-transportation.com\/wp-content\/uploads\/2024\/09\/PIS-1536x1226.jpg 1536w, https:\/\/amit-transportation.com\/wp-content\/uploads\/2024\/09\/PIS-2048x1635.jpg 2048w, https:\/\/amit-transportation.com\/wp-content\/uploads\/2024\/09\/PIS-2000x1597.jpg 2000w, https:\/\/amit-transportation.com\/wp-content\/uploads\/2024\/09\/PIS-1000x798.jpg 1000w, https:\/\/amit-transportation.com\/wp-content\/uploads\/2024\/09\/PIS-1800x1437.jpg 1800w, https:\/\/amit-transportation.com\/wp-content\/uploads\/2024\/09\/PIS-701x560.jpg 701w, https:\/\/amit-transportation.com\/wp-content\/uploads\/2024\/09\/PIS-600x479.jpg 600w, https:\/\/amit-transportation.com\/wp-content\/uploads\/2024\/09\/PIS-24x19.jpg 24w, https:\/\/amit-transportation.com\/wp-content\/uploads\/2024\/09\/PIS-36x29.jpg 36w, https:\/\/amit-transportation.com\/wp-content\/uploads\/2024\/09\/PIS-48x38.jpg 48w\" sizes=\"(max-width: 600px) 100vw, 600px\" \/><\/a><\/p>\t\t\t\t\t\t\t\t<\/div>\n\t\t\t\t<\/div>\n\t\t\t\t<div class=\"elementor-element elementor-element-3c76fb5 elementor-widget elementor-widget-text-editor\" data-id=\"3c76fb5\" data-element_type=\"widget\" data-widget_type=\"text-editor.default\">\n\t\t\t\t<div class=\"elementor-widget-container\">\n\t\t\t\t\t\t\t\t\t<p><strong>Alle Komponenten<\/strong> nutzen eine einheitliche Kommunikationsinfrastruktur (Ethernet, RS485), die <strong>maximale Flexibilit\u00e4t<\/strong> der Endl\u00f6sung gew\u00e4hrleistet. Das gesamte Informationssystem erf\u00fcllt die folgenden grundlegenden Anforderungen:<\/p>\t\t\t\t\t\t\t\t<\/div>\n\t\t\t\t<\/div>\n\t\t\t\t<div class=\"elementor-element elementor-element-cbe30c9 elementor-widget elementor-widget-text-editor\" data-id=\"cbe30c9\" data-element_type=\"widget\" data-widget_type=\"text-editor.default\">\n\t\t\t\t<div class=\"elementor-widget-container\">\n\t\t\t\t\t\t\t\t\t<ul><li>Anbindung an die Zugkommunikation \u00fcber WTB<\/li><li>Daten\u00fcbertragung \u00fcber GPRS und WiFi, sowie GPS-basierte Standortbestimmung<\/li><li>Abruf von Informationen aus dem Sitzreservierungssystem in den Zugverb\u00e4nden<\/li><li>Anzeige von Informationen auf internen und externen LED- oder TFT-Informationsdisplays<\/li><li>Informationsanzeigen im Einstiegsbereich (Vorraum)<\/li><li>Diagnose weiterer Technologien<\/li><li>Fahrgastdurchsagen und Informationsmeldungen<\/li><li>Audiokommunikation des Bordpersonals<\/li><\/ul>\t\t\t\t\t\t\t\t<\/div>\n\t\t\t\t<\/div>\n\t\t\t\t<div class=\"elementor-element elementor-element-d615691 elementor-widget elementor-widget-heading\" data-id=\"d615691\" data-element_type=\"widget\" data-widget_type=\"heading.default\">\n\t\t\t\t<div class=\"elementor-widget-container\">\n\t\t\t\t\t<h2 class=\"elementor-heading-title elementor-size-default\">Schl\u00fcsselmerkmale<\/h2>\t\t\t\t<\/div>\n\t\t\t\t<\/div>\n\t\t\t\t<div class=\"elementor-element elementor-element-b6075fb elementor-widget elementor-widget-text-editor\" data-id=\"b6075fb\" data-element_type=\"widget\" data-widget_type=\"text-editor.default\">\n\t\t\t\t<div class=\"elementor-widget-container\">\n\t\t\t\t\t\t\t\t\t<ul><li>Umfassendes Informationssystem f\u00fcr Fahrg\u00e4ste<\/li><li>Modulares System \u2013 Anpassung an kundenspezifische Anforderungen<\/li><li>Hoher Informationsgehalt bei niedrigen Betriebskosten<\/li><li>Hohe funktionale Zuverl\u00e4ssigkeit<\/li><li>Einfache Integration in bestehende Systeme<\/li><li>Gro\u00dfer Betriebstemperaturbereich<\/li><li>Robuste und widerstandsf\u00e4hige Ausf\u00fchrung<\/li><\/ul>\t\t\t\t\t\t\t\t<\/div>\n\t\t\t\t<\/div>\n\t\t\t\t<div class=\"elementor-element elementor-element-a54ef09 elementor-widget elementor-widget-heading\" data-id=\"a54ef09\" data-element_type=\"widget\" data-widget_type=\"heading.default\">\n\t\t\t\t<div class=\"elementor-widget-container\">\n\t\t\t\t\t<h2 class=\"elementor-heading-title elementor-size-default\">Anwendungsbereiche<\/h2>\t\t\t\t<\/div>\n\t\t\t\t<\/div>\n\t\t\t\t<div class=\"elementor-element elementor-element-2fe0d08 elementor-widget elementor-widget-text-editor\" data-id=\"2fe0d08\" data-element_type=\"widget\" data-widget_type=\"text-editor.default\">\n\t\t\t\t<div class=\"elementor-widget-container\">\n\t\t\t\t\t\t\t\t\t<ul>\n<li>Stra\u00dfenbahnen<\/li>\n<li>Z\u00fcge\n<ul>\n<li>Hochgeschwindigkeits- und Nahverkehrsz\u00fcge<\/li>\n<li>Lokomotiven<\/li>\n<li>Personenwagen (RIC-konform)<\/li>\n<\/ul>\n<\/li>\n<li>U-Bahn-Systeme<\/li>\n<\/ul>\t\t\t\t\t\t\t\t<\/div>\n\t\t\t\t<\/div>\n\t\t\t\t<div class=\"elementor-element elementor-element-542c1c8 elementor-widget elementor-widget-video\" data-id=\"542c1c8\" data-element_type=\"widget\" data-settings=\"{&quot;youtube_url&quot;:&quot;https:\\\/\\\/youtu.be\\\/sgd6cfj1UsU&quot;,&quot;video_type&quot;:&quot;youtube&quot;,&quot;controls&quot;:&quot;yes&quot;}\" data-widget_type=\"video.default\">\n\t\t\t\t<div class=\"elementor-widget-container\">\n\t\t\t\t\t\t\t<div class=\"elementor-wrapper elementor-open-inline\">\n\t\t\t<div class=\"elementor-video\"><\/div>\t\t<\/div>\n\t\t\t\t\t\t<\/div>\n\t\t\t\t<\/div>\n\t\t\t\t<div class=\"elementor-element elementor-element-c49e4d7 elementor-widget elementor-widget-image\" data-id=\"c49e4d7\" data-element_type=\"widget\" data-widget_type=\"image.default\">\n\t\t\t\t<div class=\"elementor-widget-container\">\n\t\t\t\t\t\t\t\t\t\t\t\t\t\t\t<img decoding=\"async\" width=\"930\" height=\"510\" src=\"https:\/\/amit-transportation.com\/wp-content\/uploads\/2024\/09\/Informacni-system-pro-cestujici-ISC-1.svg\" class=\"attachment-large size-large wp-image-13115\" alt=\"\" \/>\t\t\t\t\t\t\t\t\t\t\t\t\t\t\t<\/div>\n\t\t\t\t<\/div>\n\t\t\t\t<div class=\"elementor-element elementor-element-c53d608 elementor-widget elementor-widget-image\" data-id=\"c53d608\" data-element_type=\"widget\" data-widget_type=\"image.default\">\n\t\t\t\t<div class=\"elementor-widget-container\">\n\t\t\t\t\t\t\t\t\t\t\t\t\t\t\t<img decoding=\"async\" width=\"930\" height=\"630\" src=\"https:\/\/amit-transportation.com\/wp-content\/uploads\/2024\/09\/2_Informacni-system-pro-cestujici-ISC-2.svg\" class=\"attachment-large size-large wp-image-13116\" alt=\"\" \/>\t\t\t\t\t\t\t\t\t\t\t\t\t\t\t<\/div>\n\t\t\t\t<\/div>\n\t\t\t\t\t<\/div>\n\t\t\t\t<\/div>\n\t\t<div class=\"elementor-element elementor-element-20fed4e e-flex e-con-boxed e-con e-parent\" data-id=\"20fed4e\" data-element_type=\"container\">\n\t\t\t\t\t<div class=\"e-con-inner\">\n\t\t\t\t<div class=\"elementor-element elementor-element-d2d214c elementor-align-center elementor-widget elementor-widget-button\" data-id=\"d2d214c\" data-element_type=\"widget\" data-widget_type=\"button.default\">\n\t\t\t\t<div class=\"elementor-widget-container\">\n\t\t\t\t\t\t\t\t\t<div class=\"elementor-button-wrapper\">\n\t\t\t\t\t<a class=\"elementor-button elementor-button-link elementor-size-sm\" href=\"https:\/\/amit-transportation.com\/kontakty\/\">\n\t\t\t\t\t\t<span class=\"elementor-button-content-wrapper\">\n\t\t\t\t\t\t\t\t\t<span class=\"elementor-button-text\">KONTAKTIEREN SIE UNS<\/span>\n\t\t\t\t\t<\/span>\n\t\t\t\t\t<\/a>\n\t\t\t\t<\/div>\n\t\t\t\t\t\t\t\t<\/div>\n\t\t\t\t<\/div>\n\t\t\t\t\t<\/div>\n\t\t\t\t<\/div>\n\t\t<div class=\"elementor-element elementor-element-89c3a0d e-flex e-con-boxed e-con e-parent\" data-id=\"89c3a0d\" data-element_type=\"container\">\n\t\t\t\t\t<div class=\"e-con-inner\">\n\t\t\t\t\t<\/div>\n\t\t\t\t<\/div>\n\t\t\t\t<\/div>\n\t\t","protected":false},"excerpt":{"rendered":"<p>Das Fahrgastinformationssystem von AMiT f\u00fcr Schienen- und Eisenbahnfahrzeuge ist als modulares Baukastensystem konzipiert. Die endg\u00fcltige Ausf\u00fchrung kann individuell angepasst werden \u2013 durch Erg\u00e4nzung oder Modifikation einzelner Komponenten bzw. funktionaler Einheiten sowie durch die Programmierung projektspezifischer Funktionen. Die grundlegenden funktionalen Bausteine sind: IP-Anzeigesystem IP-Audiosystem IP-\u00dcberwachungssystem (CCTV) IP-Reservierungssystem Steuerungsrechner (HMI) Kommunikationsinfrastruktur (Ethernet, [&hellip;]<\/p>\n","protected":false},"author":80,"featured_media":13119,"parent":0,"menu_order":0,"comment_status":"closed","ping_status":"closed","template":"","meta":{"footnotes":""},"class_list":["post-13114","page","type-page","status-publish","has-post-thumbnail","hentry"],"yoast_head":"<!-- This site is optimized with the Yoast SEO plugin v26.8-RC7 - https:\/\/yoast.com\/product\/yoast-seo-wordpress\/ -->\n<title>Bordinformationssystem f\u00fcr Fahrg\u00e4ste (ISC) - AMiT Transportation<\/title>\n<meta name=\"robots\" content=\"index, follow, max-snippet:-1, max-image-preview:large, max-video-preview:-1\" \/>\n<link rel=\"canonical\" href=\"https:\/\/amit-transportation.com\/palubni-informacni-system-cestujicich-isc\/\" \/>\n<meta property=\"og:locale\" content=\"de_DE\" \/>\n<meta property=\"og:type\" content=\"article\" \/>\n<meta property=\"og:title\" content=\"Bordinformationssystem f\u00fcr Fahrg\u00e4ste (ISC) - AMiT Transportation\" \/>\n<meta property=\"og:description\" content=\"Das Fahrgastinformationssystem von AMiT f\u00fcr Schienen- und Eisenbahnfahrzeuge ist als modulares Baukastensystem konzipiert. Die endg\u00fcltige Ausf\u00fchrung kann individuell angepasst werden \u2013 durch Erg\u00e4nzung oder Modifikation einzelner Komponenten bzw. funktionaler Einheiten sowie durch die Programmierung projektspezifischer Funktionen. Die grundlegenden funktionalen Bausteine sind: IP-Anzeigesystem IP-Audiosystem IP-\u00dcberwachungssystem (CCTV) IP-Reservierungssystem Steuerungsrechner (HMI) Kommunikationsinfrastruktur (Ethernet, [&hellip;]\" \/>\n<meta property=\"og:url\" content=\"https:\/\/amit-transportation.com\/palubni-informacni-system-cestujicich-isc\/\" \/>\n<meta property=\"og:site_name\" content=\"AMiT Transportation\" \/>\n<meta property=\"article:modified_time\" content=\"2025-09-09T07:52:50+00:00\" \/>\n<meta property=\"og:image\" content=\"https:\/\/amit-transportation.com\/wp-content\/uploads\/2024\/09\/Informacni-system-pro-cestujici-ISC.jpg\" \/>\n\t<meta property=\"og:image:width\" content=\"1830\" \/>\n\t<meta property=\"og:image:height\" content=\"450\" \/>\n\t<meta property=\"og:image:type\" content=\"image\/jpeg\" \/>\n<meta name=\"twitter:card\" content=\"summary_large_image\" \/>\n<meta name=\"twitter:label1\" content=\"Gesch\u00e4tzte Lesezeit\" \/>\n\t<meta name=\"twitter:data1\" content=\"2\u00a0Minuten\" \/>\n<script type=\"application\/ld+json\" class=\"yoast-schema-graph\">{\"@context\":\"https:\/\/schema.org\",\"@graph\":[{\"@type\":\"WebPage\",\"@id\":\"https:\/\/amit-transportation.com\/palubni-informacni-system-cestujicich-isc\/\",\"url\":\"https:\/\/amit-transportation.com\/palubni-informacni-system-cestujicich-isc\/\",\"name\":\"Bordinformationssystem f\u00fcr Fahrg\u00e4ste (ISC) - AMiT Transportation\",\"isPartOf\":{\"@id\":\"https:\/\/amit-transportation.com\/#website\"},\"primaryImageOfPage\":{\"@id\":\"https:\/\/amit-transportation.com\/palubni-informacni-system-cestujicich-isc\/#primaryimage\"},\"image\":{\"@id\":\"https:\/\/amit-transportation.com\/palubni-informacni-system-cestujicich-isc\/#primaryimage\"},\"thumbnailUrl\":\"https:\/\/amit-transportation.com\/wp-content\/uploads\/2024\/09\/Informacni-system-pro-cestujici-ISC.jpg\",\"datePublished\":\"2025-09-09T07:44:50+00:00\",\"dateModified\":\"2025-09-09T07:52:50+00:00\",\"breadcrumb\":{\"@id\":\"https:\/\/amit-transportation.com\/palubni-informacni-system-cestujicich-isc\/#breadcrumb\"},\"inLanguage\":\"de\",\"potentialAction\":[{\"@type\":\"ReadAction\",\"target\":[\"https:\/\/amit-transportation.com\/palubni-informacni-system-cestujicich-isc\/\"]}]},{\"@type\":\"ImageObject\",\"inLanguage\":\"de\",\"@id\":\"https:\/\/amit-transportation.com\/palubni-informacni-system-cestujicich-isc\/#primaryimage\",\"url\":\"https:\/\/amit-transportation.com\/wp-content\/uploads\/2024\/09\/Informacni-system-pro-cestujici-ISC.jpg\",\"contentUrl\":\"https:\/\/amit-transportation.com\/wp-content\/uploads\/2024\/09\/Informacni-system-pro-cestujici-ISC.jpg\",\"width\":1830,\"height\":450},{\"@type\":\"BreadcrumbList\",\"@id\":\"https:\/\/amit-transportation.com\/palubni-informacni-system-cestujicich-isc\/#breadcrumb\",\"itemListElement\":[{\"@type\":\"ListItem\",\"position\":1,\"name\":\"Home\",\"item\":\"https:\/\/amit-transportation.com\/\"},{\"@type\":\"ListItem\",\"position\":2,\"name\":\"Bordinformationssystem f\u00fcr Fahrg\u00e4ste (ISC)\"}]},{\"@type\":\"WebSite\",\"@id\":\"https:\/\/amit-transportation.com\/#website\",\"url\":\"https:\/\/amit-transportation.com\/\",\"name\":\"AMiT Transportation\",\"description\":\"Elektronika pro kolejov\u00e1 vozidla a ve\u0159ejnou dopravu\",\"potentialAction\":[{\"@type\":\"SearchAction\",\"target\":{\"@type\":\"EntryPoint\",\"urlTemplate\":\"https:\/\/amit-transportation.com\/?s={search_term_string}\"},\"query-input\":{\"@type\":\"PropertyValueSpecification\",\"valueRequired\":true,\"valueName\":\"search_term_string\"}}],\"inLanguage\":\"de\"}]}<\/script>\n<!-- \/ Yoast SEO plugin. -->","yoast_head_json":{"title":"Bordinformationssystem f\u00fcr Fahrg\u00e4ste (ISC) - AMiT Transportation","robots":{"index":"index","follow":"follow","max-snippet":"max-snippet:-1","max-image-preview":"max-image-preview:large","max-video-preview":"max-video-preview:-1"},"canonical":"https:\/\/amit-transportation.com\/palubni-informacni-system-cestujicich-isc\/","og_locale":"de_DE","og_type":"article","og_title":"Bordinformationssystem f\u00fcr Fahrg\u00e4ste (ISC) - AMiT Transportation","og_description":"Das Fahrgastinformationssystem von AMiT f\u00fcr Schienen- und Eisenbahnfahrzeuge ist als modulares Baukastensystem konzipiert. Die endg\u00fcltige Ausf\u00fchrung kann individuell angepasst werden \u2013 durch Erg\u00e4nzung oder Modifikation einzelner Komponenten bzw. funktionaler Einheiten sowie durch die Programmierung projektspezifischer Funktionen. Die grundlegenden funktionalen Bausteine sind: IP-Anzeigesystem IP-Audiosystem IP-\u00dcberwachungssystem (CCTV) IP-Reservierungssystem Steuerungsrechner (HMI) Kommunikationsinfrastruktur (Ethernet, [&hellip;]","og_url":"https:\/\/amit-transportation.com\/palubni-informacni-system-cestujicich-isc\/","og_site_name":"AMiT Transportation","article_modified_time":"2025-09-09T07:52:50+00:00","og_image":[{"width":1830,"height":450,"url":"https:\/\/amit-transportation.com\/wp-content\/uploads\/2024\/09\/Informacni-system-pro-cestujici-ISC.jpg","type":"image\/jpeg"}],"twitter_card":"summary_large_image","twitter_misc":{"Gesch\u00e4tzte Lesezeit":"2\u00a0Minuten"},"schema":{"@context":"https:\/\/schema.org","@graph":[{"@type":"WebPage","@id":"https:\/\/amit-transportation.com\/palubni-informacni-system-cestujicich-isc\/","url":"https:\/\/amit-transportation.com\/palubni-informacni-system-cestujicich-isc\/","name":"Bordinformationssystem f\u00fcr Fahrg\u00e4ste (ISC) - AMiT Transportation","isPartOf":{"@id":"https:\/\/amit-transportation.com\/#website"},"primaryImageOfPage":{"@id":"https:\/\/amit-transportation.com\/palubni-informacni-system-cestujicich-isc\/#primaryimage"},"image":{"@id":"https:\/\/amit-transportation.com\/palubni-informacni-system-cestujicich-isc\/#primaryimage"},"thumbnailUrl":"https:\/\/amit-transportation.com\/wp-content\/uploads\/2024\/09\/Informacni-system-pro-cestujici-ISC.jpg","datePublished":"2025-09-09T07:44:50+00:00","dateModified":"2025-09-09T07:52:50+00:00","breadcrumb":{"@id":"https:\/\/amit-transportation.com\/palubni-informacni-system-cestujicich-isc\/#breadcrumb"},"inLanguage":"de","potentialAction":[{"@type":"ReadAction","target":["https:\/\/amit-transportation.com\/palubni-informacni-system-cestujicich-isc\/"]}]},{"@type":"ImageObject","inLanguage":"de","@id":"https:\/\/amit-transportation.com\/palubni-informacni-system-cestujicich-isc\/#primaryimage","url":"https:\/\/amit-transportation.com\/wp-content\/uploads\/2024\/09\/Informacni-system-pro-cestujici-ISC.jpg","contentUrl":"https:\/\/amit-transportation.com\/wp-content\/uploads\/2024\/09\/Informacni-system-pro-cestujici-ISC.jpg","width":1830,"height":450},{"@type":"BreadcrumbList","@id":"https:\/\/amit-transportation.com\/palubni-informacni-system-cestujicich-isc\/#breadcrumb","itemListElement":[{"@type":"ListItem","position":1,"name":"Home","item":"https:\/\/amit-transportation.com\/"},{"@type":"ListItem","position":2,"name":"Bordinformationssystem f\u00fcr Fahrg\u00e4ste (ISC)"}]},{"@type":"WebSite","@id":"https:\/\/amit-transportation.com\/#website","url":"https:\/\/amit-transportation.com\/","name":"AMiT Transportation","description":"Elektronika pro kolejov\u00e1 vozidla a ve\u0159ejnou dopravu","potentialAction":[{"@type":"SearchAction","target":{"@type":"EntryPoint","urlTemplate":"https:\/\/amit-transportation.com\/?s={search_term_string}"},"query-input":{"@type":"PropertyValueSpecification","valueRequired":true,"valueName":"search_term_string"}}],"inLanguage":"de"}]}},"_links":{"self":[{"href":"https:\/\/amit-transportation.com\/de\/wp-json\/wp\/v2\/pages\/13114","targetHints":{"allow":["GET"]}}],"collection":[{"href":"https:\/\/amit-transportation.com\/de\/wp-json\/wp\/v2\/pages"}],"about":[{"href":"https:\/\/amit-transportation.com\/de\/wp-json\/wp\/v2\/types\/page"}],"author":[{"embeddable":true,"href":"https:\/\/amit-transportation.com\/de\/wp-json\/wp\/v2\/users\/80"}],"replies":[{"embeddable":true,"href":"https:\/\/amit-transportation.com\/de\/wp-json\/wp\/v2\/comments?post=13114"}],"version-history":[{"count":7,"href":"https:\/\/amit-transportation.com\/de\/wp-json\/wp\/v2\/pages\/13114\/revisions"}],"predecessor-version":[{"id":13127,"href":"https:\/\/amit-transportation.com\/de\/wp-json\/wp\/v2\/pages\/13114\/revisions\/13127"}],"wp:featuredmedia":[{"embeddable":true,"href":"https:\/\/amit-transportation.com\/de\/wp-json\/wp\/v2\/media\/13119"}],"wp:attachment":[{"href":"https:\/\/amit-transportation.com\/de\/wp-json\/wp\/v2\/media?parent=13114"}],"curies":[{"name":"wp","href":"https:\/\/api.w.org\/{rel}","templated":true}]}}