{"id":13105,"date":"2025-09-09T06:48:24","date_gmt":"2025-09-09T04:48:24","guid":{"rendered":"https:\/\/amit-transportation.com\/?page_id=13105"},"modified":"2025-09-09T06:51:46","modified_gmt":"2025-09-09T04:51:46","slug":"ecn-etb-kommunikation","status":"publish","type":"page","link":"https:\/\/amit-transportation.com\/de\/ecn-etb-kommunikation\/","title":{"rendered":"ECN\/ETB-Kommunikation"},"content":{"rendered":"\t\t<div data-elementor-type=\"wp-page\" data-elementor-id=\"13105\" class=\"elementor elementor-13105 elementor-11514\" data-elementor-post-type=\"page\">\n\t\t\t\t<div class=\"elementor-element elementor-element-8ea9a7f e-flex e-con-boxed e-con e-parent\" data-id=\"8ea9a7f\" data-element_type=\"container\">\n\t\t\t\t\t<div class=\"e-con-inner\">\n\t\t\t\t<div class=\"elementor-element elementor-element-cbe30c9 elementor-widget elementor-widget-text-editor\" data-id=\"cbe30c9\" data-element_type=\"widget\" data-widget_type=\"text-editor.default\">\n\t\t\t\t<div class=\"elementor-widget-container\">\n\t\t\t\t\t\t\t\t\t<p>In Schienenfahrzeugen und zwischen ihnen kommen Ethernet-Netzwerke erfolgreich zum Einsatz. Sie haben sich als kosteneffiziente und zuverl\u00e4ssige L\u00f6sung f\u00fcr die Echtzeitkommunikation bew\u00e4hrt. Die Ethernet-Komponenten im Zug erf\u00fcllen hohe Anforderungen an Widerstandsf\u00e4higkeit gegen\u00fcber extremen Temperaturen, Vibrationen und elektromagnetischen St\u00f6rungen. Eine hohe Zuverl\u00e4ssigkeit der Ethernet-Kommunikation ist selbstverst\u00e4ndlich.<\/p><p>AMiT bietet Netzwerkkomponenten f\u00fcr Z\u00fcge (Switches, Konverter, Router) gem\u00e4\u00df der Norm EN 50155 an. Diese unterst\u00fctzen die Stromversorgung von Endger\u00e4ten \u00fcber Ethernet (PoE), z.\u202fB. f\u00fcr IP-Kameras, IP-Audiosysteme und \u00e4hnliche Ger\u00e4te. Die Komponenten sind mit M12- oder RJ45-Steckverbindern ausgestattet.<\/p>\t\t\t\t\t\t\t\t<\/div>\n\t\t\t\t<\/div>\n\t\t\t\t<div class=\"elementor-element elementor-element-d615691 elementor-widget elementor-widget-heading\" data-id=\"d615691\" data-element_type=\"widget\" data-widget_type=\"heading.default\">\n\t\t\t\t<div class=\"elementor-widget-container\">\n\t\t\t\t\t<h2 class=\"elementor-heading-title elementor-size-default\">Das Ethernet-Netzwerk im Zug erm\u00f6glicht die \u00dcbertragung von:<\/h2>\t\t\t\t<\/div>\n\t\t\t\t<\/div>\n\t\t\t\t<div class=\"elementor-element elementor-element-1e49e30 elementor-widget elementor-widget-text-editor\" data-id=\"1e49e30\" data-element_type=\"widget\" data-widget_type=\"text-editor.default\">\n\t\t\t\t<div class=\"elementor-widget-container\">\n\t\t\t\t\t\t\t\t\t<ul><li>Steuerungsdaten<br \/>z.\u202fB. Signale f\u00fcr das automatische Schlie\u00dfen und Verriegeln von T\u00fcren, Lichtsteuerung und weitere Technologien<\/li><li>Sicherheitsrelevante Daten<\/li><li>Fahrgastinformationen<br \/>z.\u202fB. Durchsagen und multimediale Inhalte zur Information \u00fcber die Zugfahrt und zur Unterhaltung der Fahrg\u00e4ste<\/li><\/ul>\t\t\t\t\t\t\t\t<\/div>\n\t\t\t\t<\/div>\n\t\t\t\t<div class=\"elementor-element elementor-element-e2d542c elementor-widget elementor-widget-heading\" data-id=\"e2d542c\" data-element_type=\"widget\" data-widget_type=\"heading.default\">\n\t\t\t\t<div class=\"elementor-widget-container\">\n\t\t\t\t\t<h2 class=\"elementor-heading-title elementor-size-default\">Unsere angebotenen Schl\u00fcsselkomponenten f\u00fcr das Ethernet-Netzwerk im Zug umfassen:<\/h2>\t\t\t\t<\/div>\n\t\t\t\t<\/div>\n\t\t\t\t<div class=\"elementor-element elementor-element-671612d elementor-widget elementor-widget-text-editor\" data-id=\"671612d\" data-element_type=\"widget\" data-widget_type=\"text-editor.default\">\n\t\t\t\t<div class=\"elementor-widget-container\">\n\t\t\t\t\t\t\t\t\t<ul><li><span lang=\"de-DE\">Konfigurierbare Ethernet-Switches<\/span><\/li><li><span lang=\"de-DE\">Nicht konfigurierbare Ethernet-Switches<\/span><\/li><li><span lang=\"de-DE\">Ethernet-Router<\/span><\/li><li><span lang=\"de-DE\">Ethernet-Konverter<\/span><\/li><li><span lang=\"de-DE\">Steckverbinder<\/span><\/li><\/ul>\t\t\t\t\t\t\t\t<\/div>\n\t\t\t\t<\/div>\n\t\t\t\t\t<\/div>\n\t\t\t\t<\/div>\n\t\t<div class=\"elementor-element elementor-element-20fed4e e-flex e-con-boxed e-con e-parent\" data-id=\"20fed4e\" data-element_type=\"container\">\n\t\t\t\t\t<div class=\"e-con-inner\">\n\t\t\t\t<div class=\"elementor-element elementor-element-d2d214c elementor-align-center elementor-widget elementor-widget-button\" data-id=\"d2d214c\" data-element_type=\"widget\" data-widget_type=\"button.default\">\n\t\t\t\t<div class=\"elementor-widget-container\">\n\t\t\t\t\t\t\t\t\t<div class=\"elementor-button-wrapper\">\n\t\t\t\t\t<a class=\"elementor-button elementor-button-link elementor-size-sm\" href=\"https:\/\/amit-transportation.com\/kontakty\/\">\n\t\t\t\t\t\t<span class=\"elementor-button-content-wrapper\">\n\t\t\t\t\t\t\t\t\t<span class=\"elementor-button-text\">KONTAKTIEREN SIE UNS<\/span>\n\t\t\t\t\t<\/span>\n\t\t\t\t\t<\/a>\n\t\t\t\t<\/div>\n\t\t\t\t\t\t\t\t<\/div>\n\t\t\t\t<\/div>\n\t\t\t\t\t<\/div>\n\t\t\t\t<\/div>\n\t\t\t\t<\/div>\n\t\t","protected":false},"excerpt":{"rendered":"<p>In Schienenfahrzeugen und zwischen ihnen kommen Ethernet-Netzwerke erfolgreich zum Einsatz. Sie haben sich als kosteneffiziente und zuverl\u00e4ssige L\u00f6sung f\u00fcr die Echtzeitkommunikation bew\u00e4hrt. Die Ethernet-Komponenten im Zug erf\u00fcllen hohe Anforderungen an Widerstandsf\u00e4higkeit gegen\u00fcber extremen Temperaturen, Vibrationen und elektromagnetischen St\u00f6rungen. Eine hohe Zuverl\u00e4ssigkeit der Ethernet-Kommunikation ist selbstverst\u00e4ndlich. AMiT bietet Netzwerkkomponenten f\u00fcr Z\u00fcge [&hellip;]<\/p>\n","protected":false},"author":80,"featured_media":13106,"parent":0,"menu_order":0,"comment_status":"closed","ping_status":"closed","template":"","meta":{"footnotes":""},"class_list":["post-13105","page","type-page","status-publish","has-post-thumbnail","hentry"],"yoast_head":"<!-- This site is optimized with the Yoast SEO plugin v26.8-RC7 - https:\/\/yoast.com\/product\/yoast-seo-wordpress\/ -->\n<title>ECN\/ETB-Kommunikation - AMiT Transportation<\/title>\n<meta name=\"robots\" content=\"index, follow, max-snippet:-1, max-image-preview:large, max-video-preview:-1\" \/>\n<link rel=\"canonical\" href=\"https:\/\/amit-transportation.com\/ecn-etb-komunikace\/\" \/>\n<meta property=\"og:locale\" content=\"de_DE\" \/>\n<meta property=\"og:type\" content=\"article\" \/>\n<meta property=\"og:title\" content=\"ECN\/ETB-Kommunikation - AMiT Transportation\" \/>\n<meta property=\"og:description\" content=\"In Schienenfahrzeugen und zwischen ihnen kommen Ethernet-Netzwerke erfolgreich zum Einsatz. Sie haben sich als kosteneffiziente und zuverl\u00e4ssige L\u00f6sung f\u00fcr die Echtzeitkommunikation bew\u00e4hrt. Die Ethernet-Komponenten im Zug erf\u00fcllen hohe Anforderungen an Widerstandsf\u00e4higkeit gegen\u00fcber extremen Temperaturen, Vibrationen und elektromagnetischen St\u00f6rungen. Eine hohe Zuverl\u00e4ssigkeit der Ethernet-Kommunikation ist selbstverst\u00e4ndlich. AMiT bietet Netzwerkkomponenten f\u00fcr Z\u00fcge [&hellip;]\" \/>\n<meta property=\"og:url\" content=\"https:\/\/amit-transportation.com\/ecn-etb-komunikace\/\" \/>\n<meta property=\"og:site_name\" content=\"AMiT Transportation\" \/>\n<meta property=\"article:modified_time\" content=\"2025-09-09T04:51:46+00:00\" \/>\n<meta property=\"og:image\" content=\"https:\/\/amit-transportation.com\/wp-content\/uploads\/2024\/09\/ethernet.jpg\" \/>\n\t<meta property=\"og:image:width\" content=\"1830\" \/>\n\t<meta property=\"og:image:height\" content=\"450\" \/>\n\t<meta property=\"og:image:type\" content=\"image\/jpeg\" \/>\n<meta name=\"twitter:card\" content=\"summary_large_image\" \/>\n<meta name=\"twitter:label1\" content=\"Gesch\u00e4tzte Lesezeit\" \/>\n\t<meta name=\"twitter:data1\" content=\"1\u00a0Minute\" \/>\n<script type=\"application\/ld+json\" class=\"yoast-schema-graph\">{\"@context\":\"https:\/\/schema.org\",\"@graph\":[{\"@type\":\"WebPage\",\"@id\":\"https:\/\/amit-transportation.com\/ecn-etb-komunikace\/\",\"url\":\"https:\/\/amit-transportation.com\/ecn-etb-komunikace\/\",\"name\":\"ECN\/ETB-Kommunikation - AMiT Transportation\",\"isPartOf\":{\"@id\":\"https:\/\/amit-transportation.com\/#website\"},\"primaryImageOfPage\":{\"@id\":\"https:\/\/amit-transportation.com\/ecn-etb-komunikace\/#primaryimage\"},\"image\":{\"@id\":\"https:\/\/amit-transportation.com\/ecn-etb-komunikace\/#primaryimage\"},\"thumbnailUrl\":\"https:\/\/amit-transportation.com\/wp-content\/uploads\/2024\/09\/ethernet.jpg\",\"datePublished\":\"2025-09-09T04:48:24+00:00\",\"dateModified\":\"2025-09-09T04:51:46+00:00\",\"breadcrumb\":{\"@id\":\"https:\/\/amit-transportation.com\/ecn-etb-komunikace\/#breadcrumb\"},\"inLanguage\":\"de\",\"potentialAction\":[{\"@type\":\"ReadAction\",\"target\":[\"https:\/\/amit-transportation.com\/ecn-etb-komunikace\/\"]}]},{\"@type\":\"ImageObject\",\"inLanguage\":\"de\",\"@id\":\"https:\/\/amit-transportation.com\/ecn-etb-komunikace\/#primaryimage\",\"url\":\"https:\/\/amit-transportation.com\/wp-content\/uploads\/2024\/09\/ethernet.jpg\",\"contentUrl\":\"https:\/\/amit-transportation.com\/wp-content\/uploads\/2024\/09\/ethernet.jpg\",\"width\":1830,\"height\":450},{\"@type\":\"BreadcrumbList\",\"@id\":\"https:\/\/amit-transportation.com\/ecn-etb-komunikace\/#breadcrumb\",\"itemListElement\":[{\"@type\":\"ListItem\",\"position\":1,\"name\":\"Home\",\"item\":\"https:\/\/amit-transportation.com\/\"},{\"@type\":\"ListItem\",\"position\":2,\"name\":\"ECN\/ETB-Kommunikation\"}]},{\"@type\":\"WebSite\",\"@id\":\"https:\/\/amit-transportation.com\/#website\",\"url\":\"https:\/\/amit-transportation.com\/\",\"name\":\"AMiT Transportation\",\"description\":\"Elektronika pro kolejov\u00e1 vozidla a ve\u0159ejnou dopravu\",\"potentialAction\":[{\"@type\":\"SearchAction\",\"target\":{\"@type\":\"EntryPoint\",\"urlTemplate\":\"https:\/\/amit-transportation.com\/?s={search_term_string}\"},\"query-input\":{\"@type\":\"PropertyValueSpecification\",\"valueRequired\":true,\"valueName\":\"search_term_string\"}}],\"inLanguage\":\"de\"}]}<\/script>\n<!-- \/ Yoast SEO plugin. -->","yoast_head_json":{"title":"ECN\/ETB-Kommunikation - AMiT Transportation","robots":{"index":"index","follow":"follow","max-snippet":"max-snippet:-1","max-image-preview":"max-image-preview:large","max-video-preview":"max-video-preview:-1"},"canonical":"https:\/\/amit-transportation.com\/ecn-etb-komunikace\/","og_locale":"de_DE","og_type":"article","og_title":"ECN\/ETB-Kommunikation - AMiT Transportation","og_description":"In Schienenfahrzeugen und zwischen ihnen kommen Ethernet-Netzwerke erfolgreich zum Einsatz. Sie haben sich als kosteneffiziente und zuverl\u00e4ssige L\u00f6sung f\u00fcr die Echtzeitkommunikation bew\u00e4hrt. Die Ethernet-Komponenten im Zug erf\u00fcllen hohe Anforderungen an Widerstandsf\u00e4higkeit gegen\u00fcber extremen Temperaturen, Vibrationen und elektromagnetischen St\u00f6rungen. Eine hohe Zuverl\u00e4ssigkeit der Ethernet-Kommunikation ist selbstverst\u00e4ndlich. AMiT bietet Netzwerkkomponenten f\u00fcr Z\u00fcge [&hellip;]","og_url":"https:\/\/amit-transportation.com\/ecn-etb-komunikace\/","og_site_name":"AMiT Transportation","article_modified_time":"2025-09-09T04:51:46+00:00","og_image":[{"width":1830,"height":450,"url":"https:\/\/amit-transportation.com\/wp-content\/uploads\/2024\/09\/ethernet.jpg","type":"image\/jpeg"}],"twitter_card":"summary_large_image","twitter_misc":{"Gesch\u00e4tzte Lesezeit":"1\u00a0Minute"},"schema":{"@context":"https:\/\/schema.org","@graph":[{"@type":"WebPage","@id":"https:\/\/amit-transportation.com\/ecn-etb-komunikace\/","url":"https:\/\/amit-transportation.com\/ecn-etb-komunikace\/","name":"ECN\/ETB-Kommunikation - AMiT Transportation","isPartOf":{"@id":"https:\/\/amit-transportation.com\/#website"},"primaryImageOfPage":{"@id":"https:\/\/amit-transportation.com\/ecn-etb-komunikace\/#primaryimage"},"image":{"@id":"https:\/\/amit-transportation.com\/ecn-etb-komunikace\/#primaryimage"},"thumbnailUrl":"https:\/\/amit-transportation.com\/wp-content\/uploads\/2024\/09\/ethernet.jpg","datePublished":"2025-09-09T04:48:24+00:00","dateModified":"2025-09-09T04:51:46+00:00","breadcrumb":{"@id":"https:\/\/amit-transportation.com\/ecn-etb-komunikace\/#breadcrumb"},"inLanguage":"de","potentialAction":[{"@type":"ReadAction","target":["https:\/\/amit-transportation.com\/ecn-etb-komunikace\/"]}]},{"@type":"ImageObject","inLanguage":"de","@id":"https:\/\/amit-transportation.com\/ecn-etb-komunikace\/#primaryimage","url":"https:\/\/amit-transportation.com\/wp-content\/uploads\/2024\/09\/ethernet.jpg","contentUrl":"https:\/\/amit-transportation.com\/wp-content\/uploads\/2024\/09\/ethernet.jpg","width":1830,"height":450},{"@type":"BreadcrumbList","@id":"https:\/\/amit-transportation.com\/ecn-etb-komunikace\/#breadcrumb","itemListElement":[{"@type":"ListItem","position":1,"name":"Home","item":"https:\/\/amit-transportation.com\/"},{"@type":"ListItem","position":2,"name":"ECN\/ETB-Kommunikation"}]},{"@type":"WebSite","@id":"https:\/\/amit-transportation.com\/#website","url":"https:\/\/amit-transportation.com\/","name":"AMiT Transportation","description":"Elektronika pro kolejov\u00e1 vozidla a ve\u0159ejnou dopravu","potentialAction":[{"@type":"SearchAction","target":{"@type":"EntryPoint","urlTemplate":"https:\/\/amit-transportation.com\/?s={search_term_string}"},"query-input":{"@type":"PropertyValueSpecification","valueRequired":true,"valueName":"search_term_string"}}],"inLanguage":"de"}]}},"_links":{"self":[{"href":"https:\/\/amit-transportation.com\/de\/wp-json\/wp\/v2\/pages\/13105","targetHints":{"allow":["GET"]}}],"collection":[{"href":"https:\/\/amit-transportation.com\/de\/wp-json\/wp\/v2\/pages"}],"about":[{"href":"https:\/\/amit-transportation.com\/de\/wp-json\/wp\/v2\/types\/page"}],"author":[{"embeddable":true,"href":"https:\/\/amit-transportation.com\/de\/wp-json\/wp\/v2\/users\/80"}],"replies":[{"embeddable":true,"href":"https:\/\/amit-transportation.com\/de\/wp-json\/wp\/v2\/comments?post=13105"}],"version-history":[{"count":7,"href":"https:\/\/amit-transportation.com\/de\/wp-json\/wp\/v2\/pages\/13105\/revisions"}],"predecessor-version":[{"id":13113,"href":"https:\/\/amit-transportation.com\/de\/wp-json\/wp\/v2\/pages\/13105\/revisions\/13113"}],"wp:featuredmedia":[{"embeddable":true,"href":"https:\/\/amit-transportation.com\/de\/wp-json\/wp\/v2\/media\/13106"}],"wp:attachment":[{"href":"https:\/\/amit-transportation.com\/de\/wp-json\/wp\/v2\/media?parent=13105"}],"curies":[{"name":"wp","href":"https:\/\/api.w.org\/{rel}","templated":true}]}}