{"id":13098,"date":"2025-09-09T06:41:46","date_gmt":"2025-09-09T04:41:46","guid":{"rendered":"https:\/\/amit-transportation.com\/?page_id=13098"},"modified":"2025-09-09T06:44:56","modified_gmt":"2025-09-09T04:44:56","slug":"ecn-etb-infrastruktur","status":"publish","type":"page","link":"https:\/\/amit-transportation.com\/de\/ecn-etb-infrastruktur\/","title":{"rendered":"ECN\/ETB-Infrastruktur"},"content":{"rendered":"\t\t<div data-elementor-type=\"wp-page\" data-elementor-id=\"13098\" class=\"elementor elementor-13098 elementor-8983\" data-elementor-post-type=\"page\">\n\t\t\t\t<div class=\"elementor-element elementor-element-8ea9a7f e-flex e-con-boxed e-con e-parent\" data-id=\"8ea9a7f\" data-element_type=\"container\">\n\t\t\t\t\t<div class=\"e-con-inner\">\n\t\t\t\t<div class=\"elementor-element elementor-element-efa4360 elementor-widget elementor-widget-video\" data-id=\"efa4360\" data-element_type=\"widget\" data-settings=\"{&quot;youtube_url&quot;:&quot;https:\\\/\\\/www.youtube.com\\\/watch?v=G8zcIVIaPHo&quot;,&quot;autoplay&quot;:&quot;yes&quot;,&quot;play_on_mobile&quot;:&quot;yes&quot;,&quot;mute&quot;:&quot;yes&quot;,&quot;video_type&quot;:&quot;youtube&quot;,&quot;controls&quot;:&quot;yes&quot;}\" data-widget_type=\"video.default\">\n\t\t\t\t<div class=\"elementor-widget-container\">\n\t\t\t\t\t\t\t<div class=\"elementor-wrapper elementor-open-inline\">\n\t\t\t<div class=\"elementor-video\"><\/div>\t\t<\/div>\n\t\t\t\t\t\t<\/div>\n\t\t\t\t<\/div>\n\t\t\t\t<div class=\"elementor-element elementor-element-510a468 elementor-widget elementor-widget-text-editor\" data-id=\"510a468\" data-element_type=\"widget\" data-widget_type=\"text-editor.default\">\n\t\t\t\t<div class=\"elementor-widget-container\">\n\t\t\t\t\t\t\t\t\t<p>Die WiFi-L\u00f6sung von AMiT f\u00fcr Schienen- und Eisenbahnfahrzeuge basiert auf einer Infrastruktur, die aus GSM-Routern (Produktreihe WRA), WiFi-Zugangspunkten (Produktreihe WAP) sowie erg\u00e4nzenden Komponenten wie Antennen und Verkabelung besteht. Eine derart aufgebaute Infrastruktur kann entweder als komfortables Ethernet-Netzwerk des Fahrzeugs dienen oder als vollst\u00e4ndig eigenst\u00e4ndiges Netzwerk mit Unterst\u00fctzung einer Ringtopologie und voller Redundanz konzipiert werden.<\/p><p>Die bordeigene L\u00f6sung erm\u00f6glicht die Bereitstellung von Datendiensten f\u00fcr Fahrg\u00e4ste und das Bedienpersonal der Fahrzeuge \u2013 selbstverst\u00e4ndlich in einer Ausf\u00fchrung, die den strengen Anforderungen f\u00fcr Schienenfahrzeuge entspricht. Beim \u00dcberschreiten von Staatsgrenzen sorgt unsere L\u00f6sung f\u00fcr ein intelligentes Umschalten der GSM-Verbindung zwischen Mobilfunkanbietern durch die Nutzung von Ortungsdiensten (GNSS) wie GPS, Galileo, Beidou und Glonass.<\/p>\t\t\t\t\t\t\t\t<\/div>\n\t\t\t\t<\/div>\n\t\t\t\t<div class=\"elementor-element elementor-element-7ee7b0f elementor-widget elementor-widget-text-editor\" data-id=\"7ee7b0f\" data-element_type=\"widget\" data-widget_type=\"text-editor.default\">\n\t\t\t\t<div class=\"elementor-widget-container\">\n\t\t\t\t\t\t\t\t\t<h4><strong>GSM-Kommunikation<\/strong><\/h4>\n<ul>\n \t<li>4G (LTE) \/ 5G<\/li>\n<\/ul>\n<h4><strong>Bordkommunikation<\/strong><\/h4>\n<ul>\n \t<li style=\"list-style-type: none;\">\n<ul>\n \t<li>802.11a\/b\/g\/n\/ac\/ax (2.4 oder 5 GHz) (WiFi6)\n<span class=\"TextRun SCXW79823769 BCX0\" lang=\"CS-CZ\" xml:lang=\"CS-CZ\" data-contrast=\"auto\"><span class=\"NormalTextRun SCXW79823769 BCX0\">\u00a0 \u00a0 \u00a02\u00d72 MIMO \/ 3\u00d73 MIMO <\/span><\/span><span class=\"TextRun Highlight SCXW79823769 BCX0\" lang=\"CS-CZ\" xml:lang=\"CS-CZ\" data-contrast=\"auto\"><span class=\"NormalTextRun SCXW79823769 BCX0\">\/ 4\u00d74 MIMO<\/span><\/span><\/li>\n<\/ul>\n<\/li>\n<\/ul>\t\t\t\t\t\t\t\t<\/div>\n\t\t\t\t<\/div>\n\t\t\t\t<div class=\"elementor-element elementor-element-616cf8b elementor-widget elementor-widget-video\" data-id=\"616cf8b\" data-element_type=\"widget\" data-settings=\"{&quot;youtube_url&quot;:&quot;https:\\\/\\\/www.youtube.com\\\/watch?v=6Mi8OyMerhs&amp;t=9s&quot;,&quot;autoplay&quot;:&quot;yes&quot;,&quot;play_on_mobile&quot;:&quot;yes&quot;,&quot;mute&quot;:&quot;yes&quot;,&quot;video_type&quot;:&quot;youtube&quot;,&quot;controls&quot;:&quot;yes&quot;}\" data-widget_type=\"video.default\">\n\t\t\t\t<div class=\"elementor-widget-container\">\n\t\t\t\t\t\t\t<div class=\"elementor-wrapper elementor-open-inline\">\n\t\t\t<div class=\"elementor-video\"><\/div>\t\t<\/div>\n\t\t\t\t\t\t<\/div>\n\t\t\t\t<\/div>\n\t\t\t\t<div class=\"elementor-element elementor-element-d615691 elementor-widget elementor-widget-heading\" data-id=\"d615691\" data-element_type=\"widget\" data-widget_type=\"heading.default\">\n\t\t\t\t<div class=\"elementor-widget-container\">\n\t\t\t\t\t<h2 class=\"elementor-heading-title elementor-size-default\">Wichtige Merkmale<\/h2>\t\t\t\t<\/div>\n\t\t\t\t<\/div>\n\t\t\t\t<div class=\"elementor-element elementor-element-b6075fb elementor-widget elementor-widget-text-editor\" data-id=\"b6075fb\" data-element_type=\"widget\" data-widget_type=\"text-editor.default\">\n\t\t\t\t<div class=\"elementor-widget-container\">\n\t\t\t\t\t\t\t\t\t<ul><li><span lang=\"de-DE\">Bietet zuverl\u00e4ssigen Internetzugang f\u00fcr Fahrg\u00e4ste unter Einhaltung aktueller Anforderungen an die Cybersicherheit<\/span><\/li><li><span lang=\"de-DE\">Unterst\u00fctzung von QoS-Betrieb, Routing-Regeln und Firewall-Funktionen<\/span><\/li><li><span lang=\"de-DE\">Einfache Systemkonfiguration zur Erh\u00f6hung der Daten\u00fcbertragungsrate und Verf\u00fcgbarkeit von Internetdiensten, inklusive Redundanzeinstellungen<\/span><\/li><li><span lang=\"de-DE\">Schnelles und intelligentes GeoFencing mit GPS\/Galileo\/Beidou\/Glonass<\/span><\/li><li><span lang=\"de-DE\">Aggregation von drahtlosen Verbindungen<\/span><\/li><li><span lang=\"de-DE\">Getrenntes WiFi-Netzwerk (VLAN) f\u00fcr Fahrg\u00e4ste und Fahrzeugbetreiber<\/span><\/li><li><span lang=\"de-DE\">M\u00f6glichkeit zur Anbindung weiterer Technologien wie Video\u00fcberwachungssystem (CCTV), Fahrgastinformationssystem, Reservierungssystem, Infotainment und mehr<\/span><\/li><li><span lang=\"de-DE\">Flexibles L\u00f6sungskonzept f\u00fcr neue und bestehende Fahrzeuge<\/span><\/li><li><span lang=\"de-DE\">Robuste Ausf\u00fchrung gem\u00e4\u00df EN 50155<\/span><\/li><\/ul>\t\t\t\t\t\t\t\t<\/div>\n\t\t\t\t<\/div>\n\t\t\t\t<div class=\"elementor-element elementor-element-c71111e elementor-widget elementor-widget-video\" data-id=\"c71111e\" data-element_type=\"widget\" data-settings=\"{&quot;youtube_url&quot;:&quot;https:\\\/\\\/www.youtube.com\\\/watch?v=ayXx_rNIJYU&quot;,&quot;autoplay&quot;:&quot;yes&quot;,&quot;play_on_mobile&quot;:&quot;yes&quot;,&quot;mute&quot;:&quot;yes&quot;,&quot;loop&quot;:&quot;yes&quot;,&quot;video_type&quot;:&quot;youtube&quot;,&quot;controls&quot;:&quot;yes&quot;}\" data-widget_type=\"video.default\">\n\t\t\t\t<div class=\"elementor-widget-container\">\n\t\t\t\t\t\t\t<div class=\"elementor-wrapper elementor-open-inline\">\n\t\t\t<div class=\"elementor-video\"><\/div>\t\t<\/div>\n\t\t\t\t\t\t<\/div>\n\t\t\t\t<\/div>\n\t\t\t\t<div class=\"elementor-element elementor-element-c49e4d7 elementor-widget elementor-widget-image\" data-id=\"c49e4d7\" data-element_type=\"widget\" data-widget_type=\"image.default\">\n\t\t\t\t<div class=\"elementor-widget-container\">\n\t\t\t\t\t\t\t\t\t\t\t\t\t\t\t<img fetchpriority=\"high\" decoding=\"async\" width=\"819\" height=\"519\" src=\"https:\/\/amit-transportation.com\/wp-content\/uploads\/2024\/07\/on_board_wifi.png\" class=\"attachment-large size-large wp-image-7024\" alt=\"\" srcset=\"https:\/\/amit-transportation.com\/wp-content\/uploads\/2024\/07\/on_board_wifi.png 819w, https:\/\/amit-transportation.com\/wp-content\/uploads\/2024\/07\/on_board_wifi-300x190.png 300w, https:\/\/amit-transportation.com\/wp-content\/uploads\/2024\/07\/on_board_wifi-768x487.png 768w, https:\/\/amit-transportation.com\/wp-content\/uploads\/2024\/07\/on_board_wifi-600x380.png 600w, https:\/\/amit-transportation.com\/wp-content\/uploads\/2024\/07\/on_board_wifi-24x15.png 24w, https:\/\/amit-transportation.com\/wp-content\/uploads\/2024\/07\/on_board_wifi-36x23.png 36w, https:\/\/amit-transportation.com\/wp-content\/uploads\/2024\/07\/on_board_wifi-48x30.png 48w\" sizes=\"(max-width: 819px) 100vw, 819px\" \/>\t\t\t\t\t\t\t\t\t\t\t\t\t\t\t<\/div>\n\t\t\t\t<\/div>\n\t\t\t\t\t<\/div>\n\t\t\t\t<\/div>\n\t\t<div class=\"elementor-element elementor-element-20fed4e e-flex e-con-boxed e-con e-parent\" data-id=\"20fed4e\" data-element_type=\"container\">\n\t\t\t\t\t<div class=\"e-con-inner\">\n\t\t\t\t<div class=\"elementor-element elementor-element-d2d214c elementor-align-center elementor-widget elementor-widget-button\" data-id=\"d2d214c\" data-element_type=\"widget\" data-widget_type=\"button.default\">\n\t\t\t\t<div class=\"elementor-widget-container\">\n\t\t\t\t\t\t\t\t\t<div class=\"elementor-button-wrapper\">\n\t\t\t\t\t<a class=\"elementor-button elementor-button-link elementor-size-sm\" href=\"https:\/\/amit-transportation.com\/kontakty\/\">\n\t\t\t\t\t\t<span class=\"elementor-button-content-wrapper\">\n\t\t\t\t\t\t\t\t\t<span class=\"elementor-button-text\">KONTAKTIEREN SIE UNS<\/span>\n\t\t\t\t\t<\/span>\n\t\t\t\t\t<\/a>\n\t\t\t\t<\/div>\n\t\t\t\t\t\t\t\t<\/div>\n\t\t\t\t<\/div>\n\t\t\t\t\t<\/div>\n\t\t\t\t<\/div>\n\t\t<div class=\"elementor-element elementor-element-89c3a0d e-flex e-con-boxed e-con e-parent\" data-id=\"89c3a0d\" data-element_type=\"container\">\n\t\t\t\t\t<div class=\"e-con-inner\">\n\t\t\t\t\t<\/div>\n\t\t\t\t<\/div>\n\t\t\t\t<\/div>\n\t\t","protected":false},"excerpt":{"rendered":"<p>https:\/\/www.youtube.com\/watch?v=G8zcIVIaPHo Die WiFi-L\u00f6sung von AMiT f\u00fcr Schienen- und Eisenbahnfahrzeuge basiert auf einer Infrastruktur, die aus GSM-Routern (Produktreihe WRA), WiFi-Zugangspunkten (Produktreihe WAP) sowie erg\u00e4nzenden Komponenten wie Antennen und Verkabelung besteht. Eine derart aufgebaute Infrastruktur kann entweder als komfortables Ethernet-Netzwerk des Fahrzeugs dienen oder als vollst\u00e4ndig eigenst\u00e4ndiges Netzwerk mit Unterst\u00fctzung einer Ringtopologie [&hellip;]<\/p>\n","protected":false},"author":80,"featured_media":13100,"parent":0,"menu_order":0,"comment_status":"closed","ping_status":"closed","template":"","meta":{"footnotes":""},"class_list":["post-13098","page","type-page","status-publish","has-post-thumbnail","hentry"],"yoast_head":"<!-- This site is optimized with the Yoast SEO plugin v26.8-RC7 - https:\/\/yoast.com\/product\/yoast-seo-wordpress\/ -->\n<title>ECN\/ETB-Infrastruktur - AMiT Transportation<\/title>\n<meta name=\"robots\" content=\"index, follow, max-snippet:-1, max-image-preview:large, max-video-preview:-1\" \/>\n<link rel=\"canonical\" href=\"https:\/\/amit-transportation.com\/ecn-etb-infrastruktura\/\" \/>\n<meta property=\"og:locale\" content=\"de_DE\" \/>\n<meta property=\"og:type\" content=\"article\" \/>\n<meta property=\"og:title\" content=\"ECN\/ETB-Infrastruktur - AMiT Transportation\" \/>\n<meta property=\"og:description\" content=\"https:\/\/www.youtube.com\/watch?v=G8zcIVIaPHo Die WiFi-L\u00f6sung von AMiT f\u00fcr Schienen- und Eisenbahnfahrzeuge basiert auf einer Infrastruktur, die aus GSM-Routern (Produktreihe WRA), WiFi-Zugangspunkten (Produktreihe WAP) sowie erg\u00e4nzenden Komponenten wie Antennen und Verkabelung besteht. Eine derart aufgebaute Infrastruktur kann entweder als komfortables Ethernet-Netzwerk des Fahrzeugs dienen oder als vollst\u00e4ndig eigenst\u00e4ndiges Netzwerk mit Unterst\u00fctzung einer Ringtopologie [&hellip;]\" \/>\n<meta property=\"og:url\" content=\"https:\/\/amit-transportation.com\/ecn-etb-infrastruktura\/\" \/>\n<meta property=\"og:site_name\" content=\"AMiT Transportation\" \/>\n<meta property=\"article:modified_time\" content=\"2025-09-09T04:44:56+00:00\" \/>\n<meta property=\"og:image\" content=\"https:\/\/amit-transportation.com\/wp-content\/uploads\/2024\/09\/Palubni-WiFi-PWLAN-.jpg\" \/>\n\t<meta property=\"og:image:width\" content=\"1830\" \/>\n\t<meta property=\"og:image:height\" content=\"450\" \/>\n\t<meta property=\"og:image:type\" content=\"image\/jpeg\" \/>\n<meta name=\"twitter:card\" content=\"summary_large_image\" \/>\n<meta name=\"twitter:label1\" content=\"Gesch\u00e4tzte Lesezeit\" \/>\n\t<meta name=\"twitter:data1\" content=\"2\u00a0Minuten\" \/>\n<script type=\"application\/ld+json\" class=\"yoast-schema-graph\">{\"@context\":\"https:\/\/schema.org\",\"@graph\":[{\"@type\":\"WebPage\",\"@id\":\"https:\/\/amit-transportation.com\/ecn-etb-infrastruktura\/\",\"url\":\"https:\/\/amit-transportation.com\/ecn-etb-infrastruktura\/\",\"name\":\"ECN\/ETB-Infrastruktur - AMiT Transportation\",\"isPartOf\":{\"@id\":\"https:\/\/amit-transportation.com\/#website\"},\"primaryImageOfPage\":{\"@id\":\"https:\/\/amit-transportation.com\/ecn-etb-infrastruktura\/#primaryimage\"},\"image\":{\"@id\":\"https:\/\/amit-transportation.com\/ecn-etb-infrastruktura\/#primaryimage\"},\"thumbnailUrl\":\"https:\/\/amit-transportation.com\/wp-content\/uploads\/2024\/09\/Palubni-WiFi-PWLAN-.jpg\",\"datePublished\":\"2025-09-09T04:41:46+00:00\",\"dateModified\":\"2025-09-09T04:44:56+00:00\",\"breadcrumb\":{\"@id\":\"https:\/\/amit-transportation.com\/ecn-etb-infrastruktura\/#breadcrumb\"},\"inLanguage\":\"de\",\"potentialAction\":[{\"@type\":\"ReadAction\",\"target\":[\"https:\/\/amit-transportation.com\/ecn-etb-infrastruktura\/\"]}]},{\"@type\":\"ImageObject\",\"inLanguage\":\"de\",\"@id\":\"https:\/\/amit-transportation.com\/ecn-etb-infrastruktura\/#primaryimage\",\"url\":\"https:\/\/amit-transportation.com\/wp-content\/uploads\/2024\/09\/Palubni-WiFi-PWLAN-.jpg\",\"contentUrl\":\"https:\/\/amit-transportation.com\/wp-content\/uploads\/2024\/09\/Palubni-WiFi-PWLAN-.jpg\",\"width\":1830,\"height\":450},{\"@type\":\"BreadcrumbList\",\"@id\":\"https:\/\/amit-transportation.com\/ecn-etb-infrastruktura\/#breadcrumb\",\"itemListElement\":[{\"@type\":\"ListItem\",\"position\":1,\"name\":\"Home\",\"item\":\"https:\/\/amit-transportation.com\/\"},{\"@type\":\"ListItem\",\"position\":2,\"name\":\"ECN\/ETB-Infrastruktur\"}]},{\"@type\":\"WebSite\",\"@id\":\"https:\/\/amit-transportation.com\/#website\",\"url\":\"https:\/\/amit-transportation.com\/\",\"name\":\"AMiT Transportation\",\"description\":\"Elektronika pro kolejov\u00e1 vozidla a ve\u0159ejnou dopravu\",\"potentialAction\":[{\"@type\":\"SearchAction\",\"target\":{\"@type\":\"EntryPoint\",\"urlTemplate\":\"https:\/\/amit-transportation.com\/?s={search_term_string}\"},\"query-input\":{\"@type\":\"PropertyValueSpecification\",\"valueRequired\":true,\"valueName\":\"search_term_string\"}}],\"inLanguage\":\"de\"}]}<\/script>\n<!-- \/ Yoast SEO plugin. -->","yoast_head_json":{"title":"ECN\/ETB-Infrastruktur - AMiT Transportation","robots":{"index":"index","follow":"follow","max-snippet":"max-snippet:-1","max-image-preview":"max-image-preview:large","max-video-preview":"max-video-preview:-1"},"canonical":"https:\/\/amit-transportation.com\/ecn-etb-infrastruktura\/","og_locale":"de_DE","og_type":"article","og_title":"ECN\/ETB-Infrastruktur - AMiT Transportation","og_description":"https:\/\/www.youtube.com\/watch?v=G8zcIVIaPHo Die WiFi-L\u00f6sung von AMiT f\u00fcr Schienen- und Eisenbahnfahrzeuge basiert auf einer Infrastruktur, die aus GSM-Routern (Produktreihe WRA), WiFi-Zugangspunkten (Produktreihe WAP) sowie erg\u00e4nzenden Komponenten wie Antennen und Verkabelung besteht. Eine derart aufgebaute Infrastruktur kann entweder als komfortables Ethernet-Netzwerk des Fahrzeugs dienen oder als vollst\u00e4ndig eigenst\u00e4ndiges Netzwerk mit Unterst\u00fctzung einer Ringtopologie [&hellip;]","og_url":"https:\/\/amit-transportation.com\/ecn-etb-infrastruktura\/","og_site_name":"AMiT Transportation","article_modified_time":"2025-09-09T04:44:56+00:00","og_image":[{"width":1830,"height":450,"url":"https:\/\/amit-transportation.com\/wp-content\/uploads\/2024\/09\/Palubni-WiFi-PWLAN-.jpg","type":"image\/jpeg"}],"twitter_card":"summary_large_image","twitter_misc":{"Gesch\u00e4tzte Lesezeit":"2\u00a0Minuten"},"schema":{"@context":"https:\/\/schema.org","@graph":[{"@type":"WebPage","@id":"https:\/\/amit-transportation.com\/ecn-etb-infrastruktura\/","url":"https:\/\/amit-transportation.com\/ecn-etb-infrastruktura\/","name":"ECN\/ETB-Infrastruktur - AMiT Transportation","isPartOf":{"@id":"https:\/\/amit-transportation.com\/#website"},"primaryImageOfPage":{"@id":"https:\/\/amit-transportation.com\/ecn-etb-infrastruktura\/#primaryimage"},"image":{"@id":"https:\/\/amit-transportation.com\/ecn-etb-infrastruktura\/#primaryimage"},"thumbnailUrl":"https:\/\/amit-transportation.com\/wp-content\/uploads\/2024\/09\/Palubni-WiFi-PWLAN-.jpg","datePublished":"2025-09-09T04:41:46+00:00","dateModified":"2025-09-09T04:44:56+00:00","breadcrumb":{"@id":"https:\/\/amit-transportation.com\/ecn-etb-infrastruktura\/#breadcrumb"},"inLanguage":"de","potentialAction":[{"@type":"ReadAction","target":["https:\/\/amit-transportation.com\/ecn-etb-infrastruktura\/"]}]},{"@type":"ImageObject","inLanguage":"de","@id":"https:\/\/amit-transportation.com\/ecn-etb-infrastruktura\/#primaryimage","url":"https:\/\/amit-transportation.com\/wp-content\/uploads\/2024\/09\/Palubni-WiFi-PWLAN-.jpg","contentUrl":"https:\/\/amit-transportation.com\/wp-content\/uploads\/2024\/09\/Palubni-WiFi-PWLAN-.jpg","width":1830,"height":450},{"@type":"BreadcrumbList","@id":"https:\/\/amit-transportation.com\/ecn-etb-infrastruktura\/#breadcrumb","itemListElement":[{"@type":"ListItem","position":1,"name":"Home","item":"https:\/\/amit-transportation.com\/"},{"@type":"ListItem","position":2,"name":"ECN\/ETB-Infrastruktur"}]},{"@type":"WebSite","@id":"https:\/\/amit-transportation.com\/#website","url":"https:\/\/amit-transportation.com\/","name":"AMiT Transportation","description":"Elektronika pro kolejov\u00e1 vozidla a ve\u0159ejnou dopravu","potentialAction":[{"@type":"SearchAction","target":{"@type":"EntryPoint","urlTemplate":"https:\/\/amit-transportation.com\/?s={search_term_string}"},"query-input":{"@type":"PropertyValueSpecification","valueRequired":true,"valueName":"search_term_string"}}],"inLanguage":"de"}]}},"_links":{"self":[{"href":"https:\/\/amit-transportation.com\/de\/wp-json\/wp\/v2\/pages\/13098","targetHints":{"allow":["GET"]}}],"collection":[{"href":"https:\/\/amit-transportation.com\/de\/wp-json\/wp\/v2\/pages"}],"about":[{"href":"https:\/\/amit-transportation.com\/de\/wp-json\/wp\/v2\/types\/page"}],"author":[{"embeddable":true,"href":"https:\/\/amit-transportation.com\/de\/wp-json\/wp\/v2\/users\/80"}],"replies":[{"embeddable":true,"href":"https:\/\/amit-transportation.com\/de\/wp-json\/wp\/v2\/comments?post=13098"}],"version-history":[{"count":4,"href":"https:\/\/amit-transportation.com\/de\/wp-json\/wp\/v2\/pages\/13098\/revisions"}],"predecessor-version":[{"id":13104,"href":"https:\/\/amit-transportation.com\/de\/wp-json\/wp\/v2\/pages\/13098\/revisions\/13104"}],"wp:featuredmedia":[{"embeddable":true,"href":"https:\/\/amit-transportation.com\/de\/wp-json\/wp\/v2\/media\/13100"}],"wp:attachment":[{"href":"https:\/\/amit-transportation.com\/de\/wp-json\/wp\/v2\/media?parent=13098"}],"curies":[{"name":"wp","href":"https:\/\/api.w.org\/{rel}","templated":true}]}}