{"id":13088,"date":"2025-09-09T06:25:58","date_gmt":"2025-09-09T04:25:58","guid":{"rendered":"https:\/\/amit-transportation.com\/?page_id=13088"},"modified":"2025-09-09T06:31:44","modified_gmt":"2025-09-09T04:31:44","slug":"ueberwachungssystem-cctv","status":"publish","type":"page","link":"https:\/\/amit-transportation.com\/de\/ueberwachungssystem-cctv\/","title":{"rendered":"\u00dcberwachungssystem (CCTV)"},"content":{"rendered":"\t\t<div data-elementor-type=\"wp-page\" data-elementor-id=\"13088\" class=\"elementor elementor-13088 elementor-8946\" data-elementor-post-type=\"page\">\n\t\t\t\t<div class=\"elementor-element elementor-element-8ea9a7f e-flex e-con-boxed e-con e-parent\" data-id=\"8ea9a7f\" data-element_type=\"container\">\n\t\t\t\t\t<div class=\"e-con-inner\">\n\t\t\t\t<div class=\"elementor-element elementor-element-510a468 elementor-widget elementor-widget-text-editor\" data-id=\"510a468\" data-element_type=\"widget\" data-widget_type=\"text-editor.default\">\n\t\t\t\t<div class=\"elementor-widget-container\">\n\t\t\t\t\t\t\t\t\t<p>Das IP-\u00dcberwachungssystem (ACASYS NG) von AMiT, speziell entwickelt f\u00fcr Schienen- und Schienenfahrzeuge, erh\u00f6ht die Sicherheit an Bord und dient der Pr\u00e4vention von Vandalismus und kriminellen Handlungen. Durch die kontinuierliche Video\u00fcberwachung mittels IP-Kameras im Innen- und Au\u00dfenbereich des Fahrzeugs k\u00f6nnen relevante Daten aufgezeichnet werden, die im Falle eines Unfalls oder Zwischenfalls zur Beweissicherung beitragen.<\/p><p>Das IP-Kamerasystem (CCTV) nutzt eine einheitliche Ethernet-Kommunikationsinfrastruktur, die mit anderen Fahrzeugsystemen kompatibel ist. Es l\u00e4sst sich nahtlos in weitere Subsysteme von AMiT integrieren und kann bei Bedarf auch \u00fcber die zentrale Fahrzeugsteuerung des Herstellers bedient werden.<br \/><br \/>Die Hauptkomponenten des \u00dcberwachungssystems umfassen Innen- und Au\u00dfen-IP-Kameras, IP-Monitore und Panel-PCs (HMI), eine Aufzeichnungseinheit sowie Elemente der Ethernet-Infrastruktur.<\/p><p>Die aufgezeichneten Daten k\u00f6nnen anschlie\u00dfend mit dem Softwaretool ACASYS Studio angezeigt und analysiert werden.<\/p>\t\t\t\t\t\t\t\t<\/div>\n\t\t\t\t<\/div>\n\t\t\t\t<div class=\"elementor-element elementor-element-d615691 elementor-widget elementor-widget-heading\" data-id=\"d615691\" data-element_type=\"widget\" data-widget_type=\"heading.default\">\n\t\t\t\t<div class=\"elementor-widget-container\">\n\t\t\t\t\t<h2 class=\"elementor-heading-title elementor-size-default\">Schl\u00fcsselmerkmale<\/h2>\t\t\t\t<\/div>\n\t\t\t\t<\/div>\n\t\t\t\t<div class=\"elementor-element elementor-element-9977364 elementor-widget__width-initial elementor-widget elementor-widget-image\" data-id=\"9977364\" data-element_type=\"widget\" data-widget_type=\"image.default\">\n\t\t\t\t<div class=\"elementor-widget-container\">\n\t\t\t\t\t\t\t\t\t\t\t\t\t\t\t<img fetchpriority=\"high\" decoding=\"async\" width=\"930\" height=\"236\" src=\"https:\/\/amit-transportation.com\/wp-content\/uploads\/2024\/08\/cctv-benefits-1024x260.png\" class=\"attachment-large size-large wp-image-7893\" alt=\"\" srcset=\"https:\/\/amit-transportation.com\/wp-content\/uploads\/2024\/08\/cctv-benefits-1024x260.png 1024w, https:\/\/amit-transportation.com\/wp-content\/uploads\/2024\/08\/cctv-benefits-300x76.png 300w, https:\/\/amit-transportation.com\/wp-content\/uploads\/2024\/08\/cctv-benefits-768x195.png 768w, https:\/\/amit-transportation.com\/wp-content\/uploads\/2024\/08\/cctv-benefits-1000x253.png 1000w, https:\/\/amit-transportation.com\/wp-content\/uploads\/2024\/08\/cctv-benefits-600x152.png 600w, https:\/\/amit-transportation.com\/wp-content\/uploads\/2024\/08\/cctv-benefits-24x6.png 24w, https:\/\/amit-transportation.com\/wp-content\/uploads\/2024\/08\/cctv-benefits-36x9.png 36w, https:\/\/amit-transportation.com\/wp-content\/uploads\/2024\/08\/cctv-benefits-48x12.png 48w, https:\/\/amit-transportation.com\/wp-content\/uploads\/2024\/08\/cctv-benefits.png 1089w\" sizes=\"(max-width: 930px) 100vw, 930px\" \/>\t\t\t\t\t\t\t\t\t\t\t\t\t\t\t<\/div>\n\t\t\t\t<\/div>\n\t\t\t\t<div class=\"elementor-element elementor-element-b6075fb elementor-widget elementor-widget-text-editor\" data-id=\"b6075fb\" data-element_type=\"widget\" data-widget_type=\"text-editor.default\">\n\t\t\t\t<div class=\"elementor-widget-container\">\n\t\t\t\t\t\t\t\t\t<ul><li>Erh\u00f6ht die Sicherheit und sch\u00fctzt vor Vandalismus<\/li><li>Erm\u00f6glicht die Speicherung von Daten zur Aufkl\u00e4rung von Straftaten oder Unfallursachen<\/li><li>Aufgezeichnete Daten k\u00f6nnen mit der Software ACASYS Studio analysiert werden<\/li><li>Modulares Systemdesign \u2013 individuell an Projektanforderungen anpassbar<\/li><li>Technologie basierend auf dem ONVIF-Standard<\/li><li>Erf\u00fcllt gesetzliche Anforderungen an die Cybersicherheit<\/li><li>Optionale Integration mit dem Video-Management-System (VMS) Milestone<\/li><\/ul>\t\t\t\t\t\t\t\t<\/div>\n\t\t\t\t<\/div>\n\t\t\t\t<div class=\"elementor-element elementor-element-c49e4d7 elementor-widget elementor-widget-image\" data-id=\"c49e4d7\" data-element_type=\"widget\" data-widget_type=\"image.default\">\n\t\t\t\t<div class=\"elementor-widget-container\">\n\t\t\t\t\t\t\t\t\t\t\t\t\t\t\t<img decoding=\"async\" width=\"930\" height=\"743\" src=\"https:\/\/amit-transportation.com\/wp-content\/uploads\/2024\/08\/cctv-composition.jpg\" class=\"attachment-large size-large wp-image-7895\" alt=\"\" srcset=\"https:\/\/amit-transportation.com\/wp-content\/uploads\/2024\/08\/cctv-composition.jpg 1017w, https:\/\/amit-transportation.com\/wp-content\/uploads\/2024\/08\/cctv-composition-300x240.jpg 300w, https:\/\/amit-transportation.com\/wp-content\/uploads\/2024\/08\/cctv-composition-768x614.jpg 768w, https:\/\/amit-transportation.com\/wp-content\/uploads\/2024\/08\/cctv-composition-1000x799.jpg 1000w, https:\/\/amit-transportation.com\/wp-content\/uploads\/2024\/08\/cctv-composition-701x560.jpg 701w, https:\/\/amit-transportation.com\/wp-content\/uploads\/2024\/08\/cctv-composition-600x480.jpg 600w, https:\/\/amit-transportation.com\/wp-content\/uploads\/2024\/08\/cctv-composition-24x19.jpg 24w, https:\/\/amit-transportation.com\/wp-content\/uploads\/2024\/08\/cctv-composition-36x29.jpg 36w, https:\/\/amit-transportation.com\/wp-content\/uploads\/2024\/08\/cctv-composition-48x38.jpg 48w\" sizes=\"(max-width: 930px) 100vw, 930px\" \/>\t\t\t\t\t\t\t\t\t\t\t\t\t\t\t<\/div>\n\t\t\t\t<\/div>\n\t\t\t\t<div class=\"elementor-element elementor-element-93bfea6 elementor-widget elementor-widget-image\" data-id=\"93bfea6\" data-element_type=\"widget\" data-widget_type=\"image.default\">\n\t\t\t\t<div class=\"elementor-widget-container\">\n\t\t\t\t\t\t\t\t\t\t\t\t\t\t\t<img decoding=\"async\" width=\"930\" height=\"921\" src=\"https:\/\/amit-transportation.com\/wp-content\/uploads\/2024\/08\/cctv-scheme-1024x1014.png\" class=\"attachment-large size-large wp-image-7897\" alt=\"\" srcset=\"https:\/\/amit-transportation.com\/wp-content\/uploads\/2024\/08\/cctv-scheme-1024x1014.png 1024w, https:\/\/amit-transportation.com\/wp-content\/uploads\/2024\/08\/cctv-scheme-300x297.png 300w, https:\/\/amit-transportation.com\/wp-content\/uploads\/2024\/08\/cctv-scheme-150x150.png 150w, https:\/\/amit-transportation.com\/wp-content\/uploads\/2024\/08\/cctv-scheme-768x760.png 768w, https:\/\/amit-transportation.com\/wp-content\/uploads\/2024\/08\/cctv-scheme-1000x990.png 1000w, https:\/\/amit-transportation.com\/wp-content\/uploads\/2024\/08\/cctv-scheme-566x560.png 566w, https:\/\/amit-transportation.com\/wp-content\/uploads\/2024\/08\/cctv-scheme-600x594.png 600w, https:\/\/amit-transportation.com\/wp-content\/uploads\/2024\/08\/cctv-scheme-24x24.png 24w, https:\/\/amit-transportation.com\/wp-content\/uploads\/2024\/08\/cctv-scheme-36x36.png 36w, https:\/\/amit-transportation.com\/wp-content\/uploads\/2024\/08\/cctv-scheme-48x48.png 48w, https:\/\/amit-transportation.com\/wp-content\/uploads\/2024\/08\/cctv-scheme.png 1212w\" sizes=\"(max-width: 930px) 100vw, 930px\" \/>\t\t\t\t\t\t\t\t\t\t\t\t\t\t\t<\/div>\n\t\t\t\t<\/div>\n\t\t\t\t\t<\/div>\n\t\t\t\t<\/div>\n\t\t<div class=\"elementor-element elementor-element-20fed4e e-flex e-con-boxed e-con e-parent\" data-id=\"20fed4e\" data-element_type=\"container\">\n\t\t\t\t\t<div class=\"e-con-inner\">\n\t\t\t\t<div class=\"elementor-element elementor-element-d2d214c elementor-align-center elementor-widget elementor-widget-button\" data-id=\"d2d214c\" data-element_type=\"widget\" data-widget_type=\"button.default\">\n\t\t\t\t<div class=\"elementor-widget-container\">\n\t\t\t\t\t\t\t\t\t<div class=\"elementor-button-wrapper\">\n\t\t\t\t\t<a class=\"elementor-button elementor-button-link elementor-size-sm\" href=\"https:\/\/amit-transportation.com\/kontakty\/\">\n\t\t\t\t\t\t<span class=\"elementor-button-content-wrapper\">\n\t\t\t\t\t\t\t\t\t<span class=\"elementor-button-text\">KONTAKTIEREN SIE UNS<\/span>\n\t\t\t\t\t<\/span>\n\t\t\t\t\t<\/a>\n\t\t\t\t<\/div>\n\t\t\t\t\t\t\t\t<\/div>\n\t\t\t\t<\/div>\n\t\t\t\t\t<\/div>\n\t\t\t\t<\/div>\n\t\t\t\t<\/div>\n\t\t","protected":false},"excerpt":{"rendered":"<p>Das IP-\u00dcberwachungssystem (ACASYS NG) von AMiT, speziell entwickelt f\u00fcr Schienen- und Schienenfahrzeuge, erh\u00f6ht die Sicherheit an Bord und dient der Pr\u00e4vention von Vandalismus und kriminellen Handlungen. Durch die kontinuierliche Video\u00fcberwachung mittels IP-Kameras im Innen- und Au\u00dfenbereich des Fahrzeugs k\u00f6nnen relevante Daten aufgezeichnet werden, die im Falle eines Unfalls oder Zwischenfalls [&hellip;]<\/p>\n","protected":false},"author":80,"featured_media":13089,"parent":0,"menu_order":0,"comment_status":"closed","ping_status":"closed","template":"","meta":{"footnotes":""},"class_list":["post-13088","page","type-page","status-publish","has-post-thumbnail","hentry"],"yoast_head":"<!-- This site is optimized with the Yoast SEO plugin v26.8-RC7 - https:\/\/yoast.com\/product\/yoast-seo-wordpress\/ -->\n<title>\u00dcberwachungssystem (CCTV) - AMiT Transportation<\/title>\n<meta name=\"robots\" content=\"index, follow, max-snippet:-1, max-image-preview:large, max-video-preview:-1\" \/>\n<link rel=\"canonical\" href=\"https:\/\/amit-transportation.com\/dohledovy-system-cctv\/\" \/>\n<meta property=\"og:locale\" content=\"de_DE\" \/>\n<meta property=\"og:type\" content=\"article\" \/>\n<meta property=\"og:title\" content=\"\u00dcberwachungssystem (CCTV) - AMiT Transportation\" \/>\n<meta property=\"og:description\" content=\"Das IP-\u00dcberwachungssystem (ACASYS NG) von AMiT, speziell entwickelt f\u00fcr Schienen- und Schienenfahrzeuge, erh\u00f6ht die Sicherheit an Bord und dient der Pr\u00e4vention von Vandalismus und kriminellen Handlungen. Durch die kontinuierliche Video\u00fcberwachung mittels IP-Kameras im Innen- und Au\u00dfenbereich des Fahrzeugs k\u00f6nnen relevante Daten aufgezeichnet werden, die im Falle eines Unfalls oder Zwischenfalls [&hellip;]\" \/>\n<meta property=\"og:url\" content=\"https:\/\/amit-transportation.com\/dohledovy-system-cctv\/\" \/>\n<meta property=\"og:site_name\" content=\"AMiT Transportation\" \/>\n<meta property=\"article:modified_time\" content=\"2025-09-09T04:31:44+00:00\" \/>\n<meta property=\"og:image\" content=\"https:\/\/amit-transportation.com\/wp-content\/uploads\/2024\/08\/cctv-banner.jpg\" \/>\n\t<meta property=\"og:image:width\" content=\"1200\" \/>\n\t<meta property=\"og:image:height\" content=\"700\" \/>\n\t<meta property=\"og:image:type\" content=\"image\/jpeg\" \/>\n<meta name=\"twitter:card\" content=\"summary_large_image\" \/>\n<meta name=\"twitter:label1\" content=\"Gesch\u00e4tzte Lesezeit\" \/>\n\t<meta name=\"twitter:data1\" content=\"2\u00a0Minuten\" \/>\n<script type=\"application\/ld+json\" class=\"yoast-schema-graph\">{\"@context\":\"https:\/\/schema.org\",\"@graph\":[{\"@type\":\"WebPage\",\"@id\":\"https:\/\/amit-transportation.com\/dohledovy-system-cctv\/\",\"url\":\"https:\/\/amit-transportation.com\/dohledovy-system-cctv\/\",\"name\":\"\u00dcberwachungssystem (CCTV) - AMiT Transportation\",\"isPartOf\":{\"@id\":\"https:\/\/amit-transportation.com\/#website\"},\"primaryImageOfPage\":{\"@id\":\"https:\/\/amit-transportation.com\/dohledovy-system-cctv\/#primaryimage\"},\"image\":{\"@id\":\"https:\/\/amit-transportation.com\/dohledovy-system-cctv\/#primaryimage\"},\"thumbnailUrl\":\"https:\/\/amit-transportation.com\/wp-content\/uploads\/2024\/08\/cctv-banner.jpg\",\"datePublished\":\"2025-09-09T04:25:58+00:00\",\"dateModified\":\"2025-09-09T04:31:44+00:00\",\"breadcrumb\":{\"@id\":\"https:\/\/amit-transportation.com\/dohledovy-system-cctv\/#breadcrumb\"},\"inLanguage\":\"de\",\"potentialAction\":[{\"@type\":\"ReadAction\",\"target\":[\"https:\/\/amit-transportation.com\/dohledovy-system-cctv\/\"]}]},{\"@type\":\"ImageObject\",\"inLanguage\":\"de\",\"@id\":\"https:\/\/amit-transportation.com\/dohledovy-system-cctv\/#primaryimage\",\"url\":\"https:\/\/amit-transportation.com\/wp-content\/uploads\/2024\/08\/cctv-banner.jpg\",\"contentUrl\":\"https:\/\/amit-transportation.com\/wp-content\/uploads\/2024\/08\/cctv-banner.jpg\",\"width\":1200,\"height\":700},{\"@type\":\"BreadcrumbList\",\"@id\":\"https:\/\/amit-transportation.com\/dohledovy-system-cctv\/#breadcrumb\",\"itemListElement\":[{\"@type\":\"ListItem\",\"position\":1,\"name\":\"Home\",\"item\":\"https:\/\/amit-transportation.com\/\"},{\"@type\":\"ListItem\",\"position\":2,\"name\":\"\u00dcberwachungssystem (CCTV)\"}]},{\"@type\":\"WebSite\",\"@id\":\"https:\/\/amit-transportation.com\/#website\",\"url\":\"https:\/\/amit-transportation.com\/\",\"name\":\"AMiT Transportation\",\"description\":\"Elektronika pro kolejov\u00e1 vozidla a ve\u0159ejnou dopravu\",\"potentialAction\":[{\"@type\":\"SearchAction\",\"target\":{\"@type\":\"EntryPoint\",\"urlTemplate\":\"https:\/\/amit-transportation.com\/?s={search_term_string}\"},\"query-input\":{\"@type\":\"PropertyValueSpecification\",\"valueRequired\":true,\"valueName\":\"search_term_string\"}}],\"inLanguage\":\"de\"}]}<\/script>\n<!-- \/ Yoast SEO plugin. -->","yoast_head_json":{"title":"\u00dcberwachungssystem (CCTV) - AMiT Transportation","robots":{"index":"index","follow":"follow","max-snippet":"max-snippet:-1","max-image-preview":"max-image-preview:large","max-video-preview":"max-video-preview:-1"},"canonical":"https:\/\/amit-transportation.com\/dohledovy-system-cctv\/","og_locale":"de_DE","og_type":"article","og_title":"\u00dcberwachungssystem (CCTV) - AMiT Transportation","og_description":"Das IP-\u00dcberwachungssystem (ACASYS NG) von AMiT, speziell entwickelt f\u00fcr Schienen- und Schienenfahrzeuge, erh\u00f6ht die Sicherheit an Bord und dient der Pr\u00e4vention von Vandalismus und kriminellen Handlungen. Durch die kontinuierliche Video\u00fcberwachung mittels IP-Kameras im Innen- und Au\u00dfenbereich des Fahrzeugs k\u00f6nnen relevante Daten aufgezeichnet werden, die im Falle eines Unfalls oder Zwischenfalls [&hellip;]","og_url":"https:\/\/amit-transportation.com\/dohledovy-system-cctv\/","og_site_name":"AMiT Transportation","article_modified_time":"2025-09-09T04:31:44+00:00","og_image":[{"width":1200,"height":700,"url":"https:\/\/amit-transportation.com\/wp-content\/uploads\/2024\/08\/cctv-banner.jpg","type":"image\/jpeg"}],"twitter_card":"summary_large_image","twitter_misc":{"Gesch\u00e4tzte Lesezeit":"2\u00a0Minuten"},"schema":{"@context":"https:\/\/schema.org","@graph":[{"@type":"WebPage","@id":"https:\/\/amit-transportation.com\/dohledovy-system-cctv\/","url":"https:\/\/amit-transportation.com\/dohledovy-system-cctv\/","name":"\u00dcberwachungssystem (CCTV) - AMiT Transportation","isPartOf":{"@id":"https:\/\/amit-transportation.com\/#website"},"primaryImageOfPage":{"@id":"https:\/\/amit-transportation.com\/dohledovy-system-cctv\/#primaryimage"},"image":{"@id":"https:\/\/amit-transportation.com\/dohledovy-system-cctv\/#primaryimage"},"thumbnailUrl":"https:\/\/amit-transportation.com\/wp-content\/uploads\/2024\/08\/cctv-banner.jpg","datePublished":"2025-09-09T04:25:58+00:00","dateModified":"2025-09-09T04:31:44+00:00","breadcrumb":{"@id":"https:\/\/amit-transportation.com\/dohledovy-system-cctv\/#breadcrumb"},"inLanguage":"de","potentialAction":[{"@type":"ReadAction","target":["https:\/\/amit-transportation.com\/dohledovy-system-cctv\/"]}]},{"@type":"ImageObject","inLanguage":"de","@id":"https:\/\/amit-transportation.com\/dohledovy-system-cctv\/#primaryimage","url":"https:\/\/amit-transportation.com\/wp-content\/uploads\/2024\/08\/cctv-banner.jpg","contentUrl":"https:\/\/amit-transportation.com\/wp-content\/uploads\/2024\/08\/cctv-banner.jpg","width":1200,"height":700},{"@type":"BreadcrumbList","@id":"https:\/\/amit-transportation.com\/dohledovy-system-cctv\/#breadcrumb","itemListElement":[{"@type":"ListItem","position":1,"name":"Home","item":"https:\/\/amit-transportation.com\/"},{"@type":"ListItem","position":2,"name":"\u00dcberwachungssystem (CCTV)"}]},{"@type":"WebSite","@id":"https:\/\/amit-transportation.com\/#website","url":"https:\/\/amit-transportation.com\/","name":"AMiT Transportation","description":"Elektronika pro kolejov\u00e1 vozidla a ve\u0159ejnou dopravu","potentialAction":[{"@type":"SearchAction","target":{"@type":"EntryPoint","urlTemplate":"https:\/\/amit-transportation.com\/?s={search_term_string}"},"query-input":{"@type":"PropertyValueSpecification","valueRequired":true,"valueName":"search_term_string"}}],"inLanguage":"de"}]}},"_links":{"self":[{"href":"https:\/\/amit-transportation.com\/de\/wp-json\/wp\/v2\/pages\/13088","targetHints":{"allow":["GET"]}}],"collection":[{"href":"https:\/\/amit-transportation.com\/de\/wp-json\/wp\/v2\/pages"}],"about":[{"href":"https:\/\/amit-transportation.com\/de\/wp-json\/wp\/v2\/types\/page"}],"author":[{"embeddable":true,"href":"https:\/\/amit-transportation.com\/de\/wp-json\/wp\/v2\/users\/80"}],"replies":[{"embeddable":true,"href":"https:\/\/amit-transportation.com\/de\/wp-json\/wp\/v2\/comments?post=13088"}],"version-history":[{"count":7,"href":"https:\/\/amit-transportation.com\/de\/wp-json\/wp\/v2\/pages\/13088\/revisions"}],"predecessor-version":[{"id":13097,"href":"https:\/\/amit-transportation.com\/de\/wp-json\/wp\/v2\/pages\/13088\/revisions\/13097"}],"wp:featuredmedia":[{"embeddable":true,"href":"https:\/\/amit-transportation.com\/de\/wp-json\/wp\/v2\/media\/13089"}],"wp:attachment":[{"href":"https:\/\/amit-transportation.com\/de\/wp-json\/wp\/v2\/media?parent=13088"}],"curies":[{"name":"wp","href":"https:\/\/api.w.org\/{rel}","templated":true}]}}