{"id":13083,"date":"2025-09-09T05:02:24","date_gmt":"2025-09-09T03:02:24","guid":{"rendered":"https:\/\/amit-transportation.com\/?page_id=13083"},"modified":"2025-09-09T05:07:21","modified_gmt":"2025-09-09T03:07:21","slug":"panel-und-fahrzeugcomputer-hmi-vcu","status":"publish","type":"page","link":"https:\/\/amit-transportation.com\/de\/panel-und-fahrzeugcomputer-hmi-vcu\/","title":{"rendered":"Panel- und Fahrzeugcomputer-hmi-vcu"},"content":{"rendered":"\t\t<div data-elementor-type=\"wp-page\" data-elementor-id=\"13083\" class=\"elementor elementor-13083 elementor-8928\" data-elementor-post-type=\"page\">\n\t\t\t\t<div class=\"elementor-element elementor-element-b169b40 e-flex e-con-boxed e-con e-parent\" data-id=\"b169b40\" data-element_type=\"container\">\n\t\t\t\t\t<div class=\"e-con-inner\">\n\t\t<div class=\"elementor-element elementor-element-29806bf e-con-full e-flex e-con e-child\" data-id=\"29806bf\" data-element_type=\"container\">\n\t\t\t\t<div class=\"elementor-element elementor-element-8d2874c elementor-widget elementor-widget-text-editor\" data-id=\"8d2874c\" data-element_type=\"widget\" data-widget_type=\"text-editor.default\">\n\t\t\t\t<div class=\"elementor-widget-container\">\n\t\t\t\t\t\t\t\t\t<p><a href=\"https:\/\/amit-transportation.com\/panelove-pocitace\/\"><span lang=\"de-DE\">Panel-PCs<\/span><\/a><span lang=\"de-DE\">\u00a0werden haupts\u00e4chlich als Visualisierungs- und Steuerungseinheiten (HMI) am Arbeitsplatz des Triebfahrzeugf\u00fchrers eingesetzt und sind integraler Bestandteil des Fahrerstands. Ihre Hauptaufgabe besteht darin, eine komfortable und zuverl\u00e4ssige Darstellung aller relevanten Informationen f\u00fcr den Triebfahrzeugf\u00fchrer oder das Zugpersonal unter s\u00e4mtlichen Lichtverh\u00e4ltnissen zu gew\u00e4hrleisten. Dar\u00fcber hinaus erm\u00f6glichen sie eine benutzerfreundliche Bedienung der Funktionen des Informationssystems, der Diagnostik, der \u00fcbergeordneten Steuerung sowie des Kamerasystems<\/span><span lang=\"de-DE\">.<\/span><\/p><p><span lang=\"de-DE\">Panel-PCs werden auch als Bestandteil des bordeigenen Fahrgastinformationssystems (FIS) auf der Ebene des Service-Panels f\u00fcr das Fahrzeugpersonal eingesetzt.<\/span><\/p><p><a href=\"https:\/\/amit-transportation.com\/vozidlove-pocitace\/\"><span lang=\"de-DE\">Fahrzeugrechner<\/span><\/a><span lang=\"de-DE\">\u00a0k\u00f6nnen allgemein zur Umsetzung \u00fcbergeordneter Steuerungsfunktionen von Schienenfahrzeugen einschlie\u00dflich der Diagnostik eingesetzt werden.<\/span><\/p><p><span lang=\"de-DE\">Die genannten Rechner basieren je nach Anwendung und Kundenanforderungen auf Intel- oder ARM-Architekturen. H\u00e4ufig kommen Intel-Prozessoren der BayTrail-Serie zum Einsatz. Sie unterst\u00fctzen eine Vielzahl von Betriebssystemen, insbesondere Windows Embedded Standard 7 und Linux.<\/span><span lang=\"de-DE\">\u00a0<\/span><\/p>\t\t\t\t\t\t\t\t<\/div>\n\t\t\t\t<\/div>\n\t\t\t\t<div class=\"elementor-element elementor-element-1a415f6 elementor-widget elementor-widget-heading\" data-id=\"1a415f6\" data-element_type=\"widget\" data-widget_type=\"heading.default\">\n\t\t\t\t<div class=\"elementor-widget-container\">\n\t\t\t\t\t<h2 class=\"elementor-heading-title elementor-size-default\">Anwendungen<\/h2>\t\t\t\t<\/div>\n\t\t\t\t<\/div>\n\t\t\t\t<div class=\"elementor-element elementor-element-d3a602f elementor-widget elementor-widget-text-editor\" data-id=\"d3a602f\" data-element_type=\"widget\" data-widget_type=\"text-editor.default\">\n\t\t\t\t<div class=\"elementor-widget-container\">\n\t\t\t\t\t\t\t\t\t<ul><li>Visualisierung von Systemdaten des Fahrzeugs<\/li><li>Steuerung und Regelung von fahrzeugtechnischen Systemen und Technologien<\/li><li>Diagnose von fahrzeugtechnischen Komponenten<\/li><\/ul>\t\t\t\t\t\t\t\t<\/div>\n\t\t\t\t<\/div>\n\t\t\t\t<div class=\"elementor-element elementor-element-378bbcc elementor-widget elementor-widget-heading\" data-id=\"378bbcc\" data-element_type=\"widget\" data-widget_type=\"heading.default\">\n\t\t\t\t<div class=\"elementor-widget-container\">\n\t\t\t\t\t<h2 class=\"elementor-heading-title elementor-size-default\">Schl\u00fcsselmerkmale<\/h2>\t\t\t\t<\/div>\n\t\t\t\t<\/div>\n\t\t\t\t<div class=\"elementor-element elementor-element-5f82960 elementor-widget elementor-widget-text-editor\" data-id=\"5f82960\" data-element_type=\"widget\" data-widget_type=\"text-editor.default\">\n\t\t\t\t<div class=\"elementor-widget-container\">\n\t\t\t\t\t\t\t\t\t<ul><li>Geeignet f\u00fcr den Einsatz unter extremen klimatischen Bedingungen<\/li><li>Touch-Displays mit hervorragender Bildqualit\u00e4t<\/li><li>Umfangreiche Kommunikationsf\u00e4higkeiten<\/li><li>Vielf\u00e4ltige Konfigurationsm\u00f6glichkeiten der Kommunikationsschnittstellen<\/li><li>M\u00f6glichkeit benutzerdefinierter Tasten und Beschriftungen<\/li><li>L\u00f6sung ohne bewegliche Komponenten (keine L\u00fcfter, keine HDD usw.)<\/li><li>Interne \u00dcberwachung kritischer Temperaturen<\/li><li>Konstruktion gem\u00e4\u00df EN 50155<\/li><\/ul>\t\t\t\t\t\t\t\t<\/div>\n\t\t\t\t<\/div>\n\t\t\t\t<\/div>\n\t\t\t\t\t<\/div>\n\t\t\t\t<\/div>\n\t\t<div class=\"elementor-element elementor-element-a0c2807 e-flex e-con-boxed e-con e-parent\" data-id=\"a0c2807\" data-element_type=\"container\">\n\t\t\t\t\t<div class=\"e-con-inner\">\n\t\t\t\t<div class=\"elementor-element elementor-element-2c6cb29 elementor-align-center elementor-widget elementor-widget-button\" data-id=\"2c6cb29\" data-element_type=\"widget\" data-widget_type=\"button.default\">\n\t\t\t\t<div class=\"elementor-widget-container\">\n\t\t\t\t\t\t\t\t\t<div class=\"elementor-button-wrapper\">\n\t\t\t\t\t<a class=\"elementor-button elementor-button-link elementor-size-sm\" href=\"https:\/\/amit-transportation.com\/kontakty\/\">\n\t\t\t\t\t\t<span class=\"elementor-button-content-wrapper\">\n\t\t\t\t\t\t\t\t\t<span class=\"elementor-button-text\">KONTAKTIEREN SIE UNS<\/span>\n\t\t\t\t\t<\/span>\n\t\t\t\t\t<\/a>\n\t\t\t\t<\/div>\n\t\t\t\t\t\t\t\t<\/div>\n\t\t\t\t<\/div>\n\t\t\t\t\t<\/div>\n\t\t\t\t<\/div>\n\t\t\t\t<\/div>\n\t\t","protected":false},"excerpt":{"rendered":"<p>Panel-PCs\u00a0werden haupts\u00e4chlich als Visualisierungs- und Steuerungseinheiten (HMI) am Arbeitsplatz des Triebfahrzeugf\u00fchrers eingesetzt und sind integraler Bestandteil des Fahrerstands. Ihre Hauptaufgabe besteht darin, eine komfortable und zuverl\u00e4ssige Darstellung aller relevanten Informationen f\u00fcr den Triebfahrzeugf\u00fchrer oder das Zugpersonal unter s\u00e4mtlichen Lichtverh\u00e4ltnissen zu gew\u00e4hrleisten. Dar\u00fcber hinaus erm\u00f6glichen sie eine benutzerfreundliche Bedienung der Funktionen [&hellip;]<\/p>\n","protected":false},"author":80,"featured_media":12984,"parent":0,"menu_order":0,"comment_status":"closed","ping_status":"closed","template":"","meta":{"footnotes":""},"class_list":["post-13083","page","type-page","status-publish","has-post-thumbnail","hentry"],"yoast_head":"<!-- This site is optimized with the Yoast SEO plugin v26.8-RC7 - https:\/\/yoast.com\/product\/yoast-seo-wordpress\/ -->\n<title>Panel- und Fahrzeugcomputer-hmi-vcu - AMiT Transportation<\/title>\n<meta name=\"robots\" content=\"index, follow, max-snippet:-1, max-image-preview:large, max-video-preview:-1\" \/>\n<link rel=\"canonical\" href=\"https:\/\/amit-transportation.com\/panelove-a-vozidlove-pocitace-hmi-vcu\/\" \/>\n<meta property=\"og:locale\" content=\"de_DE\" \/>\n<meta property=\"og:type\" content=\"article\" \/>\n<meta property=\"og:title\" content=\"Panel- und Fahrzeugcomputer-hmi-vcu - AMiT Transportation\" \/>\n<meta property=\"og:description\" content=\"Panel-PCs\u00a0werden haupts\u00e4chlich als Visualisierungs- und Steuerungseinheiten (HMI) am Arbeitsplatz des Triebfahrzeugf\u00fchrers eingesetzt und sind integraler Bestandteil des Fahrerstands. Ihre Hauptaufgabe besteht darin, eine komfortable und zuverl\u00e4ssige Darstellung aller relevanten Informationen f\u00fcr den Triebfahrzeugf\u00fchrer oder das Zugpersonal unter s\u00e4mtlichen Lichtverh\u00e4ltnissen zu gew\u00e4hrleisten. Dar\u00fcber hinaus erm\u00f6glichen sie eine benutzerfreundliche Bedienung der Funktionen [&hellip;]\" \/>\n<meta property=\"og:url\" content=\"https:\/\/amit-transportation.com\/panelove-a-vozidlove-pocitace-hmi-vcu\/\" \/>\n<meta property=\"og:site_name\" content=\"AMiT Transportation\" \/>\n<meta property=\"article:modified_time\" content=\"2025-09-09T03:07:21+00:00\" \/>\n<meta property=\"og:image\" content=\"https:\/\/amit-transportation.com\/wp-content\/uploads\/2024\/09\/panelovy.pocitac.jpg\" \/>\n\t<meta property=\"og:image:width\" content=\"1830\" \/>\n\t<meta property=\"og:image:height\" content=\"450\" \/>\n\t<meta property=\"og:image:type\" content=\"image\/jpeg\" \/>\n<meta name=\"twitter:card\" content=\"summary_large_image\" \/>\n<meta name=\"twitter:label1\" content=\"Gesch\u00e4tzte Lesezeit\" \/>\n\t<meta name=\"twitter:data1\" content=\"2\u00a0Minuten\" \/>\n<script type=\"application\/ld+json\" class=\"yoast-schema-graph\">{\"@context\":\"https:\/\/schema.org\",\"@graph\":[{\"@type\":\"WebPage\",\"@id\":\"https:\/\/amit-transportation.com\/panelove-a-vozidlove-pocitace-hmi-vcu\/\",\"url\":\"https:\/\/amit-transportation.com\/panelove-a-vozidlove-pocitace-hmi-vcu\/\",\"name\":\"Panel- und Fahrzeugcomputer-hmi-vcu - AMiT Transportation\",\"isPartOf\":{\"@id\":\"https:\/\/amit-transportation.com\/#website\"},\"primaryImageOfPage\":{\"@id\":\"https:\/\/amit-transportation.com\/panelove-a-vozidlove-pocitace-hmi-vcu\/#primaryimage\"},\"image\":{\"@id\":\"https:\/\/amit-transportation.com\/panelove-a-vozidlove-pocitace-hmi-vcu\/#primaryimage\"},\"thumbnailUrl\":\"https:\/\/amit-transportation.com\/wp-content\/uploads\/2024\/09\/panelovy.pocitac.jpg\",\"datePublished\":\"2025-09-09T03:02:24+00:00\",\"dateModified\":\"2025-09-09T03:07:21+00:00\",\"breadcrumb\":{\"@id\":\"https:\/\/amit-transportation.com\/panelove-a-vozidlove-pocitace-hmi-vcu\/#breadcrumb\"},\"inLanguage\":\"de\",\"potentialAction\":[{\"@type\":\"ReadAction\",\"target\":[\"https:\/\/amit-transportation.com\/panelove-a-vozidlove-pocitace-hmi-vcu\/\"]}]},{\"@type\":\"ImageObject\",\"inLanguage\":\"de\",\"@id\":\"https:\/\/amit-transportation.com\/panelove-a-vozidlove-pocitace-hmi-vcu\/#primaryimage\",\"url\":\"https:\/\/amit-transportation.com\/wp-content\/uploads\/2024\/09\/panelovy.pocitac.jpg\",\"contentUrl\":\"https:\/\/amit-transportation.com\/wp-content\/uploads\/2024\/09\/panelovy.pocitac.jpg\",\"width\":1830,\"height\":450},{\"@type\":\"BreadcrumbList\",\"@id\":\"https:\/\/amit-transportation.com\/panelove-a-vozidlove-pocitace-hmi-vcu\/#breadcrumb\",\"itemListElement\":[{\"@type\":\"ListItem\",\"position\":1,\"name\":\"Home\",\"item\":\"https:\/\/amit-transportation.com\/\"},{\"@type\":\"ListItem\",\"position\":2,\"name\":\"Panel- und Fahrzeugcomputer-hmi-vcu\"}]},{\"@type\":\"WebSite\",\"@id\":\"https:\/\/amit-transportation.com\/#website\",\"url\":\"https:\/\/amit-transportation.com\/\",\"name\":\"AMiT Transportation\",\"description\":\"Elektronika pro kolejov\u00e1 vozidla a ve\u0159ejnou dopravu\",\"potentialAction\":[{\"@type\":\"SearchAction\",\"target\":{\"@type\":\"EntryPoint\",\"urlTemplate\":\"https:\/\/amit-transportation.com\/?s={search_term_string}\"},\"query-input\":{\"@type\":\"PropertyValueSpecification\",\"valueRequired\":true,\"valueName\":\"search_term_string\"}}],\"inLanguage\":\"de\"}]}<\/script>\n<!-- \/ Yoast SEO plugin. -->","yoast_head_json":{"title":"Panel- und Fahrzeugcomputer-hmi-vcu - AMiT Transportation","robots":{"index":"index","follow":"follow","max-snippet":"max-snippet:-1","max-image-preview":"max-image-preview:large","max-video-preview":"max-video-preview:-1"},"canonical":"https:\/\/amit-transportation.com\/panelove-a-vozidlove-pocitace-hmi-vcu\/","og_locale":"de_DE","og_type":"article","og_title":"Panel- und Fahrzeugcomputer-hmi-vcu - AMiT Transportation","og_description":"Panel-PCs\u00a0werden haupts\u00e4chlich als Visualisierungs- und Steuerungseinheiten (HMI) am Arbeitsplatz des Triebfahrzeugf\u00fchrers eingesetzt und sind integraler Bestandteil des Fahrerstands. Ihre Hauptaufgabe besteht darin, eine komfortable und zuverl\u00e4ssige Darstellung aller relevanten Informationen f\u00fcr den Triebfahrzeugf\u00fchrer oder das Zugpersonal unter s\u00e4mtlichen Lichtverh\u00e4ltnissen zu gew\u00e4hrleisten. Dar\u00fcber hinaus erm\u00f6glichen sie eine benutzerfreundliche Bedienung der Funktionen [&hellip;]","og_url":"https:\/\/amit-transportation.com\/panelove-a-vozidlove-pocitace-hmi-vcu\/","og_site_name":"AMiT Transportation","article_modified_time":"2025-09-09T03:07:21+00:00","og_image":[{"width":1830,"height":450,"url":"https:\/\/amit-transportation.com\/wp-content\/uploads\/2024\/09\/panelovy.pocitac.jpg","type":"image\/jpeg"}],"twitter_card":"summary_large_image","twitter_misc":{"Gesch\u00e4tzte Lesezeit":"2\u00a0Minuten"},"schema":{"@context":"https:\/\/schema.org","@graph":[{"@type":"WebPage","@id":"https:\/\/amit-transportation.com\/panelove-a-vozidlove-pocitace-hmi-vcu\/","url":"https:\/\/amit-transportation.com\/panelove-a-vozidlove-pocitace-hmi-vcu\/","name":"Panel- und Fahrzeugcomputer-hmi-vcu - AMiT Transportation","isPartOf":{"@id":"https:\/\/amit-transportation.com\/#website"},"primaryImageOfPage":{"@id":"https:\/\/amit-transportation.com\/panelove-a-vozidlove-pocitace-hmi-vcu\/#primaryimage"},"image":{"@id":"https:\/\/amit-transportation.com\/panelove-a-vozidlove-pocitace-hmi-vcu\/#primaryimage"},"thumbnailUrl":"https:\/\/amit-transportation.com\/wp-content\/uploads\/2024\/09\/panelovy.pocitac.jpg","datePublished":"2025-09-09T03:02:24+00:00","dateModified":"2025-09-09T03:07:21+00:00","breadcrumb":{"@id":"https:\/\/amit-transportation.com\/panelove-a-vozidlove-pocitace-hmi-vcu\/#breadcrumb"},"inLanguage":"de","potentialAction":[{"@type":"ReadAction","target":["https:\/\/amit-transportation.com\/panelove-a-vozidlove-pocitace-hmi-vcu\/"]}]},{"@type":"ImageObject","inLanguage":"de","@id":"https:\/\/amit-transportation.com\/panelove-a-vozidlove-pocitace-hmi-vcu\/#primaryimage","url":"https:\/\/amit-transportation.com\/wp-content\/uploads\/2024\/09\/panelovy.pocitac.jpg","contentUrl":"https:\/\/amit-transportation.com\/wp-content\/uploads\/2024\/09\/panelovy.pocitac.jpg","width":1830,"height":450},{"@type":"BreadcrumbList","@id":"https:\/\/amit-transportation.com\/panelove-a-vozidlove-pocitace-hmi-vcu\/#breadcrumb","itemListElement":[{"@type":"ListItem","position":1,"name":"Home","item":"https:\/\/amit-transportation.com\/"},{"@type":"ListItem","position":2,"name":"Panel- und Fahrzeugcomputer-hmi-vcu"}]},{"@type":"WebSite","@id":"https:\/\/amit-transportation.com\/#website","url":"https:\/\/amit-transportation.com\/","name":"AMiT Transportation","description":"Elektronika pro kolejov\u00e1 vozidla a ve\u0159ejnou dopravu","potentialAction":[{"@type":"SearchAction","target":{"@type":"EntryPoint","urlTemplate":"https:\/\/amit-transportation.com\/?s={search_term_string}"},"query-input":{"@type":"PropertyValueSpecification","valueRequired":true,"valueName":"search_term_string"}}],"inLanguage":"de"}]}},"_links":{"self":[{"href":"https:\/\/amit-transportation.com\/de\/wp-json\/wp\/v2\/pages\/13083","targetHints":{"allow":["GET"]}}],"collection":[{"href":"https:\/\/amit-transportation.com\/de\/wp-json\/wp\/v2\/pages"}],"about":[{"href":"https:\/\/amit-transportation.com\/de\/wp-json\/wp\/v2\/types\/page"}],"author":[{"embeddable":true,"href":"https:\/\/amit-transportation.com\/de\/wp-json\/wp\/v2\/users\/80"}],"replies":[{"embeddable":true,"href":"https:\/\/amit-transportation.com\/de\/wp-json\/wp\/v2\/comments?post=13083"}],"version-history":[{"count":4,"href":"https:\/\/amit-transportation.com\/de\/wp-json\/wp\/v2\/pages\/13083\/revisions"}],"predecessor-version":[{"id":13087,"href":"https:\/\/amit-transportation.com\/de\/wp-json\/wp\/v2\/pages\/13083\/revisions\/13087"}],"wp:featuredmedia":[{"embeddable":true,"href":"https:\/\/amit-transportation.com\/de\/wp-json\/wp\/v2\/media\/12984"}],"wp:attachment":[{"href":"https:\/\/amit-transportation.com\/de\/wp-json\/wp\/v2\/media?parent=13083"}],"curies":[{"name":"wp","href":"https:\/\/api.w.org\/{rel}","templated":true}]}}