{"id":13076,"date":"2025-09-09T04:55:46","date_gmt":"2025-09-09T02:55:46","guid":{"rendered":"https:\/\/amit-transportation.com\/?page_id=13076"},"modified":"2025-09-09T04:59:20","modified_gmt":"2025-09-09T02:59:20","slug":"audiosystem-pa-ei","status":"publish","type":"page","link":"https:\/\/amit-transportation.com\/de\/audiosystem-pa-ei\/","title":{"rendered":"Audiosystem (PA \/ EI)"},"content":{"rendered":"\t\t<div data-elementor-type=\"wp-page\" data-elementor-id=\"13076\" class=\"elementor elementor-13076 elementor-8939\" data-elementor-post-type=\"page\">\n\t\t\t\t<div class=\"elementor-element elementor-element-7ee30e4 e-flex e-con-boxed e-con e-parent\" data-id=\"7ee30e4\" data-element_type=\"container\">\n\t\t\t\t\t<div class=\"e-con-inner\">\n\t\t<div class=\"elementor-element elementor-element-f07149c e-con-full e-flex e-con e-child\" data-id=\"f07149c\" data-element_type=\"container\">\n\t\t\t\t<div class=\"elementor-element elementor-element-e471f93 elementor-widget elementor-widget-heading\" data-id=\"e471f93\" data-element_type=\"widget\" data-widget_type=\"heading.default\">\n\t\t\t\t<div class=\"elementor-widget-container\">\n\t\t\t\t\t<h2 class=\"elementor-heading-title elementor-size-default\">IP-Audiosystem<\/h2>\t\t\t\t<\/div>\n\t\t\t\t<\/div>\n\t\t\t\t<div class=\"elementor-element elementor-element-3bc0788 elementor-widget elementor-widget-text-editor\" data-id=\"3bc0788\" data-element_type=\"widget\" data-widget_type=\"text-editor.default\">\n\t\t\t\t<div class=\"elementor-widget-container\">\n\t\t\t\t\t\t\t\t\t<p>Das digitale Audiosystem von AMiT f\u00fcr Bahn- und Schienenfahrzeuge erf\u00fcllt alle grundlegenden Anforderungen der Zugkommunikation:<\/p><ul><li>Automatische akustische Fahrgastdurchsagen aus dem Informationssystem, Sonderdurchsagen f\u00fcr Fahrg\u00e4ste durch den Triebfahrzeugf\u00fchrer oder das Zugpersonal<\/li><li>Bidirektionale Sprachkommunikation zwischen Triebfahrzeugf\u00fchrer und Zugbegleiter \/ Zugpersonal\u00a0<\/li><li>Notfallkommunikation der Fahrg\u00e4ste mit dem Triebfahrzeugf\u00fchrer oder dem Zugpersonal\u00a0<\/li><\/ul><p>Das IP-Audiosystem ist ein modular aufgebautes System, dessen endg\u00fcltige Konfiguration sich nach den Anforderungen des jeweiligen Projekts richtet. Es kann aus folgenden Komponenten bestehen:<\/p><ul><li>UIC-Audio-Gateway<\/li><li>IP-Interkoms<\/li><li>IP-Mikrotelefone<\/li><li>IP-Audioverst\u00e4rker<\/li><li>IP-Audiodigitalisierer<\/li><li>Mikrofone<\/li><li>Lautsprecher<\/li><li>weiteren Audiokomponenten<\/li><li>Ethernet-Switches<\/li><\/ul><p>Die Grundfunktionalit\u00e4t des Audiosystems ist autonom. Das System l\u00e4sst sich problemlos in das Informationssystem von AMiT sowie in andere Systeme integrieren und kann alternativ auch \u00fcber eine \u00fcbergeordnete Steuerung bedient werden.\u00a0<\/p>\t\t\t\t\t\t\t\t<\/div>\n\t\t\t\t<\/div>\n\t\t\t\t<div class=\"elementor-element elementor-element-2fd00d4 elementor-widget elementor-widget-video\" data-id=\"2fd00d4\" data-element_type=\"widget\" data-settings=\"{&quot;youtube_url&quot;:&quot;https:\\\/\\\/youtu.be\\\/SU-8utjEhBE&quot;,&quot;autoplay&quot;:&quot;yes&quot;,&quot;play_on_mobile&quot;:&quot;yes&quot;,&quot;mute&quot;:&quot;yes&quot;,&quot;loop&quot;:&quot;yes&quot;,&quot;video_type&quot;:&quot;youtube&quot;,&quot;controls&quot;:&quot;yes&quot;}\" data-widget_type=\"video.default\">\n\t\t\t\t<div class=\"elementor-widget-container\">\n\t\t\t\t\t\t\t<div class=\"elementor-wrapper elementor-open-inline\">\n\t\t\t<div class=\"elementor-video\"><\/div>\t\t<\/div>\n\t\t\t\t\t\t<\/div>\n\t\t\t\t<\/div>\n\t\t\t\t<div class=\"elementor-element elementor-element-fee0f6f elementor-widget elementor-widget-heading\" data-id=\"fee0f6f\" data-element_type=\"widget\" data-widget_type=\"heading.default\">\n\t\t\t\t<div class=\"elementor-widget-container\">\n\t\t\t\t\t<h2 class=\"elementor-heading-title elementor-size-default\">Schl\u00fcsselmerkmale<\/h2>\t\t\t\t<\/div>\n\t\t\t\t<\/div>\n\t\t\t\t<div class=\"elementor-element elementor-element-567cd94 elementor-widget elementor-widget-text-editor\" data-id=\"567cd94\" data-element_type=\"widget\" data-widget_type=\"text-editor.default\">\n\t\t\t\t<div class=\"elementor-widget-container\">\n\t\t\t\t\t\t\t\t\t<ul><li>Digitales Audiosystem f\u00fcr Bahn- und Schienenfahrzeuge<\/li><li>Modulares Systemdesign \u2013 ma\u00dfgeschneiderte Konfiguration gem\u00e4\u00df Projektanforderungen<\/li><\/ul>\t\t\t\t\t\t\t\t<\/div>\n\t\t\t\t<\/div>\n\t\t\t\t<div class=\"elementor-element elementor-element-408ea4f elementor-widget elementor-widget-image\" data-id=\"408ea4f\" data-element_type=\"widget\" data-widget_type=\"image.default\">\n\t\t\t\t<div class=\"elementor-widget-container\">\n\t\t\t\t\t\t\t\t\t\t\t\t\t\t\t<img fetchpriority=\"high\" decoding=\"async\" width=\"777\" height=\"354\" src=\"https:\/\/amit-transportation.com\/wp-content\/uploads\/2024\/09\/2_Audio-system-PA_1.svg\" class=\"attachment-large size-large wp-image-9901\" alt=\"\" \/>\t\t\t\t\t\t\t\t\t\t\t\t\t\t\t<\/div>\n\t\t\t\t<\/div>\n\t\t\t\t<div class=\"elementor-element elementor-element-2273cf9 elementor-widget elementor-widget-image\" data-id=\"2273cf9\" data-element_type=\"widget\" data-widget_type=\"image.default\">\n\t\t\t\t<div class=\"elementor-widget-container\">\n\t\t\t\t\t\t\t\t\t\t\t\t\t\t\t<img decoding=\"async\" width=\"777\" height=\"452\" src=\"https:\/\/amit-transportation.com\/wp-content\/uploads\/2024\/09\/2_Audio-system-PA.svg\" class=\"attachment-large size-large wp-image-9903\" alt=\"\" \/>\t\t\t\t\t\t\t\t\t\t\t\t\t\t\t<\/div>\n\t\t\t\t<\/div>\n\t\t\t\t<\/div>\n\t\t\t\t\t<\/div>\n\t\t\t\t<\/div>\n\t\t<div class=\"elementor-element elementor-element-20fed4e e-flex e-con-boxed e-con e-parent\" data-id=\"20fed4e\" data-element_type=\"container\">\n\t\t\t\t\t<div class=\"e-con-inner\">\n\t\t\t\t<div class=\"elementor-element elementor-element-d2d214c elementor-align-center elementor-widget elementor-widget-button\" data-id=\"d2d214c\" data-element_type=\"widget\" data-widget_type=\"button.default\">\n\t\t\t\t<div class=\"elementor-widget-container\">\n\t\t\t\t\t\t\t\t\t<div class=\"elementor-button-wrapper\">\n\t\t\t\t\t<a class=\"elementor-button elementor-button-link elementor-size-sm\" href=\"https:\/\/amit-transportation.com\/kontakty\/\">\n\t\t\t\t\t\t<span class=\"elementor-button-content-wrapper\">\n\t\t\t\t\t\t\t\t\t<span class=\"elementor-button-text\">KONTAKTIEREN SIE UNS<\/span>\n\t\t\t\t\t<\/span>\n\t\t\t\t\t<\/a>\n\t\t\t\t<\/div>\n\t\t\t\t\t\t\t\t<\/div>\n\t\t\t\t<\/div>\n\t\t\t\t\t<\/div>\n\t\t\t\t<\/div>\n\t\t\t\t<\/div>\n\t\t","protected":false},"excerpt":{"rendered":"<p>IP-Audiosystem Das digitale Audiosystem von AMiT f\u00fcr Bahn- und Schienenfahrzeuge erf\u00fcllt alle grundlegenden Anforderungen der Zugkommunikation: Automatische akustische Fahrgastdurchsagen aus dem Informationssystem, Sonderdurchsagen f\u00fcr Fahrg\u00e4ste durch den Triebfahrzeugf\u00fchrer oder das Zugpersonal Bidirektionale Sprachkommunikation zwischen Triebfahrzeugf\u00fchrer und Zugbegleiter \/ Zugpersonal\u00a0 Notfallkommunikation der Fahrg\u00e4ste mit dem Triebfahrzeugf\u00fchrer oder dem Zugpersonal\u00a0 Das IP-Audiosystem [&hellip;]<\/p>\n","protected":false},"author":80,"featured_media":13077,"parent":0,"menu_order":0,"comment_status":"closed","ping_status":"closed","template":"","meta":{"footnotes":""},"class_list":["post-13076","page","type-page","status-publish","has-post-thumbnail","hentry"],"yoast_head":"<!-- This site is optimized with the Yoast SEO plugin v26.8-RC7 - https:\/\/yoast.com\/product\/yoast-seo-wordpress\/ -->\n<title>Audiosystem (PA \/ EI) - AMiT Transportation<\/title>\n<meta name=\"robots\" content=\"index, follow, max-snippet:-1, max-image-preview:large, max-video-preview:-1\" \/>\n<link rel=\"canonical\" href=\"https:\/\/amit-transportation.com\/audio-system-pa\/\" \/>\n<meta property=\"og:locale\" content=\"de_DE\" \/>\n<meta property=\"og:type\" content=\"article\" \/>\n<meta property=\"og:title\" content=\"Audiosystem (PA \/ EI) - AMiT Transportation\" \/>\n<meta property=\"og:description\" content=\"IP-Audiosystem Das digitale Audiosystem von AMiT f\u00fcr Bahn- und Schienenfahrzeuge erf\u00fcllt alle grundlegenden Anforderungen der Zugkommunikation: Automatische akustische Fahrgastdurchsagen aus dem Informationssystem, Sonderdurchsagen f\u00fcr Fahrg\u00e4ste durch den Triebfahrzeugf\u00fchrer oder das Zugpersonal Bidirektionale Sprachkommunikation zwischen Triebfahrzeugf\u00fchrer und Zugbegleiter \/ Zugpersonal\u00a0 Notfallkommunikation der Fahrg\u00e4ste mit dem Triebfahrzeugf\u00fchrer oder dem Zugpersonal\u00a0 Das IP-Audiosystem [&hellip;]\" \/>\n<meta property=\"og:url\" content=\"https:\/\/amit-transportation.com\/audio-system-pa\/\" \/>\n<meta property=\"og:site_name\" content=\"AMiT Transportation\" \/>\n<meta property=\"article:modified_time\" content=\"2025-09-09T02:59:20+00:00\" \/>\n<meta property=\"og:image\" content=\"https:\/\/amit-transportation.com\/wp-content\/uploads\/2024\/09\/IP-audio-system-.jpg\" \/>\n\t<meta property=\"og:image:width\" content=\"1830\" \/>\n\t<meta property=\"og:image:height\" content=\"450\" \/>\n\t<meta property=\"og:image:type\" content=\"image\/jpeg\" \/>\n<meta name=\"twitter:card\" content=\"summary_large_image\" \/>\n<meta name=\"twitter:label1\" content=\"Gesch\u00e4tzte Lesezeit\" \/>\n\t<meta name=\"twitter:data1\" content=\"2\u00a0Minuten\" \/>\n<script type=\"application\/ld+json\" class=\"yoast-schema-graph\">{\"@context\":\"https:\/\/schema.org\",\"@graph\":[{\"@type\":\"WebPage\",\"@id\":\"https:\/\/amit-transportation.com\/audio-system-pa\/\",\"url\":\"https:\/\/amit-transportation.com\/audio-system-pa\/\",\"name\":\"Audiosystem (PA \/ EI) - AMiT Transportation\",\"isPartOf\":{\"@id\":\"https:\/\/amit-transportation.com\/#website\"},\"primaryImageOfPage\":{\"@id\":\"https:\/\/amit-transportation.com\/audio-system-pa\/#primaryimage\"},\"image\":{\"@id\":\"https:\/\/amit-transportation.com\/audio-system-pa\/#primaryimage\"},\"thumbnailUrl\":\"https:\/\/amit-transportation.com\/wp-content\/uploads\/2024\/09\/IP-audio-system-.jpg\",\"datePublished\":\"2025-09-09T02:55:46+00:00\",\"dateModified\":\"2025-09-09T02:59:20+00:00\",\"breadcrumb\":{\"@id\":\"https:\/\/amit-transportation.com\/audio-system-pa\/#breadcrumb\"},\"inLanguage\":\"de\",\"potentialAction\":[{\"@type\":\"ReadAction\",\"target\":[\"https:\/\/amit-transportation.com\/audio-system-pa\/\"]}]},{\"@type\":\"ImageObject\",\"inLanguage\":\"de\",\"@id\":\"https:\/\/amit-transportation.com\/audio-system-pa\/#primaryimage\",\"url\":\"https:\/\/amit-transportation.com\/wp-content\/uploads\/2024\/09\/IP-audio-system-.jpg\",\"contentUrl\":\"https:\/\/amit-transportation.com\/wp-content\/uploads\/2024\/09\/IP-audio-system-.jpg\",\"width\":1830,\"height\":450},{\"@type\":\"BreadcrumbList\",\"@id\":\"https:\/\/amit-transportation.com\/audio-system-pa\/#breadcrumb\",\"itemListElement\":[{\"@type\":\"ListItem\",\"position\":1,\"name\":\"Home\",\"item\":\"https:\/\/amit-transportation.com\/\"},{\"@type\":\"ListItem\",\"position\":2,\"name\":\"Audiosystem (PA \/ EI)\"}]},{\"@type\":\"WebSite\",\"@id\":\"https:\/\/amit-transportation.com\/#website\",\"url\":\"https:\/\/amit-transportation.com\/\",\"name\":\"AMiT Transportation\",\"description\":\"Elektronika pro kolejov\u00e1 vozidla a ve\u0159ejnou dopravu\",\"potentialAction\":[{\"@type\":\"SearchAction\",\"target\":{\"@type\":\"EntryPoint\",\"urlTemplate\":\"https:\/\/amit-transportation.com\/?s={search_term_string}\"},\"query-input\":{\"@type\":\"PropertyValueSpecification\",\"valueRequired\":true,\"valueName\":\"search_term_string\"}}],\"inLanguage\":\"de\"}]}<\/script>\n<!-- \/ Yoast SEO plugin. -->","yoast_head_json":{"title":"Audiosystem (PA \/ EI) - AMiT Transportation","robots":{"index":"index","follow":"follow","max-snippet":"max-snippet:-1","max-image-preview":"max-image-preview:large","max-video-preview":"max-video-preview:-1"},"canonical":"https:\/\/amit-transportation.com\/audio-system-pa\/","og_locale":"de_DE","og_type":"article","og_title":"Audiosystem (PA \/ EI) - AMiT Transportation","og_description":"IP-Audiosystem Das digitale Audiosystem von AMiT f\u00fcr Bahn- und Schienenfahrzeuge erf\u00fcllt alle grundlegenden Anforderungen der Zugkommunikation: Automatische akustische Fahrgastdurchsagen aus dem Informationssystem, Sonderdurchsagen f\u00fcr Fahrg\u00e4ste durch den Triebfahrzeugf\u00fchrer oder das Zugpersonal Bidirektionale Sprachkommunikation zwischen Triebfahrzeugf\u00fchrer und Zugbegleiter \/ Zugpersonal\u00a0 Notfallkommunikation der Fahrg\u00e4ste mit dem Triebfahrzeugf\u00fchrer oder dem Zugpersonal\u00a0 Das IP-Audiosystem [&hellip;]","og_url":"https:\/\/amit-transportation.com\/audio-system-pa\/","og_site_name":"AMiT Transportation","article_modified_time":"2025-09-09T02:59:20+00:00","og_image":[{"width":1830,"height":450,"url":"https:\/\/amit-transportation.com\/wp-content\/uploads\/2024\/09\/IP-audio-system-.jpg","type":"image\/jpeg"}],"twitter_card":"summary_large_image","twitter_misc":{"Gesch\u00e4tzte Lesezeit":"2\u00a0Minuten"},"schema":{"@context":"https:\/\/schema.org","@graph":[{"@type":"WebPage","@id":"https:\/\/amit-transportation.com\/audio-system-pa\/","url":"https:\/\/amit-transportation.com\/audio-system-pa\/","name":"Audiosystem (PA \/ EI) - AMiT Transportation","isPartOf":{"@id":"https:\/\/amit-transportation.com\/#website"},"primaryImageOfPage":{"@id":"https:\/\/amit-transportation.com\/audio-system-pa\/#primaryimage"},"image":{"@id":"https:\/\/amit-transportation.com\/audio-system-pa\/#primaryimage"},"thumbnailUrl":"https:\/\/amit-transportation.com\/wp-content\/uploads\/2024\/09\/IP-audio-system-.jpg","datePublished":"2025-09-09T02:55:46+00:00","dateModified":"2025-09-09T02:59:20+00:00","breadcrumb":{"@id":"https:\/\/amit-transportation.com\/audio-system-pa\/#breadcrumb"},"inLanguage":"de","potentialAction":[{"@type":"ReadAction","target":["https:\/\/amit-transportation.com\/audio-system-pa\/"]}]},{"@type":"ImageObject","inLanguage":"de","@id":"https:\/\/amit-transportation.com\/audio-system-pa\/#primaryimage","url":"https:\/\/amit-transportation.com\/wp-content\/uploads\/2024\/09\/IP-audio-system-.jpg","contentUrl":"https:\/\/amit-transportation.com\/wp-content\/uploads\/2024\/09\/IP-audio-system-.jpg","width":1830,"height":450},{"@type":"BreadcrumbList","@id":"https:\/\/amit-transportation.com\/audio-system-pa\/#breadcrumb","itemListElement":[{"@type":"ListItem","position":1,"name":"Home","item":"https:\/\/amit-transportation.com\/"},{"@type":"ListItem","position":2,"name":"Audiosystem (PA \/ EI)"}]},{"@type":"WebSite","@id":"https:\/\/amit-transportation.com\/#website","url":"https:\/\/amit-transportation.com\/","name":"AMiT Transportation","description":"Elektronika pro kolejov\u00e1 vozidla a ve\u0159ejnou dopravu","potentialAction":[{"@type":"SearchAction","target":{"@type":"EntryPoint","urlTemplate":"https:\/\/amit-transportation.com\/?s={search_term_string}"},"query-input":{"@type":"PropertyValueSpecification","valueRequired":true,"valueName":"search_term_string"}}],"inLanguage":"de"}]}},"_links":{"self":[{"href":"https:\/\/amit-transportation.com\/de\/wp-json\/wp\/v2\/pages\/13076","targetHints":{"allow":["GET"]}}],"collection":[{"href":"https:\/\/amit-transportation.com\/de\/wp-json\/wp\/v2\/pages"}],"about":[{"href":"https:\/\/amit-transportation.com\/de\/wp-json\/wp\/v2\/types\/page"}],"author":[{"embeddable":true,"href":"https:\/\/amit-transportation.com\/de\/wp-json\/wp\/v2\/users\/80"}],"replies":[{"embeddable":true,"href":"https:\/\/amit-transportation.com\/de\/wp-json\/wp\/v2\/comments?post=13076"}],"version-history":[{"count":4,"href":"https:\/\/amit-transportation.com\/de\/wp-json\/wp\/v2\/pages\/13076\/revisions"}],"predecessor-version":[{"id":13082,"href":"https:\/\/amit-transportation.com\/de\/wp-json\/wp\/v2\/pages\/13076\/revisions\/13082"}],"wp:featuredmedia":[{"embeddable":true,"href":"https:\/\/amit-transportation.com\/de\/wp-json\/wp\/v2\/media\/13077"}],"wp:attachment":[{"href":"https:\/\/amit-transportation.com\/de\/wp-json\/wp\/v2\/media?parent=13076"}],"curies":[{"name":"wp","href":"https:\/\/api.w.org\/{rel}","templated":true}]}}