{"id":12968,"date":"2025-09-08T23:35:43","date_gmt":"2025-09-08T21:35:43","guid":{"rendered":"https:\/\/amit-transportation.com\/?page_id=12968"},"modified":"2025-11-24T23:00:15","modified_gmt":"2025-11-24T21:00:15","slug":"vertriebsteam","status":"publish","type":"page","link":"https:\/\/amit-transportation.com\/de\/vertriebsteam\/","title":{"rendered":"Vertriebsteam"},"content":{"rendered":"\t\t<div data-elementor-type=\"wp-page\" data-elementor-id=\"12968\" class=\"elementor elementor-12968 elementor-10691\" data-elementor-post-type=\"page\">\n\t\t\t\t<div class=\"elementor-element elementor-element-77c4b07 e-grid e-con-full e-con e-parent\" data-id=\"77c4b07\" data-element_type=\"container\">\n\t\t<div class=\"elementor-element elementor-element-3996a22 e-con-full e-flex e-con e-child\" data-id=\"3996a22\" data-element_type=\"container\">\n\t\t\t\t<div class=\"elementor-element elementor-element-3bca77d elementor-widget elementor-widget-image\" data-id=\"3bca77d\" data-element_type=\"widget\" data-widget_type=\"image.default\">\n\t\t\t\t<div class=\"elementor-widget-container\">\n\t\t\t\t\t\t\t\t\t\t\t\t\t\t\t<img decoding=\"async\" src=\"https:\/\/amit-transportation.com\/wp-content\/uploads\/elementor\/thumbs\/Kucera-rfwpnqzzttrk3la0kbg2ts92akujewrr3nsltr6wnk.jpg\" title=\"Kucera\" alt=\"Kucera\" loading=\"lazy\" \/>\t\t\t\t\t\t\t\t\t\t\t\t\t\t\t<\/div>\n\t\t\t\t<\/div>\n\t\t\t\t<div class=\"elementor-element elementor-element-32dc406 elementor-widget__width-initial elementor-widget elementor-widget-text-editor\" data-id=\"32dc406\" data-element_type=\"widget\" data-widget_type=\"text-editor.default\">\n\t\t\t\t<div class=\"elementor-widget-container\">\n\t\t\t\t\t\t\t\t\t<p><strong>Tom\u00e1\u0161 Ku\u010dera<\/strong><br \/>Chief Sales Officer<br \/><a href=\"tel:+420778116510\">+420\u202f778\u202f116 510<\/a><\/p><p><a href=\"mailto:tkucera@amit.cz\">tkucera@amit.cz<\/a><\/p>\t\t\t\t\t\t\t\t<\/div>\n\t\t\t\t<\/div>\n\t\t\t\t<\/div>\n\t\t<div class=\"elementor-element elementor-element-3485803 e-con-full e-flex e-con e-child\" data-id=\"3485803\" data-element_type=\"container\">\n\t\t\t\t<div class=\"elementor-element elementor-element-90816e7 elementor-widget elementor-widget-image\" data-id=\"90816e7\" data-element_type=\"widget\" data-widget_type=\"image.default\">\n\t\t\t\t<div class=\"elementor-widget-container\">\n\t\t\t\t\t\t\t\t\t\t\t\t\t\t\t<img decoding=\"async\" src=\"https:\/\/amit-transportation.com\/wp-content\/uploads\/elementor\/thumbs\/foto_Eugen_web-rfwpm6lofrmcqzjxpn2go6hengkil2juvwnh15ij0w.jpg\" title=\"foto_Eugen_web\" alt=\"foto_Eugen_web\" loading=\"lazy\" \/>\t\t\t\t\t\t\t\t\t\t\t\t\t\t\t<\/div>\n\t\t\t\t<\/div>\n\t\t\t\t<div class=\"elementor-element elementor-element-60d5838 elementor-widget__width-initial elementor-widget elementor-widget-text-editor\" data-id=\"60d5838\" data-element_type=\"widget\" data-widget_type=\"text-editor.default\">\n\t\t\t\t<div class=\"elementor-widget-container\">\n\t\t\t\t\t\t\t\t\t<p><b>Ing. et Mgr. Eugen \u0160ablij<\/b><br \/>Area Sales Manager<br \/><a href=\"tel:+420770188999\">+420 770 188 999<\/a><br \/><a href=\"tel:+420222780100\">+420 222 780 100<\/a><br \/><a href=\"mailto:sablij@amit.cz\">sablij@amit.cz<\/a><br \/>North Europe, South-Eastern Europe, CIS, Middle East, India, Africa, Asia &amp; Pacific<\/p>\t\t\t\t\t\t\t\t<\/div>\n\t\t\t\t<\/div>\n\t\t\t\t<\/div>\n\t\t<div class=\"elementor-element elementor-element-0e4f055 e-con-full e-flex e-con e-child\" data-id=\"0e4f055\" data-element_type=\"container\">\n\t\t\t\t<div class=\"elementor-element elementor-element-be6ce59 elementor-widget elementor-widget-image\" data-id=\"be6ce59\" data-element_type=\"widget\" data-widget_type=\"image.default\">\n\t\t\t\t<div class=\"elementor-widget-container\">\n\t\t\t\t\t\t\t\t\t\t\t\t\t\t\t<img decoding=\"async\" src=\"https:\/\/amit-transportation.com\/wp-content\/uploads\/elementor\/thumbs\/foto_Radek_web-rfwpm4q023js3rmo0m97j6yhgots5oce7nci2llbdc.jpg\" title=\"foto_Radek_web\" alt=\"foto_Radek_web\" loading=\"lazy\" \/>\t\t\t\t\t\t\t\t\t\t\t\t\t\t\t<\/div>\n\t\t\t\t<\/div>\n\t\t\t\t<div class=\"elementor-element elementor-element-b4155e0 elementor-widget__width-initial elementor-widget elementor-widget-text-editor\" data-id=\"b4155e0\" data-element_type=\"widget\" data-widget_type=\"text-editor.default\">\n\t\t\t\t<div class=\"elementor-widget-container\">\n\t\t\t\t\t\t\t\t\t<p><b>Radek Navr\u00e1til<\/b><br \/>Business Development Manager<\/p><p><a href=\"tel:+420778460849\">+420 778 460 849<\/a><br \/><a href=\"mailto:navratil@amit.cz\">navratil@amit.cz<\/a><br \/>Switzerland, Germany, Poland, Austria<\/p>\t\t\t\t\t\t\t\t<\/div>\n\t\t\t\t<\/div>\n\t\t\t\t<\/div>\n\t\t<div class=\"elementor-element elementor-element-c4a6ef5 e-con-full e-flex e-con e-child\" data-id=\"c4a6ef5\" data-element_type=\"container\">\n\t\t\t\t<div class=\"elementor-element elementor-element-2cb74a6 elementor-widget elementor-widget-image\" data-id=\"2cb74a6\" data-element_type=\"widget\" data-widget_type=\"image.default\">\n\t\t\t\t<div class=\"elementor-widget-container\">\n\t\t\t\t\t\t\t\t\t\t\t\t\t\t\t<img decoding=\"async\" src=\"https:\/\/amit-transportation.com\/wp-content\/uploads\/elementor\/thumbs\/Holinek-rfwpnqzzttrk3la0kbg2ts92akujewrr3nsltr6wnk.jpg\" title=\"Holinek\" alt=\"Holinek\" loading=\"lazy\" \/>\t\t\t\t\t\t\t\t\t\t\t\t\t\t\t<\/div>\n\t\t\t\t<\/div>\n\t\t\t\t<div class=\"elementor-element elementor-element-9f14ace elementor-widget__width-initial elementor-widget elementor-widget-text-editor\" data-id=\"9f14ace\" data-element_type=\"widget\" data-widget_type=\"text-editor.default\">\n\t\t\t\t<div class=\"elementor-widget-container\">\n\t\t\t\t\t\t\t\t\t<p><b>Bc. Bo\u0159ivoj Hol\u00ednek<\/b><br \/>Area Sales Manager<\/p><p><a href=\"tel:+420222781516\">+420 222 781 516<\/a><br \/><a href=\"tel:+420778455050\">+420 778 455 050<\/a><br \/><a href=\"mailto:holinek@amit.cz\">holinek@amit.cz<\/a><br \/>Czech Republic, Slovak Republic<\/p>\t\t\t\t\t\t\t\t<\/div>\n\t\t\t\t<\/div>\n\t\t\t\t<\/div>\n\t\t\t\t<\/div>\n\t\t\t\t<\/div>\n\t\t","protected":false},"excerpt":{"rendered":"<p>Tom\u00e1\u0161 Ku\u010deraChief Sales Officer+420\u202f778\u202f116 510 tkucera@amit.cz Ing. et Mgr. Eugen \u0160ablijArea Sales Manager+420 770 188 999+420 222 780 100sablij@amit.czNorth Europe, South-Eastern Europe, CIS, Middle East, India, Africa, Asia &amp; Pacific Radek Navr\u00e1tilBusiness Development Manager +420 778 460 849navratil@amit.czSwitzerland, Germany, Poland, Austria Bc. Bo\u0159ivoj Hol\u00ednekArea Sales Manager +420 222 781 516+420 [&hellip;]<\/p>\n","protected":false},"author":80,"featured_media":0,"parent":0,"menu_order":4,"comment_status":"closed","ping_status":"closed","template":"","meta":{"footnotes":""},"class_list":["post-12968","page","type-page","status-publish","hentry"],"yoast_head":"<!-- This site is optimized with the Yoast SEO plugin v26.8-RC7 - https:\/\/yoast.com\/product\/yoast-seo-wordpress\/ -->\n<title>Vertriebsteam - AMiT Transportation<\/title>\n<meta name=\"robots\" content=\"index, follow, max-snippet:-1, max-image-preview:large, max-video-preview:-1\" \/>\n<link rel=\"canonical\" href=\"https:\/\/amit-transportation.com\/obchodni-tym\/\" \/>\n<meta property=\"og:locale\" content=\"de_DE\" \/>\n<meta property=\"og:type\" content=\"article\" \/>\n<meta property=\"og:title\" content=\"Vertriebsteam - AMiT Transportation\" \/>\n<meta property=\"og:description\" content=\"Tom\u00e1\u0161 Ku\u010deraChief Sales Officer+420\u202f778\u202f116 510 tkucera@amit.cz Ing. et Mgr. Eugen \u0160ablijArea Sales Manager+420 770 188 999+420 222 780 100sablij@amit.czNorth Europe, South-Eastern Europe, CIS, Middle East, India, Africa, Asia &amp; Pacific Radek Navr\u00e1tilBusiness Development Manager +420 778 460 849navratil@amit.czSwitzerland, Germany, Poland, Austria Bc. Bo\u0159ivoj Hol\u00ednekArea Sales Manager +420 222 781 516+420 [&hellip;]\" \/>\n<meta property=\"og:url\" content=\"https:\/\/amit-transportation.com\/obchodni-tym\/\" \/>\n<meta property=\"og:site_name\" content=\"AMiT Transportation\" \/>\n<meta property=\"article:modified_time\" content=\"2025-11-24T21:00:15+00:00\" \/>\n<meta property=\"og:image\" content=\"https:\/\/amit-transportation.com\/wp-content\/uploads\/elementor\/thumbs\/Kucera-r3a3a5jv9zmk261ezdga78667vdcx9x01x4lzjehog.jpg\" \/>\n<meta name=\"twitter:card\" content=\"summary_large_image\" \/>\n<meta name=\"twitter:label1\" content=\"Gesch\u00e4tzte Lesezeit\" \/>\n\t<meta name=\"twitter:data1\" content=\"2\u00a0Minuten\" \/>\n<script type=\"application\/ld+json\" class=\"yoast-schema-graph\">{\"@context\":\"https:\/\/schema.org\",\"@graph\":[{\"@type\":\"WebPage\",\"@id\":\"https:\/\/amit-transportation.com\/obchodni-tym\/\",\"url\":\"https:\/\/amit-transportation.com\/obchodni-tym\/\",\"name\":\"Vertriebsteam - AMiT Transportation\",\"isPartOf\":{\"@id\":\"https:\/\/amit-transportation.com\/#website\"},\"primaryImageOfPage\":{\"@id\":\"https:\/\/amit-transportation.com\/obchodni-tym\/#primaryimage\"},\"image\":{\"@id\":\"https:\/\/amit-transportation.com\/obchodni-tym\/#primaryimage\"},\"thumbnailUrl\":\"https:\/\/amit-transportation.com\/wp-content\/uploads\/elementor\/thumbs\/Kucera-r3a3a5jv9zmk261ezdga78667vdcx9x01x4lzjehog.jpg\",\"datePublished\":\"2025-09-08T21:35:43+00:00\",\"dateModified\":\"2025-11-24T21:00:15+00:00\",\"breadcrumb\":{\"@id\":\"https:\/\/amit-transportation.com\/obchodni-tym\/#breadcrumb\"},\"inLanguage\":\"de\",\"potentialAction\":[{\"@type\":\"ReadAction\",\"target\":[\"https:\/\/amit-transportation.com\/obchodni-tym\/\"]}]},{\"@type\":\"ImageObject\",\"inLanguage\":\"de\",\"@id\":\"https:\/\/amit-transportation.com\/obchodni-tym\/#primaryimage\",\"url\":\"https:\/\/amit-transportation.com\/wp-content\/uploads\/elementor\/thumbs\/Kucera-r3a3a5jv9zmk261ezdga78667vdcx9x01x4lzjehog.jpg\",\"contentUrl\":\"https:\/\/amit-transportation.com\/wp-content\/uploads\/elementor\/thumbs\/Kucera-r3a3a5jv9zmk261ezdga78667vdcx9x01x4lzjehog.jpg\"},{\"@type\":\"BreadcrumbList\",\"@id\":\"https:\/\/amit-transportation.com\/obchodni-tym\/#breadcrumb\",\"itemListElement\":[{\"@type\":\"ListItem\",\"position\":1,\"name\":\"Home\",\"item\":\"https:\/\/amit-transportation.com\/\"},{\"@type\":\"ListItem\",\"position\":2,\"name\":\"Vertriebsteam\"}]},{\"@type\":\"WebSite\",\"@id\":\"https:\/\/amit-transportation.com\/#website\",\"url\":\"https:\/\/amit-transportation.com\/\",\"name\":\"AMiT Transportation\",\"description\":\"Elektronika pro kolejov\u00e1 vozidla a ve\u0159ejnou dopravu\",\"potentialAction\":[{\"@type\":\"SearchAction\",\"target\":{\"@type\":\"EntryPoint\",\"urlTemplate\":\"https:\/\/amit-transportation.com\/?s={search_term_string}\"},\"query-input\":{\"@type\":\"PropertyValueSpecification\",\"valueRequired\":true,\"valueName\":\"search_term_string\"}}],\"inLanguage\":\"de\"}]}<\/script>\n<!-- \/ Yoast SEO plugin. -->","yoast_head_json":{"title":"Vertriebsteam - AMiT Transportation","robots":{"index":"index","follow":"follow","max-snippet":"max-snippet:-1","max-image-preview":"max-image-preview:large","max-video-preview":"max-video-preview:-1"},"canonical":"https:\/\/amit-transportation.com\/obchodni-tym\/","og_locale":"de_DE","og_type":"article","og_title":"Vertriebsteam - AMiT Transportation","og_description":"Tom\u00e1\u0161 Ku\u010deraChief Sales Officer+420\u202f778\u202f116 510 tkucera@amit.cz Ing. et Mgr. Eugen \u0160ablijArea Sales Manager+420 770 188 999+420 222 780 100sablij@amit.czNorth Europe, South-Eastern Europe, CIS, Middle East, India, Africa, Asia &amp; Pacific Radek Navr\u00e1tilBusiness Development Manager +420 778 460 849navratil@amit.czSwitzerland, Germany, Poland, Austria Bc. Bo\u0159ivoj Hol\u00ednekArea Sales Manager +420 222 781 516+420 [&hellip;]","og_url":"https:\/\/amit-transportation.com\/obchodni-tym\/","og_site_name":"AMiT Transportation","article_modified_time":"2025-11-24T21:00:15+00:00","og_image":[{"url":"https:\/\/amit-transportation.com\/wp-content\/uploads\/elementor\/thumbs\/Kucera-r3a3a5jv9zmk261ezdga78667vdcx9x01x4lzjehog.jpg","type":"","width":"","height":""}],"twitter_card":"summary_large_image","twitter_misc":{"Gesch\u00e4tzte Lesezeit":"2\u00a0Minuten"},"schema":{"@context":"https:\/\/schema.org","@graph":[{"@type":"WebPage","@id":"https:\/\/amit-transportation.com\/obchodni-tym\/","url":"https:\/\/amit-transportation.com\/obchodni-tym\/","name":"Vertriebsteam - AMiT Transportation","isPartOf":{"@id":"https:\/\/amit-transportation.com\/#website"},"primaryImageOfPage":{"@id":"https:\/\/amit-transportation.com\/obchodni-tym\/#primaryimage"},"image":{"@id":"https:\/\/amit-transportation.com\/obchodni-tym\/#primaryimage"},"thumbnailUrl":"https:\/\/amit-transportation.com\/wp-content\/uploads\/elementor\/thumbs\/Kucera-r3a3a5jv9zmk261ezdga78667vdcx9x01x4lzjehog.jpg","datePublished":"2025-09-08T21:35:43+00:00","dateModified":"2025-11-24T21:00:15+00:00","breadcrumb":{"@id":"https:\/\/amit-transportation.com\/obchodni-tym\/#breadcrumb"},"inLanguage":"de","potentialAction":[{"@type":"ReadAction","target":["https:\/\/amit-transportation.com\/obchodni-tym\/"]}]},{"@type":"ImageObject","inLanguage":"de","@id":"https:\/\/amit-transportation.com\/obchodni-tym\/#primaryimage","url":"https:\/\/amit-transportation.com\/wp-content\/uploads\/elementor\/thumbs\/Kucera-r3a3a5jv9zmk261ezdga78667vdcx9x01x4lzjehog.jpg","contentUrl":"https:\/\/amit-transportation.com\/wp-content\/uploads\/elementor\/thumbs\/Kucera-r3a3a5jv9zmk261ezdga78667vdcx9x01x4lzjehog.jpg"},{"@type":"BreadcrumbList","@id":"https:\/\/amit-transportation.com\/obchodni-tym\/#breadcrumb","itemListElement":[{"@type":"ListItem","position":1,"name":"Home","item":"https:\/\/amit-transportation.com\/"},{"@type":"ListItem","position":2,"name":"Vertriebsteam"}]},{"@type":"WebSite","@id":"https:\/\/amit-transportation.com\/#website","url":"https:\/\/amit-transportation.com\/","name":"AMiT Transportation","description":"Elektronika pro kolejov\u00e1 vozidla a ve\u0159ejnou dopravu","potentialAction":[{"@type":"SearchAction","target":{"@type":"EntryPoint","urlTemplate":"https:\/\/amit-transportation.com\/?s={search_term_string}"},"query-input":{"@type":"PropertyValueSpecification","valueRequired":true,"valueName":"search_term_string"}}],"inLanguage":"de"}]}},"_links":{"self":[{"href":"https:\/\/amit-transportation.com\/de\/wp-json\/wp\/v2\/pages\/12968","targetHints":{"allow":["GET"]}}],"collection":[{"href":"https:\/\/amit-transportation.com\/de\/wp-json\/wp\/v2\/pages"}],"about":[{"href":"https:\/\/amit-transportation.com\/de\/wp-json\/wp\/v2\/types\/page"}],"author":[{"embeddable":true,"href":"https:\/\/amit-transportation.com\/de\/wp-json\/wp\/v2\/users\/80"}],"replies":[{"embeddable":true,"href":"https:\/\/amit-transportation.com\/de\/wp-json\/wp\/v2\/comments?post=12968"}],"version-history":[{"count":4,"href":"https:\/\/amit-transportation.com\/de\/wp-json\/wp\/v2\/pages\/12968\/revisions"}],"predecessor-version":[{"id":13225,"href":"https:\/\/amit-transportation.com\/de\/wp-json\/wp\/v2\/pages\/12968\/revisions\/13225"}],"wp:attachment":[{"href":"https:\/\/amit-transportation.com\/de\/wp-json\/wp\/v2\/media?parent=12968"}],"curies":[{"name":"wp","href":"https:\/\/api.w.org\/{rel}","templated":true}]}}