{"id":12953,"date":"2025-09-08T23:21:23","date_gmt":"2025-09-08T21:21:23","guid":{"rendered":"https:\/\/amit-transportation.com\/?page_id=12953"},"modified":"2025-09-08T23:27:12","modified_gmt":"2025-09-08T21:27:12","slug":"qualitaetspolitik","status":"publish","type":"page","link":"https:\/\/amit-transportation.com\/de\/qualitaetspolitik\/","title":{"rendered":"CSR-Politik des Unternehmens AMiT"},"content":{"rendered":"\t\t<div data-elementor-type=\"wp-page\" data-elementor-id=\"12953\" class=\"elementor elementor-12953 elementor-8834\" data-elementor-post-type=\"page\">\n\t\t\t\t<div class=\"elementor-element elementor-element-6e978e18 e-flex e-con-boxed e-con e-parent\" data-id=\"6e978e18\" data-element_type=\"container\">\n\t\t\t\t\t<div class=\"e-con-inner\">\n\t\t\t\t<div class=\"elementor-element elementor-element-5d35480a elementor-widget elementor-widget-text-editor\" data-id=\"5d35480a\" data-element_type=\"widget\" data-widget_type=\"text-editor.default\">\n\t\t\t\t<div class=\"elementor-widget-container\">\n\t\t\t\t\t\t\t\t\tAMiT Transportation s.r.o. handelt nach der CSR-Politik (Corporate Social Responsibility \u2013 gesellschaftliche Verantwortung von Unternehmen), die auf allgemeinen Grunds\u00e4tzen der Unternehmensverantwortung gegen\u00fcber der Gesellschaft basiert und im Einklang mit den Prinzipien der nachhaltigen Entwicklung eines Entwicklungs- und Produktionsunternehmens in seinem T\u00e4tigkeitsbereich steht. Diese Grunds\u00e4tze spiegeln sich im gesamten \u00d6kosystem des Unternehmens wider, in dem es t\u00e4tig ist und die Umgebung aktiv mitgestalten kann.\t\t\t\t\t\t\t\t<\/div>\n\t\t\t\t<\/div>\n\t\t\t\t<div class=\"elementor-element elementor-element-3d0f6e4 elementor-widget elementor-widget-heading\" data-id=\"3d0f6e4\" data-element_type=\"widget\" data-widget_type=\"heading.default\">\n\t\t\t\t<div class=\"elementor-widget-container\">\n\t\t\t\t\t<h2 class=\"elementor-heading-title elementor-size-default\">Die CSR-Politik des Unternehmens umfasst folgende Bereiche:<\/h2>\t\t\t\t<\/div>\n\t\t\t\t<\/div>\n\t\t\t\t<div class=\"elementor-element elementor-element-c82b655 elementor-widget elementor-widget-text-editor\" data-id=\"c82b655\" data-element_type=\"widget\" data-widget_type=\"text-editor.default\">\n\t\t\t\t<div class=\"elementor-widget-container\">\n\t\t\t\t\t\t\t\t\t<ul><li>Unternehmensethik<\/li><li>Qualit\u00e4t und Umweltschutz<\/li><li>Entwicklung und Wachstum der Mitarbeiter<\/li><li>Menschenrechte, Chancengleichheit und Respekt gegen\u00fcber Verschiedenheit<\/li><li>Gesundheitsschutz und Arbeitssicherheit<\/li><\/ul><p>Dabei wird besonderer Wert auf die umfassende Fachkompetenz und Erfahrung der Mitarbeiter gelegt, die es den Kunden erm\u00f6glichen, Projekte mit hoher Qualit\u00e4t, angemessener Wirtschaftlichkeit und unter bestm\u00f6glichen Bedingungen f\u00fcr die Erreichung einer nachhaltigen Entwicklung zu realisieren.<\/p><p>Die Grundprinzipien der CSR sind in eine Vielzahl von Unternehmensstrategien und -richtlinien integriert und implementiert. Das verantwortungsvolle gesellschaftliche Verhalten des Unternehmens kn\u00fcpft dabei direkt an die Unternehmensstrategien, Werte und das Leitbild der Firma an.<\/p><p>AMiT Transportation s.r.o. ist ein nach den aktualisierten Normen ISO 9001 zertifiziertes Unternehmen. Die Zertifizierungsstelle ist die DEKRA Certification GmbH. Dar\u00fcber hinaus verf\u00fcgen wir \u00fcber Zertifizierungen, die sich direkt auf die Entwicklung und Produktion von Elektronik f\u00fcr den Bereich Schienen- und Eisenbahnfahrzeuge beziehen:<\/p><ul><li>EN 50155:2007<\/li><li>UIC 556<\/li><li>2001\/16\/EG<\/li><\/ul>\t\t\t\t\t\t\t\t<\/div>\n\t\t\t\t<\/div>\n\t\t\t\t\t<\/div>\n\t\t\t\t<\/div>\n\t\t<div class=\"elementor-element elementor-element-5a63f8c e-flex e-con-boxed e-con e-parent\" data-id=\"5a63f8c\" data-element_type=\"container\">\n\t\t\t\t\t<div class=\"e-con-inner\">\n\t\t\t\t<div class=\"elementor-element elementor-element-078d607 elementor-align-center elementor-widget elementor-widget-button\" data-id=\"078d607\" data-element_type=\"widget\" data-widget_type=\"button.default\">\n\t\t\t\t<div class=\"elementor-widget-container\">\n\t\t\t\t\t\t\t\t\t<div class=\"elementor-button-wrapper\">\n\t\t\t\t\t<a class=\"elementor-button elementor-button-link elementor-size-sm\" href=\"https:\/\/amit-transportation.com\/kontakty\/\">\n\t\t\t\t\t\t<span class=\"elementor-button-content-wrapper\">\n\t\t\t\t\t\t\t\t\t<span class=\"elementor-button-text\">KONTAKTIEREN SIE UNS<\/span>\n\t\t\t\t\t<\/span>\n\t\t\t\t\t<\/a>\n\t\t\t\t<\/div>\n\t\t\t\t\t\t\t\t<\/div>\n\t\t\t\t<\/div>\n\t\t\t\t\t<\/div>\n\t\t\t\t<\/div>\n\t\t\t\t<\/div>\n\t\t","protected":false},"excerpt":{"rendered":"<p>AMiT Transportation s.r.o. handelt nach der CSR-Politik (Corporate Social Responsibility \u2013 gesellschaftliche Verantwortung von Unternehmen), die auf allgemeinen Grunds\u00e4tzen der Unternehmensverantwortung gegen\u00fcber der Gesellschaft basiert und im Einklang mit den Prinzipien der nachhaltigen Entwicklung eines Entwicklungs- und Produktionsunternehmens in seinem T\u00e4tigkeitsbereich steht. Diese Grunds\u00e4tze spiegeln sich im gesamten \u00d6kosystem des [&hellip;]<\/p>\n","protected":false},"author":80,"featured_media":0,"parent":0,"menu_order":7,"comment_status":"closed","ping_status":"closed","template":"","meta":{"footnotes":""},"class_list":["post-12953","page","type-page","status-publish","hentry"],"yoast_head":"<!-- This site is optimized with the Yoast SEO plugin v26.8-RC7 - https:\/\/yoast.com\/product\/yoast-seo-wordpress\/ -->\n<title>CSR-Politik des Unternehmens AMiT - AMiT Transportation<\/title>\n<meta name=\"robots\" content=\"index, follow, max-snippet:-1, max-image-preview:large, max-video-preview:-1\" \/>\n<link rel=\"canonical\" href=\"https:\/\/amit-transportation.com\/de\/qualitaetspolitik\/\" \/>\n<meta property=\"og:locale\" content=\"de_DE\" \/>\n<meta property=\"og:type\" content=\"article\" \/>\n<meta property=\"og:title\" content=\"CSR-Politik des Unternehmens AMiT - AMiT Transportation\" \/>\n<meta property=\"og:description\" content=\"AMiT Transportation s.r.o. handelt nach der CSR-Politik (Corporate Social Responsibility \u2013 gesellschaftliche Verantwortung von Unternehmen), die auf allgemeinen Grunds\u00e4tzen der Unternehmensverantwortung gegen\u00fcber der Gesellschaft basiert und im Einklang mit den Prinzipien der nachhaltigen Entwicklung eines Entwicklungs- und Produktionsunternehmens in seinem T\u00e4tigkeitsbereich steht. Diese Grunds\u00e4tze spiegeln sich im gesamten \u00d6kosystem des [&hellip;]\" \/>\n<meta property=\"og:url\" content=\"https:\/\/amit-transportation.com\/de\/qualitaetspolitik\/\" \/>\n<meta property=\"og:site_name\" content=\"AMiT Transportation\" \/>\n<meta property=\"article:modified_time\" content=\"2025-09-08T21:27:12+00:00\" \/>\n<meta name=\"twitter:card\" content=\"summary_large_image\" \/>\n<meta name=\"twitter:label1\" content=\"Gesch\u00e4tzte Lesezeit\" \/>\n\t<meta name=\"twitter:data1\" content=\"2\u00a0Minuten\" \/>\n<script type=\"application\/ld+json\" class=\"yoast-schema-graph\">{\"@context\":\"https:\/\/schema.org\",\"@graph\":[{\"@type\":\"WebPage\",\"@id\":\"https:\/\/amit-transportation.com\/de\/qualitaetspolitik\/\",\"url\":\"https:\/\/amit-transportation.com\/de\/qualitaetspolitik\/\",\"name\":\"CSR-Politik des Unternehmens AMiT - AMiT Transportation\",\"isPartOf\":{\"@id\":\"https:\/\/amit-transportation.com\/#website\"},\"datePublished\":\"2025-09-08T21:21:23+00:00\",\"dateModified\":\"2025-09-08T21:27:12+00:00\",\"breadcrumb\":{\"@id\":\"https:\/\/amit-transportation.com\/de\/qualitaetspolitik\/#breadcrumb\"},\"inLanguage\":\"de\",\"potentialAction\":[{\"@type\":\"ReadAction\",\"target\":[\"https:\/\/amit-transportation.com\/de\/qualitaetspolitik\/\"]}]},{\"@type\":\"BreadcrumbList\",\"@id\":\"https:\/\/amit-transportation.com\/de\/qualitaetspolitik\/#breadcrumb\",\"itemListElement\":[{\"@type\":\"ListItem\",\"position\":1,\"name\":\"Home\",\"item\":\"https:\/\/amit-transportation.com\/\"},{\"@type\":\"ListItem\",\"position\":2,\"name\":\"CSR-Politik des Unternehmens AMiT\"}]},{\"@type\":\"WebSite\",\"@id\":\"https:\/\/amit-transportation.com\/#website\",\"url\":\"https:\/\/amit-transportation.com\/\",\"name\":\"AMiT Transportation\",\"description\":\"Elektronika pro kolejov\u00e1 vozidla a ve\u0159ejnou dopravu\",\"potentialAction\":[{\"@type\":\"SearchAction\",\"target\":{\"@type\":\"EntryPoint\",\"urlTemplate\":\"https:\/\/amit-transportation.com\/?s={search_term_string}\"},\"query-input\":{\"@type\":\"PropertyValueSpecification\",\"valueRequired\":true,\"valueName\":\"search_term_string\"}}],\"inLanguage\":\"de\"}]}<\/script>\n<!-- \/ Yoast SEO plugin. -->","yoast_head_json":{"title":"CSR-Politik des Unternehmens AMiT - AMiT Transportation","robots":{"index":"index","follow":"follow","max-snippet":"max-snippet:-1","max-image-preview":"max-image-preview:large","max-video-preview":"max-video-preview:-1"},"canonical":"https:\/\/amit-transportation.com\/de\/qualitaetspolitik\/","og_locale":"de_DE","og_type":"article","og_title":"CSR-Politik des Unternehmens AMiT - AMiT Transportation","og_description":"AMiT Transportation s.r.o. handelt nach der CSR-Politik (Corporate Social Responsibility \u2013 gesellschaftliche Verantwortung von Unternehmen), die auf allgemeinen Grunds\u00e4tzen der Unternehmensverantwortung gegen\u00fcber der Gesellschaft basiert und im Einklang mit den Prinzipien der nachhaltigen Entwicklung eines Entwicklungs- und Produktionsunternehmens in seinem T\u00e4tigkeitsbereich steht. Diese Grunds\u00e4tze spiegeln sich im gesamten \u00d6kosystem des [&hellip;]","og_url":"https:\/\/amit-transportation.com\/de\/qualitaetspolitik\/","og_site_name":"AMiT Transportation","article_modified_time":"2025-09-08T21:27:12+00:00","twitter_card":"summary_large_image","twitter_misc":{"Gesch\u00e4tzte Lesezeit":"2\u00a0Minuten"},"schema":{"@context":"https:\/\/schema.org","@graph":[{"@type":"WebPage","@id":"https:\/\/amit-transportation.com\/de\/qualitaetspolitik\/","url":"https:\/\/amit-transportation.com\/de\/qualitaetspolitik\/","name":"CSR-Politik des Unternehmens AMiT - AMiT Transportation","isPartOf":{"@id":"https:\/\/amit-transportation.com\/#website"},"datePublished":"2025-09-08T21:21:23+00:00","dateModified":"2025-09-08T21:27:12+00:00","breadcrumb":{"@id":"https:\/\/amit-transportation.com\/de\/qualitaetspolitik\/#breadcrumb"},"inLanguage":"de","potentialAction":[{"@type":"ReadAction","target":["https:\/\/amit-transportation.com\/de\/qualitaetspolitik\/"]}]},{"@type":"BreadcrumbList","@id":"https:\/\/amit-transportation.com\/de\/qualitaetspolitik\/#breadcrumb","itemListElement":[{"@type":"ListItem","position":1,"name":"Home","item":"https:\/\/amit-transportation.com\/"},{"@type":"ListItem","position":2,"name":"CSR-Politik des Unternehmens AMiT"}]},{"@type":"WebSite","@id":"https:\/\/amit-transportation.com\/#website","url":"https:\/\/amit-transportation.com\/","name":"AMiT Transportation","description":"Elektronika pro kolejov\u00e1 vozidla a ve\u0159ejnou dopravu","potentialAction":[{"@type":"SearchAction","target":{"@type":"EntryPoint","urlTemplate":"https:\/\/amit-transportation.com\/?s={search_term_string}"},"query-input":{"@type":"PropertyValueSpecification","valueRequired":true,"valueName":"search_term_string"}}],"inLanguage":"de"}]}},"_links":{"self":[{"href":"https:\/\/amit-transportation.com\/de\/wp-json\/wp\/v2\/pages\/12953","targetHints":{"allow":["GET"]}}],"collection":[{"href":"https:\/\/amit-transportation.com\/de\/wp-json\/wp\/v2\/pages"}],"about":[{"href":"https:\/\/amit-transportation.com\/de\/wp-json\/wp\/v2\/types\/page"}],"author":[{"embeddable":true,"href":"https:\/\/amit-transportation.com\/de\/wp-json\/wp\/v2\/users\/80"}],"replies":[{"embeddable":true,"href":"https:\/\/amit-transportation.com\/de\/wp-json\/wp\/v2\/comments?post=12953"}],"version-history":[{"count":8,"href":"https:\/\/amit-transportation.com\/de\/wp-json\/wp\/v2\/pages\/12953\/revisions"}],"predecessor-version":[{"id":12962,"href":"https:\/\/amit-transportation.com\/de\/wp-json\/wp\/v2\/pages\/12953\/revisions\/12962"}],"wp:attachment":[{"href":"https:\/\/amit-transportation.com\/de\/wp-json\/wp\/v2\/media?parent=12953"}],"curies":[{"name":"wp","href":"https:\/\/api.w.org\/{rel}","templated":true}]}}