{"id":12945,"date":"2025-09-08T23:14:47","date_gmt":"2025-09-08T21:14:47","guid":{"rendered":"https:\/\/amit-transportation.com\/?page_id=12945"},"modified":"2025-09-08T23:18:49","modified_gmt":"2025-09-08T21:18:49","slug":"allgemeine-einkaufsbedingungen","status":"publish","type":"page","link":"https:\/\/amit-transportation.com\/de\/allgemeine-einkaufsbedingungen\/","title":{"rendered":"Allgemeine einkaufsbedingungen"},"content":{"rendered":"\t\t<div data-elementor-type=\"wp-page\" data-elementor-id=\"12945\" class=\"elementor elementor-12945 elementor-11163\" data-elementor-post-type=\"page\">\n\t\t\t\t<div class=\"elementor-element elementor-element-d9022a1 e-con-full e-flex e-con e-parent\" data-id=\"d9022a1\" data-element_type=\"container\">\n\t\t\t\t<div class=\"elementor-element elementor-element-df27f28 elementor-widget elementor-widget-heading\" data-id=\"df27f28\" data-element_type=\"widget\" data-widget_type=\"heading.default\">\n\t\t\t\t<div class=\"elementor-widget-container\">\n\t\t\t\t\t<h2 class=\"elementor-heading-title elementor-size-default\">Allgemeine Einkaufsbedingungen der AMiT Transportation s.r.o, Firmen-ID 45316015, Radlick\u00e1 740\/113C, 158 00 Prag 5<\/h2>\t\t\t\t<\/div>\n\t\t\t\t<\/div>\n\t\t\t\t<div class=\"elementor-element elementor-element-3cd21c7 elementor-widget elementor-widget-text-editor\" data-id=\"3cd21c7\" data-element_type=\"widget\" data-widget_type=\"text-editor.default\">\n\t\t\t\t<div class=\"elementor-widget-container\">\n\t\t\t\t\t\t\t\t\t<div class=\"assection\">\n\n<b>(Ausgabedatum: 9. April 2025)<\/b>\n\n<\/div>\t\t\t\t\t\t\t\t<\/div>\n\t\t\t\t<\/div>\n\t\t\t\t<div class=\"elementor-element elementor-element-080be1d elementor-widget elementor-widget-text-editor\" data-id=\"080be1d\" data-element_type=\"widget\" data-widget_type=\"text-editor.default\">\n\t\t\t\t<div class=\"elementor-widget-container\">\n\t\t\t\t\t\t\t\t\t<p align=\"JUSTIFY\"><b>I. Einleitende Bestimmungen <\/b><\/p>\n<p align=\"JUSTIFY\">1. F\u00fcr s\u00e4mtliche Beziehungen zwischen der AMiT Transportation s.r.o. (nachfolgend \u201eAMiT Transportation&#8220; genannt) und dem Lieferanten, die auf Grundlage oder im Zusammenhang mit einer Bestellung von AMiT Transportation entstehen, gelten diese Allgemeinen Einkaufsbedingungen (nachfolgend \u201eAEB&#8220; genannt), sofern nicht schriftlich etwas anderes vereinbart wurde.<\/p>\n<p align=\"JUSTIFY\"><a name=\"Bookmark1\"><\/a>Diese Allgemeinen Einkaufsbedingungen sind ein integraler Bestandteil jedes Vertrags, bei dem auf der einen Seite die Gesellschaft AMiT Transportation s.r.o., mit Sitz in Radlick\u00e1 740\/113C, eingetragen unter dem Aktenzeichen C7535 beim Stadtgericht in Prag, insbesondere in der Rolle des Abnehmers, K\u00e4ufers oder Auftraggebers (nachfolgend \u201e<b>Auftraggeber<\/b>&#8220; genannt), und auf der anderen Seite eine Person, insbesondere in der Rolle des Lieferanten, Verk\u00e4ufers oder Auftragnehmers (nachfolgend \u201e<b>Lieferant<\/b>&#8220; genannt) auftritt.<span style=\"font-size: small;\">\n<\/span><\/p>\n<p align=\"JUSTIFY\">2. Das Vertragsverh\u00e4ltnis zwischen dem Auftraggeber und dem Lieferanten entsteht mit dem Abschluss des Kaufvertrags oder durch die Best\u00e4tigung der Bestellung durch den Verk\u00e4ufer.<\/p>\n<p align=\"JUSTIFY\">3. Sollten neben diesen Bedingungen auch Gesch\u00e4ftsbedingungen des Lieferanten gelten, so haben im Falle von Widerspr\u00fcchen die vorliegenden Bedingungen Vorrang. Die einzelnen Bestimmungen dieser Allgemeinen Einkaufsbedingungen der AMiT Transportation s.r.o. gelten, sofern in einem konkreten schriftlichen Vertrag zwischen dem Auftraggeber und dem Lieferanten keine abweichende Regelung getroffen wurde.<\/p>\n<p align=\"JUSTIFY\">4. Der Lieferant best\u00e4tigt ausdr\u00fccklich, dass er die Bedingungen gelesen, verstanden und ihnen zugestimmt hat.<\/p>\n<p align=\"JUSTIFY\"><b>II. Bestellung und Vertragsabschluss<\/b><\/p>\n<p align=\"JUSTIFY\">1. Das Vertragsverh\u00e4ltnis zwischen dem Auftraggeber und dem Lieferanten kommt durch die Ausstellung einer schriftlichen Bestellung durch den Auftraggeber und deren schriftliche, vorbehaltlose Annahme durch den Lieferanten zustande. Die Best\u00e4tigung der Bestellung durch den Lieferanten muss in schriftlicher Form erfolgen, andernfalls ist sie ung\u00fcltig. Als schriftliche Form gelten auch Willenserkl\u00e4rungen, die durch Datenfern\u00fcbertragung \u00fcbermittelt werden, insbesondere per E-Mail, sofern sie die Bestimmung des Inhalts der Erkl\u00e4rung und der handelnden Person erm\u00f6glichen.<\/p>\n<p align=\"JUSTIFY\">2. Der Auftraggeber ist berechtigt, die Bestellung jederzeit zu widerrufen oder zu \u00e4ndern, solange sie vom Lieferanten noch nicht best\u00e4tigt wurde.<\/p>\n<p align=\"JUSTIFY\">3. Weicht die Auftragsbest\u00e4tigung oder die Leistung des Lieferanten vom Inhalt der Bestellung ab, ist der Auftraggeber gegen\u00fcber dem Lieferanten nur dann gebunden, wenn er dieser Abweichung ausdr\u00fccklich und schriftlich zugestimmt hat. Die Annahme der Leistung durch den Auftraggeber oder die Zahlung f\u00fcr eine solche Leistung gelten nicht als Zustimmung.<\/p>\n<p align=\"JUSTIFY\">4. Wird die Auftragsbest\u00e4tigung nicht innerhalb von 14 Kalendertagen (bzw. 10 Werktagen) nach Ausstellung der Bestellung an AMiT Transportation \u00fcbermittelt, beh\u00e4lt sich AMiT Transportation das Recht vor, die Bestellung zu widerrufen.<\/p>\n<p align=\"JUSTIFY\"><b>III. Preis und Zahlungsbedingungen <\/b><\/p>\n<p align=\"JUSTIFY\">1. Der Preis wird als endg\u00fcltig vereinbart. Im Preis sind s\u00e4mtliche Kosten des Lieferanten enthalten, die f\u00fcr die ordnungsgem\u00e4\u00dfe Durchf\u00fchrung der Lieferung erforderlich sind.<\/p>\n2. Die Zahlungsfrist betr\u00e4gt 60 Tage ab Eingang der Rechnung beim Auftraggeber. Diese Zahlungsfrist gilt nur, sofern mit dem Lieferanten nicht schriftlich etwas anderes vereinbart wurde.\n\n3. Der Auftraggeber ist berechtigt, die Rechnung bis zum F\u00e4lligkeitsdatum zur\u00fcckzugeben, sofern sie fehlerhafte Preisangaben oder unvollst\u00e4ndige Angaben enth\u00e4lt (wenn eine der geforderten Angaben in der Rechnung fehlt).\n\nDie Rechnung muss folgende Angaben enthalten:<span style=\"font-size: small;\">\n<\/span>\u2013 Bezeichnung und Nummer der Rechnung<span style=\"font-size: small;\">\n<\/span>\u2013 Name und Sitz des Auftraggebers und des Lieferanten, deren Firmen-ID (I\u010c) und Umsatzsteuer-ID (DI\u010c)<span style=\"font-size: small;\">\n<\/span>\u2013 Bestell- bzw. Vertragsnummer<span style=\"font-size: small;\">\n<\/span>\u2013 Leistungsgegenstand und Lieferdatum der Ware einschlie\u00dflich Lieferscheinnummer<span style=\"font-size: small;\">\n<\/span>\u2013 Bankverbindung des Lieferanten<span style=\"font-size: small;\">\n<\/span>\u2013 Preisangabe der Ware<span style=\"font-size: small;\">\n<\/span>\u2013 Rechnungsbetrag.\n<p align=\"JUSTIFY\"><b>IV. Auftragsausf\u00fchrung und R\u00fccktritt vom Vertrag<\/b><\/p>\n<p align=\"JUSTIFY\">1. Der Auftraggeber ist berechtigt, den Lieferanten jederzeit schriftlich zur Aussetzung der Vertragserf\u00fcllung aufzufordern. Der Lieferant verpflichtet sich, nach Erhalt dieser Mitteilung s\u00e4mtliche Arbeiten zu unterbrechen, bis er vom Auftraggeber eine schriftliche Aufforderung zur Fortsetzung der Leistung erh\u00e4lt.<\/p>\n<p align=\"JUSTIFY\">2. Der Lieferant ist nicht berechtigt, innerhalb der ersten 90 Tage ab dem Datum der Aussetzung der Vertragserf\u00fcllung Lagerkosten oder andere in diesem Zusammenhang entstandene Kosten zu verlangen. Die Lieferfristen des Vertrags werden angemessen um die Dauer der Aussetzung verl\u00e4ngert.<\/p>\n<p align=\"JUSTIFY\">3. Falls ein Lieferverzug droht, ist der Lieferant verpflichtet, den Auftraggeber unverz\u00fcglich dar\u00fcber zu informieren und dessen Weisungen einzuholen.<\/p>\n<p align=\"JUSTIFY\">4. Bei Verzug des Lieferanten mit der Vertragserf\u00fcllung ist dieser verpflichtet, dem Auftraggeber eine Vertragsstrafe in H\u00f6he von 0,5 % des Preises der betreffenden Leistung (inkl. MwSt) f\u00fcr jeden Verzugstag zu zahlen. Die Vereinbarung der Vertragsstrafe ber\u00fchrt nicht das Recht des Auftraggebers auf Ersatz eines dar\u00fcber hinausgehenden Schadens.<\/p>\n<p align=\"JUSTIFY\">5. Erf\u00fcllungsort ist der in der Bestellung angegebene Ort.<\/p>\n<p align=\"JUSTIFY\"><b>V. Lieferung und Eigentums\u00fcbergang<\/b><\/p>\n<p align=\"JUSTIFY\">1. Der Lieferant \u00fcbergibt die Lieferung am vereinbarten Lieferort (DAP). Die Lieferung ist vom Lieferanten so zu verpacken, dass w\u00e4hrend des Transports keine Besch\u00e4digungen oder Sch\u00e4den an Gesundheit und Eigentum entstehen.<\/p>\n<p align=\"JUSTIFY\">2. Der Lieferant f\u00fcgt der Lieferung einen Lieferschein bei, der alle Angaben aus der Bestellung enth\u00e4lt, wie Bestellnummer, Materialnummern, genaue Bezeichnung der Ware und die gelieferte Menge.<\/p>\n<p align=\"JUSTIFY\">3. Sofern gem\u00e4\u00df best\u00e4tigter Bestellung die Transportkosten f\u00fcr die Lieferung zum vereinbarten Erf\u00fcllungsort vom Auftraggeber zu tragen sind, ist der Lieferant berechtigt, dem Auftraggeber ausschlie\u00dflich solche Kosten in Rechnung zu stellen, die dieser zuvor ausdr\u00fccklich genehmigt hat.<\/p>\n<p align=\"JUSTIFY\"><b>VI. Gew\u00e4hrleistung und Haftung f\u00fcr M\u00e4ngel <\/b><\/p>\n<p align=\"JUSTIFY\">1. Der Lieferant gew\u00e4hrt dem Auftraggeber eine Qualit\u00e4tsgarantie f\u00fcr die gelieferten Waren f\u00fcr die Dauer von 2 Jahren.<\/p>\n<p align=\"JUSTIFY\">2. Einen Mangel, der vor dem Gefahr\u00fcbergang festgestellt wird oder sich innerhalb der Garantiezeit zeigt, hat der Lieferant auf eigene Kosten und nach Wahl des Auftraggebers entweder zu beheben oder durch eine neue Lieferung zu ersetzen \u2013 und zwar innerhalb von 5 Arbeitstagen nach Reklamation. Die maximale Frist f\u00fcr die Bearbeitung der Reklamation betr\u00e4gt 30 Kalendertage.<\/p>\n<p align=\"JUSTIFY\">3. F\u00fchrt der Lieferant die M\u00e4ngelbeseitigung bzw. Ersatzlieferung auch nach Ablauf einer vom Auftraggeber gesetzten angemessenen Nachfrist nicht durch, ist der Auftraggeber berechtigt:<\/p>\n<p align=\"JUSTIFY\">a) ganz oder teilweise vom Vertrag zur\u00fcckzutreten,<\/p>\n<p align=\"JUSTIFY\">b) eine Minderung des Preises zu verlangen<\/p>\n<p align=\"JUSTIFY\">c) die M\u00e4ngelbeseitigung oder Ersatzlieferung auf Kosten des Lieferanten selbst oder durch einen Dritten vornehmen zu lassen, wobei die Verpflichtungen des Lieferanten aus der Qualit\u00e4tsgarantie und der Haftung f\u00fcr M\u00e4ngel hiervon unber\u00fchrt bleiben.<\/p>\n<p align=\"JUSTIFY\">4. Der Auftraggeber ist berechtigt, gegen\u00fcber dem Lieferanten eine Vertragsstrafe wegen mangelhafter Erf\u00fcllung des Vertragsgegenstandes in H\u00f6he von 20 % des vereinbarten Preises geltend zu machen. Der Anspruch des Auftraggebers auf Ersatz eines \u00fcber die Vertragsstrafe hinausgehenden Schadens bleibt durch die Vereinbarung der Vertragsstrafe unber\u00fchrt.<\/p>\n<p align=\"JUSTIFY\">5. Die vom Auftraggeber aufgewendeten Kosten zur Beseitigung der Folgen der Pflichtverletzung des Lieferanten sowie zur Beseitigung s\u00e4mtlicher M\u00e4ngel der Lieferung sind vom Lieferanten auf schriftliche Aufforderung des Auftraggebers zu erstatten. Dies gilt entsprechend auch f\u00fcr vergeblich vom Auftraggeber aufgewendete Kosten f\u00fcr die Verarbeitung oder Anpassung der Lieferung zu dem oben genannten Zweck.<\/p>\n<p align=\"JUSTIFY\">6. Der Auftraggeber ist berechtigt, M\u00e4ngel der Lieferung wie folgt zu reklamieren:<\/p>\n<p align=\"JUSTIFY\">a) innerhalb eines Monats nach Gefahr\u00fcbergang<\/p>\n<p align=\"JUSTIFY\">b) innerhalb eines Monats nach Feststellung der M\u00e4ngel, sofern die Lieferung bislang nicht verwendet wurde und die M\u00e4ngel erst bei ihrer weiteren Verarbeitung oder Anpassung oder bei der Lieferung an eine dritte Person festgestellt wurden.<\/p>\n<p align=\"JUSTIFY\">7. Die mit der Reklamation verbundenen Kosten, einschlie\u00dflich der Transportkosten, tr\u00e4gt der Lieferant.<\/p>\n<p align=\"JUSTIFY\">8. Der Lieferant ist verpflichtet, f\u00fcr einen Zeitraum von sechs Jahren ab Durchf\u00fchrung der Lieferung gegen angemessenes Entgelt Nachgarantieleistungen zu erbringen oder sicherzustellen, einschlie\u00dflich der Beschaffung von Ersatzteilen, sofern sich dies aus der Art der Lieferung ergibt. Andernfalls ist der Lieferant verpflichtet, den Auftraggeber unverz\u00fcglich dar\u00fcber zu informieren und ihm eine Ersatzl\u00f6sung zu vergleichbaren Bedingungen zu gew\u00e4hrleisten.<\/p>\n<p align=\"JUSTIFY\"><b>VII. R\u00fccktritt vom Vertrag<\/b><\/p>\n<p align=\"JUSTIFY\">1. Im Falle einer wesentlichen Vertragsverletzung ist der Auftraggeber berechtigt, vom Vertrag zur\u00fcckzutreten. Als wesentliche Vertragsverletzung gelten insbesondere: die Nichteinhaltung der Vereinbarungen \u00fcber die Qualit\u00e4tsgarantie der Ware, Lieferverzug des Lieferanten zum vereinbarten Termin sowie fehlerhafte Preisangaben.<\/p>\n<p align=\"JUSTIFY\"><b>VIII. Verarbeitung und Schutz personenbezogener Daten<\/b><\/p>\n<p align=\"JUSTIFY\">1. Der Auftraggeber, als Verantwortlicher f\u00fcr personenbezogene Daten, erkl\u00e4rt, dass er die personenbezogenen Daten des Lieferanten, die er im Zusammenhang mit seiner T\u00e4tigkeit erh\u00e4lt, sch\u00fctzt und deren vollst\u00e4ndigen Schutz im Rahmen dieser Gesch\u00e4ftsbedingungen sowie der geltenden gesetzlichen Vorschriften gew\u00e4hrleistet.<\/p>\n<p align=\"JUSTIFY\">2. Der Lieferant nimmt zur Kenntnis, dass er gem\u00e4\u00df dem Datenschutzgesetz das Recht hat, vom Auftraggeber Auskunft dar\u00fcber zu verlangen, welche personenbezogenen Daten \u00fcber ihn verarbeitet werden, Zugang zu diesen Daten zu erhalten und deren Aktualisierung oder Berichtigung zu verlangen. Dar\u00fcber hinaus kann er vom Auftraggeber die L\u00f6schung dieser personenbezogenen Daten verlangen, wobei diese L\u00f6schung erfolgt, sofern sie nicht den berechtigten Interessen des Auftraggebers widerspricht.<\/p>\n<p align=\"JUSTIFY\"><b>IX. Schlussbestimmungen<\/b><\/p>\n<p align=\"JUSTIFY\">1. Sollte eine Bestimmung dieses Vertrages oder dieser Bedingungen ung\u00fcltig, undurchsetzbar, scheinbar oder unwirksam sein oder werden, ber\u00fchrt dies nicht die G\u00fcltigkeit, Durchsetzbarkeit oder Wirksamkeit der \u00fcbrigen Bestimmungen des Vertrages oder dieser Bedingungen. In einem solchen Fall sind die Vertragsparteien verpflichtet, alle Anstrengungen zu unternehmen, um eine Vertrags\u00e4nderung zu vereinbaren, durch die die betreffende ung\u00fcltige, undurchsetzbare oder unwirksame Bestimmung durch eine neue ersetzt wird, die dem urspr\u00fcnglich beabsichtigten Zweck am n\u00e4chsten kommt. Das Recht, die Verpflichtung gem\u00e4\u00df \u00a7 2000 des B\u00fcrgerlichen Gesetzbuches aufzuheben, ist ausgeschlossen.<\/p>\n<p align=\"JUSTIFY\">2. Unter \u201eschriftlicher Form&#8220; im Sinne dieser Bedingungen ist ein Dokument zu verstehen, das entweder in gedruckter (papiergebundener) Form mit handschriftlicher Unterschrift oder mit einer sicheren \/ anerkannten \/ qualifizierten elektronischen Signatur oder einem elektronischen Siegel versehen ist, oder in elektronischer Form mit einer sicheren \/ anerkannten \/ qualifizierten elektronischen Signatur oder einem elektronischen Siegel.<\/p>\n<p align=\"JUSTIFY\">5. Die Anwendung der \u00a7\u00a7 558 Abs. 2, 1726, 1728, 1729, 1740 Abs. 3, 1744, 1751 Abs. 2, 1757 Abs. 2 und 3, 1765, 1798 bis 1800, 1950 und 2112 des B\u00fcrgerlichen Gesetzbuches wird ausgeschlossen. Die Vertragsparteien best\u00e4tigen ausdr\u00fccklich, dass sie diesen Vertrag als Unternehmer im Rahmen ihrer unternehmerischen T\u00e4tigkeit abschlie\u00dfen. Keine der Vertragsparteien gilt gegen\u00fcber der anderen als schw\u00e4chere Partei.<\/p>\n<p align=\"JUSTIFY\">6. Alle Streitigkeiten, die sich aus dem Vertrag oder im Zusammenhang mit diesem ergeben, einschlie\u00dflich etwaiger Fragen bez\u00fcglich der Beendigung oder nachtr\u00e4glichen \u00c4nderung des Vertrages, werden endg\u00fcltig von den ordentlichen Gerichten der Tschechischen Republik entschieden. Die Vertragsparteien vereinbaren, dass das \u00f6rtlich zust\u00e4ndige Gericht das allgemeine Gericht des Auftraggebers ist.<\/p>\n<p align=\"JUSTIFY\">7. Diese Allgemeinen Einkaufsbedingungen (AEB) sind f\u00fcr den Auftraggeber und den Lieferanten verbindlich und gelten als Bestandteil des abgeschlossenen Einzelvertrags \u00fcber den Leistungsgegenstand gem\u00e4\u00df der Bestellung des Auftraggebers. Mit der Best\u00e4tigung der Bestellung oder der Erf\u00fcllung des Leistungsgegenstandes erkennt der Lieferant diese AEB an.<\/p>\n<p align=\"JUSTIFY\"><span style=\"font-size: medium;\"><b>Diese Allgemeinen Einkaufsbedingungen sind ab dem 9. April 2025 wirksam.<\/b><\/span><\/p>\t\t\t\t\t\t\t\t<\/div>\n\t\t\t\t<\/div>\n\t\t\t\t<\/div>\n\t\t\t\t<\/div>\n\t\t","protected":false},"excerpt":{"rendered":"<p>Allgemeine Einkaufsbedingungen der AMiT Transportation s.r.o, Firmen-ID 45316015, Radlick\u00e1 740\/113C, 158 00 Prag 5 (Ausgabedatum: 9. April 2025) I. Einleitende Bestimmungen 1. F\u00fcr s\u00e4mtliche Beziehungen zwischen der AMiT Transportation s.r.o. (nachfolgend \u201eAMiT Transportation&#8220; genannt) und dem Lieferanten, die auf Grundlage oder im Zusammenhang mit einer Bestellung von AMiT Transportation entstehen, [&hellip;]<\/p>\n","protected":false},"author":80,"featured_media":0,"parent":0,"menu_order":0,"comment_status":"closed","ping_status":"closed","template":"","meta":{"footnotes":""},"class_list":["post-12945","page","type-page","status-publish","hentry"],"yoast_head":"<!-- This site is optimized with the Yoast SEO plugin v26.8-RC7 - https:\/\/yoast.com\/product\/yoast-seo-wordpress\/ -->\n<title>Allgemeine einkaufsbedingungen - AMiT Transportation<\/title>\n<meta name=\"robots\" content=\"index, follow, max-snippet:-1, max-image-preview:large, max-video-preview:-1\" \/>\n<link rel=\"canonical\" href=\"https:\/\/amit-transportation.com\/vseobecne-nakupni-podminky\/\" \/>\n<meta property=\"og:locale\" content=\"de_DE\" \/>\n<meta property=\"og:type\" content=\"article\" \/>\n<meta property=\"og:title\" content=\"Allgemeine einkaufsbedingungen - AMiT Transportation\" \/>\n<meta property=\"og:description\" content=\"Allgemeine Einkaufsbedingungen der AMiT Transportation s.r.o, Firmen-ID 45316015, Radlick\u00e1 740\/113C, 158 00 Prag 5 (Ausgabedatum: 9. April 2025) I. Einleitende Bestimmungen 1. F\u00fcr s\u00e4mtliche Beziehungen zwischen der AMiT Transportation s.r.o. (nachfolgend \u201eAMiT Transportation&#8220; genannt) und dem Lieferanten, die auf Grundlage oder im Zusammenhang mit einer Bestellung von AMiT Transportation entstehen, [&hellip;]\" \/>\n<meta property=\"og:url\" content=\"https:\/\/amit-transportation.com\/vseobecne-nakupni-podminky\/\" \/>\n<meta property=\"og:site_name\" content=\"AMiT Transportation\" \/>\n<meta property=\"article:modified_time\" content=\"2025-09-08T21:18:49+00:00\" \/>\n<meta name=\"twitter:card\" content=\"summary_large_image\" \/>\n<meta name=\"twitter:label1\" content=\"Gesch\u00e4tzte Lesezeit\" \/>\n\t<meta name=\"twitter:data1\" content=\"9\u00a0Minuten\" \/>\n<script type=\"application\/ld+json\" class=\"yoast-schema-graph\">{\"@context\":\"https:\/\/schema.org\",\"@graph\":[{\"@type\":\"WebPage\",\"@id\":\"https:\/\/amit-transportation.com\/vseobecne-nakupni-podminky\/\",\"url\":\"https:\/\/amit-transportation.com\/vseobecne-nakupni-podminky\/\",\"name\":\"Allgemeine einkaufsbedingungen - AMiT Transportation\",\"isPartOf\":{\"@id\":\"https:\/\/amit-transportation.com\/#website\"},\"datePublished\":\"2025-09-08T21:14:47+00:00\",\"dateModified\":\"2025-09-08T21:18:49+00:00\",\"breadcrumb\":{\"@id\":\"https:\/\/amit-transportation.com\/vseobecne-nakupni-podminky\/#breadcrumb\"},\"inLanguage\":\"de\",\"potentialAction\":[{\"@type\":\"ReadAction\",\"target\":[\"https:\/\/amit-transportation.com\/vseobecne-nakupni-podminky\/\"]}]},{\"@type\":\"BreadcrumbList\",\"@id\":\"https:\/\/amit-transportation.com\/vseobecne-nakupni-podminky\/#breadcrumb\",\"itemListElement\":[{\"@type\":\"ListItem\",\"position\":1,\"name\":\"Home\",\"item\":\"https:\/\/amit-transportation.com\/\"},{\"@type\":\"ListItem\",\"position\":2,\"name\":\"Allgemeine einkaufsbedingungen\"}]},{\"@type\":\"WebSite\",\"@id\":\"https:\/\/amit-transportation.com\/#website\",\"url\":\"https:\/\/amit-transportation.com\/\",\"name\":\"AMiT Transportation\",\"description\":\"Elektronika pro kolejov\u00e1 vozidla a ve\u0159ejnou dopravu\",\"potentialAction\":[{\"@type\":\"SearchAction\",\"target\":{\"@type\":\"EntryPoint\",\"urlTemplate\":\"https:\/\/amit-transportation.com\/?s={search_term_string}\"},\"query-input\":{\"@type\":\"PropertyValueSpecification\",\"valueRequired\":true,\"valueName\":\"search_term_string\"}}],\"inLanguage\":\"de\"}]}<\/script>\n<!-- \/ Yoast SEO plugin. -->","yoast_head_json":{"title":"Allgemeine einkaufsbedingungen - AMiT Transportation","robots":{"index":"index","follow":"follow","max-snippet":"max-snippet:-1","max-image-preview":"max-image-preview:large","max-video-preview":"max-video-preview:-1"},"canonical":"https:\/\/amit-transportation.com\/vseobecne-nakupni-podminky\/","og_locale":"de_DE","og_type":"article","og_title":"Allgemeine einkaufsbedingungen - AMiT Transportation","og_description":"Allgemeine Einkaufsbedingungen der AMiT Transportation s.r.o, Firmen-ID 45316015, Radlick\u00e1 740\/113C, 158 00 Prag 5 (Ausgabedatum: 9. April 2025) I. Einleitende Bestimmungen 1. F\u00fcr s\u00e4mtliche Beziehungen zwischen der AMiT Transportation s.r.o. (nachfolgend \u201eAMiT Transportation&#8220; genannt) und dem Lieferanten, die auf Grundlage oder im Zusammenhang mit einer Bestellung von AMiT Transportation entstehen, [&hellip;]","og_url":"https:\/\/amit-transportation.com\/vseobecne-nakupni-podminky\/","og_site_name":"AMiT Transportation","article_modified_time":"2025-09-08T21:18:49+00:00","twitter_card":"summary_large_image","twitter_misc":{"Gesch\u00e4tzte Lesezeit":"9\u00a0Minuten"},"schema":{"@context":"https:\/\/schema.org","@graph":[{"@type":"WebPage","@id":"https:\/\/amit-transportation.com\/vseobecne-nakupni-podminky\/","url":"https:\/\/amit-transportation.com\/vseobecne-nakupni-podminky\/","name":"Allgemeine einkaufsbedingungen - AMiT Transportation","isPartOf":{"@id":"https:\/\/amit-transportation.com\/#website"},"datePublished":"2025-09-08T21:14:47+00:00","dateModified":"2025-09-08T21:18:49+00:00","breadcrumb":{"@id":"https:\/\/amit-transportation.com\/vseobecne-nakupni-podminky\/#breadcrumb"},"inLanguage":"de","potentialAction":[{"@type":"ReadAction","target":["https:\/\/amit-transportation.com\/vseobecne-nakupni-podminky\/"]}]},{"@type":"BreadcrumbList","@id":"https:\/\/amit-transportation.com\/vseobecne-nakupni-podminky\/#breadcrumb","itemListElement":[{"@type":"ListItem","position":1,"name":"Home","item":"https:\/\/amit-transportation.com\/"},{"@type":"ListItem","position":2,"name":"Allgemeine einkaufsbedingungen"}]},{"@type":"WebSite","@id":"https:\/\/amit-transportation.com\/#website","url":"https:\/\/amit-transportation.com\/","name":"AMiT Transportation","description":"Elektronika pro kolejov\u00e1 vozidla a ve\u0159ejnou dopravu","potentialAction":[{"@type":"SearchAction","target":{"@type":"EntryPoint","urlTemplate":"https:\/\/amit-transportation.com\/?s={search_term_string}"},"query-input":{"@type":"PropertyValueSpecification","valueRequired":true,"valueName":"search_term_string"}}],"inLanguage":"de"}]}},"_links":{"self":[{"href":"https:\/\/amit-transportation.com\/de\/wp-json\/wp\/v2\/pages\/12945","targetHints":{"allow":["GET"]}}],"collection":[{"href":"https:\/\/amit-transportation.com\/de\/wp-json\/wp\/v2\/pages"}],"about":[{"href":"https:\/\/amit-transportation.com\/de\/wp-json\/wp\/v2\/types\/page"}],"author":[{"embeddable":true,"href":"https:\/\/amit-transportation.com\/de\/wp-json\/wp\/v2\/users\/80"}],"replies":[{"embeddable":true,"href":"https:\/\/amit-transportation.com\/de\/wp-json\/wp\/v2\/comments?post=12945"}],"version-history":[{"count":6,"href":"https:\/\/amit-transportation.com\/de\/wp-json\/wp\/v2\/pages\/12945\/revisions"}],"predecessor-version":[{"id":12952,"href":"https:\/\/amit-transportation.com\/de\/wp-json\/wp\/v2\/pages\/12945\/revisions\/12952"}],"wp:attachment":[{"href":"https:\/\/amit-transportation.com\/de\/wp-json\/wp\/v2\/media?parent=12945"}],"curies":[{"name":"wp","href":"https:\/\/api.w.org\/{rel}","templated":true}]}}