{"id":12920,"date":"2025-09-08T22:58:33","date_gmt":"2025-09-08T20:58:33","guid":{"rendered":"https:\/\/amit-transportation.com\/?page_id=12920"},"modified":"2025-09-08T23:06:45","modified_gmt":"2025-09-08T21:06:45","slug":"ueber-uns","status":"publish","type":"page","link":"https:\/\/amit-transportation.com\/de\/ueber-uns\/","title":{"rendered":"\u00dcber uns"},"content":{"rendered":"\t\t<div data-elementor-type=\"wp-page\" data-elementor-id=\"12920\" class=\"elementor elementor-12920 elementor-8797\" data-elementor-post-type=\"page\">\n\t\t\t\t<div class=\"elementor-element elementor-element-49751e8 e-flex e-con-boxed e-con e-parent\" data-id=\"49751e8\" data-element_type=\"container\">\n\t\t\t\t\t<div class=\"e-con-inner\">\n\t\t\t\t<div class=\"elementor-element elementor-element-1abbe94 elementor-widget elementor-widget-heading\" data-id=\"1abbe94\" data-element_type=\"widget\" data-widget_type=\"heading.default\">\n\t\t\t\t<div class=\"elementor-widget-container\">\n\t\t\t\t\t<h1 class=\"elementor-heading-title elementor-size-default\">AMiT TRANSPORTATION<\/h1>\t\t\t\t<\/div>\n\t\t\t\t<\/div>\n\t\t\t\t<div class=\"elementor-element elementor-element-31b5e4c elementor-widget elementor-widget-text-editor\" data-id=\"31b5e4c\" data-element_type=\"widget\" data-widget_type=\"text-editor.default\">\n\t\t\t\t<div class=\"elementor-widget-container\">\n\t\t\t\t\t\t\t\t\t<p>Wir geh\u00f6ren zu den f\u00fchrenden Akteuren im Bereich der Entwicklung und Produktion von Steuerungssystemen und Elektronik f\u00fcr den Transportsektor \u2013 insbesondere f\u00fcr Schienen- und Eisenbahnfahrzeuge. Unsere St\u00e4rken basieren vor allem auf eigenem Know-how und Entwicklung, moderner Fertigung sowie einem fachkundigen und kundenorientierten Ansatz.<br \/>Unser Produktportfolio ist in seiner Komplexit\u00e4t und seinem Umfang weltweit einzigartig. Es umfasst.<\/p><p>Fahrgastinformationssysteme, IP-basierte \u00dcberwachungs- und Audiosysteme, TCN-Kommunikation, Kommunikationsinfrastruktur sowie bordeigene Steuerungssysteme. Alle L\u00f6sungen erf\u00fcllen die Anforderungen unserer Kunden sowie die internationalen allgemeinen (EN) und branchenspezifischen (UIC) Standards.<\/p>\t\t\t\t\t\t\t\t<\/div>\n\t\t\t\t<\/div>\n\t\t<div class=\"elementor-element elementor-element-07fd2a5 e-con-full e-flex e-con e-child\" data-id=\"07fd2a5\" data-element_type=\"container\">\n\t\t<div class=\"elementor-element elementor-element-070ed66 e-con-full e-flex e-con e-child\" data-id=\"070ed66\" data-element_type=\"container\">\n\t\t\t\t<div class=\"elementor-element elementor-element-ee6547d elementor-widget elementor-widget-heading\" data-id=\"ee6547d\" data-element_type=\"widget\" data-widget_type=\"heading.default\">\n\t\t\t\t<div class=\"elementor-widget-container\">\n\t\t\t\t\t<h1 class=\"elementor-heading-title elementor-size-default\">VISION<\/h1>\t\t\t\t<\/div>\n\t\t\t\t<\/div>\n\t\t\t\t<div class=\"elementor-element elementor-element-1732f9f elementor-widget elementor-widget-text-editor\" data-id=\"1732f9f\" data-element_type=\"widget\" data-widget_type=\"text-editor.default\">\n\t\t\t\t<div class=\"elementor-widget-container\">\n\t\t\t\t\t\t\t\t\tWir streben danach, ein zuverl\u00e4ssiger Lieferant in der Bahn- und Schienenfahrzeugindustrie sowie ein respektierter Partner f\u00fcr Qualit\u00e4t im Bereich Elektronikentwicklung, Fertigung und Dienstleistungen zu sein. Gegen\u00fcber unseren Mitarbeitenden f\u00f6rdern wir ihre Verbundenheit mit dem Unternehmen und st\u00e4rken gleichzeitig ihre direkte Verantwortung f\u00fcr den Erfolg und die Ergebnisse unseres Unternehmens.\t\t\t\t\t\t\t\t<\/div>\n\t\t\t\t<\/div>\n\t\t\t\t<\/div>\n\t\t<div class=\"elementor-element elementor-element-7e92590 e-con-full e-flex e-con e-child\" data-id=\"7e92590\" data-element_type=\"container\">\n\t\t\t\t<div class=\"elementor-element elementor-element-db63976 elementor-widget elementor-widget-heading\" data-id=\"db63976\" data-element_type=\"widget\" data-widget_type=\"heading.default\">\n\t\t\t\t<div class=\"elementor-widget-container\">\n\t\t\t\t\t<h1 class=\"elementor-heading-title elementor-size-default\">MISSION<\/h1>\t\t\t\t<\/div>\n\t\t\t\t<\/div>\n\t\t\t\t<div class=\"elementor-element elementor-element-6e60df9 elementor-widget elementor-widget-text-editor\" data-id=\"6e60df9\" data-element_type=\"widget\" data-widget_type=\"text-editor.default\">\n\t\t\t\t<div class=\"elementor-widget-container\">\n\t\t\t\t\t\t\t\t\tUnsere Mission ist es, zuverl\u00e4ssige, intelligente und kosteneffiziente Produkte, Anwendungen und umfassende L\u00f6sungen f\u00fcr den Bahn- und Schienenverkehr zu entwickeln und bereitzustellen. Dabei vernetzen wir Fahrzeuge, Fahrg\u00e4ste und das Bedienpersonal im \u00f6ffentlichen und Schienenverkehr zu einem gemeinsamen Mobilit\u00e4ts\u00f6kosystem.\t\t\t\t\t\t\t\t<\/div>\n\t\t\t\t<\/div>\n\t\t\t\t<\/div>\n\t\t\t\t<\/div>\n\t\t\t\t<div class=\"elementor-element elementor-element-5bafd3d elementor-widget elementor-widget-video\" data-id=\"5bafd3d\" data-element_type=\"widget\" data-settings=\"{&quot;youtube_url&quot;:&quot;https:\\\/\\\/www.youtube.com\\\/watch?v=lUe_2BKY4Us&amp;t=131s&quot;,&quot;video_type&quot;:&quot;youtube&quot;,&quot;controls&quot;:&quot;yes&quot;}\" data-widget_type=\"video.default\">\n\t\t\t\t<div class=\"elementor-widget-container\">\n\t\t\t\t\t\t\t<div class=\"elementor-wrapper elementor-open-inline\">\n\t\t\t<div class=\"elementor-video\"><\/div>\t\t<\/div>\n\t\t\t\t\t\t<\/div>\n\t\t\t\t<\/div>\n\t\t<div class=\"elementor-element elementor-element-7588408 e-con-full e-flex e-con e-child\" data-id=\"7588408\" data-element_type=\"container\">\n\t\t\t\t<div class=\"elementor-element elementor-element-a64a8f1 elementor-widget elementor-widget-heading\" data-id=\"a64a8f1\" data-element_type=\"widget\" data-widget_type=\"heading.default\">\n\t\t\t\t<div class=\"elementor-widget-container\">\n\t\t\t\t\t<h1 class=\"elementor-heading-title elementor-size-default\">WERTE<\/h1>\t\t\t\t<\/div>\n\t\t\t\t<\/div>\n\t\t\t\t<div class=\"elementor-element elementor-element-a03f3ce elementor-widget elementor-widget-text-editor\" data-id=\"a03f3ce\" data-element_type=\"widget\" data-widget_type=\"text-editor.default\">\n\t\t\t\t<div class=\"elementor-widget-container\">\n\t\t\t\t\t\t\t\t\t<p>Menschen und Partnerschaft<br \/>Technologie und Innovation<br \/>Qualit\u00e4t und Unterst\u00fctzung<\/p>\t\t\t\t\t\t\t\t<\/div>\n\t\t\t\t<\/div>\n\t\t\t\t<\/div>\n\t\t<div class=\"elementor-element elementor-element-fa433ff e-con-full e-flex e-con e-child\" data-id=\"fa433ff\" data-element_type=\"container\">\n\t\t\t\t<div class=\"elementor-element elementor-element-99359b8 elementor-widget elementor-widget-heading\" data-id=\"99359b8\" data-element_type=\"widget\" data-widget_type=\"heading.default\">\n\t\t\t\t<div class=\"elementor-widget-container\">\n\t\t\t\t\t<h1 class=\"elementor-heading-title elementor-size-default\">PARTNERSCHAFTEN UND MITGLIEDSCHAFTEN<\/h1>\t\t\t\t<\/div>\n\t\t\t\t<\/div>\n\t\t\t\t<div class=\"elementor-element elementor-element-17d3a4e elementor-widget elementor-widget-text-editor\" data-id=\"17d3a4e\" data-element_type=\"widget\" data-widget_type=\"text-editor.default\">\n\t\t\t\t<div class=\"elementor-widget-container\">\n\t\t\t\t\t\t\t\t\t<p>ACRI (Verband der tschechischen Bahnindustrie)<br \/>SDP \u010cR (Verband der Verkehrsunternehmen der Tschechischen Republik)<br \/>IEC TC9 WG43 (IEC 61375)<br \/>IEC TC9 WG46 (IEC 62580)<br \/>Trainet SG<\/p>\t\t\t\t\t\t\t\t<\/div>\n\t\t\t\t<\/div>\n\t\t\t\t<\/div>\n\t\t<div class=\"elementor-element elementor-element-a75f0e5 e-con-full e-flex e-con e-child\" data-id=\"a75f0e5\" data-element_type=\"container\">\n\t\t\t\t<div class=\"elementor-element elementor-element-2ddc613 elementor-widget elementor-widget-heading\" data-id=\"2ddc613\" data-element_type=\"widget\" data-widget_type=\"heading.default\">\n\t\t\t\t<div class=\"elementor-widget-container\">\n\t\t\t\t\t<h1 class=\"elementor-heading-title elementor-size-default\">EU-F\u00d6RDERUNG<\/h1>\t\t\t\t<\/div>\n\t\t\t\t<\/div>\n\t\t\t\t<div class=\"elementor-element elementor-element-3c238b6 elementor-widget elementor-widget-text-editor\" data-id=\"3c238b6\" data-element_type=\"widget\" data-widget_type=\"text-editor.default\">\n\t\t\t\t<div class=\"elementor-widget-container\">\n\t\t\t\t\t\t\t\t\tIm Rahmen des Programms zur Marketingf\u00f6rderung nahm das Unternehmen AMiT am Projekt AMiT MARKETING teil, das von der Europ\u00e4ischen Union aus Mitteln des Operationellen Programms Unternehmen und Innovationen f\u00fcr Wettbewerbsf\u00e4higkeit (OP PIK) kofinanziert wurde. Zwischen 2019 und 2021 pr\u00e4sentierten wir uns auf 10 internationalen Fachmessen. \u00dcber unsere zuk\u00fcnftigen Teilnahmen an Messen und Ausstellungen informieren wir regelm\u00e4\u00dfig unter Aktuelles. Ziel unserer Unternehmenspr\u00e4sentationen ist die Vorstellung neuer Produktentwicklungen sowie die gezielte F\u00f6rderung unserer Gesch\u00e4ftsaktivit\u00e4ten in den jeweiligen Regionen.\t\t\t\t\t\t\t\t<\/div>\n\t\t\t\t<\/div>\n\t\t\t\t<div class=\"elementor-element elementor-element-473e48a elementor-widget elementor-widget-image\" data-id=\"473e48a\" data-element_type=\"widget\" data-widget_type=\"image.default\">\n\t\t\t\t<div class=\"elementor-widget-container\">\n\t\t\t\t\t\t\t\t\t\t\t\t\t\t\t<img fetchpriority=\"high\" decoding=\"async\" width=\"700\" height=\"200\" src=\"https:\/\/amit-transportation.com\/wp-content\/uploads\/2024\/07\/AMiT-Transportation-Internal-pages-4.jpeg\" class=\"attachment-large size-large wp-image-6764\" alt=\"\" srcset=\"https:\/\/amit-transportation.com\/wp-content\/uploads\/2024\/07\/AMiT-Transportation-Internal-pages-4.jpeg 700w, https:\/\/amit-transportation.com\/wp-content\/uploads\/2024\/07\/AMiT-Transportation-Internal-pages-4-300x86.jpeg 300w, https:\/\/amit-transportation.com\/wp-content\/uploads\/2024\/07\/AMiT-Transportation-Internal-pages-4-600x171.jpeg 600w, https:\/\/amit-transportation.com\/wp-content\/uploads\/2024\/07\/AMiT-Transportation-Internal-pages-4-24x7.jpeg 24w, https:\/\/amit-transportation.com\/wp-content\/uploads\/2024\/07\/AMiT-Transportation-Internal-pages-4-36x10.jpeg 36w, https:\/\/amit-transportation.com\/wp-content\/uploads\/2024\/07\/AMiT-Transportation-Internal-pages-4-48x14.jpeg 48w, https:\/\/amit-transportation.com\/wp-content\/uploads\/2024\/07\/AMiT-Transportation-Internal-pages-4-350x100.jpeg 350w\" sizes=\"(max-width: 700px) 100vw, 700px\" \/>\t\t\t\t\t\t\t\t\t\t\t\t\t\t\t<\/div>\n\t\t\t\t<\/div>\n\t\t\t\t<\/div>\n\t\t\t\t\t<\/div>\n\t\t\t\t<\/div>\n\t\t<div class=\"elementor-element elementor-element-33efd80 e-flex e-con-boxed e-con e-parent\" data-id=\"33efd80\" data-element_type=\"container\">\n\t\t\t\t\t<div class=\"e-con-inner\">\n\t\t\t\t<div class=\"elementor-element elementor-element-b15e699 elementor-align-center elementor-widget elementor-widget-button\" data-id=\"b15e699\" data-element_type=\"widget\" data-widget_type=\"button.default\">\n\t\t\t\t<div class=\"elementor-widget-container\">\n\t\t\t\t\t\t\t\t\t<div class=\"elementor-button-wrapper\">\n\t\t\t\t\t<a class=\"elementor-button elementor-button-link elementor-size-sm\" href=\"https:\/\/amit-transportation.com\/kontakt\/\">\n\t\t\t\t\t\t<span class=\"elementor-button-content-wrapper\">\n\t\t\t\t\t\t\t\t\t<span class=\"elementor-button-text\">KONTAKTIEREN SIE UNS<\/span>\n\t\t\t\t\t<\/span>\n\t\t\t\t\t<\/a>\n\t\t\t\t<\/div>\n\t\t\t\t\t\t\t\t<\/div>\n\t\t\t\t<\/div>\n\t\t\t\t\t<\/div>\n\t\t\t\t<\/div>\n\t\t\t\t<\/div>\n\t\t","protected":false},"excerpt":{"rendered":"<p>AMiT TRANSPORTATION Wir geh\u00f6ren zu den f\u00fchrenden Akteuren im Bereich der Entwicklung und Produktion von Steuerungssystemen und Elektronik f\u00fcr den Transportsektor \u2013 insbesondere f\u00fcr Schienen- und Eisenbahnfahrzeuge. Unsere St\u00e4rken basieren vor allem auf eigenem Know-how und Entwicklung, moderner Fertigung sowie einem fachkundigen und kundenorientierten Ansatz.Unser Produktportfolio ist in seiner Komplexit\u00e4t [&hellip;]<\/p>\n","protected":false},"author":80,"featured_media":12921,"parent":0,"menu_order":0,"comment_status":"closed","ping_status":"closed","template":"","meta":{"footnotes":""},"class_list":["post-12920","page","type-page","status-publish","has-post-thumbnail","hentry"],"yoast_head":"<!-- This site is optimized with the Yoast SEO plugin v26.8-RC7 - https:\/\/yoast.com\/product\/yoast-seo-wordpress\/ -->\n<title>\u00dcber uns - AMiT Transportation<\/title>\n<meta name=\"robots\" content=\"index, follow, max-snippet:-1, max-image-preview:large, max-video-preview:-1\" \/>\n<link rel=\"canonical\" href=\"https:\/\/amit-transportation.com\/o-nas\/\" \/>\n<meta property=\"og:locale\" content=\"de_DE\" \/>\n<meta property=\"og:type\" content=\"article\" \/>\n<meta property=\"og:title\" content=\"\u00dcber uns - AMiT Transportation\" \/>\n<meta property=\"og:description\" content=\"AMiT TRANSPORTATION Wir geh\u00f6ren zu den f\u00fchrenden Akteuren im Bereich der Entwicklung und Produktion von Steuerungssystemen und Elektronik f\u00fcr den Transportsektor \u2013 insbesondere f\u00fcr Schienen- und Eisenbahnfahrzeuge. Unsere St\u00e4rken basieren vor allem auf eigenem Know-how und Entwicklung, moderner Fertigung sowie einem fachkundigen und kundenorientierten Ansatz.Unser Produktportfolio ist in seiner Komplexit\u00e4t [&hellip;]\" \/>\n<meta property=\"og:url\" content=\"https:\/\/amit-transportation.com\/o-nas\/\" \/>\n<meta property=\"og:site_name\" content=\"AMiT Transportation\" \/>\n<meta property=\"article:modified_time\" content=\"2025-09-08T21:06:45+00:00\" \/>\n<meta property=\"og:image\" content=\"https:\/\/amit-transportation.com\/wp-content\/uploads\/2024\/09\/cd-kopie-scaled.jpg\" \/>\n\t<meta property=\"og:image:width\" content=\"2560\" \/>\n\t<meta property=\"og:image:height\" content=\"1425\" \/>\n\t<meta property=\"og:image:type\" content=\"image\/jpeg\" \/>\n<meta name=\"twitter:card\" content=\"summary_large_image\" \/>\n<meta name=\"twitter:label1\" content=\"Gesch\u00e4tzte Lesezeit\" \/>\n\t<meta name=\"twitter:data1\" content=\"2\u00a0Minuten\" \/>\n<script type=\"application\/ld+json\" class=\"yoast-schema-graph\">{\"@context\":\"https:\/\/schema.org\",\"@graph\":[{\"@type\":\"WebPage\",\"@id\":\"https:\/\/amit-transportation.com\/o-nas\/\",\"url\":\"https:\/\/amit-transportation.com\/o-nas\/\",\"name\":\"\u00dcber uns - AMiT Transportation\",\"isPartOf\":{\"@id\":\"https:\/\/amit-transportation.com\/#website\"},\"primaryImageOfPage\":{\"@id\":\"https:\/\/amit-transportation.com\/o-nas\/#primaryimage\"},\"image\":{\"@id\":\"https:\/\/amit-transportation.com\/o-nas\/#primaryimage\"},\"thumbnailUrl\":\"https:\/\/amit-transportation.com\/wp-content\/uploads\/2024\/09\/cd-kopie-scaled.jpg\",\"datePublished\":\"2025-09-08T20:58:33+00:00\",\"dateModified\":\"2025-09-08T21:06:45+00:00\",\"breadcrumb\":{\"@id\":\"https:\/\/amit-transportation.com\/o-nas\/#breadcrumb\"},\"inLanguage\":\"de\",\"potentialAction\":[{\"@type\":\"ReadAction\",\"target\":[\"https:\/\/amit-transportation.com\/o-nas\/\"]}]},{\"@type\":\"ImageObject\",\"inLanguage\":\"de\",\"@id\":\"https:\/\/amit-transportation.com\/o-nas\/#primaryimage\",\"url\":\"https:\/\/amit-transportation.com\/wp-content\/uploads\/2024\/09\/cd-kopie-scaled.jpg\",\"contentUrl\":\"https:\/\/amit-transportation.com\/wp-content\/uploads\/2024\/09\/cd-kopie-scaled.jpg\",\"width\":2560,\"height\":1425,\"caption\":\"Screenshot\"},{\"@type\":\"BreadcrumbList\",\"@id\":\"https:\/\/amit-transportation.com\/o-nas\/#breadcrumb\",\"itemListElement\":[{\"@type\":\"ListItem\",\"position\":1,\"name\":\"Home\",\"item\":\"https:\/\/amit-transportation.com\/\"},{\"@type\":\"ListItem\",\"position\":2,\"name\":\"\u00dcber uns\"}]},{\"@type\":\"WebSite\",\"@id\":\"https:\/\/amit-transportation.com\/#website\",\"url\":\"https:\/\/amit-transportation.com\/\",\"name\":\"AMiT Transportation\",\"description\":\"Elektronika pro kolejov\u00e1 vozidla a ve\u0159ejnou dopravu\",\"potentialAction\":[{\"@type\":\"SearchAction\",\"target\":{\"@type\":\"EntryPoint\",\"urlTemplate\":\"https:\/\/amit-transportation.com\/?s={search_term_string}\"},\"query-input\":{\"@type\":\"PropertyValueSpecification\",\"valueRequired\":true,\"valueName\":\"search_term_string\"}}],\"inLanguage\":\"de\"}]}<\/script>\n<!-- \/ Yoast SEO plugin. -->","yoast_head_json":{"title":"\u00dcber uns - AMiT Transportation","robots":{"index":"index","follow":"follow","max-snippet":"max-snippet:-1","max-image-preview":"max-image-preview:large","max-video-preview":"max-video-preview:-1"},"canonical":"https:\/\/amit-transportation.com\/o-nas\/","og_locale":"de_DE","og_type":"article","og_title":"\u00dcber uns - AMiT Transportation","og_description":"AMiT TRANSPORTATION Wir geh\u00f6ren zu den f\u00fchrenden Akteuren im Bereich der Entwicklung und Produktion von Steuerungssystemen und Elektronik f\u00fcr den Transportsektor \u2013 insbesondere f\u00fcr Schienen- und Eisenbahnfahrzeuge. Unsere St\u00e4rken basieren vor allem auf eigenem Know-how und Entwicklung, moderner Fertigung sowie einem fachkundigen und kundenorientierten Ansatz.Unser Produktportfolio ist in seiner Komplexit\u00e4t [&hellip;]","og_url":"https:\/\/amit-transportation.com\/o-nas\/","og_site_name":"AMiT Transportation","article_modified_time":"2025-09-08T21:06:45+00:00","og_image":[{"width":2560,"height":1425,"url":"https:\/\/amit-transportation.com\/wp-content\/uploads\/2024\/09\/cd-kopie-scaled.jpg","type":"image\/jpeg"}],"twitter_card":"summary_large_image","twitter_misc":{"Gesch\u00e4tzte Lesezeit":"2\u00a0Minuten"},"schema":{"@context":"https:\/\/schema.org","@graph":[{"@type":"WebPage","@id":"https:\/\/amit-transportation.com\/o-nas\/","url":"https:\/\/amit-transportation.com\/o-nas\/","name":"\u00dcber uns - AMiT Transportation","isPartOf":{"@id":"https:\/\/amit-transportation.com\/#website"},"primaryImageOfPage":{"@id":"https:\/\/amit-transportation.com\/o-nas\/#primaryimage"},"image":{"@id":"https:\/\/amit-transportation.com\/o-nas\/#primaryimage"},"thumbnailUrl":"https:\/\/amit-transportation.com\/wp-content\/uploads\/2024\/09\/cd-kopie-scaled.jpg","datePublished":"2025-09-08T20:58:33+00:00","dateModified":"2025-09-08T21:06:45+00:00","breadcrumb":{"@id":"https:\/\/amit-transportation.com\/o-nas\/#breadcrumb"},"inLanguage":"de","potentialAction":[{"@type":"ReadAction","target":["https:\/\/amit-transportation.com\/o-nas\/"]}]},{"@type":"ImageObject","inLanguage":"de","@id":"https:\/\/amit-transportation.com\/o-nas\/#primaryimage","url":"https:\/\/amit-transportation.com\/wp-content\/uploads\/2024\/09\/cd-kopie-scaled.jpg","contentUrl":"https:\/\/amit-transportation.com\/wp-content\/uploads\/2024\/09\/cd-kopie-scaled.jpg","width":2560,"height":1425,"caption":"Screenshot"},{"@type":"BreadcrumbList","@id":"https:\/\/amit-transportation.com\/o-nas\/#breadcrumb","itemListElement":[{"@type":"ListItem","position":1,"name":"Home","item":"https:\/\/amit-transportation.com\/"},{"@type":"ListItem","position":2,"name":"\u00dcber uns"}]},{"@type":"WebSite","@id":"https:\/\/amit-transportation.com\/#website","url":"https:\/\/amit-transportation.com\/","name":"AMiT Transportation","description":"Elektronika pro kolejov\u00e1 vozidla a ve\u0159ejnou dopravu","potentialAction":[{"@type":"SearchAction","target":{"@type":"EntryPoint","urlTemplate":"https:\/\/amit-transportation.com\/?s={search_term_string}"},"query-input":{"@type":"PropertyValueSpecification","valueRequired":true,"valueName":"search_term_string"}}],"inLanguage":"de"}]}},"_links":{"self":[{"href":"https:\/\/amit-transportation.com\/de\/wp-json\/wp\/v2\/pages\/12920","targetHints":{"allow":["GET"]}}],"collection":[{"href":"https:\/\/amit-transportation.com\/de\/wp-json\/wp\/v2\/pages"}],"about":[{"href":"https:\/\/amit-transportation.com\/de\/wp-json\/wp\/v2\/types\/page"}],"author":[{"embeddable":true,"href":"https:\/\/amit-transportation.com\/de\/wp-json\/wp\/v2\/users\/80"}],"replies":[{"embeddable":true,"href":"https:\/\/amit-transportation.com\/de\/wp-json\/wp\/v2\/comments?post=12920"}],"version-history":[{"count":19,"href":"https:\/\/amit-transportation.com\/de\/wp-json\/wp\/v2\/pages\/12920\/revisions"}],"predecessor-version":[{"id":12944,"href":"https:\/\/amit-transportation.com\/de\/wp-json\/wp\/v2\/pages\/12920\/revisions\/12944"}],"wp:featuredmedia":[{"embeddable":true,"href":"https:\/\/amit-transportation.com\/de\/wp-json\/wp\/v2\/media\/12921"}],"wp:attachment":[{"href":"https:\/\/amit-transportation.com\/de\/wp-json\/wp\/v2\/media?parent=12920"}],"curies":[{"name":"wp","href":"https:\/\/api.w.org\/{rel}","templated":true}]}}