{"id":12908,"date":"2025-09-08T22:42:11","date_gmt":"2025-09-08T20:42:11","guid":{"rendered":"https:\/\/amit-transportation.com\/?page_id=12908"},"modified":"2025-09-08T22:56:20","modified_gmt":"2025-09-08T20:56:20","slug":"geschichte","status":"publish","type":"page","link":"https:\/\/amit-transportation.com\/de\/geschichte\/","title":{"rendered":"Geschichte"},"content":{"rendered":"\t\t<div data-elementor-type=\"wp-page\" data-elementor-id=\"12908\" class=\"elementor elementor-12908 elementor-8823\" data-elementor-post-type=\"page\">\n\t\t\t\t<div class=\"elementor-element elementor-element-80051c6 e-flex e-con-boxed e-con e-parent\" data-id=\"80051c6\" data-element_type=\"container\">\n\t\t\t\t\t<div class=\"e-con-inner\">\n\t\t\t\t<div class=\"elementor-element elementor-element-6fe2843b elementor-widget elementor-widget-text-editor\" data-id=\"6fe2843b\" data-element_type=\"widget\" data-widget_type=\"text-editor.default\">\n\t\t\t\t<div class=\"elementor-widget-container\">\n\t\t\t\t\t\t\t\t\t<p>Willkommen in dem Abschnitt, der der Geschichte unseres Unternehmens gewidmet ist. Seit unserer Gr\u00fcndung im Jahr 1992 haben wir eine faszinierende Entwicklung durchlaufen, die uns gepr\u00e4gt und zu dem gemacht hat, was wir heute sind.<\/p><p>Wir haben das Unternehmen mit dem klaren Ziel gegr\u00fcndet, hochwertige Dienstleistungen im Bereich Steuerungssysteme, Industrieelektronik, \u00f6ffentlicher Verkehr und Schienenfahrzeuge anzubieten. Von Anfang an streben wir danach, unseren Kunden qualitativ hochwertige L\u00f6sungen zu liefern.<\/p><p>Im Laufe der Zeit haben wir begonnen, uns auf neue Bereiche und T\u00e4tigkeiten zu spezialisieren. Diese Expansion hat es uns erm\u00f6glicht, unsere Kunden noch besser zu unterst\u00fctzen und zu einem wichtigen Akteur in der Branche zu werden.<\/p><p>W\u00e4hrend unseres Wachstums haben wir unsere festen Werte in Qualit\u00e4t, Innovation und gesellschaftlicher Verantwortung stets bewahrt.<\/p><p>Heute sind wir stolz darauf, ein Unternehmen zu sein, das in 58 L\u00e4ndern weltweit t\u00e4tig ist. Mit einem Expertenteam sind wir stets bereit, zu innovieren und neue Technologien zu entwickeln. Auch in Zukunft sind wir bereit f\u00fcr neue Herausforderungen und engagieren uns voll und ganz f\u00fcr Fortschritt und Innovation \u2013 um weiterhin erstklassige Dienstleistungen zu bieten.<\/p>\t\t\t\t\t\t\t\t<\/div>\n\t\t\t\t<\/div>\n\t\t\t\t<div class=\"elementor-element elementor-element-ae8270a elementor-widget__width-initial elementor-widget elementor-widget-heading\" data-id=\"ae8270a\" data-element_type=\"widget\" data-widget_type=\"heading.default\">\n\t\t\t\t<div class=\"elementor-widget-container\">\n\t\t\t\t\t<h1 class=\"elementor-heading-title elementor-size-default\"><strong> UNTERNEHMEN IN ZAHLEN:<\/strong><\/h1>\t\t\t\t<\/div>\n\t\t\t\t<\/div>\n\t\t\t\t<div class=\"elementor-element elementor-element-6b08000 elementor-widget__width-initial elementor-widget elementor-widget-heading\" data-id=\"6b08000\" data-element_type=\"widget\" data-widget_type=\"heading.default\">\n\t\t\t\t<div class=\"elementor-widget-container\">\n\t\t\t\t\t<h1 class=\"elementor-heading-title elementor-size-default\"><strong>AMiT TRANSPORTATION (Informationssysteme f\u00fcr den Bereich des \u00f6ffentlichen und Nahverkehrs)<\/strong><\/h1>\t\t\t\t<\/div>\n\t\t\t\t<\/div>\n\t\t\t\t<div class=\"elementor-element elementor-element-0f4937c elementor-widget elementor-widget-text-editor\" data-id=\"0f4937c\" data-element_type=\"widget\" data-widget_type=\"text-editor.default\">\n\t\t\t\t<div class=\"elementor-widget-container\">\n\t\t\t\t\t\t\t\t\t<ul><li><strong>1992\u00a0<\/strong>\u2013 Gr\u00fcndung des Unternehmens mit Fokus auf kundenspezifische Entwicklung<\/li><li><strong>1993\u00a0<\/strong>\u2013 Erste standardisierte Steuerungssysteme f\u00fcr die industrielle Automatisierung<\/li><li><strong>1997\u00a0<\/strong>\u2013 Zertifizierung des Qualit\u00e4tsmanagementsystems nach ISO 9001:1994<\/li><li><strong>1998\u00a0<\/strong>\u2013 Entwicklung und Produktion von Steuerungssystemen f\u00fcr Schienenfahrzeuge<\/li><li><strong>2000\u00a0<\/strong>\u2013 Eigene Linie f\u00fcr automatisierte Oberfl\u00e4chenmontage<\/li><li><strong>2001\u00a0<\/strong>\u2013 Eigenes EMV-Testlabor<\/li><li><strong>2002\u00a0<\/strong>\u2013 \u00dcbergeordnetes Fahrzeugsteuerungssystem CECOMM<\/li><li><strong>2003\u00a0<\/strong>\u2013 Zertifizierung des Qualit\u00e4tsmanagementsystems nach ISO 9001:2000<\/li><li><strong>2005\u00a0<\/strong>\u2013 Firmenumzug, neue Produktionsr\u00e4ume und Modernisierung der Fertigung<\/li><li><strong>2009\u00a0<\/strong>\u2013 IP-basiertes verteiltes \u00dcberwachungssystem ACASYS VS<\/li><li><strong>2010\u00a0<\/strong>\u2013 Fahrgastinformationssystem ACASYS IS<\/li><li><strong>2010\u00a0<\/strong>\u2013 Zertifizierung des Qualit\u00e4tsmanagementsystems nach ISO 9001:2008<\/li><li><strong>2011\u00a0<\/strong>\u2013 WTB-Zertifizierung und Entwicklung von MVB-Einheiten<\/li><li><strong>2014\u00a0<\/strong>\u2013 WLAN-System f\u00fcr Schienenfahrzeuge<\/li><li><strong>2015\u00a0<\/strong>\u2013 Erweiterung der Produktionsr\u00e4ume und des Testzentrums<\/li><li><strong>2017\u00a0<\/strong>\u2013 Wasserfeste Variante von HMI-Panel-PCs und Fahrzeugcomputern<\/li><li><strong>2018\u00a0<\/strong>\u2013 Zertifizierung des Qualit\u00e4tsmanagementsystems nach ISO 9001:2015<\/li><li><strong>2018\u00a0<\/strong>\u2013 TRDP-Konverter<\/li><li><strong>2019\u00a0<\/strong>\u2013 Erstes Projekt mit Erf\u00fcllung der Anforderungen an die Cybersicherheit<\/li><li><strong>2020\u00a0<\/strong>\u2013 Erstes RGB-Anzeigepanel<\/li><li><strong>2021\u00a0<\/strong>\u2013 Neue Produktionshalle<\/li><li><strong>2022\u00a0<\/strong>\u2013 Einstieg des strategischen Investors CEIP, erster 5G-Router f\u00fcr Bord-WLAN<\/li><li><strong>2023\u00a0<\/strong>\u2013 Neue Generation von I\/O-Einheiten f\u00fcr \u00fcbergeordnete Steuerung<\/li><li><strong>2024\u00a0<\/strong>\u2013 Einf\u00fchrung der ersten WiFi6-Router<\/li><\/ul>\t\t\t\t\t\t\t\t<\/div>\n\t\t\t\t<\/div>\n\t\t\t\t\t<\/div>\n\t\t\t\t<\/div>\n\t\t<div class=\"elementor-element elementor-element-3268898 e-flex e-con-boxed e-con e-parent\" data-id=\"3268898\" data-element_type=\"container\">\n\t\t\t\t\t<div class=\"e-con-inner\">\n\t\t\t\t<div class=\"elementor-element elementor-element-c1dad2f elementor-align-center elementor-widget elementor-widget-button\" data-id=\"c1dad2f\" data-element_type=\"widget\" data-widget_type=\"button.default\">\n\t\t\t\t<div class=\"elementor-widget-container\">\n\t\t\t\t\t\t\t\t\t<div class=\"elementor-button-wrapper\">\n\t\t\t\t\t<a class=\"elementor-button elementor-button-link elementor-size-sm\" href=\"https:\/\/amit-transportation.com\/kontakty\/\">\n\t\t\t\t\t\t<span class=\"elementor-button-content-wrapper\">\n\t\t\t\t\t\t\t\t\t<span class=\"elementor-button-text\">KONTAKTIEREN SIE UNS<\/span>\n\t\t\t\t\t<\/span>\n\t\t\t\t\t<\/a>\n\t\t\t\t<\/div>\n\t\t\t\t\t\t\t\t<\/div>\n\t\t\t\t<\/div>\n\t\t\t\t\t<\/div>\n\t\t\t\t<\/div>\n\t\t\t\t<\/div>\n\t\t","protected":false},"excerpt":{"rendered":"<p>Willkommen in dem Abschnitt, der der Geschichte unseres Unternehmens gewidmet ist. Seit unserer Gr\u00fcndung im Jahr 1992 haben wir eine faszinierende Entwicklung durchlaufen, die uns gepr\u00e4gt und zu dem gemacht hat, was wir heute sind. Wir haben das Unternehmen mit dem klaren Ziel gegr\u00fcndet, hochwertige Dienstleistungen im Bereich Steuerungssysteme, Industrieelektronik, [&hellip;]<\/p>\n","protected":false},"author":80,"featured_media":0,"parent":0,"menu_order":1,"comment_status":"closed","ping_status":"closed","template":"","meta":{"footnotes":""},"class_list":["post-12908","page","type-page","status-publish","hentry"],"yoast_head":"<!-- This site is optimized with the Yoast SEO plugin v26.8-RC7 - https:\/\/yoast.com\/product\/yoast-seo-wordpress\/ -->\n<title>Geschichte - AMiT Transportation<\/title>\n<meta name=\"robots\" content=\"index, follow, max-snippet:-1, max-image-preview:large, max-video-preview:-1\" \/>\n<link rel=\"canonical\" href=\"https:\/\/amit-transportation.com\/historie\/\" \/>\n<meta property=\"og:locale\" content=\"de_DE\" \/>\n<meta property=\"og:type\" content=\"article\" \/>\n<meta property=\"og:title\" content=\"Geschichte - AMiT Transportation\" \/>\n<meta property=\"og:description\" content=\"Willkommen in dem Abschnitt, der der Geschichte unseres Unternehmens gewidmet ist. Seit unserer Gr\u00fcndung im Jahr 1992 haben wir eine faszinierende Entwicklung durchlaufen, die uns gepr\u00e4gt und zu dem gemacht hat, was wir heute sind. Wir haben das Unternehmen mit dem klaren Ziel gegr\u00fcndet, hochwertige Dienstleistungen im Bereich Steuerungssysteme, Industrieelektronik, [&hellip;]\" \/>\n<meta property=\"og:url\" content=\"https:\/\/amit-transportation.com\/historie\/\" \/>\n<meta property=\"og:site_name\" content=\"AMiT Transportation\" \/>\n<meta property=\"article:modified_time\" content=\"2025-09-08T20:56:20+00:00\" \/>\n<meta name=\"twitter:card\" content=\"summary_large_image\" \/>\n<meta name=\"twitter:label1\" content=\"Gesch\u00e4tzte Lesezeit\" \/>\n\t<meta name=\"twitter:data1\" content=\"2\u00a0Minuten\" \/>\n<script type=\"application\/ld+json\" class=\"yoast-schema-graph\">{\"@context\":\"https:\/\/schema.org\",\"@graph\":[{\"@type\":\"WebPage\",\"@id\":\"https:\/\/amit-transportation.com\/historie\/\",\"url\":\"https:\/\/amit-transportation.com\/historie\/\",\"name\":\"Geschichte - AMiT Transportation\",\"isPartOf\":{\"@id\":\"https:\/\/amit-transportation.com\/#website\"},\"datePublished\":\"2025-09-08T20:42:11+00:00\",\"dateModified\":\"2025-09-08T20:56:20+00:00\",\"breadcrumb\":{\"@id\":\"https:\/\/amit-transportation.com\/historie\/#breadcrumb\"},\"inLanguage\":\"de\",\"potentialAction\":[{\"@type\":\"ReadAction\",\"target\":[\"https:\/\/amit-transportation.com\/historie\/\"]}]},{\"@type\":\"BreadcrumbList\",\"@id\":\"https:\/\/amit-transportation.com\/historie\/#breadcrumb\",\"itemListElement\":[{\"@type\":\"ListItem\",\"position\":1,\"name\":\"Home\",\"item\":\"https:\/\/amit-transportation.com\/\"},{\"@type\":\"ListItem\",\"position\":2,\"name\":\"Geschichte\"}]},{\"@type\":\"WebSite\",\"@id\":\"https:\/\/amit-transportation.com\/#website\",\"url\":\"https:\/\/amit-transportation.com\/\",\"name\":\"AMiT Transportation\",\"description\":\"Elektronika pro kolejov\u00e1 vozidla a ve\u0159ejnou dopravu\",\"potentialAction\":[{\"@type\":\"SearchAction\",\"target\":{\"@type\":\"EntryPoint\",\"urlTemplate\":\"https:\/\/amit-transportation.com\/?s={search_term_string}\"},\"query-input\":{\"@type\":\"PropertyValueSpecification\",\"valueRequired\":true,\"valueName\":\"search_term_string\"}}],\"inLanguage\":\"de\"}]}<\/script>\n<!-- \/ Yoast SEO plugin. -->","yoast_head_json":{"title":"Geschichte - AMiT Transportation","robots":{"index":"index","follow":"follow","max-snippet":"max-snippet:-1","max-image-preview":"max-image-preview:large","max-video-preview":"max-video-preview:-1"},"canonical":"https:\/\/amit-transportation.com\/historie\/","og_locale":"de_DE","og_type":"article","og_title":"Geschichte - AMiT Transportation","og_description":"Willkommen in dem Abschnitt, der der Geschichte unseres Unternehmens gewidmet ist. Seit unserer Gr\u00fcndung im Jahr 1992 haben wir eine faszinierende Entwicklung durchlaufen, die uns gepr\u00e4gt und zu dem gemacht hat, was wir heute sind. Wir haben das Unternehmen mit dem klaren Ziel gegr\u00fcndet, hochwertige Dienstleistungen im Bereich Steuerungssysteme, Industrieelektronik, [&hellip;]","og_url":"https:\/\/amit-transportation.com\/historie\/","og_site_name":"AMiT Transportation","article_modified_time":"2025-09-08T20:56:20+00:00","twitter_card":"summary_large_image","twitter_misc":{"Gesch\u00e4tzte Lesezeit":"2\u00a0Minuten"},"schema":{"@context":"https:\/\/schema.org","@graph":[{"@type":"WebPage","@id":"https:\/\/amit-transportation.com\/historie\/","url":"https:\/\/amit-transportation.com\/historie\/","name":"Geschichte - AMiT Transportation","isPartOf":{"@id":"https:\/\/amit-transportation.com\/#website"},"datePublished":"2025-09-08T20:42:11+00:00","dateModified":"2025-09-08T20:56:20+00:00","breadcrumb":{"@id":"https:\/\/amit-transportation.com\/historie\/#breadcrumb"},"inLanguage":"de","potentialAction":[{"@type":"ReadAction","target":["https:\/\/amit-transportation.com\/historie\/"]}]},{"@type":"BreadcrumbList","@id":"https:\/\/amit-transportation.com\/historie\/#breadcrumb","itemListElement":[{"@type":"ListItem","position":1,"name":"Home","item":"https:\/\/amit-transportation.com\/"},{"@type":"ListItem","position":2,"name":"Geschichte"}]},{"@type":"WebSite","@id":"https:\/\/amit-transportation.com\/#website","url":"https:\/\/amit-transportation.com\/","name":"AMiT Transportation","description":"Elektronika pro kolejov\u00e1 vozidla a ve\u0159ejnou dopravu","potentialAction":[{"@type":"SearchAction","target":{"@type":"EntryPoint","urlTemplate":"https:\/\/amit-transportation.com\/?s={search_term_string}"},"query-input":{"@type":"PropertyValueSpecification","valueRequired":true,"valueName":"search_term_string"}}],"inLanguage":"de"}]}},"_links":{"self":[{"href":"https:\/\/amit-transportation.com\/de\/wp-json\/wp\/v2\/pages\/12908","targetHints":{"allow":["GET"]}}],"collection":[{"href":"https:\/\/amit-transportation.com\/de\/wp-json\/wp\/v2\/pages"}],"about":[{"href":"https:\/\/amit-transportation.com\/de\/wp-json\/wp\/v2\/types\/page"}],"author":[{"embeddable":true,"href":"https:\/\/amit-transportation.com\/de\/wp-json\/wp\/v2\/users\/80"}],"replies":[{"embeddable":true,"href":"https:\/\/amit-transportation.com\/de\/wp-json\/wp\/v2\/comments?post=12908"}],"version-history":[{"count":10,"href":"https:\/\/amit-transportation.com\/de\/wp-json\/wp\/v2\/pages\/12908\/revisions"}],"predecessor-version":[{"id":12919,"href":"https:\/\/amit-transportation.com\/de\/wp-json\/wp\/v2\/pages\/12908\/revisions\/12919"}],"wp:attachment":[{"href":"https:\/\/amit-transportation.com\/de\/wp-json\/wp\/v2\/media?parent=12908"}],"curies":[{"name":"wp","href":"https:\/\/api.w.org\/{rel}","templated":true}]}}